{"id":8834,"date":"2013-07-07T02:02:38","date_gmt":"2013-07-07T02:02:38","guid":{"rendered":"http:\/\/fonasc-cbh.org.br\/?page_id=8834"},"modified":"2013-07-07T02:02:38","modified_gmt":"2013-07-07T02:02:38","slug":"pareceres","status":"publish","type":"page","link":"https:\/\/fonasc-cbh.org.br\/?page_id=8834","title":{"rendered":"PARECERES"},"content":{"rendered":"<p>\u2022 Ata 5 Cnzu1reuniao (199.7 KiB)<br \/>\n\u2022 Ata 5 Cnzu1reuniao (199.7 KiB)<br \/>\n\u2022 atatreuniao ramsar (162.7 KiB)<br \/>\n\u2022 ESTADO DA ARTE DOS DESAFIOS DO FONASC EM RELA\u00c7\u00c3O AO INDTRUMENBTO DA OUTORGA NO CNRH  (25.2 KiB)<br \/>\n\u2022 PARECER DA SOC CIVIL PARA CBH PARANAIBA 1  (38.5 KiB)<br \/>\n\u2022 PARECER DO FONASC SOBRE O PLANO ESTRATEGICO ARAGUAIA TOCANTINS (199.6 KiB)<br \/>\n\u2022 Parecer PERH-MDA FONASC (22.3 KiB)<br \/>\n\u2022 PARECER PLANO BACIA AMAZONICA MDA (188.2 KiB)<br \/>\n\u2022 PARECER PLANO BACIA AMAZONICA MDA (188.2 KiB)<br \/>\n\u2022 PARECER PLANO DE BACIAS RIO DOCE  (3.5 MiB)<br \/>\n\u2022 parecer res 106 (351.5 KiB)<br \/>\n\u2022 parecer sobre represetnatividade  (2.2 MiB)<br \/>\n\u2022 PARECER SOBRE RESOLU\u00c7\u00c3O QUE DEFINE VAZ\u00d5ES MINIMAS REMANESCENTES  (586.3 KiB)<br \/>\n\u2022 PROGRAMA IX DO PNRH  (226.0 KiB)<br \/>\n\u2022 SOBRE PROPOSTA DE CONTRATO DE GEST\u00c3O COM ENTIDADE DELEGAT\u00d3RIA DA BACIA DO RIO DOCE  (229.0 KiB)<br \/>\n\u2022 VAZAO RENNESCENTE (514.8 KiB)<\/p>\n<p>VEJA EM <a href=\"https:\/\/fonasc-cbh.org.br\/?page_id=289\" title=\"JJJJ\" target=\"_blank\">DOCUMENTOS<\/a><\/p>\n","protected":false},"excerpt":{"rendered":"<p>\u2022 Ata 5 Cnzu1reuniao (199.7 KiB) \u2022 Ata 5 Cnzu1reuniao (199.7 KiB) \u2022 atatreuniao ramsar (162.7 KiB) \u2022 ESTADO DA&#8230;<\/p>\n","protected":false},"author":2,"featured_media":0,"parent":3001,"menu_order":0,"comment_status":"closed","ping_status":"open","template":"","meta":{"footnotes":""},"_links":{"self":[{"href":"https:\/\/fonasc-cbh.org.br\/index.php?rest_route=\/wp\/v2\/pages\/8834"}],"collection":[{"href":"https:\/\/fonasc-cbh.org.br\/index.php?rest_route=\/wp\/v2\/pages"}],"about":[{"href":"https:\/\/fonasc-cbh.org.br\/index.php?rest_route=\/wp\/v2\/types\/page"}],"author":[{"embeddable":true,"href":"https:\/\/fonasc-cbh.org.br\/index.php?rest_route=\/wp\/v2\/users\/2"}],"replies":[{"embeddable":true,"href":"https:\/\/fonasc-cbh.org.br\/index.php?rest_route=%2Fwp%2Fv2%2Fcomments&post=8834"}],"version-history":[{"count":1,"href":"https:\/\/fonasc-cbh.org.br\/index.php?rest_route=\/wp\/v2\/pages\/8834\/revisions"}],"predecessor-version":[{"id":8835,"href":"https:\/\/fonasc-cbh.org.br\/index.php?rest_route=\/wp\/v2\/pages\/8834\/revisions\/8835"}],"up":[{"embeddable":true,"href":"https:\/\/fonasc-cbh.org.br\/index.php?rest_route=\/wp\/v2\/pages\/3001"}],"wp:attachment":[{"href":"https:\/\/fonasc-cbh.org.br\/index.php?rest_route=%2Fwp%2Fv2%2Fmedia&parent=8834"}],"curies":[{"name":"wp","href":"https:\/\/api.w.org\/{rel}","templated":true}]}}