{"id":8812,"date":"2013-06-30T17:20:54","date_gmt":"2013-06-30T17:20:54","guid":{"rendered":"http:\/\/fonasc-cbh.org.br\/?page_id=8812"},"modified":"2013-07-18T04:00:55","modified_gmt":"2013-07-18T04:00:55","slug":"rio-sao-francisco-e-afluentes","status":"publish","type":"page","link":"https:\/\/fonasc-cbh.org.br\/?page_id=8812","title":{"rendered":"RIO S\u00c3O  FRANCISCO E AFLUENTES"},"content":{"rendered":"<p>RIO S\u00c3O FRANCISCO &#8211; Alto\u00a0 &#8211; <a title=\"entidade  parceira que atua no Baixo S\u00e3o Francisco \" href=\"http:\/\/canoadetolda.org.br\/\" target=\"_blank\">M\u00e9dio<\/a> &#8211; \u00a0Baixo,\u00a0CBH nascentes SF -, <a title=\"rio paracatu \" href=\"http:\/\/www.movimentoverdedeparacatu.blogspot.com\/\" target=\"_blank\">SF 1(nascentes), Rio\u00a0PARACATU<\/a>,\u00a0Rio Paje\u00fa (PE) ,\u00a0<a title=\"rio das VelhAS \" href=\"https:\/\/fonasc-cbh.org.br\/?page_id=1451\" target=\"_blank\">RIO DAS VELHAS (MG)<\/a>, <a title=\"ASD\" href=\"https:\/\/fonasc-cbh.org.br\/?p=6615\" target=\"_blank\">rio das velhas<\/a> \u00a0<a title=\"rio salitre\" href=\"https:\/\/fonasc-cbh.org.br\/?p=1827 \" target=\"_blank\">RIO SALITRE (BA),<\/a>\u00a0\u00a0<a title=\"fonasc\" href=\"https:\/\/docs.google.com\/a\/fonasc-cbh.org.br\/viewer?a=v&amp;pid=explorer&amp;chrome=true&amp;srcid=0B66TtT_YnoXvM2MxYmFmODktYzZlMy00NzgxLWI5NmMtMDgyMTVkNmI4OGVl&amp;hl=pt_BR\" target=\"_blank\">RIO PARAOPEBA (MG)<\/a>, <a title=\"RIO PARAOPEBA \" href=\"https:\/\/fonasc-cbh.org.br\/?wpfb_dl=204\" target=\"_blank\">RIO PARAOPEBA<\/a>; Rio S\u00e3o Francisco<\/p>\n<p>NOTICIAS<\/p>\n<h2><a href=\"https:\/\/fonasc-cbh.org.br\/?p=8785\">PROCESSO DE ELEI\u00c7\u00c3O DA REPRESENTA\u00c7\u00c3O DA SOCIEDADE CIVIL NO CBH S\u00c3O FRANCISCO \u00c9 QUESTIONADO<\/a>\u00a0 &#8211;\u00a0 \u200e29\u200e de \u200ejunho\u200e de \u200e2013,<\/h2>\n<h2><a href=\"https:\/\/fonasc-cbh.org.br\/?p=8690\">CBH S\u00c3O FANCISCO \u2013 Saiu a primeira lista<br \/>\ndos habilitados e inabilitados no processo de renova\u00e7\u00e3o eleitoral da entidade. E<br \/>\no FONASC CBH se habilitou para concorrer a uma vaga para representa\u00e7\u00e3o da<br \/>\nsociedade civil.<\/a>\u200es\u00e1bado, \u200e8\u200e de \u200ejunho\u200e de<br \/>\n\u200e2013, \u200f\u200e15:18:59<\/h2>\n<h2><a href=\"https:\/\/fonasc-cbh.org.br\/?p=8324\">RIO S\u00c3O FRANCISCO \u2013 FONASC FOI ELEITO<br \/>\nMEMBRO DO CBH AFLUENTES NASCENTES DO RIO S\u00c3O FRANCISCO SF1 .<\/a>\u200equinta-feira, \u200e23\u200e de \u200emaio\u200e de \u200e2013, \u200f\u200e16:20:<\/h2>\n<p>&nbsp;<\/p>\n<p><a title=\"ASD\" href=\"https:\/\/fonasc-cbh.org.br\/?s=RIO++SAO+FRANCISCO\" target=\"_blank\">VEJA MAIS<\/a><\/p>\n<p>&nbsp;<\/p>\n","protected":false},"excerpt":{"rendered":"<p>RIO S\u00c3O FRANCISCO &#8211; Alto\u00a0 &#8211; M\u00e9dio &#8211; \u00a0Baixo,\u00a0CBH nascentes SF -, SF 1(nascentes), Rio\u00a0PARACATU,\u00a0Rio Paje\u00fa (PE) ,\u00a0RIO DAS VELHAS&#8230;<\/p>\n","protected":false},"author":2,"featured_media":0,"parent":2366,"menu_order":0,"comment_status":"closed","ping_status":"open","template":"","meta":{"footnotes":""},"_links":{"self":[{"href":"https:\/\/fonasc-cbh.org.br\/index.php?rest_route=\/wp\/v2\/pages\/8812"}],"collection":[{"href":"https:\/\/fonasc-cbh.org.br\/index.php?rest_route=\/wp\/v2\/pages"}],"about":[{"href":"https:\/\/fonasc-cbh.org.br\/index.php?rest_route=\/wp\/v2\/types\/page"}],"author":[{"embeddable":true,"href":"https:\/\/fonasc-cbh.org.br\/index.php?rest_route=\/wp\/v2\/users\/2"}],"replies":[{"embeddable":true,"href":"https:\/\/fonasc-cbh.org.br\/index.php?rest_route=%2Fwp%2Fv2%2Fcomments&post=8812"}],"version-history":[{"count":8,"href":"https:\/\/fonasc-cbh.org.br\/index.php?rest_route=\/wp\/v2\/pages\/8812\/revisions"}],"predecessor-version":[{"id":8814,"href":"https:\/\/fonasc-cbh.org.br\/index.php?rest_route=\/wp\/v2\/pages\/8812\/revisions\/8814"}],"up":[{"embeddable":true,"href":"https:\/\/fonasc-cbh.org.br\/index.php?rest_route=\/wp\/v2\/pages\/2366"}],"wp:attachment":[{"href":"https:\/\/fonasc-cbh.org.br\/index.php?rest_route=%2Fwp%2Fv2%2Fmedia&parent=8812"}],"curies":[{"name":"wp","href":"https:\/\/api.w.org\/{rel}","templated":true}]}}