{"id":8639,"date":"2013-06-07T17:26:17","date_gmt":"2013-06-07T17:26:17","guid":{"rendered":"http:\/\/fonasc-cbh.org.br\/?page_id=8639"},"modified":"2014-04-04T21:12:02","modified_gmt":"2014-04-04T21:12:02","slug":"tecnologias-sociais-para-gestao-das-aguas","status":"publish","type":"page","link":"https:\/\/fonasc-cbh.org.br\/?page_id=8639","title":{"rendered":"TECNOLOGIAS SOCIAIS PARA  GEST\u00c3O DAS AGUAS"},"content":{"rendered":"<p><strong>O FONASC DESENVOLVE TECNOLOGIAS SOCIAIS PARA CONSERVA\u00c7\u00c3O DOS RIOS E CORPOS DAGUA COM\u00a0 PARTICIPA\u00c7\u00c3O SOCIAL<\/strong><\/p>\n<p>&nbsp;<\/p>\n<ul>\n<li><strong><a title=\"VF\" href=\"https:\/\/fonasc-cbh.org.br\/?wpfb_dl=63\" target=\"_blank\">Programa de Certifica\u00e7\u00e3o Comunit\u00e1ria para o Valor Social da \u00c1gua <\/a><\/strong><\/li>\n<li><strong><a title=\"PROJETO ASA\" href=\"https:\/\/fonasc-cbh.org.br\/?page_id=35\" target=\"_blank\">Programa de Forma\u00e7\u00e3o de Agente Ambientais de Bacias Hidrogr\u00e1ficas<\/a><\/strong><\/li>\n<li><strong>Mobiliza\u00e7\u00e3o local para preserva\u00e7\u00e3o e manuten\u00e7\u00e3o das\u00a0 nascentes de rios .<\/strong><\/li>\n<li><strong>Avalia\u00e7\u00e3o e diagnostico \u00a0Socio Ambiental de Bacias Hisdrogr\u00e1ficas\u00a0<\/strong><\/li>\n<li><strong>Apoio a instala\u00e7\u00e3o de Comites Populares para monitoramento da Gest\u00e3o das pol\u00edticas para aS \u00c1guas\u00a0\u00a0\u00a0<\/strong><\/li>\n<\/ul>\n<h3>EXEMPLO DE PROGRAMAS E PROJETOS DESENVOLVIDOS<\/h3>\n<ul>\n<ul>\n<li>&#8211; Rio Santo Antonio ( B do Rio DOCE) \u2013 Apoio a Gest\u00e3o da Part Soc Civil<br \/>\n&#8211; Turia\u00e7u \u2013 Projeto de avalia\u00e7\u00e3o Ambiental<br \/>\n&#8211; Rio Descoberto \u2013 Apoio a Mobiliza\u00e7\u00e3o<br \/>\n&#8211; Rio Santo Antonio \u2013 Apoioa Gest\u00e3o da Soc Civil<\/li>\n<li>\u00a0 Rio Anil \u2013 Agente Ambiental<\/li>\n<li>-Rio Itapecuru \u2013 Agente Ambiental<\/li>\n<li>&#8211; BACIA DE FURNAS \u2013 Agente Ambiental<\/li>\n<\/ul>\n<\/ul>\n<p>PROPOSTA DO PROGRAMA DE CAPACITA\u00c7\u00c3O DE AGENTES AMBIENTAIS DE BACIAS HIDROGR\u00c1FICAS <a href=\"https:\/\/fonasc-cbh.org.br\/?attachment_id=1162\" rel=\"attachment wp-att-1162\">-programa de capacitacao ASA<\/a><\/p>\n","protected":false},"excerpt":{"rendered":"<p>O FONASC DESENVOLVE TECNOLOGIAS SOCIAIS PARA CONSERVA\u00c7\u00c3O DOS RIOS E CORPOS DAGUA COM\u00a0 PARTICIPA\u00c7\u00c3O SOCIAL &nbsp; Programa de Certifica\u00e7\u00e3o Comunit\u00e1ria&#8230;<\/p>\n","protected":false},"author":2,"featured_media":0,"parent":35,"menu_order":0,"comment_status":"closed","ping_status":"open","template":"","meta":{"footnotes":""},"_links":{"self":[{"href":"https:\/\/fonasc-cbh.org.br\/index.php?rest_route=\/wp\/v2\/pages\/8639"}],"collection":[{"href":"https:\/\/fonasc-cbh.org.br\/index.php?rest_route=\/wp\/v2\/pages"}],"about":[{"href":"https:\/\/fonasc-cbh.org.br\/index.php?rest_route=\/wp\/v2\/types\/page"}],"author":[{"embeddable":true,"href":"https:\/\/fonasc-cbh.org.br\/index.php?rest_route=\/wp\/v2\/users\/2"}],"replies":[{"embeddable":true,"href":"https:\/\/fonasc-cbh.org.br\/index.php?rest_route=%2Fwp%2Fv2%2Fcomments&post=8639"}],"version-history":[{"count":12,"href":"https:\/\/fonasc-cbh.org.br\/index.php?rest_route=\/wp\/v2\/pages\/8639\/revisions"}],"predecessor-version":[{"id":10244,"href":"https:\/\/fonasc-cbh.org.br\/index.php?rest_route=\/wp\/v2\/pages\/8639\/revisions\/10244"}],"up":[{"embeddable":true,"href":"https:\/\/fonasc-cbh.org.br\/index.php?rest_route=\/wp\/v2\/pages\/35"}],"wp:attachment":[{"href":"https:\/\/fonasc-cbh.org.br\/index.php?rest_route=%2Fwp%2Fv2%2Fmedia&parent=8639"}],"curies":[{"name":"wp","href":"https:\/\/api.w.org\/{rel}","templated":true}]}}