{"id":8635,"date":"2013-06-07T17:20:53","date_gmt":"2013-06-07T17:20:53","guid":{"rendered":"http:\/\/fonasc-cbh.org.br\/?page_id=8635"},"modified":"2013-06-07T18:07:40","modified_gmt":"2013-06-07T18:07:40","slug":"mobilizacao-social-para-gestao-das-aguas","status":"publish","type":"page","link":"https:\/\/fonasc-cbh.org.br\/?page_id=8635","title":{"rendered":"MOBILIZA\u00c7\u00c3O SOCIAL"},"content":{"rendered":"<p>O FONASC DESENVOLVE COM SEUS PARCEIROS\u00a0\u00a0PROGRAMAS E PROJETOS DE MOBILIZACAO SOCIAl\u00a0 PARA QUALIFICACAO E CAPACITA\u00c7\u00c3O POLITICA DA ATUACAO DOS CIDADAOS FRENTE AS POLITICAS PUBLICAS DE MEIO AMBIENTE E DE\u00a0RECURSOS HIDRICOS EM TODO PA\u00cdS<\/p>\n<p>+ PERCEP\u00c7\u00c3O DAS POPULACOES RIBEIRNHAS DA REGIAO ALTO PARAGUAI atual<\/p>\n<p>EXEMPLO DE PROGRAMAS E PROJETOS DESENVOLVIDOS<\/p>\n<ul>\n<ul>\n<li>&#8211; Rio Santo Antonio ( B do Rio DOCE) \u2013 Apoio a Gest\u00e3o da Part Soc Civil<br \/>\n&#8211; Turia\u00e7u \u2013 Projeto de avalia\u00e7\u00e3o Ambiental<br \/>\n&#8211; Rio Descoberto \u2013 Apoio a Mobiliza\u00e7\u00e3o<br \/>\n&#8211; Rio Santo Antonio \u2013 Apoioa Gest\u00e3o da Soc Civil<\/li>\n<li>\u00a0 Rio Anil \u2013 Agente Ambiental<\/li>\n<li>-Rio Itapecuru \u2013 Agente Ambiental<\/li>\n<li>&#8211; BACIA DE FURNAS \u2013 Agente Ambiental<\/li>\n<\/ul>\n<\/ul>\n<p>PROPOSTA DO PROGRAMA DE CAPACITA\u00c7\u00c3O DE AGENTES AMBIENTAIS DE BACIAS HIDROGR\u00c1FICAS <a href=\"https:\/\/fonasc-cbh.org.br\/?attachment_id=1162\" rel=\"attachment wp-att-1162\">-programa de capacitacao ASA<\/a><\/p>\n","protected":false},"excerpt":{"rendered":"<p>O FONASC DESENVOLVE COM SEUS PARCEIROS\u00a0\u00a0PROGRAMAS E PROJETOS DE MOBILIZACAO SOCIAl\u00a0 PARA QUALIFICACAO E CAPACITA\u00c7\u00c3O POLITICA DA ATUACAO DOS CIDADAOS&#8230;<\/p>\n","protected":false},"author":2,"featured_media":0,"parent":35,"menu_order":0,"comment_status":"closed","ping_status":"open","template":"","meta":{"footnotes":""},"_links":{"self":[{"href":"https:\/\/fonasc-cbh.org.br\/index.php?rest_route=\/wp\/v2\/pages\/8635"}],"collection":[{"href":"https:\/\/fonasc-cbh.org.br\/index.php?rest_route=\/wp\/v2\/pages"}],"about":[{"href":"https:\/\/fonasc-cbh.org.br\/index.php?rest_route=\/wp\/v2\/types\/page"}],"author":[{"embeddable":true,"href":"https:\/\/fonasc-cbh.org.br\/index.php?rest_route=\/wp\/v2\/users\/2"}],"replies":[{"embeddable":true,"href":"https:\/\/fonasc-cbh.org.br\/index.php?rest_route=%2Fwp%2Fv2%2Fcomments&post=8635"}],"version-history":[{"count":23,"href":"https:\/\/fonasc-cbh.org.br\/index.php?rest_route=\/wp\/v2\/pages\/8635\/revisions"}],"predecessor-version":[{"id":8637,"href":"https:\/\/fonasc-cbh.org.br\/index.php?rest_route=\/wp\/v2\/pages\/8635\/revisions\/8637"}],"up":[{"embeddable":true,"href":"https:\/\/fonasc-cbh.org.br\/index.php?rest_route=\/wp\/v2\/pages\/35"}],"wp:attachment":[{"href":"https:\/\/fonasc-cbh.org.br\/index.php?rest_route=%2Fwp%2Fv2%2Fmedia&parent=8635"}],"curies":[{"name":"wp","href":"https:\/\/api.w.org\/{rel}","templated":true}]}}