{"id":8633,"date":"2013-06-07T17:15:26","date_gmt":"2013-06-07T17:15:26","guid":{"rendered":"http:\/\/fonasc-cbh.org.br\/?page_id=8633"},"modified":"2013-06-07T17:36:19","modified_gmt":"2013-06-07T17:36:19","slug":"programa-de-educacao-ambiental","status":"publish","type":"page","link":"https:\/\/fonasc-cbh.org.br\/?page_id=8633","title":{"rendered":"EDUCACAO AMBIENTAL"},"content":{"rendered":"<p>O FONASC SAO LUIZ ATUALMENTE DESENVOLVE IMPORTANTE PROGRAMA PILOTO DE EDUCA\u00c7\u00c3O AMBIENTAL E MOBILIZA\u00c7\u00c3O SOCIAL PARA GESTAO DAS AGUAS NA REGIAO METROPOLITANA DE S\u00a0LUIZ<\/p>\n","protected":false},"excerpt":{"rendered":"<p>O FONASC SAO LUIZ ATUALMENTE DESENVOLVE IMPORTANTE PROGRAMA PILOTO DE EDUCA\u00c7\u00c3O AMBIENTAL E MOBILIZA\u00c7\u00c3O SOCIAL PARA GESTAO DAS AGUAS NA&#8230;<\/p>\n","protected":false},"author":2,"featured_media":0,"parent":35,"menu_order":0,"comment_status":"closed","ping_status":"open","template":"","meta":{"footnotes":""},"_links":{"self":[{"href":"https:\/\/fonasc-cbh.org.br\/index.php?rest_route=\/wp\/v2\/pages\/8633"}],"collection":[{"href":"https:\/\/fonasc-cbh.org.br\/index.php?rest_route=\/wp\/v2\/pages"}],"about":[{"href":"https:\/\/fonasc-cbh.org.br\/index.php?rest_route=\/wp\/v2\/types\/page"}],"author":[{"embeddable":true,"href":"https:\/\/fonasc-cbh.org.br\/index.php?rest_route=\/wp\/v2\/users\/2"}],"replies":[{"embeddable":true,"href":"https:\/\/fonasc-cbh.org.br\/index.php?rest_route=%2Fwp%2Fv2%2Fcomments&post=8633"}],"version-history":[{"count":4,"href":"https:\/\/fonasc-cbh.org.br\/index.php?rest_route=\/wp\/v2\/pages\/8633\/revisions"}],"predecessor-version":[{"id":8649,"href":"https:\/\/fonasc-cbh.org.br\/index.php?rest_route=\/wp\/v2\/pages\/8633\/revisions\/8649"}],"up":[{"embeddable":true,"href":"https:\/\/fonasc-cbh.org.br\/index.php?rest_route=\/wp\/v2\/pages\/35"}],"wp:attachment":[{"href":"https:\/\/fonasc-cbh.org.br\/index.php?rest_route=%2Fwp%2Fv2%2Fmedia&parent=8633"}],"curies":[{"name":"wp","href":"https:\/\/api.w.org\/{rel}","templated":true}]}}