{"id":8411,"date":"2013-05-26T19:16:08","date_gmt":"2013-05-26T19:16:08","guid":{"rendered":"http:\/\/fonasc-cbh.org.br\/?page_id=8411"},"modified":"2021-05-26T21:04:38","modified_gmt":"2021-05-26T21:04:38","slug":"recarga-artificial-de-aquifero","status":"publish","type":"page","link":"https:\/\/fonasc-cbh.org.br\/?page_id=8411","title":{"rendered":"RECARGA  DE AQU\u00cdFERO"},"content":{"rendered":"<h1 style=\"text-align: justify;\">CONSULTASP\u00daBLICAS<\/h1>\n<p style=\"text-align: justify;\"><strong>INFORME-SE SOBRE AS \u201cCONSULTAS P\u00daBLICAS \u201d ENCAMINHADAS PELOS REPRESENTATES NAS CTs. E PLEN\u00c1RIAS DO CNRH -CONSELHO NACIONAL DE RECURSOS H\u00cdDRICOS , SOBRE TEMAS RELEVANTES DE INTERESSE P\u00daBLICO PARA GARANTIA DO VALOR SOCIAL DAS \u00c1GUAS E PRESERVA\u00c7\u00c3O AMBIENAL DOS RIOS DO PA\u00cdS<\/strong><\/p>\n<p style=\"text-align: justify;\">Acompanhe as discuss\u00f5es e elabora\u00e7\u00e3o de normativos que regulamenta os direitos e deveres sobre os usos das \u00e1guas p\u00fablicas em discuss\u00e3o e negocia\u00e7\u00e3o nos Comites de Bacias, nos Conselhos Estaduais e Nacional de Recursos H\u00eddricos<\/p>\n<p style=\"text-align: justify;\">03.2013 \u2013 <strong>Proposta de Resolu\u00e7\u00e3o no CNRH \u2013 RECARGA ARTIFICIAL DE AQU\u00cdFERO -que estabelece crit\u00e9rios e diretrizes para implanta\u00e7\u00e3o de mecanismos de Recarga Artificial de Aqu\u00edferos no territ\u00f3rio BRASILEIRO . ESSA PROPOSTA ESTA SENDO ENCAMINHADA no cnrh NA CAMARA TECNICA DE AGUAS SUBTERRAneas \u2013 CTAS PELA Agencia Nacional de Aguas.<\/strong><strong>O FONASC COLOCA PUBLICA\u00a0 A PROPOSTA\u00a0 QUE <\/strong><em>Estabelece crit\u00e9rios e diretrizes <\/em>para <em>implanta\u00e7\u00e3o de mecanismos de Recarga Artificial de Aqu\u00edferos no territ\u00f3rio BRASILEIRO . ESSA PROPOSTA ESTA SENDO ENCAMINHADA NA CAMARA TECNICA DE AGUAS SUBTERRAneas \u2013 CTAS PELA agencia nacional de aguas\u00a0 no GT ACESSE : veja proposta :<\/em><\/p>\n<p><strong><a href=\"https:\/\/docs.google.com\/file\/d\/1Ph6Lg_oMWBSZDxgHazyZvTucPRFgG1RpM40NfUYGfaFjQDtJ8o8FJwsEL_yP\/edit?usp=sharing\">https:\/\/docs .google.com\/file\/d\/1Ph6Lg_oMWBSZDxgHazyZvTucPRFgG1RpM40NfUYGfaFjQDtJ8o8FJwsEL_yP\/edit?usp=sharing<\/a> &#8211;\u00a0\u00a0<\/strong><\/p>\n<p><strong>AVALIE E REMETA\u00a0 SUAS SUGEST\u00d5ES PARA A REPRESENTA\u00c7\u00c3O DO FONASC\u00a0 <strong><strong> NO CNRH\u00a0<\/strong><\/strong><\/strong><strong> , mande-nos um E-mail: c<a href=\"mailto:ontato@fonasc-cbh.org.br\">ontato@fonasc-cbh.org.br<\/a> ou use o formul\u00e1rio abaixo.<\/strong><\/p>\n<p><strong><br \/>\n[contact-form-7 id=&#8221;4&#8243; title=&#8221;Contact form 1&#8243;]<\/strong><\/p>\n<p>&nbsp;<\/p>\n","protected":false},"excerpt":{"rendered":"<p>CONSULTASP\u00daBLICAS INFORME-SE SOBRE AS \u201cCONSULTAS P\u00daBLICAS \u201d ENCAMINHADAS PELOS REPRESENTATES NAS CTs. E PLEN\u00c1RIAS DO CNRH -CONSELHO NACIONAL DE RECURSOS&#8230;<\/p>\n","protected":false},"author":2,"featured_media":0,"parent":0,"menu_order":0,"comment_status":"closed","ping_status":"open","template":"","meta":{"footnotes":""},"_links":{"self":[{"href":"https:\/\/fonasc-cbh.org.br\/index.php?rest_route=\/wp\/v2\/pages\/8411"}],"collection":[{"href":"https:\/\/fonasc-cbh.org.br\/index.php?rest_route=\/wp\/v2\/pages"}],"about":[{"href":"https:\/\/fonasc-cbh.org.br\/index.php?rest_route=\/wp\/v2\/types\/page"}],"author":[{"embeddable":true,"href":"https:\/\/fonasc-cbh.org.br\/index.php?rest_route=\/wp\/v2\/users\/2"}],"replies":[{"embeddable":true,"href":"https:\/\/fonasc-cbh.org.br\/index.php?rest_route=%2Fwp%2Fv2%2Fcomments&post=8411"}],"version-history":[{"count":12,"href":"https:\/\/fonasc-cbh.org.br\/index.php?rest_route=\/wp\/v2\/pages\/8411\/revisions"}],"predecessor-version":[{"id":8415,"href":"https:\/\/fonasc-cbh.org.br\/index.php?rest_route=\/wp\/v2\/pages\/8411\/revisions\/8415"}],"wp:attachment":[{"href":"https:\/\/fonasc-cbh.org.br\/index.php?rest_route=%2Fwp%2Fv2%2Fmedia&parent=8411"}],"curies":[{"name":"wp","href":"https:\/\/api.w.org\/{rel}","templated":true}]}}