{"id":7733,"date":"2013-04-01T04:15:42","date_gmt":"2013-04-01T04:15:42","guid":{"rendered":"http:\/\/fonasc-cbh.org.br\/?page_id=7733"},"modified":"2015-07-13T19:46:29","modified_gmt":"2015-07-13T19:46:29","slug":"espirito-santo","status":"publish","type":"page","link":"https:\/\/fonasc-cbh.org.br\/?page_id=7733","title":{"rendered":"ESPIRITO SANTO"},"content":{"rendered":"<p>&nbsp;<\/p>\n<figure style=\"width: 496px\" class=\"wp-caption aligncenter\"><img loading=\"lazy\" decoding=\"async\" title=\"RIO ITAUNAS\" src=\"https:\/\/fonasc-cbh.org.br\/wp-content\/uploads\/DSC01939-rio-itaunas-e1364788332831.jpg\" alt=\"\" width=\"496\" height=\"330\" \/><figcaption class=\"wp-caption-text\">PARQUE ESTADUAL RIO ITAUNAS<\/figcaption><\/figure>\n<p>RIO ITAUNAS &#8211; PARQUE ESTADUAL DO RIO ITAUNAS EM \u00c9POCADE CHEIA &#8211; CONCEI\u00c7\u00c3O DA BARRA &#8211; ES<\/p>\n<p>HISTORICO<\/p>\n<p>COMITES<\/p>\n<p>REP FONASC<\/p>\n<p>NOTICIAS<\/p>\n","protected":false},"excerpt":{"rendered":"<p>&nbsp; RIO ITAUNAS &#8211; PARQUE ESTADUAL DO RIO ITAUNAS EM \u00c9POCADE CHEIA &#8211; CONCEI\u00c7\u00c3O DA BARRA &#8211; ES HISTORICO COMITES&#8230;<\/p>\n","protected":false},"author":3,"featured_media":0,"parent":1399,"menu_order":0,"comment_status":"closed","ping_status":"open","template":"","meta":{"footnotes":""},"_links":{"self":[{"href":"https:\/\/fonasc-cbh.org.br\/index.php?rest_route=\/wp\/v2\/pages\/7733"}],"collection":[{"href":"https:\/\/fonasc-cbh.org.br\/index.php?rest_route=\/wp\/v2\/pages"}],"about":[{"href":"https:\/\/fonasc-cbh.org.br\/index.php?rest_route=\/wp\/v2\/types\/page"}],"author":[{"embeddable":true,"href":"https:\/\/fonasc-cbh.org.br\/index.php?rest_route=\/wp\/v2\/users\/3"}],"replies":[{"embeddable":true,"href":"https:\/\/fonasc-cbh.org.br\/index.php?rest_route=%2Fwp%2Fv2%2Fcomments&post=7733"}],"version-history":[{"count":4,"href":"https:\/\/fonasc-cbh.org.br\/index.php?rest_route=\/wp\/v2\/pages\/7733\/revisions"}],"predecessor-version":[{"id":13268,"href":"https:\/\/fonasc-cbh.org.br\/index.php?rest_route=\/wp\/v2\/pages\/7733\/revisions\/13268"}],"up":[{"embeddable":true,"href":"https:\/\/fonasc-cbh.org.br\/index.php?rest_route=\/wp\/v2\/pages\/1399"}],"wp:attachment":[{"href":"https:\/\/fonasc-cbh.org.br\/index.php?rest_route=%2Fwp%2Fv2%2Fmedia&parent=7733"}],"curies":[{"name":"wp","href":"https:\/\/api.w.org\/{rel}","templated":true}]}}