{"id":7611,"date":"2013-03-27T05:52:49","date_gmt":"2013-03-27T05:52:49","guid":{"rendered":"http:\/\/fonasc-cbh.org.br\/?page_id=7611"},"modified":"2013-03-27T05:52:49","modified_gmt":"2013-03-27T05:52:49","slug":"reuniao-da-ctas-data-21-22-fevereiro-2013-horario-2102-9h-18h","status":"publish","type":"page","link":"https:\/\/fonasc-cbh.org.br\/?page_id=7611","title":{"rendered":"REUNI\u00c3O da CTAS: Data: 21.22 &#8211; fevereiro -2013. Hor\u00e1rio: (21\/02) 9h &#8211; 18h"},"content":{"rendered":"<p>Corpo da mensagem: REUNI\u00c3O da CTAS: Data: 21.22 &#8211; fevereiro -2013. Hor\u00e1rio: (21\/02) 9h &#8211; 18h; (22\/02) 9h &#8211; 16h -Local: SRHU\/MMA &#8211; 21.02.2013 &#8211; 9h &#8211; Reuni\u00e3o do Grupo de Trabalho de Recarga Artificial de Aqu\u00edferos\u2013 O presidente Humberto abriu a pauta comentou o trabalho do GT sobre recarga artificial dos aq\u00fc\u00edferos. A seguir houve apresenta\u00e7\u00e3o dos presentes. Imediatamente Leonardo, representante da ANA, relatou os trabalhos GT, apresentou o material construido at\u00e9 o momento. Humberto manifestou sobre levantamento feito na legisla\u00e7\u00e3o do Brasil. Sendo que este material, reunido, foi colocado luz do semin\u00e1rio de Belo Horizonte, com legisla\u00e7\u00e3o de outros pa\u00edses. Maria de Lourdes, representante das Ind\u00fastrias, preocupada com o que ser\u00e1 construido em ter a clareza necess\u00e1ria, nas interpreta\u00e7\u00f5es do Minist\u00e9rio P\u00fablico. Humberto v\u00ea a legisla\u00e7\u00e3o mexicana como a mais pr\u00f3xima de nossos interesses. Com itens de refer\u00eancia muito interessante criando uma forma de montagem eficiente. O tema foi complementado com coment\u00e1rios e discuss\u00e3o dos participantes. Ap\u00f3s a leitura do texto em estudo, este recebeu altera\u00e7\u00f5es de consenso. Jo\u00e3o Climaco do FONASC, disse, da necessidade uma consulta a sociedade para contribui\u00e7\u00f5es ao texto proposto. O Conselheiro Jos\u00e9 Alberto, do FONASC, sugeriu uma informa\u00e7\u00e3o do ante projeto, em redes, com objetivo de reunir estas contribui\u00e7\u00f5es. 14h \u00e0s 18h \u2013 81\u00aa Reuni\u00e3o da CTAS \u2013 Item 01 &#8211; Abertura \/ Informes; Item 02 &#8211; Recomposi\u00e7\u00e3o da CTAS \u2013 Apresenta\u00e7\u00e3o dos novos representantes; Item 03 &#8211; Elei\u00e7\u00e3o da Presidente Maricene Menezes de Oliveira Mattos Paix\u00e3o, representante do CERH-MG, para o pr\u00f3ximo per\u00edodo de um ano. Ocorreram manifesta\u00e7\u00f5es e agradecimento pelo trabalho do Humberto; Item 04 &#8211; Aprova\u00e7\u00e3o da minuta de ata da 80\u00aa reuni\u00e3o da CTAS: Virgilio informou que n\u00e3o esta conclu\u00edda por problemas na grava\u00e7\u00e3o, ficou para pr\u00f3xima reuni\u00e3o; Item 05 &#8211; Defini\u00e7\u00e3o do Cronograma de reuni\u00f5es\/2013: 9-10 Abr &#8211; 4-5 Jun. 6-7 Ag. &#8211; 30Set.01Outubro; Item 06 &#8211; Portaria do Minist\u00e9rio da Sa\u00fade 2.914\/2011: Formado GT que vai estudar uma Mo\u00e7\u00e3o, tendo em vista a dificuldade de interpreta\u00e7\u00e3o na aplica\u00e7\u00e3o deste documento; Item 07 &#8211; Informe sobre o GT Aqu\u00edfero Guarani: Roseli apresentou relato com ilustra\u00e7\u00f5es em data show. Pela import\u00e2ncia do assunto e desconhecimento do estado da arte, do mesmo, foi sugerido uma apresenta\u00e7\u00e3o para a plen\u00e1ria do CNRH. 22.02.2013 \u2013 9h &#8211; Item 10 \u2013 A\u00e7\u00f5es da SRHU\/MMA e ANA dentro do Programa Inter\u00e1guas \u2013 com \u00eanfase \u00e0s \u00c1guas Subterr\u00e2neas, pela Claudia da ANA \u2013 O programa n\u00e3o faz obras e, sim, estudos, est\u00e1 sendo proposto uma carta hidrogeol\u00f3gica do estado do Paran\u00e1. O representante da CPRM, disse que sua institui\u00e7\u00e3o deve concluir at\u00e9 o final do ano a carta hidrogeol\u00f3gica de todo o pa\u00eds. Foi sugerido uma maior abertura no canal de comunica\u00e7\u00e3o dos comit\u00eas com este programa. Quem desejar procurar a ANA. Item 11 \u2013 Palestra da Agencia Nacional de \u00c1guas \u2013 A\u00e7\u00f5es em andamento no Programa Nacional de \u00c1guas Subterr\u00e2neas e na Agenda de \u00c1guas Subterr\u00e2neas. Com a invers\u00e3o da pauta no per\u00edodo da tarde tratou-se do aprofundamento do estudo, da resolu\u00e7\u00e3o sobre recarga Artificial de Aqu\u00edferos 14h &#8211; Item 08 -\u2013 Reuni\u00e3o do Grupo de Trabalho com membros da CTAS, para estudo da resolu\u00e7\u00e3o. &#8212; Este email foi enviado via formul\u00e1rio de contato em FONASC-CBH https:\/\/fonasc-cbh.org.br<\/p>\n","protected":false},"excerpt":{"rendered":"<p>Corpo da mensagem: REUNI\u00c3O da CTAS: Data: 21.22 &#8211; fevereiro -2013. Hor\u00e1rio: (21\/02) 9h &#8211; 18h; (22\/02) 9h &#8211; 16h&#8230;<\/p>\n","protected":false},"author":3,"featured_media":0,"parent":3193,"menu_order":0,"comment_status":"closed","ping_status":"open","template":"","meta":{"footnotes":""},"_links":{"self":[{"href":"https:\/\/fonasc-cbh.org.br\/index.php?rest_route=\/wp\/v2\/pages\/7611"}],"collection":[{"href":"https:\/\/fonasc-cbh.org.br\/index.php?rest_route=\/wp\/v2\/pages"}],"about":[{"href":"https:\/\/fonasc-cbh.org.br\/index.php?rest_route=\/wp\/v2\/types\/page"}],"author":[{"embeddable":true,"href":"https:\/\/fonasc-cbh.org.br\/index.php?rest_route=\/wp\/v2\/users\/3"}],"replies":[{"embeddable":true,"href":"https:\/\/fonasc-cbh.org.br\/index.php?rest_route=%2Fwp%2Fv2%2Fcomments&post=7611"}],"version-history":[{"count":2,"href":"https:\/\/fonasc-cbh.org.br\/index.php?rest_route=\/wp\/v2\/pages\/7611\/revisions"}],"predecessor-version":[{"id":7616,"href":"https:\/\/fonasc-cbh.org.br\/index.php?rest_route=\/wp\/v2\/pages\/7611\/revisions\/7616"}],"up":[{"embeddable":true,"href":"https:\/\/fonasc-cbh.org.br\/index.php?rest_route=\/wp\/v2\/pages\/3193"}],"wp:attachment":[{"href":"https:\/\/fonasc-cbh.org.br\/index.php?rest_route=%2Fwp%2Fv2%2Fmedia&parent=7611"}],"curies":[{"name":"wp","href":"https:\/\/api.w.org\/{rel}","templated":true}]}}