{"id":7532,"date":"2013-03-20T02:30:47","date_gmt":"2013-03-20T02:30:47","guid":{"rendered":"http:\/\/fonasc-cbh.org.br\/?page_id=7532"},"modified":"2013-04-18T04:50:10","modified_gmt":"2013-04-18T04:50:10","slug":"santa-catarina","status":"publish","type":"page","link":"https:\/\/fonasc-cbh.org.br\/?page_id=7532","title":{"rendered":"SANTA  CATARINA"},"content":{"rendered":"<p>&nbsp;<\/p>\n<p>&nbsp;<\/p>\n<p><a href=\"https:\/\/fonasc-cbh.org.br\/wp-content\/uploads\/santacatarina2-e1359877672280.gif\"><img loading=\"lazy\" decoding=\"async\" class=\"aligncenter size-full wp-image-6986\" title=\"santacatarina\" src=\"https:\/\/fonasc-cbh.org.br\/wp-content\/uploads\/santacatarina2-e1363746857367.gif\" alt=\"\" width=\"608\" height=\"503\" \/><\/a><\/p>\n<p><strong>\u00a0<\/strong><\/p>\n<p><a title=\"KKKK\" href=\"https:\/\/fonasc-cbh.org.br\/?wpfb_dl=199\" target=\"_blank\">HISTORICO<\/a><\/p>\n<p>BACIAS HIDROGRAFICAS<\/p>\n<p>PROJETOS<\/p>\n<p>FILIADOS E PARCEIROS<\/p>\n<p>ENDERE\u00c7O<\/p>\n<p>DOCUMENTOS<\/p>\n<p><a title=\"CERH MG \" href=\"https:\/\/fonasc-cbh.org.br\/?page_id=3962\" target=\"_blank\">FONASC NO CERH <\/a>-PE<\/p>\n<p>FONASC NOS\u00a0 CBHs<\/p>\n<p>BACIAS HIDROGR\u00c1FICAS<\/p>\n<p><strong><\/strong><\/p>\n<p><strong>NOTICIAS<\/strong><\/p>\n<p>&nbsp;<\/p>\n<div>\u00a0<a href=\"https:\/\/fonasc-cbh.org.br\/?p=7155\">SANTA CATARINA \u2013 FONASC DIVULGA \u2013 NOTA P\u00daBLICA DA A Federa\u00e7\u00e3o das Entidades Ecologistas Catarinenses \u2013 FEEC, SOBRE O VAZAMENTO DE ASCAREL<\/a><\/div>\n","protected":false},"excerpt":{"rendered":"<p>&nbsp; &nbsp; \u00a0 HISTORICO BACIAS HIDROGRAFICAS PROJETOS FILIADOS E PARCEIROS ENDERE\u00c7O DOCUMENTOS FONASC NO CERH -PE FONASC NOS\u00a0 CBHs BACIAS&#8230;<\/p>\n","protected":false},"author":3,"featured_media":0,"parent":1399,"menu_order":0,"comment_status":"closed","ping_status":"open","template":"","meta":{"footnotes":""},"_links":{"self":[{"href":"https:\/\/fonasc-cbh.org.br\/index.php?rest_route=\/wp\/v2\/pages\/7532"}],"collection":[{"href":"https:\/\/fonasc-cbh.org.br\/index.php?rest_route=\/wp\/v2\/pages"}],"about":[{"href":"https:\/\/fonasc-cbh.org.br\/index.php?rest_route=\/wp\/v2\/types\/page"}],"author":[{"embeddable":true,"href":"https:\/\/fonasc-cbh.org.br\/index.php?rest_route=\/wp\/v2\/users\/3"}],"replies":[{"embeddable":true,"href":"https:\/\/fonasc-cbh.org.br\/index.php?rest_route=%2Fwp%2Fv2%2Fcomments&post=7532"}],"version-history":[{"count":5,"href":"https:\/\/fonasc-cbh.org.br\/index.php?rest_route=\/wp\/v2\/pages\/7532\/revisions"}],"predecessor-version":[{"id":7535,"href":"https:\/\/fonasc-cbh.org.br\/index.php?rest_route=\/wp\/v2\/pages\/7532\/revisions\/7535"}],"up":[{"embeddable":true,"href":"https:\/\/fonasc-cbh.org.br\/index.php?rest_route=\/wp\/v2\/pages\/1399"}],"wp:attachment":[{"href":"https:\/\/fonasc-cbh.org.br\/index.php?rest_route=%2Fwp%2Fv2%2Fmedia&parent=7532"}],"curies":[{"name":"wp","href":"https:\/\/api.w.org\/{rel}","templated":true}]}}