{"id":7283,"date":"2013-02-20T17:27:30","date_gmt":"2013-02-20T17:27:30","guid":{"rendered":"http:\/\/fonasc-cbh.org.br\/?page_id=7283"},"modified":"2020-01-31T15:06:15","modified_gmt":"2020-01-31T15:06:15","slug":"pn3-afluentes-do-paranaiba","status":"publish","type":"page","link":"https:\/\/fonasc-cbh.org.br\/?page_id=7283","title":{"rendered":"pn3- Afluentes do Paranaiba ARAGUARI"},"content":{"rendered":"<p>REPRESENTANTE FONASC :<\/p>\n<p>RELATORIOS:<\/p>\n<p>historico<\/p>\n<p>Prezado PArticipane e interessado, remeta-nos mande suas impress\u00f5es e seus relat\u00f3rios sobre a gest\u00e3o e os desafios na bacia preencha os quadros abaixo<\/p>\n<p>contact-form-7 id=&#8221;4&#8243; title=&#8221;Contact form 1&#8243;]<\/p>\n<p>NOTICIAS<\/p>\n<div><a href=\"https:\/\/fonasc-cbh.org.br\/?p=7118\">RIO PARANAIBA -MG-Governo Estadual CONTRA A SOCIEADE E O DIREITO -Em A\u00e7\u00e3o Civil P\u00fablica contra o Estado e a Empresa Alupar Justi\u00e7a ACATA e consolida DECIS\u00c3O DO CBH PN 3( Afluentes Baixo Paranaiba)<\/a>\u00a0\u200equinta-feira, \u200e14\u200e de<br \/>\n\u200efevereiro\u200e de \u200e2013, \u200f\u200e09:57:<\/div>\n<div>NOMEA\u00c7\u00c3O DE REPRESENTANTE<\/div>\n<div><a title=\"NOMEA\u00c7\u00c3O PN3 \" href=\"https:\/\/fonasc-cbh.org.br\/?s=PARAOPEBA+\">30.01.2020\u00a0<\/a><\/div>\n","protected":false},"excerpt":{"rendered":"<p>REPRESENTANTE FONASC : RELATORIOS: historico Prezado PArticipane e interessado, remeta-nos mande suas impress\u00f5es e seus relat\u00f3rios sobre a gest\u00e3o e&#8230;<\/p>\n","protected":false},"author":3,"featured_media":0,"parent":7244,"menu_order":0,"comment_status":"closed","ping_status":"open","template":"","meta":{"footnotes":""},"_links":{"self":[{"href":"https:\/\/fonasc-cbh.org.br\/index.php?rest_route=\/wp\/v2\/pages\/7283"}],"collection":[{"href":"https:\/\/fonasc-cbh.org.br\/index.php?rest_route=\/wp\/v2\/pages"}],"about":[{"href":"https:\/\/fonasc-cbh.org.br\/index.php?rest_route=\/wp\/v2\/types\/page"}],"author":[{"embeddable":true,"href":"https:\/\/fonasc-cbh.org.br\/index.php?rest_route=\/wp\/v2\/users\/3"}],"replies":[{"embeddable":true,"href":"https:\/\/fonasc-cbh.org.br\/index.php?rest_route=%2Fwp%2Fv2%2Fcomments&post=7283"}],"version-history":[{"count":6,"href":"https:\/\/fonasc-cbh.org.br\/index.php?rest_route=\/wp\/v2\/pages\/7283\/revisions"}],"predecessor-version":[{"id":21780,"href":"https:\/\/fonasc-cbh.org.br\/index.php?rest_route=\/wp\/v2\/pages\/7283\/revisions\/21780"}],"up":[{"embeddable":true,"href":"https:\/\/fonasc-cbh.org.br\/index.php?rest_route=\/wp\/v2\/pages\/7244"}],"wp:attachment":[{"href":"https:\/\/fonasc-cbh.org.br\/index.php?rest_route=%2Fwp%2Fv2%2Fmedia&parent=7283"}],"curies":[{"name":"wp","href":"https:\/\/api.w.org\/{rel}","templated":true}]}}