{"id":7266,"date":"2013-02-18T21:41:45","date_gmt":"2013-02-18T21:41:45","guid":{"rendered":"http:\/\/fonasc-cbh.org.br\/?page_id=7266"},"modified":"2013-02-18T21:42:01","modified_gmt":"2013-02-18T21:42:01","slug":"bahia-2","status":"publish","type":"page","link":"https:\/\/fonasc-cbh.org.br\/?page_id=7266","title":{"rendered":"BAHIA"},"content":{"rendered":"<p>&nbsp;<\/p>\n<p>&nbsp;<\/p>\n<p><a title=\"KKKK\" href=\"https:\/\/fonasc-cbh.org.br\/?wpfb_dl=199\" target=\"_blank\">HISTORICO<\/a><\/p>\n<p>ENDERE\u00c7OS<\/p>\n<p>PROJETOS<\/p>\n<p>FILIADOS E PARCEIROS<\/p>\n<p>DOCUMENTOS<\/p>\n<p>FONASC NO CERH BA<\/p>\n<p>NOS CBHs<\/p>\n<p>ENVIE SUAS SUGEST\u00d5ES E RELAT\u00d3RIOS CONTATE-NOS NO FORMUL\u00c1RIO ABAIXO<\/p>\n<p>[contact-form-7 id=&#8221;4&#8243; title=&#8221;Contact form 1&#8243;]<\/p>\n<p>NOTICIAS<\/p>\n","protected":false},"excerpt":{"rendered":"<p>&nbsp; &nbsp; HISTORICO ENDERE\u00c7OS PROJETOS FILIADOS E PARCEIROS DOCUMENTOS FONASC NO CERH BA NOS CBHs ENVIE SUAS SUGEST\u00d5ES E RELAT\u00d3RIOS&#8230;<\/p>\n","protected":false},"author":3,"featured_media":0,"parent":1399,"menu_order":0,"comment_status":"closed","ping_status":"open","template":"","meta":{"footnotes":""},"_links":{"self":[{"href":"https:\/\/fonasc-cbh.org.br\/index.php?rest_route=\/wp\/v2\/pages\/7266"}],"collection":[{"href":"https:\/\/fonasc-cbh.org.br\/index.php?rest_route=\/wp\/v2\/pages"}],"about":[{"href":"https:\/\/fonasc-cbh.org.br\/index.php?rest_route=\/wp\/v2\/types\/page"}],"author":[{"embeddable":true,"href":"https:\/\/fonasc-cbh.org.br\/index.php?rest_route=\/wp\/v2\/users\/3"}],"replies":[{"embeddable":true,"href":"https:\/\/fonasc-cbh.org.br\/index.php?rest_route=%2Fwp%2Fv2%2Fcomments&post=7266"}],"version-history":[{"count":2,"href":"https:\/\/fonasc-cbh.org.br\/index.php?rest_route=\/wp\/v2\/pages\/7266\/revisions"}],"predecessor-version":[{"id":7268,"href":"https:\/\/fonasc-cbh.org.br\/index.php?rest_route=\/wp\/v2\/pages\/7266\/revisions\/7268"}],"up":[{"embeddable":true,"href":"https:\/\/fonasc-cbh.org.br\/index.php?rest_route=\/wp\/v2\/pages\/1399"}],"wp:attachment":[{"href":"https:\/\/fonasc-cbh.org.br\/index.php?rest_route=%2Fwp%2Fv2%2Fmedia&parent=7266"}],"curies":[{"name":"wp","href":"https:\/\/api.w.org\/{rel}","templated":true}]}}