{"id":6304,"date":"2012-12-06T04:03:07","date_gmt":"2012-12-06T04:03:07","guid":{"rendered":"http:\/\/fonasc-cbh.org.br\/?page_id=6304"},"modified":"2015-09-10T20:02:21","modified_gmt":"2015-09-10T20:02:21","slug":"cbij-jeriparana-educacao-ambiental-e-sensibilizacao-para-gestao-das-aguas","status":"publish","type":"page","link":"https:\/\/fonasc-cbh.org.br\/?page_id=6304","title":{"rendered":"CBIJ JERIPARANA &#8211; EDUCA\u00c7\u00c3O AMBIENTAL"},"content":{"rendered":"<p><a href=\"https:\/\/fonasc-cbh.org.br\/?attachment_id=13825\" rel=\"attachment wp-att-13825\"><img loading=\"lazy\" decoding=\"async\" class=\"aligncenter size-full wp-image-13825\" title=\"banner JPEG\" src=\"https:\/\/fonasc-cbh.org.br\/wp-content\/uploads\/banner-JPEG.png\" alt=\"\" width=\"630\" height=\"889\" \/><\/a><\/p>\n<p><a href=\"https:\/\/fonasc-cbh.org.br\/?attachment_id=13828\" rel=\"attachment wp-att-13828\">A experi\u00eancia do Comit\u00ea Infanto Juvenil do Rio Jeniparana<\/a><\/p>\n<p><a href=\"https:\/\/fonasc-cbh.org.br\/wp-content\/uploads\/image_size.php_-e1355086385403.jpg\"><img loading=\"lazy\" decoding=\"async\" class=\"aligncenter size-full wp-image-6409\" title=\"image_size.php\" src=\"https:\/\/fonasc-cbh.org.br\/wp-content\/uploads\/image_size.php_-e1355086385403.jpg\" alt=\"\" width=\"515\" height=\"387\" \/><\/a><\/p>\n<p>&nbsp;<\/p>\n<p>*<a title=\"AF\" href=\"https:\/\/fonasc-cbh.org.br\/?p=6214 \" target=\"_blank\">CBIJ JERIPARANA &#8211; EDUCA\u00c7\u00c3O AMBIENTAL E SENSIBILIZA\u00c7\u00c3O PARA GEST\u00c3O DAS \u00c1GUAS<\/a>\u00a0&#8211;<a href=\"https:\/\/fonasc-cbh.org.br\/?p=6214\">https:\/\/fonasc-cbh.org.br\/?p=6214<\/a><\/p>\n<p>&nbsp;<\/p>\n<p>*<a title=\"asd\" href=\"https:\/\/fonasc-cbh.org.br\/?p=6487\" target=\"_blank\">PRESERVA\u00c7AO\u00a0 AMBIENTAL\u00a0 &#8211; Fonasc e CBH Infnto Juvenil do Jeriparana promovee participa de trilha ecologica<\/a><\/p>\n<p>&nbsp;<\/p>\n<p>*<a title=\"xzc\" href=\"https:\/\/fonasc-cbh.org.br\/?p=6460\" target=\"_blank\">Educa\u00e7\u00e3o Ambiental &#8211; e Mobiliza\u00e7\u00e3o Social Parceria do FONASC E SHOPPINH DA ILHA fomenta consci\u00eancia ecol\u00f3gica.<\/a><\/p>\n<p>&nbsp;<\/p>\n<p>*<a title=\"sd\" href=\"https:\/\/fonasc-cbh.org.br\/?p=6280\" target=\"_blank\">FONASC MA E CBH INFANTO JUVENIL JERIPARANA PARTICIPA DO COROADO DE NATAL<\/a><\/p>\n<p>Mais not\u00edcias sobre o Comit\u00ea acesse no link abaixo:<\/p>\n<p><a href=\"https:\/\/fonasc-cbh.org.br\/?s=Comit%C3%AA+Infanto+Juvenil+Rio+Jeniparana\">https:\/\/fonasc-cbh.org.br\/?s=Comit%C3%AA+Infanto+Juvenil+Rio+Jeniparana<\/a><\/p>\n<p>FOTOS DOS EVENTOS EM DEZEMBRO 2012<\/p>\n<p><a title=\"PO\" href=\"https:\/\/picasaweb.google.com\/117866696609122167548\/1DeDezembroDe2012#\" target=\"_blank\">OFICINAS DE ARTE E RECICLAGEM NA PRACA<\/a><\/p>\n<p><a title=\"SD\" href=\"https:\/\/picasaweb.google.com\/117866696609122167548\/2012122505#\" target=\"_blank\">COROADO DE NATAL <\/a><\/p>\n<p><a title=\"SSD\" href=\"https:\/\/picasaweb.google.com\/117866696609122167548\/2012122515#\" target=\"_blank\">I &#8211; COROADO DE ANTAL II <\/a><\/p>\n<p><a title=\"DS\" href=\"https:\/\/picasaweb.google.com\/117866696609122167548\/2012122505#\" target=\"_blank\">COROADO DE NATAL III<\/a><\/p>\n<p><a title=\"FA\" href=\"https:\/\/picasaweb.google.com\/117866696609122167548\/2012122503#\" target=\"_blank\">COROADO IV<\/a><\/p>\n<p><a title=\"ADF\" href=\"https:\/\/picasaweb.google.com\/117866696609122167548\/2012122507#\" target=\"_blank\">COROADO V<\/a><\/p>\n<p><a title=\"AD\" href=\"https:\/\/picasaweb.google.com\/117866696609122167548\/2012122506#\" target=\"_blank\">COROADO VI <\/a><\/p>\n<p><a title=\"DFF\" href=\"https:\/\/picasaweb.google.com\/117866696609122167548\/2012122506#\" target=\"_blank\">COROADO VII<\/a><\/p>\n<p><a title=\"SDFF\" href=\"https:\/\/picasaweb.google.com\/117866696609122167548\/2012122504#\" target=\"_blank\">COROADO VIII<\/a><\/p>\n<p>&nbsp;<\/p>\n<p>&nbsp;<\/p>\n<div id=\"content\">\n<div id=\"colLeft\">\n<div>\n<p>Para mais divulga\u00e7\u00e3o do comite adicione os seguintes links:<br \/>\nP\u00e1gina do facebook:<a href=\"http:\/\/www.facebook.com\/pages\/Comite-Infanto-Juvenil-da-Bacia-Hidrogr%C3%A1fica-do-Rio-Jeniparana\/261292233992802?ref=ts&amp;fref=ts\" rel=\"nofollow\">http:\/\/www.facebook.com\/pages\/Comite-Infanto-Juvenil-da-Bacia-Hidrogr%C3%A1fica-do-Rio-Jeniparana\/261292233992802?ref=ts&amp;fref=ts<\/a><br \/>\ncanal do youtube:<a href=\"http:\/\/www.youtube.com\/channel\/UCeGVroN0i2vQIE8Nga5Sl9g?feature=watch\" rel=\"nofollow\">http:\/\/www.youtube.com\/channel\/UCeGVroN0i2vQIE8Nga5Sl9g?feature=watch<\/a><br \/>\nperfil do google +:<a href=\"https:\/\/plus.google.com\/u\/0\/112910670192350983582\/posts\" rel=\"nofollow\">https:\/\/plus.google.com\/u\/0\/112910670192350983582\/posts<\/a><br \/>\ne as seguintes imagens:<a href=\"http:\/\/sphotos-a.xx.fbcdn.net\/hphotos-snc7\/c21.0.133.133\/p133x133\/293749_492494484117196_1197203022_n.jpg\" rel=\"nofollow\">http:\/\/sphotos-a.xx.fbcdn.net\/hphotos-snc7\/c21.0.133.133\/p133x133\/293749_492494484117196_1197203022_n.jpg<\/a><\/p>\n<p><a href=\"https:\/\/fonasc-cbh.org.br\/wp-content\/uploads\/feira-cient%C3%ADfica1.jpg\" rel=\"nofollow\">https:\/\/fonasc-cbh.org.br\/wp-content\/uploads\/feira-cient%C3%ADfica1.jpg<\/a><\/p>\n<p><a href=\"http:\/\/www.portaldomaranhao.com\/image_size.php?imagem=noticias\/19456504_foto.jpg&amp;w=280\" rel=\"nofollow\">http:\/\/www.portaldomaranhao.com\/image_size.php?imagem=noticias\/19456504_foto.jpg&amp;w=280<\/a><\/p>\n<\/div>\n<\/div>\n<\/div>\n<p>&nbsp;<\/p>\n","protected":false},"excerpt":{"rendered":"<p>A experi\u00eancia do Comit\u00ea Infanto Juvenil do Rio Jeniparana &nbsp; *CBIJ JERIPARANA &#8211; EDUCA\u00c7\u00c3O AMBIENTAL E SENSIBILIZA\u00c7\u00c3O PARA GEST\u00c3O DAS&#8230;<\/p>\n","protected":false},"author":3,"featured_media":0,"parent":8633,"menu_order":0,"comment_status":"closed","ping_status":"open","template":"","meta":{"footnotes":""},"_links":{"self":[{"href":"https:\/\/fonasc-cbh.org.br\/index.php?rest_route=\/wp\/v2\/pages\/6304"}],"collection":[{"href":"https:\/\/fonasc-cbh.org.br\/index.php?rest_route=\/wp\/v2\/pages"}],"about":[{"href":"https:\/\/fonasc-cbh.org.br\/index.php?rest_route=\/wp\/v2\/types\/page"}],"author":[{"embeddable":true,"href":"https:\/\/fonasc-cbh.org.br\/index.php?rest_route=\/wp\/v2\/users\/3"}],"replies":[{"embeddable":true,"href":"https:\/\/fonasc-cbh.org.br\/index.php?rest_route=%2Fwp%2Fv2%2Fcomments&post=6304"}],"version-history":[{"count":43,"href":"https:\/\/fonasc-cbh.org.br\/index.php?rest_route=\/wp\/v2\/pages\/6304\/revisions"}],"predecessor-version":[{"id":6495,"href":"https:\/\/fonasc-cbh.org.br\/index.php?rest_route=\/wp\/v2\/pages\/6304\/revisions\/6495"}],"up":[{"embeddable":true,"href":"https:\/\/fonasc-cbh.org.br\/index.php?rest_route=\/wp\/v2\/pages\/8633"}],"wp:attachment":[{"href":"https:\/\/fonasc-cbh.org.br\/index.php?rest_route=%2Fwp%2Fv2%2Fmedia&parent=6304"}],"curies":[{"name":"wp","href":"https:\/\/api.w.org\/{rel}","templated":true}]}}