{"id":5183,"date":"2012-10-13T19:23:15","date_gmt":"2012-10-13T19:23:15","guid":{"rendered":"http:\/\/fonasc-cbh.org.br\/?page_id=5183"},"modified":"2013-05-05T02:35:49","modified_gmt":"2013-05-05T02:35:49","slug":"rio-sto-antonio-pn1","status":"publish","type":"page","link":"https:\/\/fonasc-cbh.org.br\/?page_id=5183","title":{"rendered":"RIO STO ANTONIO PN1"},"content":{"rendered":"<p><strong>REPRESENTANTE FONASC NASCENTES PARANAIBA SANTO ANTONIO PN1:<\/strong><\/p>\n<p>RELATORIOS:<\/p>\n<p>historico<\/p>\n<p>Prezado PArticipane e interessado, remeta-nos mande suas impress\u00f5es e seus relat\u00f3rios sobre a gest\u00e3o e os desafios na bacia preencha os quadros abaixo<\/p>\n<p>contact-form-7 id=&#8221;4&#8243; title=&#8221;Contact form 1&#8243;]<\/p>\n<p><strong>NOTICIAS<\/strong><\/p>\n<div>\u00a0<a href=\"https:\/\/fonasc-cbh.org.br\/?p=7935\">RIO PARANAIBA \u2013 Representa\u00e7\u00e3o FONASC no<br \/>\nCBH Nascente do Rio Paranaiba -PN1 e Comunidade Santo Antonio da Lagoa Seca<br \/>\nlutam contra impactos de Industria de Fertilizante em Patrocinio \u2013 MG com<br \/>\n<\/a><\/div>\n<h2><\/h2>\n","protected":false},"excerpt":{"rendered":"<p>REPRESENTANTE FONASC NASCENTES PARANAIBA SANTO ANTONIO PN1: RELATORIOS: historico Prezado PArticipane e interessado, remeta-nos mande suas impress\u00f5es e seus relat\u00f3rios&#8230;<\/p>\n","protected":false},"author":3,"featured_media":0,"parent":7244,"menu_order":0,"comment_status":"closed","ping_status":"open","template":"","meta":{"footnotes":""},"_links":{"self":[{"href":"https:\/\/fonasc-cbh.org.br\/index.php?rest_route=\/wp\/v2\/pages\/5183"}],"collection":[{"href":"https:\/\/fonasc-cbh.org.br\/index.php?rest_route=\/wp\/v2\/pages"}],"about":[{"href":"https:\/\/fonasc-cbh.org.br\/index.php?rest_route=\/wp\/v2\/types\/page"}],"author":[{"embeddable":true,"href":"https:\/\/fonasc-cbh.org.br\/index.php?rest_route=\/wp\/v2\/users\/3"}],"replies":[{"embeddable":true,"href":"https:\/\/fonasc-cbh.org.br\/index.php?rest_route=%2Fwp%2Fv2%2Fcomments&post=5183"}],"version-history":[{"count":10,"href":"https:\/\/fonasc-cbh.org.br\/index.php?rest_route=\/wp\/v2\/pages\/5183\/revisions"}],"predecessor-version":[{"id":8172,"href":"https:\/\/fonasc-cbh.org.br\/index.php?rest_route=\/wp\/v2\/pages\/5183\/revisions\/8172"}],"up":[{"embeddable":true,"href":"https:\/\/fonasc-cbh.org.br\/index.php?rest_route=\/wp\/v2\/pages\/7244"}],"wp:attachment":[{"href":"https:\/\/fonasc-cbh.org.br\/index.php?rest_route=%2Fwp%2Fv2%2Fmedia&parent=5183"}],"curies":[{"name":"wp","href":"https:\/\/api.w.org\/{rel}","templated":true}]}}