{"id":5167,"date":"2012-10-13T18:48:05","date_gmt":"2012-10-13T18:48:05","guid":{"rendered":"http:\/\/fonasc-cbh.org.br\/?page_id=5167"},"modified":"2015-01-15T12:30:06","modified_gmt":"2015-01-15T12:30:06","slug":"parana","status":"publish","type":"page","link":"https:\/\/fonasc-cbh.org.br\/?page_id=5167","title":{"rendered":"PARANA"},"content":{"rendered":"<p><a href=\"https:\/\/fonasc-cbh.org.br\/wp-content\/uploads\/parana2.gif\"><img loading=\"lazy\" decoding=\"async\" class=\"aligncenter size-full wp-image-6958\" title=\"parana\" src=\"https:\/\/fonasc-cbh.org.br\/wp-content\/uploads\/parana2.gif\" alt=\"\" width=\"525\" height=\"343\" \/><\/a><\/p>\n<p>&nbsp;<\/p>\n<p>&nbsp;<\/p>\n<p><a title=\"KKKK\" href=\"https:\/\/fonasc-cbh.org.br\/?wpfb_dl=199\" target=\"_blank\">HISTORICO<\/a><\/p>\n<p>BACIAS HIDROGRAFICAS<\/p>\n<p>PROJETOS<\/p>\n<p>FILIADOS E PARCEIROS<\/p>\n<p>ENDERE\u00c7OS<\/p>\n<p>DOCUMENTOS<\/p>\n<p><a title=\"CERH MG \" href=\"https:\/\/fonasc-cbh.org.br\/?page_id=3962\" target=\"_blank\">FONASC NO CERH <\/a>-PR<\/p>\n<p>FONASC NOS\u00a0 CBHs<\/p>\n<p><a title=\"ASD\" href=\"https:\/\/fonasc-cbh.org.br\/?s=LAURA\" target=\"_blank\">\u00a0NOTICIAS<\/a><\/p>\n<p>PREZADO PARCEIRO FILIADO OU INTERESSADO<\/p>\n<p>ENVIE SUAS SUGEST\u00d5ES E INFORMACOES E RELAT\u00d3RIOS CONTATE-NOS NO FORMUL\u00c1RIO ABAIXO<\/p>\n<p>[contact-form-7 id=&#8221;4&#8243; title=&#8221;Contact form 1&#8243;]<\/p>\n<p>&nbsp;<\/p>\n<p><strong>ACOMPANHE MAIS S NOTICIAS DO MEMBROS DO FONASC NO ESTADO DO \u00a0PARANA<\/strong><\/p>\n<h2><a href=\"https:\/\/fonasc-cbh.org.br\/?p=9344\">PR \u2013 FONASC APRESENTA PROGRAMA\u00c7\u00c3O DOS<br \/>\nCURSOS DE CAPACITA\u00c7\u00c3O DE PROFESSORES SOBRE EDUCA\u00c7\u00c3O AMBIENTAL EM CERRO AZUL<br \/>\n.<\/a>\u200equinta-feira, \u200e26\u200e de\u00a0 \u200esetembro\u200e de \u200e2013,<\/h2>\n<p>Se voc\u00ea gostou deste artigo, considere<strong> compartilhar isso!<\/strong> <a title=\"Tweet isso'!\" href=\"http:\/\/twitter.com\/home\/?status=FONASC Participa da Audi\u00eancia Publica conjunta com a Comiss\u00e3o de Cultura : https:\/\/fonasc-cbh.org.br\/?p=9365\"><img decoding=\"async\" src=\"https:\/\/fonasc-cbh.org.br\/wp-content\/themes\/webfolio\/images\/twitter.png\" alt=\"Tweet this!\" \/> <\/a> <a title=\"StumbleUpon.\" href=\"http:\/\/www.stumbleupon.com\/submit?url=https:\/\/fonasc-cbh.org.br\/?p=9365&amp;amp;title=FONASC Participa da Audi\u00eancia Publica conjunta com a Comiss\u00e3o de Cultura\"><img decoding=\"async\" src=\"https:\/\/fonasc-cbh.org.br\/wp-content\/themes\/webfolio\/images\/stumbleupon.png\" alt=\"StumbleUpon\" \/> <\/a> <a title=\"Vote em Reddit.\" href=\"http:\/\/www.reddit.com\/submit?url=https:\/\/fonasc-cbh.org.br\/?p=9365&amp;amp;title=FONASC Participa da Audi\u00eancia Publica conjunta com a Comiss\u00e3o de Cultura\"><img decoding=\"async\" src=\"https:\/\/fonasc-cbh.org.br\/wp-content\/themes\/webfolio\/images\/reddit.png\" alt=\"Reddit\" \/> <\/a> <a title=\"Digg this!\" href=\"http:\/\/digg.com\/submit?phase=2&amp;amp;url=https:\/\/fonasc-cbh.org.br\/?p=9365&amp;amp;title=FONASC Participa da Audi\u00eancia Publica conjunta com a Comiss\u00e3o de Cultura\"><img decoding=\"async\" src=\"https:\/\/fonasc-cbh.org.br\/wp-content\/themes\/webfolio\/images\/digg.png\" alt=\"Digg This!\" \/> <\/a> <a title=\"Bookmark Delicious.\" href=\"http:\/\/del.icio.us\/post?url=https:\/\/fonasc-cbh.org.br\/?p=9365&amp;amp;title=FONASC Participa da Audi\u00eancia Publica conjunta com a Comiss\u00e3o de Cultura\"><img decoding=\"async\" src=\"https:\/\/fonasc-cbh.org.br\/wp-content\/themes\/webfolio\/images\/delicious.png\" alt=\"Bookmark Delicious\" \/> <\/a> <a title=\"Compartilhar no Facebook.\" href=\"http:\/\/www.facebook.com\/sharer.php?u=https:\/\/fonasc-cbh.org.br\/?p=9365&amp;amp;t=FONASC Participa da Audi\u00eancia Publica conjunta com a Comiss\u00e3o de Cultura\"><img decoding=\"async\" id=\"sharethis-last\" src=\"https:\/\/fonasc-cbh.org.br\/wp-content\/themes\/webfolio\/images\/facebook.png\" alt=\"Compartilhar no Facebook\" \/> <\/a><\/p>\n<p>&nbsp;<\/p>\n<p><strong><strong>ASSEMBLEIA POPULAR SOB REINSTALA\u00c7\u00c3O DE UM COMIT\u00ca POPULAR DA MICROBACIA HIDROGR\u00c1FICA DO RIO\u00a0 DAS POMBAS, NA REGI\u00c3O DO GUARAITUBA, EM COLOMBO \u2013 PR <a href=\"https:\/\/fonasc-cbh.org.br\/?p=7514\" rel=\"nofollow\" target=\"_blank\">https:\/\/fonasc-cbh.org.br\/?p=7514<\/a><\/strong><\/strong><\/p>\n<p>&nbsp;<\/p>\n<p><a href=\"https:\/\/fonasc-cbh.org.br\/?p=7027\">PR \u2013 FONASC APOIA RECURSO CONTRA A APURA\u00c7\u00c3O E DIVULGA\u00c7\u00c3O DOS RESULTADOS DA ELEI\u00c7\u00c3O CONAMA<\/a>\u00a0\u200es\u00e1bado, \u200e9\u200e de \u200efevereiro\u200e de \u200e2013, \u200f\u200e11:38:45 |<br \/>\n<a href=\"https:\/\/fonasc-cbh.org.br\/?p=7027\"><img decoding=\"async\" src=\"res:\/\/ieframe.dll\/feedarrowtrans.png\" alt=\"Ir para artigo inteiro\" border=\"0\" \/><\/a><\/p>\n<div>\n<div>\n<div>\n<p><strong><a href=\"https:\/\/fonasc-cbh.org.br\/?p=7027\">PR \u2013 FONASC APOIA RECURSO CONTRA A APURA\u00c7\u00c3O E DIVULGA\u00c7\u00c3O DOS ESULTADOS DA ELEI\u00c7\u00c3O CONAMA<\/a><\/strong><\/p>\n<p>W<a href=\"http:\/\/www.forumambientalistadoparana.org\/\">WW.FORUMAMBIENTALISTADOPARANA.ORG<\/a><\/p>\n<div>\u00a0<a href=\"https:\/\/fonasc-cbh.org.br\/?p=6682\">PR, SC \u2013 FONASC DIVULGA -ELEICAO CONAMA<\/a>\u00a0\u200ese xta-feira, \u200e28\u200e de\u00a0\u00a0\u200edezembro\u200e de \u200e2012, \u200f\u200e13:05:06 |<\/div>\n<div>\u201d<\/div>\n<\/div>\n<\/div>\n<\/div>\n","protected":false},"excerpt":{"rendered":"<p>&nbsp; &nbsp; HISTORICO BACIAS HIDROGRAFICAS PROJETOS FILIADOS E PARCEIROS ENDERE\u00c7OS DOCUMENTOS FONASC NO CERH -PR FONASC NOS\u00a0 CBHs \u00a0NOTICIAS PREZADO&#8230;<\/p>\n","protected":false},"author":3,"featured_media":0,"parent":1399,"menu_order":0,"comment_status":"closed","ping_status":"open","template":"","meta":{"footnotes":""},"_links":{"self":[{"href":"https:\/\/fonasc-cbh.org.br\/index.php?rest_route=\/wp\/v2\/pages\/5167"}],"collection":[{"href":"https:\/\/fonasc-cbh.org.br\/index.php?rest_route=\/wp\/v2\/pages"}],"about":[{"href":"https:\/\/fonasc-cbh.org.br\/index.php?rest_route=\/wp\/v2\/types\/page"}],"author":[{"embeddable":true,"href":"https:\/\/fonasc-cbh.org.br\/index.php?rest_route=\/wp\/v2\/users\/3"}],"replies":[{"embeddable":true,"href":"https:\/\/fonasc-cbh.org.br\/index.php?rest_route=%2Fwp%2Fv2%2Fcomments&post=5167"}],"version-history":[{"count":16,"href":"https:\/\/fonasc-cbh.org.br\/index.php?rest_route=\/wp\/v2\/pages\/5167\/revisions"}],"predecessor-version":[{"id":7205,"href":"https:\/\/fonasc-cbh.org.br\/index.php?rest_route=\/wp\/v2\/pages\/5167\/revisions\/7205"}],"up":[{"embeddable":true,"href":"https:\/\/fonasc-cbh.org.br\/index.php?rest_route=\/wp\/v2\/pages\/1399"}],"wp:attachment":[{"href":"https:\/\/fonasc-cbh.org.br\/index.php?rest_route=%2Fwp%2Fv2%2Fmedia&parent=5167"}],"curies":[{"name":"wp","href":"https:\/\/api.w.org\/{rel}","templated":true}]}}