{"id":5165,"date":"2012-10-13T18:47:17","date_gmt":"2012-10-13T18:47:17","guid":{"rendered":"http:\/\/fonasc-cbh.org.br\/?page_id=5165"},"modified":"2013-04-05T09:16:51","modified_gmt":"2013-04-05T09:16:51","slug":"piaui","status":"publish","type":"page","link":"https:\/\/fonasc-cbh.org.br\/?page_id=5165","title":{"rendered":"PIAUI"},"content":{"rendered":"<p style=\"text-align: center;\"><a href=\"https:\/\/fonasc-cbh.org.br\/wp-content\/uploads\/piaui1.gif\"><strong><\/strong><img loading=\"lazy\" decoding=\"async\" class=\"aligncenter size-full wp-image-6963\" title=\"piaui\" src=\"https:\/\/fonasc-cbh.org.br\/wp-content\/uploads\/piaui1.gif\" alt=\"\" width=\"505\" height=\"456\" \/><\/a><\/p>\n<p>&nbsp;<\/p>\n<p><a title=\"KKKK\" href=\"https:\/\/fonasc-cbh.org.br\/?wpfb_dl=199\" target=\"_blank\">HISTORICO<\/a><\/p>\n<p>BACIAS HIDROGRAFICAS<\/p>\n<p>PROJETOS<\/p>\n<p>FILIADOS E PARCEIROS<\/p>\n<p>ENDERE\u00c7OS<\/p>\n<p>DOCUMENTOS<\/p>\n<p><a title=\"CERH MG \" href=\"https:\/\/fonasc-cbh.org.br\/?page_id=3962\" target=\"_blank\">FONASC NO CERH <\/a>-PI<\/p>\n<p>FONASC NOS\u00a0 CBHs<\/p>\n<p><a title=\"asd\" href=\"https:\/\/fonasc-cbh.org.br\/?page_id=3419\" target=\"_blank\">rio parnaiba<\/a><\/p>\n<p>&nbsp;<\/p>\n<p>PREZADO PARCEIRO FILIADO OU INTERESSADO<\/p>\n<p>ENVIE SUAS SUGEST\u00d5ES E INFORMACOES E RELAT\u00d3RIOS CONTATE-NOS NO FORMUL\u00c1RIO ABAIXO<\/p>\n<div id=\"wpcf7-f4-p5167-o1\">\n<form action=\"\/?page_id=5167#wpcf7-f4-p5167-o1\" method=\"post\">\n<div><input type=\"hidden\" name=\"_wpcf7\" value=\"4\" \/> <input type=\"hidden\" name=\"_wpcf7_version\" value=\"3.0.1\" \/> <input type=\"hidden\" name=\"_wpcf7_unit_tag\" value=\"wpcf7-f4-p5167-o1\" \/>[contact-form-7 id=&#8221;4&#8243; title=&#8221;Contact form 1&#8243;]<\/div>\n<\/form>\n<\/div>\n<p><strong>ACOMPANHE AS NOTICIAS DO MEMBROS DO FONASC NO ESTADO DO\u00a0 PIAUI<\/strong><\/p>\n<div><a href=\"https:\/\/fonasc-cbh.org.br\/?p=6585\">FONASC PI \u2013 O fi m do mundo e a Gest\u00e3o\u00a0 das \u00c1guas no Piau\u00ed<\/a>\u00a0\u200edomingo, \u200e23\u200e de\u00a0 \u200edezembro\u200e de \u200e2012, \u200f\u200e13:33:51 |<\/div>\n<div>\n<div>\n<div>\n<div><a href=\"https:\/\/fonasc-cbh.org.br\/?p=6574\">FONASC PI -PACTO PELO SANEAMENTO\u00a0 B\u00c1SICO<\/a>\u00a0-\u200e -domingo, \u200e23\u200e de \u200edezembro\u200e de \u200e2012, \u200f\u200e13:03:10<\/div>\n<div>\n<div><a href=\"https:\/\/fonasc-cbh.org.br\/?p=6286\">FONASC \u2013 PI \u2013 Avan\u00e7o e destempero para\u00a0 cria\u00e7\u00e3o do comit\u00ea da bacia do Rio Parna\u00edba<\/a>\u00a0\u200equarta-feira, \u200e5\u200e de \u200edezembro\u200e de \u200e2012, \u200f\u200e19:33:14<\/div>\n<\/div>\n<\/div>\n<\/div>\n<\/div>\n<p>&nbsp;<\/p>\n","protected":false},"excerpt":{"rendered":"<p>&nbsp; HISTORICO BACIAS HIDROGRAFICAS PROJETOS FILIADOS E PARCEIROS ENDERE\u00c7OS DOCUMENTOS FONASC NO CERH -PI FONASC NOS\u00a0 CBHs rio parnaiba &nbsp;&#8230;<\/p>\n","protected":false},"author":3,"featured_media":0,"parent":1399,"menu_order":0,"comment_status":"open","ping_status":"open","template":"","meta":{"footnotes":""},"_links":{"self":[{"href":"https:\/\/fonasc-cbh.org.br\/index.php?rest_route=\/wp\/v2\/pages\/5165"}],"collection":[{"href":"https:\/\/fonasc-cbh.org.br\/index.php?rest_route=\/wp\/v2\/pages"}],"about":[{"href":"https:\/\/fonasc-cbh.org.br\/index.php?rest_route=\/wp\/v2\/types\/page"}],"author":[{"embeddable":true,"href":"https:\/\/fonasc-cbh.org.br\/index.php?rest_route=\/wp\/v2\/users\/3"}],"replies":[{"embeddable":true,"href":"https:\/\/fonasc-cbh.org.br\/index.php?rest_route=%2Fwp%2Fv2%2Fcomments&post=5165"}],"version-history":[{"count":16,"href":"https:\/\/fonasc-cbh.org.br\/index.php?rest_route=\/wp\/v2\/pages\/5165\/revisions"}],"predecessor-version":[{"id":7210,"href":"https:\/\/fonasc-cbh.org.br\/index.php?rest_route=\/wp\/v2\/pages\/5165\/revisions\/7210"}],"up":[{"embeddable":true,"href":"https:\/\/fonasc-cbh.org.br\/index.php?rest_route=\/wp\/v2\/pages\/1399"}],"wp:attachment":[{"href":"https:\/\/fonasc-cbh.org.br\/index.php?rest_route=%2Fwp%2Fv2%2Fmedia&parent=5165"}],"curies":[{"name":"wp","href":"https:\/\/api.w.org\/{rel}","templated":true}]}}