{"id":5158,"date":"2012-10-13T18:41:59","date_gmt":"2012-10-13T18:41:59","guid":{"rendered":"http:\/\/fonasc-cbh.org.br\/?page_id=5158"},"modified":"2015-07-02T20:51:15","modified_gmt":"2015-07-02T20:51:15","slug":"maranhao","status":"publish","type":"page","link":"https:\/\/fonasc-cbh.org.br\/?page_id=5158","title":{"rendered":"MARANHAO"},"content":{"rendered":"<figure style=\"width: 329px\" class=\"wp-caption aligncenter\">MARANHAO<a href=\"https:\/\/fonasc-cbh.org.br\/wp-content\/uploads\/maranhao2.gif\"><img loading=\"lazy\" decoding=\"async\" src=\"https:\/\/fonasc-cbh.org.br\/wp-content\/uploads\/maranhao2.gif\" alt=\"\" width=\"329\" height=\"217\" \/><\/a><figcaption class=\"wp-caption-text\">https:\/\/fonasc-cbh.org.br\/wp-content\/uploads\/maranhao2.gif<\/figcaption><\/figure>\n<p>&nbsp;<\/p>\n<p><a title=\"KKKK\" href=\"https:\/\/fonasc-cbh.org.br\/?wpfb_dl=199\" target=\"_blank\">HISTORICO<\/a><\/p>\n<p>PROJETOS<\/p>\n<p>ENDERE\u00c7O<\/p>\n<p>ATUA\u00c7\u00c3O NO CERH E COMITES DE BACIAS<\/p>\n<p>DOCUMENTOS<\/p>\n<p><strong>NOTICIAS<\/strong><\/p>\n<h2><a href=\"https:\/\/fonasc-cbh.org.br\/?p=9355\">FONAS-Ma APOIA A 7\u00ba Feria do Livro de\u00a0 S\u00e3o Lu\u00eds<\/a>\u00a0\u200esexta-feira, \u200e27\u200e de\u00a0 \u200esetembro\u200e de \u200e2013<\/h2>\n<p><a title=\"Editar \u201cTV FONASC \u2013 FONASC PARTICIPA E APOIA \u2013 Audi\u00eancia p\u00fablica NA CAMARA FEDERAL   discute impactos ambientais da obra da Usina Hidrel\u00e9trica de Estreito\u201d\" href=\"https:\/\/fonasc-cbh.org.br\/wp-admin\/post.php?post=9540&amp;action=edit\">TV FONASC \u2013 FONASC PARTICIPA E APOIA \u2013 Audi\u00eancia p\u00fablica NA CAMARA FEDERAL\u00a0\u00a0 discute impactos ambientais da obra da Usina Hidrel\u00e9trica de Estreito<\/a>\u00a0Audi\u00eancia p\u00fablica discute impactos ambientais da obra da Usina Hidrel\u00e9trica de Estreito A Comiss\u00e3o de Meio Ambiente e Desenvolvimento Sustent\u00e1vel \u2013 CMADS, da C\u00e2mara dos Deputados realiza na pr\u00f3xima ter\u00e7a-feira, 15 de outubro, \u00e0s [&#8230;]<\/p>\n<p><a title=\"Editar \u201cFONASC -MA PROGRAMA DE MOBILIZA\u00c7\u00c3O SOCIAL E EDUCA\u00c7\u00c3O AMBIENTAL \u2013 IV Conferencia Infanto Juvenil  pelo Meio Ambiente\u201d\" href=\"https:\/\/fonasc-cbh.org.br\/wp-admin\/post.php?post=9485&amp;action=edit\">FONASC -MA PROGRAMA DE MOBILIZA\u00c7\u00c3O SOCIAL E EDUCA\u00c7\u00c3O AMBIENTAL \u2013 IV Conferencia Infanto Juvenil\u00a0 pelo Meio Ambiente<\/a><\/p>\n<p>ATUA\u00c7\u00c3O DO FONASC NO CONERH<\/p>\n<p>Veja todas as not\u00edcias sobre o Maranh\u00e3o e atua\u00e7\u00e3o do Fonasc no CONERH<\/p>\n<blockquote class=\"wp-embedded-content\" data-secret=\"hBkAD1Yj7l\"><p><a href=\"https:\/\/fonasc-cbh.org.br\/\">Home<\/a><\/p><\/blockquote>\n<p><iframe class=\"wp-embedded-content\" sandbox=\"allow-scripts\" security=\"restricted\" style=\"position: absolute; clip: rect(1px, 1px, 1px, 1px);\" title=\"&#8220;Home&#8221; &#8212; FONASC-CBH\" src=\"https:\/\/fonasc-cbh.org.br\/?embed=true#?secret=RtbEbam2Or#?secret=hBkAD1Yj7l\" data-secret=\"hBkAD1Yj7l\" width=\"600\" height=\"338\" frameborder=\"0\" marginwidth=\"0\" marginheight=\"0\" scrolling=\"no\"><\/iframe><\/p>\n<p>&nbsp;<\/p>\n","protected":false},"excerpt":{"rendered":"<p>&nbsp; HISTORICO PROJETOS ENDERE\u00c7O ATUA\u00c7\u00c3O NO CERH E COMITES DE BACIAS DOCUMENTOS NOTICIAS FONAS-Ma APOIA A 7\u00ba Feria do Livro&#8230;<\/p>\n","protected":false},"author":3,"featured_media":0,"parent":1399,"menu_order":0,"comment_status":"open","ping_status":"open","template":"","meta":{"footnotes":""},"_links":{"self":[{"href":"https:\/\/fonasc-cbh.org.br\/index.php?rest_route=\/wp\/v2\/pages\/5158"}],"collection":[{"href":"https:\/\/fonasc-cbh.org.br\/index.php?rest_route=\/wp\/v2\/pages"}],"about":[{"href":"https:\/\/fonasc-cbh.org.br\/index.php?rest_route=\/wp\/v2\/types\/page"}],"author":[{"embeddable":true,"href":"https:\/\/fonasc-cbh.org.br\/index.php?rest_route=\/wp\/v2\/users\/3"}],"replies":[{"embeddable":true,"href":"https:\/\/fonasc-cbh.org.br\/index.php?rest_route=%2Fwp%2Fv2%2Fcomments&post=5158"}],"version-history":[{"count":24,"href":"https:\/\/fonasc-cbh.org.br\/index.php?rest_route=\/wp\/v2\/pages\/5158\/revisions"}],"predecessor-version":[{"id":13185,"href":"https:\/\/fonasc-cbh.org.br\/index.php?rest_route=\/wp\/v2\/pages\/5158\/revisions\/13185"}],"up":[{"embeddable":true,"href":"https:\/\/fonasc-cbh.org.br\/index.php?rest_route=\/wp\/v2\/pages\/1399"}],"wp:attachment":[{"href":"https:\/\/fonasc-cbh.org.br\/index.php?rest_route=%2Fwp%2Fv2%2Fmedia&parent=5158"}],"curies":[{"name":"wp","href":"https:\/\/api.w.org\/{rel}","templated":true}]}}