{"id":5028,"date":"2012-09-29T21:30:41","date_gmt":"2012-09-29T21:30:41","guid":{"rendered":"http:\/\/fonasc-cbh.org.br\/?page_id=5028"},"modified":"2012-09-29T22:13:55","modified_gmt":"2012-09-29T22:13:55","slug":"rio-tocantins-uhe-estreito-documentos","status":"publish","type":"page","link":"https:\/\/fonasc-cbh.org.br\/?page_id=5028","title":{"rendered":"RIO TOCANTINS UHE ESTREITO &#8211; DOCUMENTOS"},"content":{"rendered":"<p>&nbsp;<\/p>\n<p><strong>RELATORIOS E DOCUMENTOS DA ATUA\u00c7\u00c3O DO FONASC EM RELA\u00c7\u00c3O AS DEMANDAS SOBRE ECLUSAS NO RIO TOCANTINS ENCAMINHADAS PELAS ORGANIZA\u00c7\u00d5ES SOCIAIS<\/strong><\/p>\n<p><a title=\"relatorio\" href=\"https:\/\/fonasc-cbh.org.br\/?wpfb_dl=197\" target=\"_blank\">RELATORIO I <\/a><\/p>\n<p><a title=\"relt\" href=\"https:\/\/fonasc-cbh.org.br\/?wpfb_dl=196\" target=\"_blank\">RELATORIO II <\/a><\/p>\n<p><a title=\"relt\" href=\"https:\/\/fonasc-cbh.org.br\/?wpfb_dl=196\" target=\"_blank\">\u00a0RELATORIO III\u00a0<\/a><\/p>\n<p><a title=\"EUR\" href=\"https:\/\/fonasc-cbh.org.br\/?wpfb_dl=193\" target=\"_blank\">RELATORIO IV<\/a><\/p>\n<p>&nbsp;<\/p>\n","protected":false},"excerpt":{"rendered":"<p>&nbsp; RELATORIOS E DOCUMENTOS DA ATUA\u00c7\u00c3O DO FONASC EM RELA\u00c7\u00c3O AS DEMANDAS SOBRE ECLUSAS NO RIO TOCANTINS ENCAMINHADAS PELAS ORGANIZA\u00c7\u00d5ES&#8230;<\/p>\n","protected":false},"author":3,"featured_media":0,"parent":2366,"menu_order":0,"comment_status":"open","ping_status":"open","template":"","meta":{"footnotes":""},"_links":{"self":[{"href":"https:\/\/fonasc-cbh.org.br\/index.php?rest_route=\/wp\/v2\/pages\/5028"}],"collection":[{"href":"https:\/\/fonasc-cbh.org.br\/index.php?rest_route=\/wp\/v2\/pages"}],"about":[{"href":"https:\/\/fonasc-cbh.org.br\/index.php?rest_route=\/wp\/v2\/types\/page"}],"author":[{"embeddable":true,"href":"https:\/\/fonasc-cbh.org.br\/index.php?rest_route=\/wp\/v2\/users\/3"}],"replies":[{"embeddable":true,"href":"https:\/\/fonasc-cbh.org.br\/index.php?rest_route=%2Fwp%2Fv2%2Fcomments&post=5028"}],"version-history":[{"count":10,"href":"https:\/\/fonasc-cbh.org.br\/index.php?rest_route=\/wp\/v2\/pages\/5028\/revisions"}],"predecessor-version":[{"id":5038,"href":"https:\/\/fonasc-cbh.org.br\/index.php?rest_route=\/wp\/v2\/pages\/5028\/revisions\/5038"}],"up":[{"embeddable":true,"href":"https:\/\/fonasc-cbh.org.br\/index.php?rest_route=\/wp\/v2\/pages\/2366"}],"wp:attachment":[{"href":"https:\/\/fonasc-cbh.org.br\/index.php?rest_route=%2Fwp%2Fv2%2Fmedia&parent=5028"}],"curies":[{"name":"wp","href":"https:\/\/api.w.org\/{rel}","templated":true}]}}