{"id":4802,"date":"2012-08-12T02:29:47","date_gmt":"2012-08-12T02:29:47","guid":{"rendered":"http:\/\/fonasc-cbh.org.br\/?page_id=4802"},"modified":"2013-06-07T17:05:26","modified_gmt":"2013-06-07T17:05:26","slug":"editais","status":"publish","type":"page","link":"https:\/\/fonasc-cbh.org.br\/?page_id=4802","title":{"rendered":"EDITAIS PUBLICOS"},"content":{"rendered":"<p>REFERE-SE A EDITAIS DE INTERESSE DAS ENTIDADES PARCEIRAS PARA PARTICIPA\u00c7\u00c3O NA \u00c1REA DE FORMA\u00c7\u00c3O , PROJETOS , PARCERIAS, PROGRAMAS DE CAPACITA\u00c7\u00c3O ETC&#8230;<\/p>\n<p>(p\u00e1gina erm constru\u00e7\u00e3o)<\/p>\n","protected":false},"excerpt":{"rendered":"<p>REFERE-SE A EDITAIS DE INTERESSE DAS ENTIDADES PARCEIRAS PARA PARTICIPA\u00c7\u00c3O NA \u00c1REA DE FORMA\u00c7\u00c3O , PROJETOS , PARCERIAS, PROGRAMAS DE&#8230;<\/p>\n","protected":false},"author":3,"featured_media":0,"parent":386,"menu_order":0,"comment_status":"closed","ping_status":"open","template":"","meta":{"footnotes":""},"_links":{"self":[{"href":"https:\/\/fonasc-cbh.org.br\/index.php?rest_route=\/wp\/v2\/pages\/4802"}],"collection":[{"href":"https:\/\/fonasc-cbh.org.br\/index.php?rest_route=\/wp\/v2\/pages"}],"about":[{"href":"https:\/\/fonasc-cbh.org.br\/index.php?rest_route=\/wp\/v2\/types\/page"}],"author":[{"embeddable":true,"href":"https:\/\/fonasc-cbh.org.br\/index.php?rest_route=\/wp\/v2\/users\/3"}],"replies":[{"embeddable":true,"href":"https:\/\/fonasc-cbh.org.br\/index.php?rest_route=%2Fwp%2Fv2%2Fcomments&post=4802"}],"version-history":[{"count":4,"href":"https:\/\/fonasc-cbh.org.br\/index.php?rest_route=\/wp\/v2\/pages\/4802\/revisions"}],"predecessor-version":[{"id":4805,"href":"https:\/\/fonasc-cbh.org.br\/index.php?rest_route=\/wp\/v2\/pages\/4802\/revisions\/4805"}],"up":[{"embeddable":true,"href":"https:\/\/fonasc-cbh.org.br\/index.php?rest_route=\/wp\/v2\/pages\/386"}],"wp:attachment":[{"href":"https:\/\/fonasc-cbh.org.br\/index.php?rest_route=%2Fwp%2Fv2%2Fmedia&parent=4802"}],"curies":[{"name":"wp","href":"https:\/\/api.w.org\/{rel}","templated":true}]}}