{"id":4742,"date":"2012-07-30T18:38:22","date_gmt":"2012-07-30T18:38:22","guid":{"rendered":"http:\/\/fonasc-cbh.org.br\/?page_id=4742"},"modified":"2012-11-04T01:25:56","modified_gmt":"2012-11-04T01:25:56","slug":"relatorios-de-atividades","status":"publish","type":"page","link":"https:\/\/fonasc-cbh.org.br\/?page_id=4742","title":{"rendered":"RELATORIOS DE ATIVIDADES"},"content":{"rendered":"<p style=\"text-align: justify;\">O FONASC\u00a0 em cumprimento\u00a0 A Lei 9.790\/99, que regulamenta a atua\u00e7\u00e3o das Organiza\u00e7\u00f5es da Sociedade Civil de Interesse P\u00fablico, nas quais se incluem as ONGs, no artigo 4.\u00ba, \u00a7 VII, al\u00ednea b, que estabelece que &#8220;se d\u00ea publicidade por qualquer meio eficaz, no encerramento do exerc\u00edcio fiscal, ao relat\u00f3rio de atividades e das demonstra\u00e7\u00f5es financeiras da entidade, apresenta porisso os relat\u00f3rios abaixo:<\/p>\n<p style=\"text-align: justify;\">VIDE P\u00c1GINA <a href=\"https:\/\/fonasc-cbh.org.br\/?page_id=289\">https:\/\/fonasc-cbh.org.br\/?page_id=289<\/a>\u00a0ACESSE\u00a0O \u00edTEM \/DOCUMENTOS\/ RELATORIOS<\/p>\n","protected":false},"excerpt":{"rendered":"<p>O FONASC\u00a0 em cumprimento\u00a0 A Lei 9.790\/99, que regulamenta a atua\u00e7\u00e3o das Organiza\u00e7\u00f5es da Sociedade Civil de Interesse P\u00fablico, nas&#8230;<\/p>\n","protected":false},"author":3,"featured_media":0,"parent":2,"menu_order":0,"comment_status":"closed","ping_status":"open","template":"","meta":{"footnotes":""},"_links":{"self":[{"href":"https:\/\/fonasc-cbh.org.br\/index.php?rest_route=\/wp\/v2\/pages\/4742"}],"collection":[{"href":"https:\/\/fonasc-cbh.org.br\/index.php?rest_route=\/wp\/v2\/pages"}],"about":[{"href":"https:\/\/fonasc-cbh.org.br\/index.php?rest_route=\/wp\/v2\/types\/page"}],"author":[{"embeddable":true,"href":"https:\/\/fonasc-cbh.org.br\/index.php?rest_route=\/wp\/v2\/users\/3"}],"replies":[{"embeddable":true,"href":"https:\/\/fonasc-cbh.org.br\/index.php?rest_route=%2Fwp%2Fv2%2Fcomments&post=4742"}],"version-history":[{"count":5,"href":"https:\/\/fonasc-cbh.org.br\/index.php?rest_route=\/wp\/v2\/pages\/4742\/revisions"}],"predecessor-version":[{"id":5588,"href":"https:\/\/fonasc-cbh.org.br\/index.php?rest_route=\/wp\/v2\/pages\/4742\/revisions\/5588"}],"up":[{"embeddable":true,"href":"https:\/\/fonasc-cbh.org.br\/index.php?rest_route=\/wp\/v2\/pages\/2"}],"wp:attachment":[{"href":"https:\/\/fonasc-cbh.org.br\/index.php?rest_route=%2Fwp%2Fv2%2Fmedia&parent=4742"}],"curies":[{"name":"wp","href":"https:\/\/api.w.org\/{rel}","templated":true}]}}