{"id":4740,"date":"2012-07-30T18:37:57","date_gmt":"2012-07-30T18:37:57","guid":{"rendered":"http:\/\/fonasc-cbh.org.br\/?page_id=4740"},"modified":"2012-11-04T01:28:20","modified_gmt":"2012-11-04T01:28:20","slug":"relatorios-financeiros","status":"publish","type":"page","link":"https:\/\/fonasc-cbh.org.br\/?page_id=4740","title":{"rendered":"RELAT\u00d3RIOS FINANCEIROS"},"content":{"rendered":"<p style=\"text-align: justify;\">\u00a0O FONASC\u00a0 em cumprimento\u00a0 A Lei 9.790\/99, que regulamenta a atua\u00e7\u00e3o das Organiza\u00e7\u00f5es da Sociedade Civil de Interesse P\u00fablico, nas quais se incluem as ONGs, no artigo 4.\u00ba, \u00a7 VII, al\u00ednea b, que estabelece que &#8220;se d\u00ea publicidade por qualquer meio eficaz, no encerramento do exerc\u00edcio fiscal, ao relat\u00f3rio de atividades e das demonstra\u00e7\u00f5es financeiras da entidade, apresenta porisso\u00a0os relat\u00f3rios abaixo:<\/p>\n<p><a href=\"https:\/\/fonasc-cbh.org.br\/?s=CONTAS\" target=\"_blank\">ano 2004<\/a><\/p>\n<p><a title=\"contas \" href=\"https:\/\/fonasc-cbh.org.br\/?s=CONTAS\" target=\"_blank\">ano 2005<\/a><\/p>\n<p><a title=\"2006\" href=\"https:\/\/fonasc-cbh.org.br\/?wpfb_dl=23\" target=\"_blank\">ano 2006<\/a><\/p>\n<p><a href=\"https:\/\/fonasc-cbh.org.br\/?wpfb_dl=21\" target=\"_blank\">ano 2007<\/a><\/p>\n<p><a title=\"ret\" href=\"https:\/\/fonasc-cbh.org.br\/?wpfb_dl=22\" target=\"_blank\">ano 2008<\/a><\/p>\n<p><a href=\"https:\/\/fonasc-cbh.org.br\/?wpfb_dl=24\" target=\"_blank\">ano 2009<\/a><\/p>\n<p><a title=\"2010\" href=\"https:\/\/fonasc-cbh.org.br\/?wpfb_dl=167\" target=\"_blank\">ano 2010<\/a><\/p>\n<p><a title=\"2-011\" href=\"https:\/\/fonasc-cbh.org.br\/?wpfb_dl=168\" target=\"_blank\">ano 2011<\/a><\/p>\n<p>MAIS INFORMA\u00c7\u00d5ES VIDE: \u00a0<a href=\"https:\/\/fonasc-cbh.org.br\/?page_id=289\">https:\/\/fonasc-cbh.org.br\/?page_id=289<\/a><\/p>\n","protected":false},"excerpt":{"rendered":"<p>\u00a0O FONASC\u00a0 em cumprimento\u00a0 A Lei 9.790\/99, que regulamenta a atua\u00e7\u00e3o das Organiza\u00e7\u00f5es da Sociedade Civil de Interesse P\u00fablico, nas&#8230;<\/p>\n","protected":false},"author":3,"featured_media":0,"parent":2,"menu_order":0,"comment_status":"closed","ping_status":"open","template":"","meta":{"footnotes":""},"_links":{"self":[{"href":"https:\/\/fonasc-cbh.org.br\/index.php?rest_route=\/wp\/v2\/pages\/4740"}],"collection":[{"href":"https:\/\/fonasc-cbh.org.br\/index.php?rest_route=\/wp\/v2\/pages"}],"about":[{"href":"https:\/\/fonasc-cbh.org.br\/index.php?rest_route=\/wp\/v2\/types\/page"}],"author":[{"embeddable":true,"href":"https:\/\/fonasc-cbh.org.br\/index.php?rest_route=\/wp\/v2\/users\/3"}],"replies":[{"embeddable":true,"href":"https:\/\/fonasc-cbh.org.br\/index.php?rest_route=%2Fwp%2Fv2%2Fcomments&post=4740"}],"version-history":[{"count":14,"href":"https:\/\/fonasc-cbh.org.br\/index.php?rest_route=\/wp\/v2\/pages\/4740\/revisions"}],"predecessor-version":[{"id":4744,"href":"https:\/\/fonasc-cbh.org.br\/index.php?rest_route=\/wp\/v2\/pages\/4740\/revisions\/4744"}],"up":[{"embeddable":true,"href":"https:\/\/fonasc-cbh.org.br\/index.php?rest_route=\/wp\/v2\/pages\/2"}],"wp:attachment":[{"href":"https:\/\/fonasc-cbh.org.br\/index.php?rest_route=%2Fwp%2Fv2%2Fmedia&parent=4740"}],"curies":[{"name":"wp","href":"https:\/\/api.w.org\/{rel}","templated":true}]}}