{"id":4581,"date":"2012-08-12T02:16:04","date_gmt":"2012-08-12T02:16:04","guid":{"rendered":"http:\/\/fonasc-cbh.org.br\/?page_id=4581"},"modified":"2022-12-02T22:53:42","modified_gmt":"2022-12-02T22:53:42","slug":"quem-financia-o-fonasc","status":"publish","type":"page","link":"https:\/\/fonasc-cbh.org.br\/?page_id=4581","title":{"rendered":"QUEM FINANCIA O FONASC ?"},"content":{"rendered":"\n<p>As atividades de represetna\u00e7\u00e3o pol\u00edtica do Fonasc nos CBhs e Conselhos onde os FONASC TEM ASSENTO s\u00e3o custeadas pelos pr\u00f3prios membros conselheiros, CIDAD\u00c3OS ASSOCIADOS ou suas entidades.<\/p>\n\n\n\n<p>As ativiades desenvolvidas pelos membros do FONASC seja local, regional ou nacional, s\u00e3o ATIVIDADES VOLUNT\u00c1RIAS e qunado custeadas, s\u00e3o pelos cidad\u00e3os locais ou suas organiza\u00e7\u00f5es &#8211; Algumas atividades TAIS COMO VIAGENS PARA PARTICIPA\u00c7\u00c3O DE REPRESENTANTES do FONASC nas C\u00e2maras T\u00e9cnicas do CNRH ou nas plen\u00e1rias de alguM Comite DE BACIA s\u00e3o custeadas pelos \u00f3rg\u00e3os p\u00fablicos por for\u00e7a da legisla\u00e7\u00e3o quando assim \u00e9 poss\u00edvel.<\/p>\n\n\n\n<p>REPRESENTANTES DO FONASC NOS CBHS E CONSELHOS doam valores para custear despesas de comuncia\u00e7\u00e3o e apoio administrativo do escrit\u00f3rio de Brasilia e de S\u00e3o Luiz. O escrit\u00f3rio de S\u00e3o o Luiz ocupa as dependencias de um im\u00f3vel alugado para as atividades de empresa de engenharia de um dos coordenadores e o escrit\u00f3rio de Brasilia depende de doa\u00e7\u00f5es dos filiados, simpatizantes e coordenadores que eventualmente assumem algumas despesas ou contribuem atrav\u00e9s de doa\u00e7\u00e3o conforme orientada no nosso <a title=\"doa\u00e7\u00e3o \" rel=\"noopener\" href=\"https:\/\/fonasc-cbh.org.br\/?page_id=157\" target=\"_blank\">site <\/a> <\/p>\n\n\n\n<p>OU ACESSE O PIX<\/p>\n\n\n\n<figure class=\"wp-block-image size-full is-resized\"><img loading=\"lazy\" decoding=\"async\" src=\"https:\/\/fonasc-cbh.org.br\/wp-content\/uploads\/Qrcode-1.png\" alt=\"\" class=\"wp-image-25884\" width=\"594\" height=\"594\" srcset=\"https:\/\/fonasc-cbh.org.br\/wp-content\/uploads\/Qrcode-1.png 971w, https:\/\/fonasc-cbh.org.br\/wp-content\/uploads\/Qrcode-1-300x300.png 300w, https:\/\/fonasc-cbh.org.br\/wp-content\/uploads\/Qrcode-1-150x150.png 150w, https:\/\/fonasc-cbh.org.br\/wp-content\/uploads\/Qrcode-1-768x768.png 768w\" sizes=\"(max-width: 594px) 100vw, 594px\" \/><\/figure>\n\n\n\n<p><\/p>\n\n\n\n<p>+OS EVENTOS CAPACITATIVOS CELEBRATIVOS OU DE MOBILIZA\u00c7\u00c3O DO FONASC QUANDO S\u00c3O PATROCINADOS FINANCEIRAMENTE POR INSTITUI\u00c7\u00d5ES DO SETOR PRIVADO OU P\u00daBLICO, S\u00c3O DIVULGADOS E PUBLICIZADOS.OS VALORES QUANDO RECEBIDOS PELO FONASC S\u00c3O CONTABILIZADOS E DIVULGADOS NO SEU BALAN\u00c7O FINANCIERO.<\/p>\n\n\n\n<p>+O FONASC EVENTUALMENTE PRESTA ASSIST\u00c9CNICA T\u00c9CNICA QUANDO SOLICITADO ATRAV\u00c9S DE T\u00c9CNICOS PARCEIROS E COLABORADORES E OS VALORES CONTABILIZADOS E OS ENCARGOS PAGOS NOS TERMOS DA LEGISLA\u00c7\u00c3O.<\/p>\n\n\n\n<p>+O FONASC N\u00c3O ADOTA RESTRI\u00c7\u00d5ES DE RECEBER DOA\u00c7\u00d5ES E APOIOS FINANCEIROS DESDE QUE SEJAM VALORES DE ORIGEM LEGAL E N\u00c3O CONTRARIEM AS NORMAS DE SEUS ESTATUTOS.<\/p>\n\n\n\n<p>+O FONASC N\u00c3O RECEBE APOIO DE ORGANIZA\u00c7\u00d5ES PRIVADAS QUE ESTEJAM ENVOLVIDAS COM DEMANDAS JUDICIAIS COM O PR\u00d3PRIO FONASC OU COM ENTIDADES PARCEIRAS OU NO CASO EM QUE ESSAS ESTEJAM SENDO QUESTIONADAS JUDICIALMENTE POR CRIMES AMBIENTAIS.<\/p>\n\n\n\n<p>+O FONASC \u00c9 A \u00daNICA ENTIDADE QUE CONSTR\u00d3E MUTUALMENTE SUA SUSTENTA\u00c7\u00c3O POL\u00cdTICA E T\u00c9CNICA EM CONJUNTO COM UMA REDE DE CIDAD\u00c3OS E ENTIDADES OU MOVIMENTO SOCIAL de uma pol\u00edtica p\u00daBLICA, QUE PUBL\u00cdCA SEU <a title=\"BALAN\u00c7OS \" href=\"https:\/\/fonasc-cbh.org.br\/?page_id=4740\" target=\"_blank\" rel=\"noopener\">BALAN\u00c7O FiNANCEIRO NA SUA P\u00c1GINA NA INTERNET<\/a><\/p>\n\n\n\n<p>+SE VOCE QUIZER MAIS INFORMA\u00c7\u00d5ES OU CONTRIBUIR COM O FONASC<\/p>\n\n\n\n<p>ACESSE <a title=\"DOA\u00c7\u00c3O \" href=\"https:\/\/fonasc-cbh.org.br\/?page_id=157\" target=\"_blank\" rel=\"noopener\">NOSSA P\u00c1GINA <\/a><\/p>\n\n\n\n<p>Caso queira ter mais informa\u00e7\u00f5es , mande-nos um E-mail: contato@fonasc-cbh.org.br ou use o formul\u00e1rio abaixo.<br>[contact-form-7 id=&#8221;4&#8243; title=&#8221;Contact form 1&#8243;]<\/p>\n","protected":false},"excerpt":{"rendered":"<p>As atividades de represetna\u00e7\u00e3o pol\u00edtica do Fonasc nos CBhs e Conselhos onde os FONASC TEM ASSENTO s\u00e3o custeadas pelos pr\u00f3prios&#8230;<\/p>\n","protected":false},"author":3,"featured_media":0,"parent":4561,"menu_order":0,"comment_status":"closed","ping_status":"open","template":"","meta":{"footnotes":""},"_links":{"self":[{"href":"https:\/\/fonasc-cbh.org.br\/index.php?rest_route=\/wp\/v2\/pages\/4581"}],"collection":[{"href":"https:\/\/fonasc-cbh.org.br\/index.php?rest_route=\/wp\/v2\/pages"}],"about":[{"href":"https:\/\/fonasc-cbh.org.br\/index.php?rest_route=\/wp\/v2\/types\/page"}],"author":[{"embeddable":true,"href":"https:\/\/fonasc-cbh.org.br\/index.php?rest_route=\/wp\/v2\/users\/3"}],"replies":[{"embeddable":true,"href":"https:\/\/fonasc-cbh.org.br\/index.php?rest_route=%2Fwp%2Fv2%2Fcomments&post=4581"}],"version-history":[{"count":8,"href":"https:\/\/fonasc-cbh.org.br\/index.php?rest_route=\/wp\/v2\/pages\/4581\/revisions"}],"predecessor-version":[{"id":25886,"href":"https:\/\/fonasc-cbh.org.br\/index.php?rest_route=\/wp\/v2\/pages\/4581\/revisions\/25886"}],"up":[{"embeddable":true,"href":"https:\/\/fonasc-cbh.org.br\/index.php?rest_route=\/wp\/v2\/pages\/4561"}],"wp:attachment":[{"href":"https:\/\/fonasc-cbh.org.br\/index.php?rest_route=%2Fwp%2Fv2%2Fmedia&parent=4581"}],"curies":[{"name":"wp","href":"https:\/\/api.w.org\/{rel}","templated":true}]}}