{"id":4538,"date":"2012-07-19T17:25:08","date_gmt":"2012-07-19T17:25:08","guid":{"rendered":"http:\/\/fonasc-cbh.org.br\/?page_id=4538"},"modified":"2021-05-30T03:16:39","modified_gmt":"2021-05-30T03:16:39","slug":"fonasc-divulga-livro-%e2%80%9cnascentes-producao-captacao-e-cuidados-com-a-agua-para-consumo-domestico%e2%80%9d","status":"publish","type":"page","link":"https:\/\/fonasc-cbh.org.br\/?page_id=4538","title":{"rendered":"FONASC DIVULGA LIVRO  \u201cNascentes: Produ\u00e7\u00e3o, Capta\u00e7\u00e3o e Cuidados com a \u00c1gua para Consumo Dom\u00e9stico\u201d"},"content":{"rendered":"<p>FONASC DIVULGA LIVRO \u201cNascentes: Produ\u00e7\u00e3o, Capta\u00e7\u00e3o e Cuidados com a \u00c1gua para Consumo Dom\u00e9stico\u201dO livro trata sobre os diferentes aspectos hidrol\u00f3gicos e agr\u00edcolas que promovem a \u201cprodu\u00e7\u00e3o de \u00e1gua\u201d numa bacia hidrogr\u00e1fica e\/ou na propriedade rural, dando destaque aos m\u00e9todos de conserva\u00e7\u00e3o da \u00e1gua aplic\u00e1veis na meia encosta em \u00e1reas de cultivo agr\u00edcola.O termo produ\u00e7\u00e3o de \u00e1gua \u00e9 contextualizado em sua ess\u00eancia s\u00f3 que sob uma nova \u00f3tica s\u00f3cio-econ\u00f4mica e ambiental. Os autores a definem e a explicam, como \u201cA capacidade de uma unidade de \u00e1rea em captar a maior quantidade de \u00e1gua de precipita\u00e7\u00e3o poss\u00edvel e liber\u00e1-la (atrav\u00e9s das nascentes ou do fluxo de base), na sua maior parte, resultando uma vaz\u00e3o, em todo o corpo d\u2019\u00e1gua receptor, mais uniforme e num maior per\u00edodo de tempo poss\u00edvel\u201d.<a title=\"liivro \" href=\"https:\/\/fonasc-cbh.org.br\/?page_id=4535 \" target=\"_blank\">Veja mais<\/a> em https:\/\/fonasc-cbh.org.br\/?page_id=4535<\/p>\n","protected":false},"excerpt":{"rendered":"<p>FONASC DIVULGA LIVRO \u201cNascentes: Produ\u00e7\u00e3o, Capta\u00e7\u00e3o e Cuidados com a \u00c1gua para Consumo Dom\u00e9stico\u201dO livro trata sobre os diferentes aspectos&#8230;<\/p>\n","protected":false},"author":3,"featured_media":0,"parent":6857,"menu_order":0,"comment_status":"closed","ping_status":"open","template":"","meta":{"footnotes":""},"_links":{"self":[{"href":"https:\/\/fonasc-cbh.org.br\/index.php?rest_route=\/wp\/v2\/pages\/4538"}],"collection":[{"href":"https:\/\/fonasc-cbh.org.br\/index.php?rest_route=\/wp\/v2\/pages"}],"about":[{"href":"https:\/\/fonasc-cbh.org.br\/index.php?rest_route=\/wp\/v2\/types\/page"}],"author":[{"embeddable":true,"href":"https:\/\/fonasc-cbh.org.br\/index.php?rest_route=\/wp\/v2\/users\/3"}],"replies":[{"embeddable":true,"href":"https:\/\/fonasc-cbh.org.br\/index.php?rest_route=%2Fwp%2Fv2%2Fcomments&post=4538"}],"version-history":[{"count":3,"href":"https:\/\/fonasc-cbh.org.br\/index.php?rest_route=\/wp\/v2\/pages\/4538\/revisions"}],"predecessor-version":[{"id":24157,"href":"https:\/\/fonasc-cbh.org.br\/index.php?rest_route=\/wp\/v2\/pages\/4538\/revisions\/24157"}],"up":[{"embeddable":true,"href":"https:\/\/fonasc-cbh.org.br\/index.php?rest_route=\/wp\/v2\/pages\/6857"}],"wp:attachment":[{"href":"https:\/\/fonasc-cbh.org.br\/index.php?rest_route=%2Fwp%2Fv2%2Fmedia&parent=4538"}],"curies":[{"name":"wp","href":"https:\/\/api.w.org\/{rel}","templated":true}]}}