{"id":4535,"date":"2022-12-03T12:56:58","date_gmt":"2022-12-03T12:56:58","guid":{"rendered":"http:\/\/fonasc-cbh.org.br\/?page_id=4535"},"modified":"2022-12-03T12:57:59","modified_gmt":"2022-12-03T12:57:59","slug":"fonasc-divulga-livro-nascentes-producao-captacao-e-cuidados-com-a-agua-para-consumo-domestico","status":"publish","type":"page","link":"https:\/\/fonasc-cbh.org.br\/?page_id=4535","title":{"rendered":"FONASC DIVULGA LIVRO: \u201cNascentes: Produ\u00e7\u00e3o, Capta\u00e7\u00e3o e Cuidados com a \u00c1gua para Consumo Dom\u00e9stico\u201d"},"content":{"rendered":"<p>Livro: \u201cNascentes: Produ\u00e7\u00e3o, Capta\u00e7\u00e3o e Cuidados com a \u00c1gua para Consumo Dom\u00e9stico\u201d<\/p>\n<p>O livro trata sobre os diferentes aspectos hidrol\u00f3gicos e agr\u00edcolas que promovem a \u201cprodu\u00e7\u00e3o de \u00e1gua\u201d numa bacia hidrogr\u00e1fica e\/ou na propriedade rural, dando destaque aos m\u00e9todos de conserva\u00e7\u00e3o da \u00e1gua aplic\u00e1veis na meia encosta em \u00e1reas de cultivo agr\u00edcola.<\/p>\n<p>O termo produ\u00e7\u00e3o de \u00e1gua \u00e9 contextualizado em sua ess\u00eancia s\u00f3 que sob uma nova \u00f3tica s\u00f3cio-econ\u00f4mica e ambiental. Os autores a definem e a explicam, como \u201cA capacidade de uma unidade de \u00e1rea em captar a maior quantidade de \u00e1gua de precipita\u00e7\u00e3o poss\u00edvel e liber\u00e1-la (atrav\u00e9s das nascentes ou do fluxo de base), na sua maior parte, resultando uma vaz\u00e3o, em todo o corpo d\u2019\u00e1gua receptor, mais uniforme e num maior per\u00edodo de tempo poss\u00edvel\u201d.<\/p>\n<p>A base para tudo \u00e9 o ciclo hidrol\u00f3gico, por\u00e9m visto sob aspecto agron\u00f4mico, que \u00e9 a origem da produ\u00e7\u00e3o de \u00e1gua.<\/p>\n<p>A vida do len\u00e7ol depende da infiltra\u00e7\u00e3o da \u00e1gua de chuva<br \/>\nExplica que dado ao uso e manejo inadequado das \u00e1reas rurais, uma grande parte do volume de chuva que \u00e9 recebida pelo solo, n\u00e3o infiltra no solo e abandona a bacia rapidamente causando, muitas vezes, cat\u00e1strofes sociais.<\/p>\n<p>Na sua primeira parte, o livro \u00e9 trata das pr\u00e1ticas agr\u00edcolas de conserva\u00e7\u00e3o da \u00e1gua e solo que favorecem a recarga da \u00e1gua subterr\u00e2nea, al\u00e9m de garantir melhoras na agricultura.<\/p>\n<p>A segunda parte discute-se sobre os cuidados na capta\u00e7\u00e3o para preservar a qualidade da \u00e1gua para consumo humano. Em especial, trata da t\u00e9cnica de constru\u00e7\u00e3o da caixa de prote\u00e7\u00e3o das nascentes denominadas solo-cimento. Esta estrutura \u00e9 capaz de garantir melhor qualidade de \u00e1gua para consumo humano e dessedenta\u00e7\u00e3o de animais, diminuindo, consideravelmente, a incid\u00eancia de doen\u00e7as por veicula\u00e7\u00e3o h\u00eddrica, que s\u00e3o as respons\u00e1veis por cerca de 80% de ocorr\u00eancias em assist\u00eancias de sa\u00fade p\u00fablicas nos pa\u00edses de desenvolvimento, incluindo o Brasil.<\/p>\n<p>A t\u00e9cnica tem trazido in\u00fameros benef\u00edcios \u00e0 sociedade, reduzindo, drasticamente as ocorr\u00eancias fazendo, inclusive despencar o \u00edndice de mortalidade infantil em regi\u00f5es onde \u00e9 implantada. Assim, mesmo muito simples, barata e f\u00e1cil de ser implantada, a t\u00e9cnica \u00e9 um fort\u00edssimo instrumento de melhoria das condi\u00e7\u00f5es do homem do campo atuando na sua auto-estima e seu envolvimento maior com o meio ambiente.<\/p>\n<p>Em adi\u00e7\u00e3o, tamb\u00e9m o sistema todo hidrol\u00f3gico (e, por conseq\u00fc\u00eancia, o meio ambiente) \u00e9 favorecido dado ao dessassoreamento que \u00e9 realizado da nascente, revitaliza\u00e7\u00e3o do ecossistema aqu\u00e1tico pela, n\u00e3o s\u00f3, manuten\u00e7\u00e3o do curso d\u2019\u00e1gua natural como pelo aumento na vaz\u00e3o da \u00e1gua promovido. Todo o meio ambiente \u00e9 favorecido, incluindo-se o homem.<\/p>\n<p>Em seguida, s\u00e3o apresentadas as principais t\u00e9cnicas e m\u00e9todos de tratamento de \u00e1gua aplic\u00e1veis no meio rural para serem utilizadas quando a \u00e1gua (j\u00e1 protegida da contamina\u00e7\u00e3o externa na sua surg\u00eancia) chega \u00e0 caixa da resid\u00eancia do agricultor, completando-se, assim, os cuidados com a \u201c\u00e1gua de beber\u201d.<\/p>\n<p>Por fim, o livro tr\u00e1s os cuidados no uso de defensivos agr\u00edcolas para a adequada preserva\u00e7\u00e3o da qualidade da \u00e1gua subterr\u00e2nea e superficial mantendo-se os benef\u00edcios desses \u00e0 explora\u00e7\u00e3o agr\u00edcola.<\/p>\n<p>De linguagem f\u00e1cil e, ao mesmo tempo, com muito conte\u00fado, muito ilustrado e com \u00f3tima apresenta\u00e7\u00e3o, o livro visa nas suas 88 paginas, atingir tanto profissionais de n\u00edvel superior e m\u00e9dio ligados aos recursos h\u00eddricos, como ecologistas e, principalmente, agricultores \u2013 estes sim, os verdadeiros produtores de \u00e1gua.<\/p>\n<p>Saiba como adquirir o seu exemplar no site:<a href=\"http:\/\/www.fundag.br\/publicacao.php?id=47\" target=\"_blank\" rel=\"noopener\">http:\/\/www.fundag.br\/publicacao.php?id=47<\/a><br \/>\nOu pelo telefone: (19)3233-8035<br \/>\nOu ainda envie um e-mail para rafael@fundag.br ou fundag@fundag.br<\/p>\n<p>&#8212;&#8212;&#8212;&#8212;&#8212;&#8212;&#8212;&#8212;&#8212;&#8212;&#8212;&#8212;&#8212;&#8212;&#8212;&#8212;&#8212;&#8212;&#8212;&#8212;&#8212;&#8212;&#8212;&#8212;&#8212;&#8212;&#8211;<\/p>\n","protected":false},"excerpt":{"rendered":"<p>Livro: \u201cNascentes: Produ\u00e7\u00e3o, Capta\u00e7\u00e3o e Cuidados com a \u00c1gua para Consumo Dom\u00e9stico\u201d O livro trata sobre os diferentes aspectos hidrol\u00f3gicos&#8230;<\/p>\n","protected":false},"author":3,"featured_media":0,"parent":0,"menu_order":0,"comment_status":"closed","ping_status":"open","template":"","meta":{"footnotes":""},"_links":{"self":[{"href":"https:\/\/fonasc-cbh.org.br\/index.php?rest_route=\/wp\/v2\/pages\/4535"}],"collection":[{"href":"https:\/\/fonasc-cbh.org.br\/index.php?rest_route=\/wp\/v2\/pages"}],"about":[{"href":"https:\/\/fonasc-cbh.org.br\/index.php?rest_route=\/wp\/v2\/types\/page"}],"author":[{"embeddable":true,"href":"https:\/\/fonasc-cbh.org.br\/index.php?rest_route=\/wp\/v2\/users\/3"}],"replies":[{"embeddable":true,"href":"https:\/\/fonasc-cbh.org.br\/index.php?rest_route=%2Fwp%2Fv2%2Fcomments&post=4535"}],"version-history":[{"count":4,"href":"https:\/\/fonasc-cbh.org.br\/index.php?rest_route=\/wp\/v2\/pages\/4535\/revisions"}],"predecessor-version":[{"id":25892,"href":"https:\/\/fonasc-cbh.org.br\/index.php?rest_route=\/wp\/v2\/pages\/4535\/revisions\/25892"}],"wp:attachment":[{"href":"https:\/\/fonasc-cbh.org.br\/index.php?rest_route=%2Fwp%2Fv2%2Fmedia&parent=4535"}],"curies":[{"name":"wp","href":"https:\/\/api.w.org\/{rel}","templated":true}]}}