{"id":4488,"date":"2012-07-14T21:22:16","date_gmt":"2012-07-14T21:22:16","guid":{"rendered":"http:\/\/fonasc-cbh.org.br\/?page_id=4488"},"modified":"2020-04-08T20:40:24","modified_gmt":"2020-04-08T20:40:24","slug":"mg-fonasc-no-cerh-conselho-estadual-de-rescrusos-hidricos-mg","status":"publish","type":"page","link":"https:\/\/fonasc-cbh.org.br\/?page_id=4488","title":{"rendered":"MINAS GERAIS"},"content":{"rendered":"<p><a href=\"https:\/\/fonasc-cbh.org.br\/wp-content\/uploads\/minasgerais2.gif\"><img loading=\"lazy\" decoding=\"async\" class=\"aligncenter size-full wp-image-6983\" title=\"minasgerais\" src=\"https:\/\/fonasc-cbh.org.br\/wp-content\/uploads\/minasgerais2.gif\" alt=\"\" width=\"564\" height=\"405\" \/><\/a><\/p>\n<p>&nbsp;<\/p>\n<p><a title=\"AAS\" href=\"https:\/\/fonasc-cbh.org.br\/?s=MINAS\" target=\"_blank\"><br \/>\n<\/a><\/p>\n<p><a title=\"AAS\" href=\"https:\/\/fonasc-cbh.org.br\/?s=MINAS\" target=\"_blank\">SISTEMATIZACAOS DE A\u00c7OES E INICIATIVAS DESENVOLVIDAS\u00a0<\/a><\/p>\n<p><a title=\"cliping 2019\" href=\"https:\/\/fonasc-cbh.org.br\/?wpfb_dl=605\" target=\"_blank\">RELATO DAS A\u00c7\u00d5ES DESENVOLVIDAS 2019<\/a><\/p>\n<p>&nbsp;<\/p>\n<p><a title=\"KKKK\" href=\"https:\/\/fonasc-cbh.org.br\/?wpfb_dl=199\" target=\"_blank\">HISTORICO<\/a><\/p>\n<p>ENDERE\u00c7OS<\/p>\n<p>PROJETOS<\/p>\n<p>FILIADOS E PARCEIROS<\/p>\n<p>DOCUMENTOS<\/p>\n<p><a title=\"CERH MG \" href=\"https:\/\/fonasc-cbh.org.br\/?page_id=3962\" target=\"_blank\">FONASC NO CERH MG<\/a><\/p>\n<p>NOS CBHs<\/p>\n<p><a title=\"pn1\" href=\"https:\/\/fonasc-cbh.org.br\/?page_id=5183\" target=\"_blank\">rio santo antonio pn1 -triangulo mineiro<\/a><\/p>\n<p><a title=\"asd\" href=\"https:\/\/fonasc-cbh.org.br\/?page_id=1451\">rio das velhas<\/a><\/p>\n<p><a title=\"sant antonio \" href=\"https:\/\/fonasc-cbh.org.br\/?page_id=4485\" target=\"_blank\">rio santo antonio bacia do rio doce<\/a><\/p>\n<p><a title=\"rio araguari \" href=\"https:\/\/fonasc-cbh.org.br\/?page_id=4476\" target=\"_blank\">rio araguari<\/a><\/p>\n<p><a title=\"ASD\" href=\"https:\/\/fonasc-cbh.org.br\/?page_id=4488\">rio nascentes s francisco<\/a><\/p>\n<p><a title=\"asd\" href=\"https:\/\/fonasc-cbh.org.br\/?s=paraopeba\" target=\"_blank\">rio paraopeba \u00a0<\/a><\/p>\n<p><strong>17maio &#8211;\u00a0 <a href=\"https:\/\/fonasc-cbh.org.br\/?p=8228\">MG RIO PARAOPEBA \u2013 FONASC \u00c9 ELEITO PARA REPRESENTA\u00c7\u00c3O DO SEGMENPTO DA SOC CIVIL NO CBH E SOFRE DESTEMPERO TENDENCIOSO DE AGENTE PUBLICO DO IGAM- \u00d3RG\u00c3O GESTOR DO ESTADO<\/a><\/strong><\/p>\n<h2><a href=\"https:\/\/fonasc-cbh.org.br\/?p=8207\">TV FONASC- RIO SANTO ANTONIO-MG-<br \/>\nREPRESENTANTES NO COMITE DE BACIA DIVULGAM reportagem TV Assembleia sobre a\u00a0audi\u00eancia de Concei\u00e7\u00e3o do Mato Dentro-MG<\/a>\u200es\u00e1bado, \u200e11\u200e de \u200emaio\u200e de<br \/>\n\u200e2013, \u200f\u200e03:20:28<\/h2>\n<p>&nbsp;<\/p>\n<h2><a href=\"https:\/\/fonasc-cbh.org.br\/?p=8063\">CBH SANTO ANTONIO \u2013 BACIA DO RIO DOCE MG \u2013 FONASC \u00c9 REELEITO REPRESENTA\u00c7\u00c3O DA SOCIEDADE CIVIL<\/a>\u00a0\u200esexta-feira, \u200e26\u200e de<br \/>\n\u200eabril\u200e de \u200e2013, \u200f\u200e11:53:04<\/h2>\n<p>&nbsp;<\/p>\n<p><a href=\"https:\/\/fonasc-cbh.org.br\/?p=7392\">MG \u2013 A CACHOEIRA DE SANTO ANT\u00d4NIO EST\u00c1\u00a0\u00a0AMEA\u00c7ADA NA REGI\u00c3O DA SERRA DO GANDARELA NA REGI\u00c3O METROPOLITANA DE BELO HORIONTE MG<\/a>\u00a0\u00a0\u200es\u00e1bado, \u200e2\u200e de \u200emar\u00e7o\u200e de\u00a0 \u200e2013, \u200f\u200e11:27:24 | joaoclimaco<a href=\"https:\/\/fonasc-cbh.org.br\/?p=7392\"><img decoding=\"async\" src=\"res:\/\/ieframe.dll\/feedarrowtrans.png\" alt=\"Ir para artigo inteiro\" border=\"0\" \/><\/a><\/p>\n<div>\n<div>\n<div>\n<p><strong> A CACHOEIRA DE SANTO ANT\u00d4NIO EST\u00c1 AMEA\u00c7ADA PELA VALE S\/A NA REGI\u00c3O<br \/>\nDA SERRA DO GANDARELA<\/strong><\/p>\n<p><a href=\"https:\/\/fonasc-cbh.org.br\/wp-content\/uploads\/182207_472494559477574_1653836981_ngandartella.jpg\"><img loading=\"lazy\" decoding=\"async\" title=\"182207_472494559477574_1653836981_ngandartella\" src=\"https:\/\/fonasc-cbh.org.br\/wp-content\/uploads\/182207_472494559477574_1653836981_ngandartella.jpg\" alt=\"\" width=\"601\" height=\"342\" \/><\/a><\/p>\n<p>A CACHOEIRA DE SANTO ANT\u00d4NIO EST\u00c1 AMEA\u00c7ADA PELA VALE S\/A NA REGI\u00c3O DA SERRA DO GANDARELA, MINAS GERAIS. A MINA APOLO PODER\u00c1 DESTRUIR DEZENAS DE NASCENTES, RIOS, CAVERNAS E CANGAS EM EXTIN\u00c7\u00c3O, SE AUTORIZADA. ESTA REGI\u00c3O FORNECE \u00c1GUA PARA 5 MILH\u00d5ES DE PESSOAS NA RMBH, EM MG. \u201cO PRESIDENTE DA EMPRESA, MURILO FERREIRA, ADMITIU DESISTIR DO PROJETO CASO \u201cO POVO MINEIRO SEJA CONTRA\u201d.\u201d (DI\u00c1RIO DO COM\u00c9RCIO) Saiba mais sobre a Cria\u00e7\u00e3o do Parque Nacional da Serra do Gandarela: <a title=\"jjj\" href=\"http:\/\/www.aguasdogandarela.org\/\">http:\/\/www.aguasdogandarela.org<\/a>\/<\/p>\n<\/div>\n<div><a name=\"36\"><\/a><\/div>\n<\/div>\n<\/div>\n<div>\n<div>\n<h2><a href=\"https:\/\/fonasc-cbh.org.br\/?p=7363\">FONASC RIO PARAOPEBA -MG DECRETO\u00a0 MUNICIPAL GARANTE PRESERVA\u00c7\u00c3O DO TRECHO DA SERRINHA DA SERRA DA MOEDA<\/a>\u00a0<a href=\"https:\/\/fonasc-cbh.org.br\/?p=7118\">RIO PARANAIBA -MG-Governo Estadual -CONTRA A SOCIEADE E O DIREITO -Em A\u00e7\u00e3o Civil P\u00fablica contra o Estado e a Empresa Alupar Justi\u00e7a ACATA e consolida DECIS\u00c3O DO CBH PN 3( Afluentes Baixo<br \/>\nParanaiba)<\/a>\u00a0\u200equinta-feira, \u200e14\u200e de \u200efevereiro\u200e de \u200e2013, \u200f\u200e09:57:52 |<\/h2>\n<\/div>\n<\/div>\n<p><a href=\"https:\/\/fonasc-cbh.org.br\/?p=7024\">MG \u2013 FONASC DIVULGA Elei\u00e7\u00f5es comit\u00eas de bacia dos rios das VELHAS \u2013 do CARMO\/PIRANGA \u2013 PARAOPEBA<\/a>\u00a0-\u200es\u00e1bado, \u200e9\u200e de \u200efevereiro\u200e de \u200e2013,<\/p>\n<div id=\"htmlNonSecureZone\">\n<div id=\"content\">\n<div>\n<div>\n<div><a href=\"https:\/\/fonasc-cbh.org.br\/?p=6998\">FONASC MG \u2013 Riacho dos Machados-MINERADORA CARPATHIAN GOLD QUER OURO MAS POUCOS COMPROMISSOS COM A REGI\u00c3O NORTE DE MINAS GERAIS<\/a>\u00a0-\u200eter\u00e7a-feira, \u200e5\u200e de\u200e fevereiro\u200e de \u200e2013,<\/div>\n<div><a href=\"https:\/\/fonasc-cbh.org.br\/?p=6848\">MG -FONASC DIVULGA REVISTA \u2013 Edi\u00e7\u00e3o Especial sobre Minera\u00e7\u00e3o da Revista do Minist\u00e9rio P\u00fablico do Estado de Minas Gerais<\/a>\u00a0\u200esegunda-feira, \u200e28\u200e de \u200ejaneiro\u200e de \u200e2013, \u200f\u200e00:21:28<\/div>\n<\/div>\n<div>\n<div>\n<h2 style=\"text-align: justify;\"><strong><a title=\"MK\" href=\"https:\/\/fonasc-cbh.org.br\/acesse%20http%3a\/\/fonasc-cbh.org.br\/?wpfb_dl=276\">FONASC\u00a0 -aPOIA E PARTICIPA DE EVENTO PROMOVIDO EM CONJUNTO COM O MPE \u2013 MG SOBRE ATIVIDADE DA MINERA\u00c7\u00c3O NO ESTADO E DIVULGA REVISTA \u2013 Edi\u00e7\u00e3o Especial sobre Minera\u00e7\u00e3o da Revista do Minist\u00e9rio P\u00fablico do Estado de Minas Gerais MG<\/a><\/strong><\/h2>\n<div style=\"text-align: justify;\">\n<p><a href=\"https:\/\/fonasc-cbh.org.br\/?p=6751\">FONASC DIVULGA -MG \u2013 ULTIMAS SOBRE O PARQUE NACIONAL DA GANDARELLA<\/a>\u00a0-\u200equarta-feira, \u200e9\u200e de \u200ejaneiro\u200e de \u200e2013,<\/p>\n<p><a href=\"https:\/\/fonasc-cbh.org.br\/?p=6615\">FONASC-MG \u2013 Projetos de minera\u00e7\u00e3o, com megabarragens de rejeitos, amplia\u00e7\u00e3o e implanta\u00e7\u00e3o de cavas e novas pilhas de est\u00e9ril, suprimir\u00e3o, caso licenciados, importantes \u00e1reas do bioma Mata Atl\u00e2ntica na RMBH.<\/a>\u00a0\u200esegunda-feira, \u200e24\u200e de \u200edezembro\u200e de \u200e2012,<\/p>\n<p><a href=\"https:\/\/fonasc-cbh.org.br\/?p=6548\">ALERTA FONASC \u2013 Cianobact\u00e9rias na Bacia Hidrogr\u00e1fica do Rio Doce .MG\/ES<\/a>\u00a0\u200equinta-feira, \u200e20\u200e de<br \/>\n\u200edezembro\u200e de \u200e2012, \u200f\u200e12:08:59 |<\/p>\n<p><a href=\"https:\/\/fonasc-cbh.org.br\/?p=6358\">FONASC MG \u2013 Descaso com CBHs e Fundo de Recursos H\u00eddricos foi debatida esta semana na AssembleiaLegislativa de Minas Gerais<\/a>\u00a0\u200esexta-feira, \u200e7\u200e de \u200edezembro\u200e de \u200e2012,<\/p>\n<\/div>\n<\/div>\n<\/div>\n<\/div>\n<\/div>\n<\/div>\n<div id=\"_showallfooter_div_\"><a id=\"_showallfooter_\" title=\"Mostrar todos os itens (Alt+I)\" href=\"#\">Mostrar todos os<br \/>\nitens<\/a><\/div>\n<p>&nbsp;<\/p>\n","protected":false},"excerpt":{"rendered":"<p>&nbsp; SISTEMATIZACAOS DE A\u00c7OES E INICIATIVAS DESENVOLVIDAS\u00a0 RELATO DAS A\u00c7\u00d5ES DESENVOLVIDAS 2019 &nbsp; HISTORICO ENDERE\u00c7OS PROJETOS FILIADOS E PARCEIROS DOCUMENTOS&#8230;<\/p>\n","protected":false},"author":3,"featured_media":0,"parent":17049,"menu_order":0,"comment_status":"open","ping_status":"open","template":"","meta":{"footnotes":""},"_links":{"self":[{"href":"https:\/\/fonasc-cbh.org.br\/index.php?rest_route=\/wp\/v2\/pages\/4488"}],"collection":[{"href":"https:\/\/fonasc-cbh.org.br\/index.php?rest_route=\/wp\/v2\/pages"}],"about":[{"href":"https:\/\/fonasc-cbh.org.br\/index.php?rest_route=\/wp\/v2\/types\/page"}],"author":[{"embeddable":true,"href":"https:\/\/fonasc-cbh.org.br\/index.php?rest_route=\/wp\/v2\/users\/3"}],"replies":[{"embeddable":true,"href":"https:\/\/fonasc-cbh.org.br\/index.php?rest_route=%2Fwp%2Fv2%2Fcomments&post=4488"}],"version-history":[{"count":39,"href":"https:\/\/fonasc-cbh.org.br\/index.php?rest_route=\/wp\/v2\/pages\/4488\/revisions"}],"predecessor-version":[{"id":4491,"href":"https:\/\/fonasc-cbh.org.br\/index.php?rest_route=\/wp\/v2\/pages\/4488\/revisions\/4491"}],"up":[{"embeddable":true,"href":"https:\/\/fonasc-cbh.org.br\/index.php?rest_route=\/wp\/v2\/pages\/17049"}],"wp:attachment":[{"href":"https:\/\/fonasc-cbh.org.br\/index.php?rest_route=%2Fwp%2Fv2%2Fmedia&parent=4488"}],"curies":[{"name":"wp","href":"https:\/\/api.w.org\/{rel}","templated":true}]}}