{"id":4476,"date":"2012-07-14T20:56:57","date_gmt":"2012-07-14T20:56:57","guid":{"rendered":"http:\/\/fonasc-cbh.org.br\/?page_id=4476"},"modified":"2013-02-20T17:12:42","modified_gmt":"2013-02-20T17:12:42","slug":"fonasc-no-cbh-araguari","status":"publish","type":"page","link":"https:\/\/fonasc-cbh.org.br\/?page_id=4476","title":{"rendered":"FONASC NO CBH ARAGUARI"},"content":{"rendered":"<p>REPRESENTANTES<\/p>\n<p>NOTICIAS<\/p>\n<p>HISTORICOS<\/p>\n<p>RELATORIOS<\/p>\n<p>ATAS<\/p>\n<p>ENVIE SUAS SUGEST\u00d5ES E RELAT\u00d3RIOS CONTATE-NOS NO FORMUL\u00c1RIO ABAIXO<\/p>\n<p>[contact-form-7 id=&#8221;4&#8243; title=&#8221;Contact form 1&#8243;]<\/p>\n","protected":false},"excerpt":{"rendered":"<p>REPRESENTANTES NOTICIAS HISTORICOS RELATORIOS ATAS ENVIE SUAS SUGEST\u00d5ES E RELAT\u00d3RIOS CONTATE-NOS NO FORMUL\u00c1RIO ABAIXO&#8230;<\/p>\n","protected":false},"author":3,"featured_media":0,"parent":7244,"menu_order":0,"comment_status":"closed","ping_status":"closed","template":"","meta":{"footnotes":""},"_links":{"self":[{"href":"https:\/\/fonasc-cbh.org.br\/index.php?rest_route=\/wp\/v2\/pages\/4476"}],"collection":[{"href":"https:\/\/fonasc-cbh.org.br\/index.php?rest_route=\/wp\/v2\/pages"}],"about":[{"href":"https:\/\/fonasc-cbh.org.br\/index.php?rest_route=\/wp\/v2\/types\/page"}],"author":[{"embeddable":true,"href":"https:\/\/fonasc-cbh.org.br\/index.php?rest_route=\/wp\/v2\/users\/3"}],"replies":[{"embeddable":true,"href":"https:\/\/fonasc-cbh.org.br\/index.php?rest_route=%2Fwp%2Fv2%2Fcomments&post=4476"}],"version-history":[{"count":16,"href":"https:\/\/fonasc-cbh.org.br\/index.php?rest_route=\/wp\/v2\/pages\/4476\/revisions"}],"predecessor-version":[{"id":7275,"href":"https:\/\/fonasc-cbh.org.br\/index.php?rest_route=\/wp\/v2\/pages\/4476\/revisions\/7275"}],"up":[{"embeddable":true,"href":"https:\/\/fonasc-cbh.org.br\/index.php?rest_route=\/wp\/v2\/pages\/7244"}],"wp:attachment":[{"href":"https:\/\/fonasc-cbh.org.br\/index.php?rest_route=%2Fwp%2Fv2%2Fmedia&parent=4476"}],"curies":[{"name":"wp","href":"https:\/\/api.w.org\/{rel}","templated":true}]}}