{"id":4424,"date":"2012-07-07T04:10:25","date_gmt":"2012-07-07T04:10:25","guid":{"rendered":"http:\/\/fonasc-cbh.org.br\/?page_id=4424"},"modified":"2015-07-13T19:21:00","modified_gmt":"2015-07-13T19:21:00","slug":"fonasc-no-cbh-sao-francisco","status":"publish","type":"page","link":"https:\/\/fonasc-cbh.org.br\/?page_id=4424","title":{"rendered":"FONASC NO CBH S\u00c3O FRANCISCO"},"content":{"rendered":"<p>VEJA ATUA\u00c7\u00c3O NA BACIA &#8211; Alto\u00a0 &#8211; <a title=\"entidade  parceira que atua no Baixo S\u00e3o Francisco \" href=\"http:\/\/canoadetolda.org.br\/\" target=\"_blank\">M\u00e9dio<\/a> &#8211;\u00a0 Baixo, CBH nascentes SF -, <a title=\"rio paracatu \" href=\"http:\/\/www.movimentoverdedeparacatu.blogspot.com\/\" target=\"_blank\">SF 1(nascentes), Rio PARACATU<\/a>, Rio Paje\u00fa (PE) , <a title=\"rio das VelhAS \" href=\"https:\/\/fonasc-cbh.org.br\/?page_id=1451\" target=\"_blank\">RIO DAS VELHAS (MG)<\/a>, <a title=\"sd\" href=\"https:\/\/fonasc-cbh.org.br\/?p=6615\" target=\"_blank\">rio das velhas\u00a0<\/a> <a title=\"rio salitre\" href=\"https:\/\/fonasc-cbh.org.br\/?p=1827 \" target=\"_blank\">RIO SALITRE (BA),<\/a>\u00a0 <a title=\"fonasc\" href=\"https:\/\/docs.google.com\/a\/fonasc-cbh.org.br\/viewer?a=v&amp;pid=explorer&amp;chrome=true&amp;srcid=0B66TtT_YnoXvM2MxYmFmODktYzZlMy00NzgxLWI5NmMtMDgyMTVkNmI4OGVl&amp;hl=pt_BR\" target=\"_blank\">RIO PARAOPEBA (MG)<\/a>, <a title=\"RIO PARAOPEBA \" href=\"https:\/\/fonasc-cbh.org.br\/?wpfb_dl=204\" target=\"_blank\">RIO PARAOPEBA<\/a><\/p>\n<p>Mais not\u00edcias <a href=\"https:\/\/fonasc-cbh.org.br\/?s=cbh+sao+francisco\">acesse aqui<\/a><\/p>\n","protected":false},"excerpt":{"rendered":"<p>VEJA ATUA\u00c7\u00c3O NA BACIA &#8211; Alto\u00a0 &#8211; M\u00e9dio &#8211;\u00a0 Baixo, CBH nascentes SF -, SF 1(nascentes), Rio PARACATU, Rio Paje\u00fa&#8230;<\/p>\n","protected":false},"author":3,"featured_media":0,"parent":3059,"menu_order":0,"comment_status":"closed","ping_status":"open","template":"","meta":{"footnotes":""},"_links":{"self":[{"href":"https:\/\/fonasc-cbh.org.br\/index.php?rest_route=\/wp\/v2\/pages\/4424"}],"collection":[{"href":"https:\/\/fonasc-cbh.org.br\/index.php?rest_route=\/wp\/v2\/pages"}],"about":[{"href":"https:\/\/fonasc-cbh.org.br\/index.php?rest_route=\/wp\/v2\/types\/page"}],"author":[{"embeddable":true,"href":"https:\/\/fonasc-cbh.org.br\/index.php?rest_route=\/wp\/v2\/users\/3"}],"replies":[{"embeddable":true,"href":"https:\/\/fonasc-cbh.org.br\/index.php?rest_route=%2Fwp%2Fv2%2Fcomments&post=4424"}],"version-history":[{"count":7,"href":"https:\/\/fonasc-cbh.org.br\/index.php?rest_route=\/wp\/v2\/pages\/4424\/revisions"}],"predecessor-version":[{"id":6627,"href":"https:\/\/fonasc-cbh.org.br\/index.php?rest_route=\/wp\/v2\/pages\/4424\/revisions\/6627"}],"up":[{"embeddable":true,"href":"https:\/\/fonasc-cbh.org.br\/index.php?rest_route=\/wp\/v2\/pages\/3059"}],"wp:attachment":[{"href":"https:\/\/fonasc-cbh.org.br\/index.php?rest_route=%2Fwp%2Fv2%2Fmedia&parent=4424"}],"curies":[{"name":"wp","href":"https:\/\/api.w.org\/{rel}","templated":true}]}}