{"id":4351,"date":"2012-07-02T16:03:41","date_gmt":"2012-07-02T16:03:41","guid":{"rendered":"http:\/\/fonasc-cbh.org.br\/?page_id=4351"},"modified":"2012-12-07T19:04:02","modified_gmt":"2012-12-07T19:04:02","slug":"fundamentos","status":"publish","type":"page","link":"https:\/\/fonasc-cbh.org.br\/?page_id=4351","title":{"rendered":"FUNDAMENTOS"},"content":{"rendered":"<p>&nbsp;<\/p>\n<p><img loading=\"lazy\" decoding=\"async\" class=\"alignright size-full wp-image-6378\" title=\"Bandeira - en_lang[1]\" src=\"https:\/\/fonasc-cbh.org.br\/wp-content\/uploads\/Bandeira-en_lang11.png\" alt=\"\" width=\"50\" height=\"40\" \/><\/p>\n<p style=\"text-align: right;\"><a href=\"https:\/\/fonasc-cbh.org.br\/?wpfb_dl=246\" target=\"_blank\">English<\/a><\/p>\n<p>&nbsp;<\/p>\n<p><img loading=\"lazy\" decoding=\"async\" class=\"alignright size-full wp-image-6380\" title=\"esp\" src=\"https:\/\/fonasc-cbh.org.br\/wp-content\/uploads\/esp1.gif\" alt=\"\" width=\"50\" height=\"49\" \/><\/p>\n<p style=\"text-align: right;\"><a href=\"https:\/\/fonasc-cbh.org.br\/?wpfb_dl=247\" target=\"_blank\">Espa\u00f1ol<\/a><\/p>\n<p><span style=\"color: #0000ff;\"><strong>CAP\u00cdTULO I<\/strong><\/span><\/p>\n<p><span style=\"color: #0000ff;\"><strong>DOS FUNDAMENTOS<\/strong><\/span><\/p>\n<ul>\n<li><span style=\"color: #0000ff;\"><strong>Art. 1\u00ba A Pol\u00edtica Nacional de Recursos H\u00eddricos baseia-se nos seguintes fundamentos:<\/strong><\/span><\/li>\n<\/ul>\n<p><span style=\"color: #0000ff;\"><strong>I &#8211; a \u00e1gua \u00e9 um bem de dom\u00ednio p\u00fablico;<\/strong><\/span><br \/>\n<span style=\"color: #0000ff;\"><strong>II &#8211; a \u00e1gua \u00e9 um recurso natural limitado, dotado de valor econ\u00f4mico;<\/strong><\/span><br \/>\n<span style=\"color: #0000ff;\"><strong>III &#8211; em situa\u00e7\u00f5es de escassez, o uso priorit\u00e1rio dos recursos h\u00eddricos \u00e9 o consumo humano e a dessedenta\u00e7\u00e3o de animais;<\/strong><\/span><br \/>\n<span style=\"color: #0000ff;\"><strong>IV &#8211; a gest\u00e3o dos recursos h\u00eddricos deve sempre proporcionar o uso m\u00faltiplo das \u00e1guas;<\/strong><\/span><br \/>\n<span style=\"color: #0000ff;\"><strong>V &#8211; a bacia hidrogr\u00e1fica \u00e9 a unidade territorial para implementa\u00e7\u00e3o da Pol\u00edtica Nacional de Recursos H\u00eddricos e atua\u00e7\u00e3o do Sistema Nacional de Gerenciamento de Recursos H\u00eddricos;<\/strong><\/span><br \/>\n<span style=\"color: #0000ff;\"><strong>VI &#8211; a gest\u00e3o dos recursos h\u00eddricos deve ser descentralizada e contar com a participa\u00e7\u00e3o do Poder P\u00fablico, dos usu\u00e1rios e das comunidades.<\/strong><\/span><\/p>\n<p><span style=\"color: #0000ff;\"><strong><a name=\"CAP.C3.8DTULO_II\"><\/a><\/strong><\/span><\/p>\n","protected":false},"excerpt":{"rendered":"<p>&nbsp; English &nbsp; Espa\u00f1ol CAP\u00cdTULO I DOS FUNDAMENTOS Art. 1\u00ba A Pol\u00edtica Nacional de Recursos H\u00eddricos baseia-se nos seguintes fundamentos:&#8230;<\/p>\n","protected":false},"author":3,"featured_media":0,"parent":2623,"menu_order":0,"comment_status":"closed","ping_status":"open","template":"","meta":{"footnotes":""},"_links":{"self":[{"href":"https:\/\/fonasc-cbh.org.br\/index.php?rest_route=\/wp\/v2\/pages\/4351"}],"collection":[{"href":"https:\/\/fonasc-cbh.org.br\/index.php?rest_route=\/wp\/v2\/pages"}],"about":[{"href":"https:\/\/fonasc-cbh.org.br\/index.php?rest_route=\/wp\/v2\/types\/page"}],"author":[{"embeddable":true,"href":"https:\/\/fonasc-cbh.org.br\/index.php?rest_route=\/wp\/v2\/users\/3"}],"replies":[{"embeddable":true,"href":"https:\/\/fonasc-cbh.org.br\/index.php?rest_route=%2Fwp%2Fv2%2Fcomments&post=4351"}],"version-history":[{"count":6,"href":"https:\/\/fonasc-cbh.org.br\/index.php?rest_route=\/wp\/v2\/pages\/4351\/revisions"}],"predecessor-version":[{"id":6377,"href":"https:\/\/fonasc-cbh.org.br\/index.php?rest_route=\/wp\/v2\/pages\/4351\/revisions\/6377"}],"up":[{"embeddable":true,"href":"https:\/\/fonasc-cbh.org.br\/index.php?rest_route=\/wp\/v2\/pages\/2623"}],"wp:attachment":[{"href":"https:\/\/fonasc-cbh.org.br\/index.php?rest_route=%2Fwp%2Fv2%2Fmedia&parent=4351"}],"curies":[{"name":"wp","href":"https:\/\/api.w.org\/{rel}","templated":true}]}}