{"id":4296,"date":"2012-06-24T10:59:07","date_gmt":"2012-06-24T10:59:07","guid":{"rendered":"http:\/\/fonasc-cbh.org.br\/?page_id=4296"},"modified":"2012-11-09T04:02:24","modified_gmt":"2012-11-09T04:02:24","slug":"noticias","status":"publish","type":"page","link":"https:\/\/fonasc-cbh.org.br\/?page_id=4296","title":{"rendered":"ACONTECENDO"},"content":{"rendered":"<p><a title=\"NOTICIAS \" href=\"https:\/\/fonasc-cbh.org.br\/?cat=8\" target=\"_blank\">ACOMPANHE AS NOTICIAS DI\u00c1RIAS DAS ATIVIDADES DE MEMBROS DO FONASC EM SUA COORDENA\u00c7\u00c3O <\/a><\/p>\n","protected":false},"excerpt":{"rendered":"<p>ACOMPANHE AS NOTICIAS DI\u00c1RIAS DAS ATIVIDADES DE MEMBROS DO FONASC EM SUA COORDENA\u00c7\u00c3O<\/p>\n","protected":false},"author":3,"featured_media":0,"parent":3001,"menu_order":0,"comment_status":"open","ping_status":"open","template":"","meta":{"footnotes":""},"_links":{"self":[{"href":"https:\/\/fonasc-cbh.org.br\/index.php?rest_route=\/wp\/v2\/pages\/4296"}],"collection":[{"href":"https:\/\/fonasc-cbh.org.br\/index.php?rest_route=\/wp\/v2\/pages"}],"about":[{"href":"https:\/\/fonasc-cbh.org.br\/index.php?rest_route=\/wp\/v2\/types\/page"}],"author":[{"embeddable":true,"href":"https:\/\/fonasc-cbh.org.br\/index.php?rest_route=\/wp\/v2\/users\/3"}],"replies":[{"embeddable":true,"href":"https:\/\/fonasc-cbh.org.br\/index.php?rest_route=%2Fwp%2Fv2%2Fcomments&post=4296"}],"version-history":[{"count":9,"href":"https:\/\/fonasc-cbh.org.br\/index.php?rest_route=\/wp\/v2\/pages\/4296\/revisions"}],"predecessor-version":[{"id":5764,"href":"https:\/\/fonasc-cbh.org.br\/index.php?rest_route=\/wp\/v2\/pages\/4296\/revisions\/5764"}],"up":[{"embeddable":true,"href":"https:\/\/fonasc-cbh.org.br\/index.php?rest_route=\/wp\/v2\/pages\/3001"}],"wp:attachment":[{"href":"https:\/\/fonasc-cbh.org.br\/index.php?rest_route=%2Fwp%2Fv2%2Fmedia&parent=4296"}],"curies":[{"name":"wp","href":"https:\/\/api.w.org\/{rel}","templated":true}]}}