{"id":39,"date":"2011-10-06T00:41:29","date_gmt":"2011-10-06T00:41:29","guid":{"rendered":"http:\/\/fonasc-cbh.org.br\/?page_id=39"},"modified":"2014-08-12T18:11:50","modified_gmt":"2014-08-12T18:11:50","slug":"colegiados-de-gestao","status":"publish","type":"page","link":"https:\/\/fonasc-cbh.org.br\/?page_id=39","title":{"rendered":"Colegiados -CNRH-CBHs-CTs-CERH"},"content":{"rendered":"<p style=\"text-align: right;\"><img loading=\"lazy\" decoding=\"async\" src=\"https:\/\/fonasc-cbh.org.br\/wp-content\/uploads\/esp.gif\" alt=\"\" width=\"50\" height=\"49\" \/><a href=\"https:\/\/fonasc-cbh.org.br\/?wpfb_dl=242\" target=\"_blank\">Espa\u00f1ol<\/a><\/p>\n<p style=\"text-align: justify;\"><img loading=\"lazy\" decoding=\"async\" class=\"alignright\" src=\"https:\/\/fonasc-cbh.org.br\/wp-content\/uploads\/Bandeira-en_lang1.png\" alt=\"\" width=\"50\" height=\"40\" \/><\/p>\n<p style=\"text-align: right;\"><a href=\"https:\/\/fonasc-cbh.org.br\/?wpfb_dl=245\" target=\"_blank\">English<\/a><\/p>\n<p style=\"text-align: justify;\">O F\u00f3rum Nacional da Sociedade Civil nos Comit\u00eas de Bacias Hidrogr\u00e1ficas \u2013 FONASC.CBH foi criado em outubro de 2001, por um grupo de 72 entidades da sociedade civil que participavam do III Encontro Nacional dos Comit\u00eas de Bacias Hidrogr\u00e1ficas, realizado em Belo Horizonte \u2013 MG.<\/p>\n<p style=\"text-align: justify;\">A entidade surgiu do ideal da gest\u00e3o participativa das \u00e1guas, para estimular a sociedade civil a vencer as limita\u00e7\u00f5es para participar da gest\u00e3o cidad\u00e3 das bacias hidrogr\u00e1ficas.<\/p>\n<p style=\"text-align: justify;\">Apesar da exist\u00eancia de legisla\u00e7\u00e3o espec\u00edfica para gest\u00e3o de bacias hidrogr\u00e1ficas, o acesso a informa\u00e7\u00f5es ou aos instrumentos de a\u00e7\u00e3o que gerem as decis\u00f5es do setor ainda \u00e9 privil\u00e9gio de poucos, e um grande desafio \u00e0 sociedade civil. A miss\u00e3o dos membros do FONASC .CBH \u00e9 garantir a gest\u00e3o integrada das \u00e1guas, tal como prev\u00ea a legisla\u00e7\u00e3o correspondente.<\/p>\n<p style=\"text-align: justify;\">Para o FONASC .CBH, a \u00e1gua, bem natural a qual todos t\u00eam direito, pode ser acessada conforme os princ\u00edpios do desenvolvimento sustent\u00e1vel, para a garantia da qualidade das gera\u00e7\u00f5es futuras e a vida e fundamentalmente preservando seu valor social.<\/p>\n<p style=\"text-align: justify;\">O FONASC luta nesses espa\u00e7os e junto as comunidades e grupos sociais\u00a0\u00a0\u00a0para \u00a0que a gest\u00e3o dos rios BRASILEIROS no pa\u00eds, ou seja , o processo de tomada de decis\u00e3o sobre os usos das \u00e1guas p\u00fablicas, \u00a0ocorra de forma descentralizada, integrada e participativa, de acordo com a Pol\u00edtica Nacional institu\u00edda a partir de Lei 9.433\/97, o Sistema Nacional de Gerenciamento de Recursos H\u00eddricos constitu\u00eddo de um conjunto de mecanismos jur\u00eddico-administrativos, composto por leis e institui\u00e7\u00f5es, de um <a href=\"http:\/\/www.cnrh-srh.gov.br\/\">Conselho Nacional de Recursos H\u00eddricos<\/a>; de <a title=\"est\" href=\"http:\/\/www2.ana.gov.br\/Paginas\/portais\/ConselhoseOrgaosGestoresEstaduais.aspx\" target=\"_blank\">Conselhos Estaduais<\/a> e do Distrito Federal e dos <a href=\"https:\/\/fonasc-cbh.org.br\/comite\/comite_01.asp\">Comit\u00eas de Bacias Hidrogr\u00e1ficas<\/a>,.<\/p>\n<p><a title=\"CNRH E CBHs FEDERAIS H\" href=\"https:\/\/fonasc-cbh.org.br\/?page_id=39\" target=\"_blank\">COLEGIADOS DE GEST\u00c3O <\/a>CNRH -CONSELHO NACIONAL DE RECURSOS H\u00cdDRICOS<\/p>\n<p>Veja a atua\u00e7\u00e3o\u00a0do CNRH ( CONSELHO NACIONAL DE RECRSOS H\u00cdDRICOS) : Visite o\u00a0\u00a0site\u00a0:<a href=\"http:\/\/www.cnrh.gov.br\/sitio\/\" target=\"_blank\">\u00a0www.cnrh.gov.br\/sitio\/<\/a>,<\/p>\n<p>___________________________________________________________<\/p>\n<p>Visite o site dos <strong>CBH \u2013 Comit\u00eas de Bacias Hidrogr\u00e1ficas &#8211;<\/strong><a title=\"Visitar CBH \u2013 Comit\u00eas de Bacias Hidrogr\u00e1ficas\" href=\"http:\/\/www.cbh.gov.br\/\">www.cbh.gov.br<\/a><\/p>\n<p>&#8212;&#8212;&#8212;&#8212;&#8212;&#8212;&#8212;&#8212;&#8212;&#8212;&#8212;&#8212;&#8212;&#8212;&#8212;&#8212;&#8212;&#8212;&#8212;&#8212;&#8212;&#8212;&#8212;&#8212;&#8212;&#8212;&#8212;&#8212;&#8212;&#8212;&#8211;<\/p>\n<p><a title=\"cbh \" href=\"http:\/\/www.cbh.gov.br\/\" target=\"_blank\">COMITES DE BACIAS HIDROGR\u00c1FICAS &#8211; O QUE \u00c9 ?<\/a><\/p>\n<p><a title=\"cbh \" href=\"http:\/\/www.cbh.gov.br\/\" target=\"_blank\">comit\u00eas _______________________________________________________<\/a><\/p>\n<p><a title=\"gestoresestaduais\" href=\"http:\/\/www2.ana.gov.br\/Paginas\/portais\/ConselhoseOrgaosGestoresEstaduais.aspx\" target=\"_blank\">Conselhos Estaduais<\/a><\/p>\n<p>________________________________________________________<\/p>\n<p><a title=\"coelgiados de gest\u00e3o \" href=\"https:\/\/fonasc-cbh.org.br\/?page_id=3048\" target=\"_blank\">Acesse e Acompanhe a atua\u00e7\u00e3o do FONASC\u00a0nesses colegiados :<strong><\/strong><\/a><\/p>\n<p>____________________________________________________________<\/p>\n<p>POSI\u00c7\u00c3O DO FONASC-CBH EM RELA\u00c7\u00c3O AO FNCBH (F\u00d3RUM NACIONAL DOS COMIT\u00caS DE BACIAS HIDROGR\u00c1FICAS) veja o site:<\/p>\n<p><a href=\"https:\/\/fonasc-cbh.org.br\/?wpfb_dl=15\" target=\"_blank\">https:\/\/fonasc-cbh.org.br\/?wpfb_dl=15<\/a><\/p>\n<p>________________________________________________________________<\/p>\n<p>Para saber mais sobre a atua\u00e7\u00e3o do FONASC nos CERH ( Conselhos Estaduais de Recursos H\u00eddricos) e Comit\u00eas de Bacias no pa\u00eds. Para saber mais:<\/p>\n<p>E-mail: contato@fonasc-cbh.org.br\u00a0 , fonasccbh@yahoo.com.br<\/p>\n<p>ou use o formul\u00e1rio abaixo.<\/p>\n<p>&nbsp;<\/p>\n<p>[contact-form-7 id=&#8221;4&#8243; title=&#8221;Contact form 1&#8243;]<\/p>\n","protected":false},"excerpt":{"rendered":"<p>Espa\u00f1ol English O F\u00f3rum Nacional da Sociedade Civil nos Comit\u00eas de Bacias Hidrogr\u00e1ficas \u2013 FONASC.CBH foi criado em outubro de&#8230;<\/p>\n","protected":false},"author":1,"featured_media":0,"parent":3003,"menu_order":0,"comment_status":"closed","ping_status":"closed","template":"","meta":{"footnotes":""},"_links":{"self":[{"href":"https:\/\/fonasc-cbh.org.br\/index.php?rest_route=\/wp\/v2\/pages\/39"}],"collection":[{"href":"https:\/\/fonasc-cbh.org.br\/index.php?rest_route=\/wp\/v2\/pages"}],"about":[{"href":"https:\/\/fonasc-cbh.org.br\/index.php?rest_route=\/wp\/v2\/types\/page"}],"author":[{"embeddable":true,"href":"https:\/\/fonasc-cbh.org.br\/index.php?rest_route=\/wp\/v2\/users\/1"}],"replies":[{"embeddable":true,"href":"https:\/\/fonasc-cbh.org.br\/index.php?rest_route=%2Fwp%2Fv2%2Fcomments&post=39"}],"version-history":[{"count":38,"href":"https:\/\/fonasc-cbh.org.br\/index.php?rest_route=\/wp\/v2\/pages\/39\/revisions"}],"predecessor-version":[{"id":158,"href":"https:\/\/fonasc-cbh.org.br\/index.php?rest_route=\/wp\/v2\/pages\/39\/revisions\/158"}],"up":[{"embeddable":true,"href":"https:\/\/fonasc-cbh.org.br\/index.php?rest_route=\/wp\/v2\/pages\/3003"}],"wp:attachment":[{"href":"https:\/\/fonasc-cbh.org.br\/index.php?rest_route=%2Fwp%2Fv2%2Fmedia&parent=39"}],"curies":[{"name":"wp","href":"https:\/\/api.w.org\/{rel}","templated":true}]}}