{"id":3876,"date":"2012-05-18T20:32:29","date_gmt":"2012-05-18T20:32:29","guid":{"rendered":"http:\/\/fonasc-cbh.org.br\/?page_id=3876"},"modified":"2012-05-23T15:12:41","modified_gmt":"2012-05-23T15:12:41","slug":"resultado-das-eleicoes","status":"publish","type":"page","link":"https:\/\/fonasc-cbh.org.br\/?page_id=3876","title":{"rendered":"RESULTADO DAS ELEI\u00c7\u00d5ES"},"content":{"rendered":"<p><a title=\"ELEI\u00c7\u00c3O RESULTADO\" href=\"https:\/\/fonasc-cbh.org.br\/?p=3853 \" target=\"_blank\">FONASC \u00c9 REELEITO PARA REPRESENTA\u00c7\u00c3O DAS ONGS NO CNRH &#8211; CONSELHO NACIONAL DE RECURSOS HIDRICOS NO 17 DE MAIO .O fONASC FOI REELETO PARA REPRESENTA\u00c7\u00c3O DAS ORG CIVIS NO CNRH.<\/a><\/p>\n<p><a title=\"ata\" href=\"https:\/\/docs.google.com\/a\/fonasc-cbh.org.br\/?tab=mo&amp;pli=1#folders\/0B66TtT_YnoXvU1otX1lCazU5OGs\" target=\"_blank\">VEJA A \u00a0ATA DE ELEI\u00c7\u00c3O ( provisoria at\u00e9 publica\u00e7\u00e3o no DOU)<\/a><\/p>\n<p><a title=\"fotos\" href=\"https:\/\/fonasc-cbh.org.br\/wp-content\/uploads\/FOTOS.zip\" target=\"_blank\">VEJA AS FOTOS DA PLEN\u00c1RIA DA ELEI\u00c7\u00c3O <\/a><\/p>\n<p>Se voc\u00ea gostou deste artigo considere ,<\/p>\n<p><a title=\"Tweet isso'!\" href=\"http:\/\/twitter.com\/home\/?status=NOVO ENDERE\u00c7O FONASC NO MARANH\u00c3O : https:\/\/fonasc-cbh.org.br\/?p=3753\"><img decoding=\"async\" src=\"https:\/\/fonasc-cbh.org.br\/wp-content\/themes\/webfolio\/images\/twitter.png\" alt=\"Tweet this!\" \/><\/a><a title=\"StumbleUpon.\" href=\"http:\/\/www.stumbleupon.com\/submit?url=https:\/\/fonasc-cbh.org.br\/?p=3753&amp;amp;title=NOVO ENDERE\u00c7O FONASC NO MARANH\u00c3O\"><img decoding=\"async\" src=\"https:\/\/fonasc-cbh.org.br\/wp-content\/themes\/webfolio\/images\/stumbleupon.png\" alt=\"StumbleUpon\" \/><\/a><a title=\"Vote em Reddit.\" href=\"http:\/\/www.reddit.com\/submit?url=https:\/\/fonasc-cbh.org.br\/?p=3753&amp;amp;title=NOVO ENDERE\u00c7O FONASC NO MARANH\u00c3O\"><img decoding=\"async\" src=\"https:\/\/fonasc-cbh.org.br\/wp-content\/themes\/webfolio\/images\/reddit.png\" alt=\"Reddit\" \/><\/a><a title=\"Digg this!\" href=\"http:\/\/digg.com\/submit?phase=2&amp;amp;url=https:\/\/fonasc-cbh.org.br\/?p=3753&amp;amp;title=NOVO ENDERE\u00c7O FONASC NO MARANH\u00c3O\"><img decoding=\"async\" src=\"https:\/\/fonasc-cbh.org.br\/wp-content\/themes\/webfolio\/images\/digg.png\" alt=\"Digg This!\" \/><\/a><a title=\"Bookmark Delicious.\" href=\"http:\/\/del.icio.us\/post?url=https:\/\/fonasc-cbh.org.br\/?p=3753&amp;amp;title=NOVO ENDERE\u00c7O FONASC NO MARANH\u00c3O\"><img decoding=\"async\" src=\"https:\/\/fonasc-cbh.org.br\/wp-content\/themes\/webfolio\/images\/delicious.png\" alt=\"Bookmark Delicious\" \/><\/a><a title=\"Compartilhar no Facebook.\" href=\"http:\/\/www.facebook.com\/sharer.php?u=https:\/\/fonasc-cbh.org.br\/?p=3753&amp;amp;t=NOVO ENDERE\u00c7O FONASC NO MARANH\u00c3O\"><img decoding=\"async\" id=\"sharethis-last\" src=\"https:\/\/fonasc-cbh.org.br\/wp-content\/themes\/webfolio\/images\/facebook.png\" alt=\"Compartilhar no Facebook\" \/><\/a><\/p>\n<p>&nbsp;<\/p>\n<blockquote class=\"wp-embedded-content\" data-secret=\"VkpF206mPs\"><p><a href=\"https:\/\/fonasc-cbh.org.br\/?p=3853\">FONASC E PARCEIROS S\u00c3O REELEITOS PARA REPRESENTA\u00c7\u00c3O DAS ONGS NO CNRH<\/a><\/p><\/blockquote>\n<p><iframe class=\"wp-embedded-content\" sandbox=\"allow-scripts\" security=\"restricted\" style=\"position: absolute; clip: rect(1px, 1px, 1px, 1px);\" title=\"&#8220;FONASC E PARCEIROS S\u00c3O REELEITOS PARA REPRESENTA\u00c7\u00c3O DAS ONGS NO CNRH&#8221; &#8212; FONASC-CBH\" src=\"https:\/\/fonasc-cbh.org.br\/?p=3853&#038;embed=true#?secret=XzukZyBUYP#?secret=VkpF206mPs\" data-secret=\"VkpF206mPs\" width=\"600\" height=\"338\" frameborder=\"0\" marginwidth=\"0\" marginheight=\"0\" scrolling=\"no\"><\/iframe><\/p>\n","protected":false},"excerpt":{"rendered":"<p>FONASC \u00c9 REELEITO PARA REPRESENTA\u00c7\u00c3O DAS ONGS NO CNRH &#8211; CONSELHO NACIONAL DE RECURSOS HIDRICOS NO 17 DE MAIO .O&#8230;<\/p>\n","protected":false},"author":3,"featured_media":0,"parent":2857,"menu_order":0,"comment_status":"closed","ping_status":"open","template":"","meta":{"footnotes":""},"_links":{"self":[{"href":"https:\/\/fonasc-cbh.org.br\/index.php?rest_route=\/wp\/v2\/pages\/3876"}],"collection":[{"href":"https:\/\/fonasc-cbh.org.br\/index.php?rest_route=\/wp\/v2\/pages"}],"about":[{"href":"https:\/\/fonasc-cbh.org.br\/index.php?rest_route=\/wp\/v2\/types\/page"}],"author":[{"embeddable":true,"href":"https:\/\/fonasc-cbh.org.br\/index.php?rest_route=\/wp\/v2\/users\/3"}],"replies":[{"embeddable":true,"href":"https:\/\/fonasc-cbh.org.br\/index.php?rest_route=%2Fwp%2Fv2%2Fcomments&post=3876"}],"version-history":[{"count":16,"href":"https:\/\/fonasc-cbh.org.br\/index.php?rest_route=\/wp\/v2\/pages\/3876\/revisions"}],"predecessor-version":[{"id":3878,"href":"https:\/\/fonasc-cbh.org.br\/index.php?rest_route=\/wp\/v2\/pages\/3876\/revisions\/3878"}],"up":[{"embeddable":true,"href":"https:\/\/fonasc-cbh.org.br\/index.php?rest_route=\/wp\/v2\/pages\/2857"}],"wp:attachment":[{"href":"https:\/\/fonasc-cbh.org.br\/index.php?rest_route=%2Fwp%2Fv2%2Fmedia&parent=3876"}],"curies":[{"name":"wp","href":"https:\/\/api.w.org\/{rel}","templated":true}]}}