{"id":386,"date":"2011-11-21T17:22:17","date_gmt":"2011-11-21T17:22:17","guid":{"rendered":"http:\/\/fonasc-cbh.org.br\/?page_id=386"},"modified":"2021-11-01T01:40:38","modified_gmt":"2021-11-01T01:40:38","slug":"link","status":"publish","type":"page","link":"https:\/\/fonasc-cbh.org.br\/?page_id=386","title":{"rendered":"LINKS"},"content":{"rendered":"<p>O FONASC-CBH disponibiliza uma lista com muitos links \u00fateis e informa\u00e7\u00f5es relevantes no contexto do assunto &#8220;\u00e1guas no Brasil e no exterior&#8221;.<\/p>\n<p>Esperamos que isso ajude a encontrar mais informa\u00e7\u00f5es de nossos parceiros e entidades.<\/p>\n<p>Para acessar, basta clicar nos links abaixo.<\/p>\n<p>A Dire\u00e7\u00e3o<br \/>\nFONASC-CBH<\/p>\n<p><strong>&nbsp;&nbsp;&nbsp;&nbsp;&nbsp;&nbsp;&nbsp;&nbsp;&nbsp;&nbsp;&nbsp;&nbsp; MULHERES<\/strong><\/p>\n<p><a href=\"http:\/\/www.mulheresdocabo.org.br\/atuacao.php\">http:\/\/www.mulheresdocabo.org.br\/atuacao.php<\/a><\/p>\n<p><span style=\"color: #000000;\"><strong><em>&nbsp;&nbsp;&nbsp;&nbsp;&nbsp;&nbsp;&nbsp;&nbsp;&nbsp;&nbsp;&nbsp;&nbsp;&nbsp; SERVI\u00c7OS<\/em><\/strong><\/span><\/p>\n<h3><span style=\"color: #0000ff;\"><strong><em><span style=\"color: #0000ff;\"><a title=\"MUSICA\" href=\"http:\/\/www.google.com.br\/search?q=musica+e+agua+&amp;rls=com.microsoft:pt-br:IE-SearchBox&amp;ie=UTF-8&amp;oe=UTF-8&amp;sourceid=ie7&amp;rlz=1I7ADSA_pt-BR&amp;redir_esc=&amp;ei=BYEIT77rHY-utwe4meTPBg\" target=\"_blank\" rel=\"noopener\">MUSICA E \u00c1GUA&nbsp;<\/a><\/span><\/em><\/strong><\/span><\/h3>\n<h3><em><\/em><a href=\"https:\/\/fonasc-cbh.org.br\/?p=709\" target=\"_blank\" rel=\"noopener\">&nbsp;<em><span style=\"color: #0000ff;\">TV FONASC \/V\u00cdDEOS<\/span><\/em><\/a><\/h3>\n<ul>\n<li>\n<h3><span style=\"color: #000000;\"><strong><em><a title=\"LINKS\" href=\"https:\/\/fonasc-cbh.org.br\/?page_id=386\" target=\"_blank\" rel=\"noopener\">PARCEIROS<\/a><\/em><\/strong><\/span><\/h3>\n<div><span style=\"color: #000000;\"><strong><a title=\"ACEITAR \" href=\"http:\/\/racismoambiental.net.br\/\" target=\"_blank\" rel=\"noopener\">RACISMO AMBIENTAL &nbsp;<\/a><\/strong><\/span><\/div>\n<\/li>\n<\/ul>\n<h3><span style=\"color: #0000ff;\"><strong><em><span style=\"color: #0000ff;\">ASSOCIA\u00c7\u00c3O ANDIROBA &#8211; AC <\/span><\/em><\/strong><\/span><\/h3>\n<p><span style=\"color: #0000ff;\"><strong><em><a title=\"ASSOCIA\u00c7\u00c3O PARDEIRA DO FONASC QUE PRIMEIRO OCUPOU A REPRESENTA\u00c7\u00c3O DAS ORGANIZA\u00c7\u00d5ES CIVIS NO CNRH\" href=\"http:\/\/www.copodhemfe.org.br\/\" target=\"_blank\" rel=\"noopener\"><span style=\"color: #0000ff;\">COPODHENFE &#8211; ASSOCIA\u00c7\u00c3O DE DEFESA DOS DIREITOS HUMANOS DO BAIRRO JARDIM FELICIDADE <\/span><\/a><\/em><\/strong><\/span><\/p>\n<p><span style=\"color: #0000ff;\"><strong><em><a href=\"http:\/\/www.caa.org.br\/\" target=\"_blank\" rel=\"noopener\"><span style=\"color: #0000ff;\">CAA- CENTRO DE TECNOLOGIAS ALTERNATIVAS NORTE DE MINAS CAA&nbsp;<\/span><\/a><\/em><\/strong><\/span><\/p>\n<p><span style=\"color: #0000ff;\"><strong><em><a href=\"https:\/\/fonasc-cbh.org.br\/?page_id=162\" target=\"_blank\" rel=\"noopener\"><span style=\"color: #0000ff;\">OUTROS<\/span><\/a>&nbsp;PARCEIROS:<\/em><\/strong><\/span><\/p>\n<p><strong><em><a title=\"ASD\" href=\"http:\/\/sosriosdobrasil.blogspot.com.br\/2012\/12\/acoes-pelos-rios-do-br-na-semana-foram.html\">&nbsp;A\u00c7OES PRO ATIVAS PELOS RIOS DO BRASIL <\/a><\/em><\/strong><\/p>\n<ul>\n<li><span style=\"color: #000000;\"><strong><em>&nbsp;&nbsp;\u00d3RG\u00c3O GOVERNAMENTAIS &#8211; SETOR P\u00daBLICO<\/em><\/strong><\/span><\/li>\n<\/ul>\n<p><span style=\"color: #0000ff;\"><strong><em><a title=\"Editar \u201cCNRH\u201d\" href=\"https:\/\/fonasc-cbh.org.br\/wp-admin\/link.php?action=edit&amp;link_id=13\"><span style=\"color: #0000ff;\">CNRH &#8211; Conselho Nacional de Recrusos H\u00eddricos<br \/>\n<\/span><\/a><\/em><\/strong><\/span><\/p>\n<p><span style=\"color: #0000ff;\"><strong><em><a title=\"Editar \u201cCBH \u2013 Comit\u00eas de Bacias Hidrogr\u00e1ficas\u201d\" href=\"https:\/\/fonasc-cbh.org.br\/wp-admin\/link.php?action=edit&amp;link_id=8\"><span style=\"color: #0000ff;\">CBH \u2013 Comit\u00eas de Bacias Hidrogr\u00e1ficas<\/span><\/a><\/em><\/strong><\/span><\/p>\n<p><span style=\"color: #0000ff;\"><strong><em><a title=\"MINIST\u00c9RIO DO MEIO AMBIENTE\" href=\"http:\/\/www.mma.gov.br\/\" target=\"_blank\" rel=\"noopener\"><span style=\"color: #0000ff;\">MMA &#8211; Minist\u00e9rio do Meio Ambiente<\/span><\/a><\/em><\/strong><\/span><\/p>\n<p><span style=\"color: #0000ff;\"><strong><em><a title=\"AGENCIA NACIONAL DE \u00c1GUAS \" href=\"http:\/\/www2.ana.gov.br\/Paginas\/default.aspx\" target=\"_blank\" rel=\"noopener\"><span style=\"color: #0000ff;\">ANA- AGENCIA NACIONAL DE \u00c1GUAS<\/span><\/a><\/em><\/strong><\/span><\/p>\n<p>&nbsp;<\/p>\n<ul>\n<li>\n<h3><span style=\"color: #000000;\"><strong><em><a title=\"LINKS\" href=\"https:\/\/fonasc-cbh.org.br\/?page_id=386\" target=\"_blank\" rel=\"noopener\">CAMPANHAS E DENUNCIAS <\/a><\/em><\/strong><\/span><\/h3>\n<\/li>\n<\/ul>\n<h3><span style=\"color: #000000;\"><em><a title=\"s\" href=\"http:\/\/territorioslivresdobaixoparnaiba.blogspot.com\/2012\/01\/pastoral-da-terra-denuncia-empresa-que.html\" target=\"_blank\" rel=\"noopener\">regi\u00e3o tocantina e Parnaiba&nbsp; <\/a><\/em><\/span><\/h3>\n<p><strong><em><a title=\"Editar \u201cmulheres do DO APODI\u201d\" href=\"http:\/\/centrofeminista.wordpress.com\/2011\/11\/23\/mulheres-de-apodi-solicitam-solidariedade\/\" target=\"_blank\" rel=\"noopener\">Mulheres do APODI<\/a><\/em><\/strong><\/p>\n<p><strong><em><a title=\"AGUAS DA GANDARELLA\" href=\"http:\/\/www.aguasdogandarela.org\/page\/dossie-gandarela\" target=\"_blank\" rel=\"noopener\">GANDARELLA<\/a><\/em><\/strong><\/p>\n<p><strong><em><a title=\"gandarela\" href=\"http:\/\/\u200baguasdogandarela.ning.com\/\u200bnotes\/\u200bUm_email_pelo_Parque_Nacional_d\u200ba_Serra_do_Gandarela\" target=\"_blank\" rel=\"noopener\">GANDARELA<\/a> <\/em><\/strong><\/p>\n<p><strong><em><a title=\"LINKS\" href=\"https:\/\/fonasc-cbh.org.br\/?page_id=386\" target=\"_blank\" rel=\"noopener\">CORRUP\u00c7\u00c3O NO BRASIL <\/a><\/em><\/strong><\/p>\n<p><strong><em><a title=\"Editar \u201cACOMPANHE O ESFOR\u00c7O DA COMUNIDADE DA SERRA DA MOEDA\u201d\" href=\"https:\/\/fonasc-cbh.org.br\/wp-admin\/link.php?action=edit&amp;link_id=18\">ACOMPANHE O ESFOR\u00c7O DA COMUNIDADE DA SERRA DA MOEDA<\/a><\/em><\/strong><\/p>\n<p><strong><em>PA &#8211; <a title=\"BACIA DO RIO TAPAJ\u00d3S \" href=\"http:\/\/www.movimentotapajosvivo.com.br\/site\/\" target=\"_blank\" rel=\"noopener\"><span style=\"color: #3366ff;\">BACIA<\/span> DO RIO TAPAJ\u00d3S<\/a><\/em><\/strong><\/p>\n<p><strong><em>MG &#8211; <a title=\"MOVIMENTO CONTRA AS BARRAGENS RIO DAS VELHAS \" href=\"http:\/\/www.cbhvelhas.org.br\/index.php\/component\/content\/article\/126\"><span style=\"color: #3366ff;\">RIO DAS VELHAS&nbsp;<\/span>&nbsp;<\/a>&nbsp;&#8211; <a title=\"ENCHENTES DO RIO DAS VELHAS \" href=\"http:\/\/www.em.com.br\/app\/noticia\/gerais\/2012\/01\/03\/interna_gerais,270385\/chega-a-52-numero-de-cidades-mineiras-que-decretaram-emergencia.shtml\">ENCHENTES JAN 20102012&nbsp;<\/a><\/em><\/strong><\/p>\n<p><strong><em>MT <span style=\"color: #ff0000;\">&nbsp;&#8211; <a title=\"O DRAMA DAS \u00c1GUAS DOS INDIOS GYARANY KAIOWA MS \" href=\"http:\/\/vimeo.com\/32440717\" target=\"_blank\" rel=\"noopener\">O DRAMA DAS \u00c1GUAS E DOS <span style=\"color: #ff0000;\">INDIOS GUARANY KAIOWA &#8211; MATO GROSSO DO SUL&nbsp; <\/span><\/a><\/span><\/em><\/strong><\/p>\n<p><em><span style=\"color: #ff0000;\"><strong>PA &#8211; <a title=\"OS ESTUDANTES DO XINGU E BELO MONTE \" href=\"http:\/\/www.youtube.com\/watch?v=kp5dwON3q4o&amp;feature=share\" target=\"_blank\" rel=\"noopener\">OS ESTUDANTES DO XINGU&nbsp; <\/a><\/strong><\/span><\/em><\/p>\n<p><em><span style=\"color: #ff0000;\"><strong><a title=\"disvirtuaqmento do feidro mg \" href=\"http:\/\/www.aguasdoparaopeba.org.br\/conteudo.php?id=263\" target=\"_blank\" rel=\"noopener\">MG-ETERNO DISVIRTUAMENTO DO FEHIDRO&nbsp;<\/a><\/strong><\/span><\/em><\/p>\n<p>&nbsp;<\/p>\n<ul>\n<li><span style=\"color: #000000;\"><strong><a title=\"LINKS\" href=\"https:\/\/fonasc-cbh.org.br\/?page_id=386\" target=\"_blank\" rel=\"noopener\"><em>P<\/em><em>UBLICA\u00c7\u00d5ES<\/em><\/a><\/strong><\/span><\/li>\n<\/ul>\n<p><span style=\"color: #0000ff;\"><strong><em><a title=\"LINKS\" href=\"https:\/\/fonasc-cbh.org.br\/?page_id=386\"><span style=\"color: #0000ff;\">&nbsp;AMANH\u00c1GUA <\/span><\/a><\/em><\/strong><\/span><\/p>\n<p><span style=\"color: #0000ff;\"><strong><em><a title=\"PUBLICADO PELA AGEBNCIA NACIONAL DE \u00c1GUAS  CONFORME  RESOLU\u00c7\u00c3O DO CNRH \" href=\"http:\/\/conjuntura.ana.gov.br\/conjuntura\/\" target=\"_blank\" rel=\"noopener\"><span style=\"color: #0000ff;\">CONJUNTURA DOS RECURSOS H\u00cdDRICOS NO BRASIL&nbsp;<\/span><\/a><\/em><\/strong><\/span><\/p>\n<p><span style=\"color: #0000ff;\"><strong><em><a title=\"ACOMPANHE OS ESFOR\u00c7OS DA POPULA\u00c7\u00c3O DA SERRA DA MOEDA - MG   \" href=\"https:\/\/docs.google.com\/a\/fonasc-cbh.org.br\/viewer?a=v&amp;pid=explorer&amp;chrome=true&amp;srcid=0B66TtT_YnoXvM2MxYmFmODktYzZlMy00NzgxLWI5NmMtMDgyMTVkNmI4OGVl&amp;hl=pt_BR\"><span style=\"color: #0000ff;\">ABRACE A SERRA &#8211; MINAS GERAIS <\/span><\/a><\/em><\/strong><\/span><\/p>\n<p><span style=\"color: #0000ff;\"><strong><em><a title=\"JORNAIS E BOLETINS DOFONASC \" href=\"https:\/\/fonasc-cbh.org.br\/?page_id=289\" target=\"_blank\" rel=\"noopener\"><span style=\"color: #0000ff;\">DOCUMENTOS FONASC <\/span><\/a><\/em><\/strong><\/span><\/p>\n<p><span style=\"color: #0000ff;\"><strong><em><a title=\"PUBLICA\u00c7\u00d5ES ANA \" href=\"http:\/\/www.ana.gov.br\/AcoesAdministrativas\/CDOC\/CatalogoPublicacoes_2010.asp\" target=\"_blank\" rel=\"noopener\"><span style=\"color: #0000ff;\">PUBLICA\u00c7\u00d5ES ANA<\/span><\/a><\/em><\/strong><\/span><\/p>\n<p><span style=\"color: #0000ff;\"><strong><em><a title=\" (I Simp\u00c3\u00b3sio de Recursos H\u00c3\u00addricos da Zona da Mata - RO)\" href=\"http:\/\/www.editoracrv.com.br\/?f=produto_detalhes&amp;pid=3353\" target=\"_blank\" rel=\"noopener\"><span style=\"color: #0000ff;\">SEMIN\u00c1RIO&nbsp; DE RECURSOS H\u00cdDRICOS DA ZONA DA MATA DE RONDONIA&nbsp;-RO <\/span><\/a><\/em><\/strong><\/span><\/p>\n<ul>\n<li><span style=\"color: #000000;\"><strong><em><a title=\"LINKS\" href=\"https:\/\/fonasc-cbh.org.br\/?page_id=386\" target=\"_blank\" rel=\"noopener\">BLOGS<\/a><\/em><\/strong><\/span><\/li>\n<\/ul>\n<h3><span style=\"color: #0000ff;\"><strong><em><a title=\"JO\u00c3O CLIMACO E AS POL\u00cdTICAS PARA AS \u00c1GUAS E MEIO AMBIENTE ....\" href=\"http:\/\/joaoclimacofilho.blogspot.com\/\" target=\"_blank\" rel=\"noopener\"><span style=\"color: #0000ff;\">&nbsp;&nbsp;ANALISES E AVALIA\u00c7\u00d5ES SOBRE AS POL\u00cdTICAS DE \u00c1GUA<\/span><\/a><\/em><\/strong><\/span><\/h3>\n<p>&nbsp;<\/p>\n<p>&nbsp;<\/p>\n<p><span style=\"color: #0000ff;\"><strong><em><a title=\"SOS RIOS DO BRASIL \" href=\"http:\/\/sosriosdobrasil.blogspot.com\/2011\/12\/mapa-de-qualidade-das-praias-paulistas.html\" target=\"_blank\" rel=\"noopener\"><span style=\"color: #0000ff;\">SOS RIOS DO BRASIL&nbsp;<\/span><\/a><\/em><\/strong><\/span><\/p>\n<p><span style=\"color: #0000ff;\"><strong><em><span style=\"color: #0000ff;\"><a title=\"PLANTAFORMA DESCHA \" href=\"http:\/\/www.dhescbrasil.org.br\/index.php?option=com_content&amp;view=category&amp;layout=blog&amp;id=131&amp;Itemid=156\" target=\"_blank\" rel=\"noopener\">Plantaforma Deschabrasil<\/a>&nbsp;<\/span><\/em><\/strong><\/span><\/p>\n<p><span style=\"color: #0000ff;\"><strong><em><span style=\"color: #0000ff;\">outros&nbsp;<\/span><\/em><\/strong><\/span><\/p>\n<div><a title=\"\" href=\"http:\/\/atlas.ana.gov.br\/atlas\" target=\"_blank\" rel=\"noopener\">Atlas<\/a><\/div>\n<div>\n<div>de Abastecimento<br \/>\nUrbano de \u00c1gua<\/div>\n<\/div>\n<p>&nbsp;<\/p>\n<div>\n<div><a href=\"http:\/\/capacitacao.ana.gov.br\/\" target=\"_blank\" rel=\"noopener\"><img decoding=\"async\" src=\"http:\/\/portal.ana.gov.br\/_img\/ico_singreh.gif\" alt=\"\"><\/a><\/div>\n<div><a title=\"\" href=\"http:\/\/capacitacao.ana.gov.br\/\" target=\"_blank\" rel=\"noopener\">Capacita\u00e7\u00e3o<\/a><\/p>\n<div>para o SINGREH<\/div>\n<\/div>\n<\/div>\n<p>&nbsp;<\/p>\n<div>\n<div><a href=\"http:\/\/conjuntura.ana.gov.br\/\" target=\"_blank\" rel=\"noopener\"><img decoding=\"async\" src=\"http:\/\/portal.ana.gov.br\/_img\/icoConjuntura2015.gif\" alt=\"\"><\/a><\/div>\n<div><a title=\"\" href=\"http:\/\/conjuntura.ana.gov.br\/\" target=\"_blank\" rel=\"noopener\">Conjuntura<\/a><\/p>\n<div>dos Recursos H\u00eddricos<br \/>\nno Brasil<\/div>\n<\/div>\n<\/div>\n<p>&nbsp;<\/p>\n<div>\n<div><a href=\"http:\/\/portalpnqa.ana.gov.br\/\" target=\"_blank\" rel=\"noopener\"><img decoding=\"async\" src=\"http:\/\/portal2010.ana.gov.br\/_img\/ico_PNQA.gif\" alt=\"\"><\/a><\/div>\n<div><a title=\"\" href=\"http:\/\/portalpnqa.ana.gov.br\/\" target=\"_blank\" rel=\"noopener\">PNQA<\/a><\/p>\n<div>Programa de Avalia\u00e7\u00e3o<br \/>\nda Qualidade das \u00c1guas<\/div>\n<\/div>\n<\/div>\n<p>&nbsp;<\/p>\n<div>\n<div><a href=\"http:\/\/www.ana.gov.br\/prodes\/prodes2014.asp\" target=\"_blank\" rel=\"noopener\"><img decoding=\"async\" src=\"http:\/\/portal.ana.gov.br\/_img\/ico_prodes.gif\" alt=\"\"><\/a><\/div>\n<div><a title=\"\" href=\"http:\/\/www.ana.gov.br\/prodes\/prodes2014.asp\" target=\"_blank\" rel=\"noopener\">PRODES<\/a><\/p>\n<div>Programa Despolui\u00e7\u00e3o<br \/>\nde Bacias Hidrogr\u00e1ficas<\/div>\n<\/div>\n<\/div>\n<p>&nbsp;<\/p>\n<div>\n<div><a href=\"http:\/\/www.ana.gov.br\/produagua\/\" target=\"_blank\" rel=\"noopener\"><img decoding=\"async\" src=\"http:\/\/portal2010.ana.gov.br\/_img\/ico_produagua.gif\" alt=\"\"><\/a><\/div>\n<div><a title=\"\" href=\"http:\/\/www.ana.gov.br\/produagua\/\" target=\"_blank\" rel=\"noopener\">Programa Produtor<br \/>\nde \u00c1gua<\/a><\/div>\n<\/div>\n<p>&nbsp;<\/p>\n<div>\n<div><a href=\"http:\/\/www.snirh.gov.br\/\" target=\"_blank\" rel=\"noopener\"><img decoding=\"async\" src=\"http:\/\/portal2010.ana.gov.br\/_img\/ico_snirh.gif\" alt=\"\"><\/a><\/div>\n<div><a title=\"\" href=\"http:\/\/www.snirh.gov.br\/\" target=\"_blank\" rel=\"noopener\">Snirh<\/a><\/p>\n<div>Sistema Nacional de<br \/>\nInforma\u00e7\u00f5es sobre<br \/>\nRecursos H<\/div>\n<\/div>\n<\/div>\n<p>&nbsp;<\/p>\n<p>&nbsp;<\/p>\n<p>&nbsp;<\/p>\n<p>&nbsp;<\/p>\n<p>&nbsp;<\/p>\n<p>&nbsp;<\/p>\n<p>&nbsp;<\/p>\n<p>&nbsp;<\/p>\n","protected":false},"excerpt":{"rendered":"<p>O FONASC-CBH disponibiliza uma lista com muitos links \u00fateis e informa\u00e7\u00f5es relevantes no contexto do assunto &#8220;\u00e1guas no Brasil e&#8230;<\/p>\n","protected":false},"author":1,"featured_media":0,"parent":0,"menu_order":0,"comment_status":"closed","ping_status":"open","template":"","meta":{"footnotes":""},"_links":{"self":[{"href":"https:\/\/fonasc-cbh.org.br\/index.php?rest_route=\/wp\/v2\/pages\/386"}],"collection":[{"href":"https:\/\/fonasc-cbh.org.br\/index.php?rest_route=\/wp\/v2\/pages"}],"about":[{"href":"https:\/\/fonasc-cbh.org.br\/index.php?rest_route=\/wp\/v2\/types\/page"}],"author":[{"embeddable":true,"href":"https:\/\/fonasc-cbh.org.br\/index.php?rest_route=\/wp\/v2\/users\/1"}],"replies":[{"embeddable":true,"href":"https:\/\/fonasc-cbh.org.br\/index.php?rest_route=%2Fwp%2Fv2%2Fcomments&post=386"}],"version-history":[{"count":78,"href":"https:\/\/fonasc-cbh.org.br\/index.php?rest_route=\/wp\/v2\/pages\/386\/revisions"}],"predecessor-version":[{"id":24915,"href":"https:\/\/fonasc-cbh.org.br\/index.php?rest_route=\/wp\/v2\/pages\/386\/revisions\/24915"}],"wp:attachment":[{"href":"https:\/\/fonasc-cbh.org.br\/index.php?rest_route=%2Fwp%2Fv2%2Fmedia&parent=386"}],"curies":[{"name":"wp","href":"https:\/\/api.w.org\/{rel}","templated":true}]}}