{"id":3673,"date":"2012-04-28T04:55:02","date_gmt":"2012-04-28T04:55:02","guid":{"rendered":"http:\/\/fonasc-cbh.org.br\/?page_id=3673"},"modified":"2014-07-28T01:11:03","modified_gmt":"2014-07-28T01:11:03","slug":"para-que","status":"publish","type":"page","link":"https:\/\/fonasc-cbh.org.br\/?page_id=3673","title":{"rendered":"PARA QUE  E QUEM"},"content":{"rendered":"<p style=\"text-align: right;\" align=\"LEFT\"><img loading=\"lazy\" decoding=\"async\" class=\"alignright\" src=\"https:\/\/fonasc-cbh.org.br\/wp-content\/uploads\/esp.gif\" alt=\"\" width=\"50\" height=\"49\" \/><a href=\"https:\/\/fonasc-cbh.org.br\/?wpfb_dl=241\" target=\"_blank\">Espa\u00f1ol<\/a><\/p>\n<p><img loading=\"lazy\" decoding=\"async\" class=\"alignright\" src=\"https:\/\/fonasc-cbh.org.br\/wp-content\/uploads\/Bandeira-en_lang1.png\" alt=\"\" width=\"50\" height=\"40\" \/><\/p>\n<p style=\"text-align: right;\"><a href=\"https:\/\/fonasc-cbh.org.br\/?wpfb_dl=235\" target=\"_blank\">English<\/a><\/p>\n<p>&nbsp;<\/p>\n<p>PARA QUE O FONASC<\/p>\n<p align=\"LEFT\">I-\u00a0\u00a0<span style=\"color: #000000;\"><span style=\"font-family: DejaVuSans, sans-serif;\"><span style=\"font-size: x-small;\"><strong>Representar\u00a0 e fortalecer a atua\u00e7\u00e3o de cidad\u00e3os e entidades de interesse\u00a0 p\u00fablico ou privados que desenvolvem suas atividades no \u00e2mbito\u00a0 sociedade civil e estimulam a articipa\u00e7\u00e3o efetiva das mesmas nos\u00a0 sistemas de gest\u00e3o de recursos h\u00eddricos e no uso sustent\u00e1vel da\u00a0 \u00e1gua, garantindo a todos os seus integrantes os mesmos direitos e\u00a0 deveres.<\/strong><\/span><\/span><\/span><\/p>\n<p style=\"text-align: justify;\" align=\"JUSTIFY\">\u00a0 <span style=\"color: #000000;\"><span style=\"font-family: DejaVuSans, sans-serif;\"><span style=\"font-size: x-small;\"><strong>\u00a0\u00a0\u00a0\u00a0\u00a0II &#8211; zelar pela preserva\u00e7\u00e3o, conserva\u00e7\u00e3o e recupera\u00e7\u00e3o das \u00e1guas dos rios e pelo desenvolvimento sustent\u00e1vel.\u00a0<\/strong><\/span><\/span><\/span><\/p>\n<p style=\"text-align: justify;\" align=\"JUSTIFY\"><span style=\"color: #000000;\"><span style=\"font-family: DejaVuSans, sans-serif;\"><span style=\"font-size: x-small;\"><strong>\u00a0 \u00a0 \u00a0\u00a0<\/strong><\/span><\/span><\/span><strong style=\"font-size: x-small; font-family: DejaVuSans, sans-serif;\">III\u00a0\u00a0 &#8211; &#8211; defender e participar do sistema integrado de gerenciamento dos recursos h\u00eddricos das diversas hidrogr\u00e1ficas seja estadual, nacional e transnacional que congregam os \u00f3rg\u00e3os governamentais e a sociedade civil.<\/strong><\/p>\n<p style=\"text-align: justify;\" align=\"JUSTIFY\">\u00a0<span style=\"color: #000000;\"><span style=\"font-family: DejaVuSans, sans-serif;\"><span style=\"font-size: x-small;\"><strong>\u00a0\u00a0\u00a0\u00a0 \u00a0IV &#8211;\u00a0 defender que seja assegurado meios financeiros e institucionais para o bom andamento do sistema integrado gest\u00e3o dos recursos h\u00eddricos para a participa\u00e7\u00e3o da sociedade civil atrav\u00e9s das suas organiza\u00e7\u00f5es representativas.<\/strong><\/span><\/span><\/span><\/p>\n<p style=\"text-align: justify;\" align=\"JUSTIFY\">\u00a0\u00a0\u00a0\u00a0\u00a0 <span style=\"color: #000000;\"><span style=\"font-family: DejaVuSans, sans-serif;\"><span style=\"font-size: x-small;\"><strong>V &#8211; fomentar a utiliza\u00e7\u00e3o racional das \u00e1guas, o reconhecimento do seu valor social, seus usos m\u00faltiplos, a gest\u00e3o descentralizada, participativa e integrada \u00e0 sa\u00fade e a seguran\u00e7a alimentar e social .<\/strong><\/span><\/span><\/span><\/p>\n<p style=\"text-align: justify;\" align=\"JUSTIFY\">\u00a0\u00a0\u00a0\u00a0 <span style=\"color: #000000;\"><span style=\"font-family: DejaVuSans, sans-serif;\"><span style=\"font-size: x-small;\"><strong>VI &#8211; estimular a ado\u00e7\u00e3o da bacia hidrogr\u00e1fica como unidade de gerenciamento territorial de planejamento gerenciamento administrativo e ambiental para todo o territ\u00f3rio nacional.\u00a0<\/strong><\/span><\/span><\/span><\/p>\n<p style=\"text-align: justify;\" align=\"JUSTIFY\"><span style=\"color: #000000;\"><span style=\"font-family: DejaVuSans, sans-serif;\"><span style=\"font-size: x-small;\"><strong>\u00a0\u00a0\u00a0 VII\u00a0 &#8211; promover interc\u00e2mbio entre os integrantes do F\u00d3RUM, por meio de comunica\u00e7\u00f5es, mobiliza\u00e7\u00f5es, eventos e outras atividades. <\/strong><\/span><\/span><\/span><\/p>\n<p style=\"text-align: justify;\" align=\"JUSTIFY\">\u00a0\u00a0 <span style=\"color: #000000;\"><span style=\"font-family: DejaVuSans, sans-serif;\"><span style=\"font-size: x-small;\"><strong>VIII\u00a0 &#8211;\u00a0 desenvolver articula\u00e7\u00f5es pol\u00edticas, por meio de a\u00e7\u00f5es coordenadas, com entidades locais, regionais, nacionais entidades estrangeiras que tenham objetivos e atividades semelhantes.<\/strong><\/span><\/span><\/span><\/p>\n<p style=\"text-align: justify;\" align=\"JUSTIFY\">\u00a0\u00a0\u00a0 <span style=\"color: #000000;\"><span style=\"font-family: DejaVuSans, sans-serif;\"><span style=\"font-size: x-small;\"><strong>IX\u00a0 &#8211; promover ou patrocinar debates, confer\u00eancias, semin\u00e1rios, cursos, congressos e atividades afins.\u00a0<\/strong><\/span><\/span><\/span><\/p>\n<p style=\"text-align: justify;\" align=\"JUSTIFY\"><span style=\"color: #000000;\"><span style=\"font-family: DejaVuSans, sans-serif;\"><span style=\"font-size: x-small;\"><strong>\u00a0\u00a0\u00a0\u00a0\u00a0 X\u00a0\u00a0 &#8211; cooperar ativamente com organiza\u00e7\u00f5es, p\u00fablicas ou privadas, nacionais ou estrangeiras, cujos objetivos compat\u00edveis com os do FONASC-CBH &#8211; FORUM NACIONAL DA SOCIEDADE CIVIL NA GESTAO DE BACIAS HIDROGR\u00c1FICAS para alcan\u00e7ar suas finalidades e objetivos.<\/strong><\/span><\/span><\/span><\/p>\n<p style=\"text-align: justify;\" align=\"JUSTIFY\">\u00a0\u00a0\u00a0 <span style=\"color: #000000;\"><span style=\"font-family: DejaVuSans, sans-serif;\"><span style=\"font-size: x-small;\"><strong>XI &#8211;\u00a0 propor e apoiar alternativas de desenvolvimento sustent\u00e1vel.\u00a0<\/strong><\/span><\/span><\/span><\/p>\n<p style=\"text-align: justify;\" align=\"JUSTIFY\"><span style=\"color: #000000;\"><span style=\"font-family: DejaVuSans, sans-serif;\"><span style=\"font-size: x-small;\"><strong>\u00a0\u00a0 <\/strong><\/span><\/span><\/span><span style=\"color: #000000;\"><span style=\"font-family: DejaVuSans, sans-serif;\"><span style=\"font-size: x-small;\"><strong>XII &#8211; executar, acompanhar, coordenar, formar parcerias com outras organiza\u00e7\u00f5es para o planejamento e execu\u00e7\u00e3o projetos, pesquisas e estudos especializados no que se refere aos temas de interesse p\u00fablico, bem como desenvolvimento sustent\u00e1vel, da tecnologia, da capacita\u00e7\u00e3o de recursos humanos, de educa\u00e7\u00e3o ambiental e em quest\u00f5es referentes \u00e0s pol\u00edticas p\u00fablicas. <\/strong><\/span><\/span><\/span><\/p>\n<p style=\"text-align: justify;\" align=\"JUSTIFY\">\u00a0 <span style=\"color: #000000;\"><span style=\"font-family: DejaVuSans, sans-serif;\"><span style=\"font-size: x-small;\"><strong>XIII &#8211;\u00a0 defender o reconhecimento da \u00e1gua como um bem p\u00fablico finito, de valor social, respeitando os aspectos qualidade e quantidade e as peculiaridades de cada bacia hidrogr\u00e1fica e o princ\u00edpio de gest\u00e3o descentralizada integrada.<\/strong><\/span><\/span><\/span><\/p>\n<p style=\"text-align: justify;\" align=\"JUSTIFY\">\u00a0 <span style=\"color: #000000;\"><span style=\"font-family: DejaVuSans, sans-serif;\"><span style=\"font-size: x-small;\"><strong>XIV &#8211;\u00a0 criar manter e disponibilizar um banco de dados atualizado com refer\u00eancias das entidades que atuam na gest\u00e3o das \u00e1guas no pa\u00eds, atividades desenvolvidas, proporcionando a troca de experi\u00eancia. <\/strong><\/span><\/span><\/span><\/p>\n<p style=\"text-align: justify;\" align=\"JUSTIFY\">\u00a0\u00a0 <span style=\"color: #000000;\"><span style=\"font-family: DejaVuSans, sans-serif;\"><span style=\"font-size: x-small;\"><strong>XV\u00a0 &#8211;\u00a0 Mobilizar, defender e articular nacionalmente as representa\u00e7\u00f5es da sociedade civil e os movimentos sociais pa\u00eds, nas inst\u00e2ncias de gest\u00e3o das bacias hidrogr\u00e1ficas ou fora delas, para que elas possam atuar eficientemente competentemente na gest\u00e3o das \u00e1guas. <\/strong><\/span><\/span><\/span><\/p>\n<p style=\"text-align: justify;\" align=\"JUSTIFY\">\u00a0\u00a0 <span style=\"color: #000000;\"><span style=\"font-family: DejaVuSans, sans-serif;\"><span style=\"font-size: x-small;\"><strong>XVI\u00a0 &#8211; Acompanhar e se representar junto \u00e0s a\u00e7\u00f5es, os projetos e a implementa\u00e7\u00e3o de pol\u00edticas p\u00fablicas voltadas preserva\u00e7\u00e3o ambiental e das \u00c1GUAS.\u00a0 <\/strong><\/span><\/span><\/span><\/p>\n<p style=\"text-align: justify;\" align=\"JUSTIFY\">\u00a0 <span style=\"color: #000000;\"><span style=\"font-family: DejaVuSans, sans-serif;\"><span style=\"font-size: x-small;\"><strong>XVII &#8211;\u00a0 Reivindicar maior reconhecimento por parte do Estado em suas v\u00e1rias inst\u00e2ncias do direito do FONASC demais representa\u00e7\u00f5es da sociedade civil, de participar e de se representarem, de se mobilizarem, de se articularem de se manifestar em todos os n\u00edveis de decis\u00e3o ou de delibera\u00e7\u00f5es relacionadas \u00e0 gest\u00e3o de recursos h\u00eddricos no XVIII <\/strong><\/span><\/span><\/span><\/p>\n<p style=\"text-align: justify;\" align=\"JUSTIFY\"><span style=\"color: #000000;\"><span style=\"font-family: DejaVuSans, sans-serif;\"><span style=\"font-size: x-small;\"><strong>\u00a0 XVII &#8211; Concorrer para que as a\u00e7\u00f5es e delibera\u00e7\u00f5es dos comit\u00eas de bacias hidrogr\u00e1ficas sejam pautadas prioritariamente no fortalecimento da cidadania e nos interesses das comunidades<br \/>\nharmonizando-se com desenvolvimento geral sustent\u00e1vel e equilibrado.<\/strong><\/span><\/span><\/span><\/p>\n<p style=\"text-align: justify;\" align=\"JUSTIFY\">\u00a0\u00a0 <span style=\"color: #000000;\"><span style=\"font-size: x-small;\"><strong><span style=\"font-family: DejaVuSans, sans-serif;\">XIX &#8211;\u00a0 Organizar, apoiar, Instituir e participar de Redes de Entidades e organiza\u00e7\u00f5es sociais cong\u00eaneres, comunguem dos mesmos objetivos institucionais.<\/span><\/strong><\/span><\/span><\/p>\n<p align=\"JUSTIFY\"><span style=\"color: #000000;\"><span style=\"font-size: x-small;\"><span style=\"font-family: DejaVuSans, sans-serif;\">FONTES :<\/span><\/span><\/span><span style=\"color: #000000;\">\u00a0<span style=\"font-size: x-small;\"><strong><span style=\"font-family: DejaVuSans, sans-serif;\"><span style=\"font-size: xx-small;\">Estatuto<\/span><\/span><\/strong><\/span><\/span><\/p>\n<p>*Documentos de encontros nacionais<\/p>\n<p>&nbsp;<\/p>\n<p align=\"JUSTIFY\"><span style=\"color: #000000;\"><span style=\"font-size: x-small;\"><strong><span style=\"font-family: DejaVuSans, sans-serif;\"><span style=\"font-size: xx-small;\">dispon\u00edvel em\u00a0 documentos oficiais fonasc <a title=\"para que \" href=\"https:\/\/fonasc-cbh.org.br\/?page_id=289\" target=\"_blank\">clic aqui<\/a> ou\u00a0 <a title=\"para que \" href=\"https:\/\/docs.google.com\/open?id=0B66TtT_YnoXvSk1wZlJMeTRabDg\" target=\"_blank\">baixe aqui <\/a><\/span><\/span><\/strong><\/span><\/span><\/p>\n<p>&nbsp;<\/p>\n<blockquote><p><!--more-->O FONASC SE PROP\u00d5EM A CAPACITAR MOBILIZAR ARTICULAR REPRESETNAR E IONCLUIR CIDAD\u00c3OS E SUAS ORGANIZA\u00c7\u00d5ES LOCAIS REGIONAIS E NACIONAIS PARA ATUA\u00c7\u00c3O QUALIFICADA NA SOCIEDADE E NO \u00c2MBITO DAS POL\u00cdTICAS P\u00daPLICAS E NA TOMADA DE DECIS\u00d5ES SOBRE OS USOS DAS AGUAS E DOS RIOS COMO BEM P\u00daBLICO BEM COMO, PARA GARANTIR O SEU VALOR SOCIAL E DIREITO HUMANO E NATURAL CONRTAPONDO-SE AO PROCESSO ATUAL DE SUA MERCANTILIZA\u00c7\u00c3O E MEIO DE EXCLUS\u00c3O SOCIAL.<\/p><\/blockquote>\n","protected":false},"excerpt":{"rendered":"<p>Espa\u00f1ol English &nbsp; PARA QUE O FONASC I-\u00a0\u00a0Representar\u00a0 e fortalecer a atua\u00e7\u00e3o de cidad\u00e3os e entidades de interesse\u00a0 p\u00fablico ou&#8230;<\/p>\n","protected":false},"author":3,"featured_media":0,"parent":3001,"menu_order":0,"comment_status":"open","ping_status":"open","template":"","meta":{"footnotes":""},"_links":{"self":[{"href":"https:\/\/fonasc-cbh.org.br\/index.php?rest_route=\/wp\/v2\/pages\/3673"}],"collection":[{"href":"https:\/\/fonasc-cbh.org.br\/index.php?rest_route=\/wp\/v2\/pages"}],"about":[{"href":"https:\/\/fonasc-cbh.org.br\/index.php?rest_route=\/wp\/v2\/types\/page"}],"author":[{"embeddable":true,"href":"https:\/\/fonasc-cbh.org.br\/index.php?rest_route=\/wp\/v2\/users\/3"}],"replies":[{"embeddable":true,"href":"https:\/\/fonasc-cbh.org.br\/index.php?rest_route=%2Fwp%2Fv2%2Fcomments&post=3673"}],"version-history":[{"count":14,"href":"https:\/\/fonasc-cbh.org.br\/index.php?rest_route=\/wp\/v2\/pages\/3673\/revisions"}],"predecessor-version":[{"id":3675,"href":"https:\/\/fonasc-cbh.org.br\/index.php?rest_route=\/wp\/v2\/pages\/3673\/revisions\/3675"}],"up":[{"embeddable":true,"href":"https:\/\/fonasc-cbh.org.br\/index.php?rest_route=\/wp\/v2\/pages\/3001"}],"wp:attachment":[{"href":"https:\/\/fonasc-cbh.org.br\/index.php?rest_route=%2Fwp%2Fv2%2Fmedia&parent=3673"}],"curies":[{"name":"wp","href":"https:\/\/api.w.org\/{rel}","templated":true}]}}