{"id":3575,"date":"2012-04-22T02:27:04","date_gmt":"2012-04-22T02:27:04","guid":{"rendered":"http:\/\/fonasc-cbh.org.br\/?page_id=3575"},"modified":"2012-11-09T04:46:26","modified_gmt":"2012-11-09T04:46:26","slug":"galeria-de-coordenadores","status":"publish","type":"page","link":"https:\/\/fonasc-cbh.org.br\/?page_id=3575","title":{"rendered":"GALERIA DE COORDENADORES"},"content":{"rendered":"<p>(p\u00c1GINA EM CONSTRU\u00c7\u00c3O ) MAIS INFORMA\u00c7\u00d5ES CONSULTE <a title=\"DOCV\" href=\"https:\/\/fonasc-cbh.org.br\/?page_id=289\" target=\"_blank\">DOCUMENTOS<\/a><\/p>\n<p>2001 -2002<\/p>\n<p><a title=\"vurrc\" href=\"https:\/\/fonasc-cbh.org.br\/?wpfb_dl=191\" target=\"_blank\">JOAO CLIMACO SOARES DE MENDONCA FILHO<\/a> ,LAZARO TADEU &#8211; MARIA DO CARMO USTCHI &#8211;\u00a0\u00a0<\/p>\n<p>2002-2004<\/p>\n<p><a title=\"vurrc\" href=\"https:\/\/fonasc-cbh.org.br\/?wpfb_dl=191\" target=\"_blank\">JOAO CLIMACO SOARES DE MENDONCA FILHO<\/a> ,<a title=\"cvurric\" href=\"https:\/\/fonasc-cbh.org.br\/?wpfb_dl=185\" target=\"_blank\">TEREZA CRISTHINA DA SILVA P CASTRO <\/a>&#8211; WALMIR DO CARMO\u00a0<\/p>\n<p>2004-2006<\/p>\n<p><a title=\"vurrc\" href=\"https:\/\/fonasc-cbh.org.br\/?wpfb_dl=191\" target=\"_blank\">JOAO CLIMACO SOARES DE MENDONCA FILHO<\/a> ,<a title=\"cvurric\" href=\"https:\/\/fonasc-cbh.org.br\/?wpfb_dl=185\" target=\"_blank\">TEREZA CRISTHINA DA SILVA P CASTRO <\/a>&#8211; <a title=\"LAUARA\" href=\"C:\\Users\\win-7\\Desktop\\curriculos\\Curr\u00ddculos\\Rafael_arquivos\\Curriculo Laura.htm\" target=\"_blank\">LAURA JESUS MOURA<\/a>\u00a0&#8211; RAFAEL FILIPIN<\/p>\n<p>2006-2010<\/p>\n<p><a title=\"vurrc\" href=\"https:\/\/fonasc-cbh.org.br\/?wpfb_dl=191\" target=\"_blank\">JOAO CLIMACO SOARES DE MENDONCA FILHO<\/a> ,<a title=\"cvurric\" href=\"https:\/\/fonasc-cbh.org.br\/?wpfb_dl=185\" target=\"_blank\">TEREZA CRISTHINA DA SILVA P CASTRO\u00a0<\/a>\u00a0&#8211;\u00a0<a title=\"LAUARA\" href=\"file:\/\/\/C:\/Users\/win-7\/Desktop\/curriculos\/Curr\u00ddculos\/Rafael_arquivos\/Curriculo%20Laura.htm\" target=\"_blank\">LAURA JESUS MOURA<\/a> &#8211; RAFAEL FILIPIN<\/p>\n<p>2010-20013<\/p>\n<p><a title=\"vurrc\" href=\"https:\/\/fonasc-cbh.org.br\/?wpfb_dl=191\" target=\"_blank\">JOAO CLIMACO SOARES DE MENDONCA FILHO<\/a> ,<a title=\"cvurric\" href=\"https:\/\/fonasc-cbh.org.br\/?wpfb_dl=185\" target=\"_blank\">TEREZA CRISTHINA DA SILVA P CASTRO <\/a>&#8211; <a title=\"LAUARA\" href=\"file:\/\/\/C:\/Users\/win-7\/Desktop\/curriculos\/Curr\u00ddculos\/Rafael_arquivos\/Curriculo%20Laura.htm\" target=\"_blank\">LAURA JESUS MOURA<\/a> &#8211; RAFAEL FILIPIN<\/p>\n","protected":false},"excerpt":{"rendered":"<p>(p\u00c1GINA EM CONSTRU\u00c7\u00c3O ) MAIS INFORMA\u00c7\u00d5ES CONSULTE DOCUMENTOS 2001 -2002 JOAO CLIMACO SOARES DE MENDONCA FILHO ,LAZARO TADEU &#8211; MARIA&#8230;<\/p>\n","protected":false},"author":3,"featured_media":0,"parent":2,"menu_order":0,"comment_status":"closed","ping_status":"open","template":"","meta":{"footnotes":""},"_links":{"self":[{"href":"https:\/\/fonasc-cbh.org.br\/index.php?rest_route=\/wp\/v2\/pages\/3575"}],"collection":[{"href":"https:\/\/fonasc-cbh.org.br\/index.php?rest_route=\/wp\/v2\/pages"}],"about":[{"href":"https:\/\/fonasc-cbh.org.br\/index.php?rest_route=\/wp\/v2\/types\/page"}],"author":[{"embeddable":true,"href":"https:\/\/fonasc-cbh.org.br\/index.php?rest_route=\/wp\/v2\/users\/3"}],"replies":[{"embeddable":true,"href":"https:\/\/fonasc-cbh.org.br\/index.php?rest_route=%2Fwp%2Fv2%2Fcomments&post=3575"}],"version-history":[{"count":11,"href":"https:\/\/fonasc-cbh.org.br\/index.php?rest_route=\/wp\/v2\/pages\/3575\/revisions"}],"predecessor-version":[{"id":5023,"href":"https:\/\/fonasc-cbh.org.br\/index.php?rest_route=\/wp\/v2\/pages\/3575\/revisions\/5023"}],"up":[{"embeddable":true,"href":"https:\/\/fonasc-cbh.org.br\/index.php?rest_route=\/wp\/v2\/pages\/2"}],"wp:attachment":[{"href":"https:\/\/fonasc-cbh.org.br\/index.php?rest_route=%2Fwp%2Fv2%2Fmedia&parent=3575"}],"curies":[{"name":"wp","href":"https:\/\/api.w.org\/{rel}","templated":true}]}}