{"id":3456,"date":"2012-04-14T22:34:13","date_gmt":"2012-04-14T22:34:13","guid":{"rendered":"http:\/\/fonasc-cbh.org.br\/?page_id=3456"},"modified":"2013-02-13T17:50:17","modified_gmt":"2013-02-13T17:50:17","slug":"plataformadhesca","status":"publish","type":"page","link":"https:\/\/fonasc-cbh.org.br\/?page_id=3456","title":{"rendered":"plataformadhesca"},"content":{"rendered":"<p><strong>COMUNICADO 005-\u00a02012<\/strong><\/p>\n<p style=\"text-align: justify;\"><strong>A COORDENACAO\u00a0 DO FONASC CUMPRIMENTA OS COMPANHEIROS EEITOS PARA A MISSAO DA PLATAFORMA DHESCA 2012 E AGRADECE AS MANIFESTACOES DE APOIO E VOTOSDE DEZENAS DE COMPANHEIROS E ENTIDADES DE TODO O PA\u00cdS A CANDIDATURA DE NOSSO COORDENADOR JOAO CLIMACO\u00a0\u00a0\u00a0\u00a0<\/strong><\/p>\n<p style=\"text-align: justify;\">\n<p><strong>COMUNICADO FONASC 04\/2012<\/strong><\/p>\n<p style=\"text-align: justify;\"><strong>Acesse o <a title=\"ADIAMENTO \" href=\"https:\/\/docs.google.com\/a\/fonasc-cbh.org.br\/file\/d\/0B66TtT_YnoXva3J5aWdYYWFWZ2M\/edit\" target=\"_blank\">COMUNICADO DA PLATAFORMA DHESCA ADIAMENTO<\/a>\u00a0<\/strong><strong><a title=\"ADIAMENTO \" href=\"https:\/\/docs.google.com\/a\/fonasc-cbh.org.br\/file\/d\/0B66TtT_YnoXva3J5aWdYYWFWZ2M\/edit\" target=\"_blank\">DO PRAZO DE REMESSA DE MANIFESTA\u00c7\u00c3O DE APOIO\u00a0<\/a>\u00a0<\/strong><strong>PARA 3 DE <\/strong><strong>MAIO <\/strong><\/p>\n<p><strong>Prezados Amigos Parceiros e incentivadores de nosso trabalho e do Fonasc <\/strong><\/p>\n<p style=\"text-align: justify;\"><strong>Com o adiamento do prazo para AVALIA\u00c7\u00c3O dos candidatos indicados estamos prorrogando o prazo para\u00a0\u00a0\u00a0remessa de indica\u00e7\u00f5es para a relatoria da plataforma dhesca de direitos humanos at\u00e9 03 de maio.\u00a0Criou-se um lapso de tempo em que n\u00e3o foi informado se suspendariamos \u00a0as mesmas ou n\u00e3o . Diante dessa situa\u00e7\u00e3o\u00a0 pedimos aos companheiros e parceiros do FONASC A CONTINUIDADE DE REMESSA DE INDICA\u00c7\u00d5ES avalizando o nome de nosso coordenador JOAO CLIMACO SOARES DE MENDONCA FILHO \u00a0para a miss\u00e3o da relatoria de direitos humanos\u00a0at\u00e9 essa nova data, salvo\u00a0 alguma orienta\u00e7\u00e3o em contr\u00e1rio. Ficamos deverasmente\u00a0 supreendidos com in\u00fameras manifesta\u00e7\u00f5es de apoio\u00a0e reconhecimento ao nosso trabalho e continuaremos nos esfor\u00e7ando para que na RELATORIA DE DIREITOS HUMANOS consigamos juntamente com outras redes e movimentos sociais implementar e construir a conquista de direitos sociais e ambientais . Veja acima\u00a0 a correpondencia da Plataforma Dhesca e abaixo\u00a0, sugest\u00f5es e orienta\u00e7\u00e3o para encaminhamentos de correspondencia de apoio.<\/strong><\/p>\n<p>&nbsp;<\/p>\n<p><strong>COMUNICADO FONASC- 03 \/2012 <\/strong><\/p>\n<p><strong>APOIE A CANDIDATURA DO Soci\u00f3logo\u00a0 <\/strong><strong>JO\u00c3O CLIMACO PELO FONASC \u00c0\u00a0 <\/strong><strong>RELATORIA DA PLANTAFORMA DHESCA BRASIL <\/strong><\/p>\n<p>manifeste-se remetendo email para:<\/p>\n<p><a href=\"http:\/\/mce_host\/compose?to=projetorelatores@dhescbrasil.org.br\" target=\"_blank\">secretaria@dhescbrasil.org.br,<\/a><\/p>\n<p>c\/c <a href=\"mailto:fonasc-cbh@fonasc-cbh.org.br\">fonasc-cbh@fonasc-cbh.org.br<\/a><\/p>\n<p>&nbsp;<\/p>\n<p style=\"text-align: justify;\"><strong><em>Prezados Amigos, parceiros , apoiadores , filiados\u00a0<\/em><\/strong><strong><em>\u00a0e simpatizantes do trabalho do FONASC no Brasil.<\/em><\/strong><\/p>\n<p style=\"text-align: justify;\"><strong>Estamos pedindo sua manifesta\u00e7\u00e3o e encaminhamento a PLATAFORMA DHESCA.(<\/strong>A <strong>Plataforma Dhesca Brasil<\/strong>, rede brasileira formada por 34 entidades de Direitos Humanos e Cap\u00edtulo brasileiro da PIDHDD \u2013 <em>Plataforma Interamericana de Derechos Humanos Democracia y Desarrollo)<\/em><strong>manifesta\u00e7\u00e3o de apoio ao nome de nosso Coordenador JOAO CLIMACO SOARES DE MENDONCA FILHO para exerc\u00edcio da RELATORIA DE DIREITOS HUMANOS no segmento MEIO AMBIENTE.<\/strong><\/p>\n<p style=\"text-align: justify;\"><strong>O QUE \u00c9 : <\/strong>As Relatorias Nacionais em Direitos Humanos s\u00e3o uma iniciativa da Plataforma Dhesca Brasil iniciada em 2002. Sua miss\u00e3o \u00e9 ser um instrumento de amplia\u00e7\u00e3o e exigibilidade dos Direitos Humanos no Brasil, tendo em vista sua realiza\u00e7\u00e3o integral (promo\u00e7\u00e3o, prote\u00e7\u00e3o e repara\u00e7\u00e3o) para todas e todos, por meio da an\u00e1lise e da articula\u00e7\u00e3o de situa\u00e7\u00f5es de viola\u00e7\u00f5es locais de direitos humanos \u2013 casos emblem\u00e1ticos \u2013 com a situa\u00e7\u00e3o geral desses direitos no pa\u00eds.\u00c9 uma fun\u00e7\u00e3o volunt\u00e1ria<\/p>\n<p style=\"text-align: justify;\"><strong>OBJETIVOS<\/strong>: O mandato do relator tem como objetivo contribuir para que o Brasil adote um padr\u00e3o de respeito aos direitos humanos com base na Constitui\u00e7\u00e3o Federal de 1988, no Plano Nacional de Direitos Humanos 3 e nos tratados internacionais de prote\u00e7\u00e3o aos direitos humanos ratificados pelo pa\u00eds, utilizando-se para tanto de mecanismos de controle da sua exigibilidade.<\/p>\n<p style=\"text-align: justify;\"><strong>O QUE FAZ O RELATOR<\/strong> &#8211; a\u00e7\u00e3o integrada das Relatorias no acompanhamento de casos de agress\u00e3o ao meio ambiente e aos direitos humanos e a an\u00e1lise do conjunto de viola\u00e7\u00f5es de direitos nos casos investigados.<\/p>\n<p>S\u00e3o escolhidas(os) 5 (cinco) Relatoras(es) Nacionais de Direitos Humanos, com trajet\u00f3ria de atua\u00e7\u00e3o nas \u00e1reas indicadas:<\/p>\n<ol>\n<li style=\"text-align: justify;\"><strong>Direito Humano \u00e0 Terra ,Territ\u00f3rio e Alimenta\u00e7\u00e3o,2.Direito Humano \u00e0 Educa\u00e7\u00e3o,3. Direito Humano \u00e0 Cidade-4-. Direito Humano \u00e0 Sa\u00fade (Direitos Sexuais e Reprodutivos)- e a RELATORIA SOBRE DIREITO HUIMANO AO MEIO AMBIENTE.A candidatura do Companheiro Jo\u00e3o Cl\u00edmaco \u00e9 para Relatoria de Meio Ambiente.<\/strong><\/li>\n<\/ol>\n<p><strong>COMO \u00c9 ESCOLHIDO O RELATOR \u2013 INDICA\u00c7\u00d5ES<\/strong><\/p>\n<p style=\"text-align: justify;\">\u00a0<strong>I FASE &#8211; <\/strong>As redes, organiza\u00e7\u00f5es ou f\u00f3runs propuseram nomes dos candidatos \u00e0 Relatoria e enviaram formul\u00e1rio de indica\u00e7\u00e3o, acompanhado de cartas de recomenda\u00e7\u00e3o, dos curr\u00edculos dos(as) candidatos(as) e dos Planos de a\u00e7\u00e3o\/trabalho, at\u00e9 o dia 04 de Abril para o endere\u00e7o da :Secretaria Executiva da Plataforma Dhesca Brasil \/ Relatorias Nacionais em DhESCA -Rua Des. Ermelino de Le\u00e3o, 15, conj. 72 \u2013 Centro \u2013 Curitiba =: CEP: 80410-230 \u2013 Curitiba\/PR \u2013 Brasil.<\/p>\n<p style=\"text-align: justify;\"><strong>II \u2013 FASE<\/strong> \u2013 O COMPANHEIRO SOCI\u00d3LOGO JO\u00c3O CLIMACO foi indicado pelo FONASC-CBH e pela RBJA \u2013 Rede Brasileira de Justi\u00e7a Ambiental juntamente com outras candidatura de outras redes. O Conselho de Sele\u00e7\u00e3o das Relatorias Nacionais em DhESCA que \u00e9 composto pela Coordena\u00e7\u00e3o colegiada da Plataforma Dhesca; Comiss\u00e3o de Direitos Humanos da C\u00e2mara dos Deputados; Comiss\u00e3o de Direitos Humano do Senado Federal; Secretaria Especial de Direitos Humanos; Procuradoria Geral dos Direitos do Cidad\u00e3o; Divis\u00e3o de Direitos Humanos do Minist\u00e9rio das Rela\u00e7\u00f5es Exteriores; e sete organismos da Organiza\u00e7\u00e3o das Na\u00e7\u00f5es Unidas vinculados a direitos humanos econ\u00f4micos, sociais e culturais e ambientais: OMS\/OPAS; UNICEF; UNESCO; PNUD; UNV; FAO; OIT.<\/p>\n<p style=\"text-align: justify;\"><strong>III FASE \u2013<\/strong> Agora \u00e9 importante seu apoio e manifesta\u00e7\u00e3o de quantas entidades e cidad\u00e3os cong\u00eaneres no pa\u00eds poderem se manifestar \u00e0 Secretaria da Plataforma DHESCA no Brasil enviando carta de apoio e recomenda\u00e7\u00e3o diretamente ao endere\u00e7o : PLATAFORMA DESCHA BRASIL &#8211; CEP: 80410-230 \u2013 Curitiba\/PR \u2013 Brasil ou atrav\u00e9s do email: <a href=\"http:\/\/mce_host\/compose?to=projetorelatores@dhescbrasil.org.br\" target=\"_blank\">secretaria@dhescbrasil.org.br<\/a> sem esquecer de tamb\u00e9m remeter com c\u00f3pia para o email : <a href=\"mailto:fonasc-cbh@fonasc-cbh.org.br\">fonasc-cbh@fonasc-cbh.org.br<\/a>. Poder\u00e3o manifestar-se cidad\u00e3os e organiza\u00e7\u00f5es, f\u00f3runs , redes e grupos sociais comprometidos e vinculadas a quet\u00e3o ambiental , das \u00e1gua e dos direitos humanos de qualquer regi\u00e3o e lugar do territ\u00f3rio nacional.<\/p>\n<p style=\"text-align: justify;\">\u00a0<strong>OBS : VOCE PODE MANIFESTAR DIRETAMENTE AO FONASC ENCAMINHANDO sua correspond\u00eancia ou seu texto identificado, assinar abaixo assinado para <a href=\"mailto:fonasc-cbh@fonasc-cbh.org.br\">fonasc-cbh@fonasc-cbh.org.br<\/a> e obter mais informa\u00e7\u00f5es acessando as p\u00e1ginas do FONASC \u2013 NO LINKs<\/strong><\/p>\n<p><a href=\"https:\/\/fonasc-cbh.org.br\/?wpfb_dl=101\">https:\/\/fonasc-cbh.org.br\/?wpfb_dl=101<\/a><\/p>\n<p><a href=\"https:\/\/fonasc-cbh.org.br\/?wpfb_dl=102\">https:\/\/fonasc-cbh.org.br\/?wpfb_dl=102<\/a>\u00a0&#8211; minicurriculo e plano de trabalho<br \/>\n<a href=\"https:\/\/fonasc-cbh.org.br\/?wpfb_dl=100\">https:\/\/fonasc-cbh.org.br\/?wpfb_dl=100<\/a>\u00a0&#8211; modelo de correspond\u00eancia<\/p>\n<p><a href=\"https:\/\/fonasc-cbh.org.br\/?wpfb_dl=107\">https:\/\/fonasc-cbh.org.br\/?wpfb_dl=107<\/a>\u00a0&#8211; plano de trabalho<\/p>\n<p><a href=\"http:\/\/www.dhescbrasil.org.br\/\">http:\/\/www.dhescbrasil.org.br\/<\/a>\u00a0&#8211; plataforma<br \/>\n<a href=\"https:\/\/fonasc-cbh.org.br\/?wpfb_dl=104\">https:\/\/fonasc-cbh.org.br\/?wpfb_dl=104<\/a><br \/>\n<a href=\"https:\/\/fonasc-cbh.org.br\/?wpfb_dl=106\">https:\/\/fonasc-cbh.org.br\/?wpfb_dl=106<\/a><br \/>\n<a href=\"https:\/\/fonasc-cbh.org.br\/?wpfb_dl=105\">https:\/\/fonasc-cbh.org.br\/?wpfb_dl=105<\/a><br \/>\n<a href=\"https:\/\/fonasc-cbh.org.br\/?wpfb_dl=103\">https:\/\/fonasc-cbh.org.br\/?wpfb_dl=103<\/a><br \/>\n<a href=\"http:\/\/www.fonasc-cbh.org.br\/\">http:\/\/www.fonasc-cbh.org.br<\/a>]<\/p>\n<p><strong>SUGEST\u00c3O E MODELO DE CORRESPOND\u00caNCIA A SER ENVIADA A PLATAFORMA DHESCA \u2013 BRASIL <\/strong><\/p>\n<p>Local e data<\/p>\n<p><strong>A Secretaria Executiva da Plataforma Dhesca<\/strong><\/p>\n<p><a href=\"http:\/\/mce_host\/compose?to=projetorelatores@dhescbrasil.org.br\" target=\"_blank\">secretaria@dhescbrasil.org.br<\/a><\/p>\n<p>c\/c <a href=\"mailto:fonasc-cbh@fonasc-cbh.org.br\">fonasc-cbh@fonasc-cbh.org.br<\/a><\/p>\n<p>&nbsp;<\/p>\n<p>&nbsp;<\/p>\n<p>A__________________________-\u00a0\u00a0 &#8211;______________________ENTIDADE<\/p>\n<p>_________________________________________ABAIXO REPREENTADA PELO\u00a0\u00a0\u00a0\u00a0SR________________________________IDENTIDADE__________<\/p>\n<p style=\"text-align: justify;\">ENDERE\u00c7O_______________________________________________v<strong>em recomendar e corroborar o nome do professor e soci\u00f3logo <\/strong><strong>Jo\u00e3o Cl\u00edmaco Soares de Mendon\u00e7a Filho<\/strong><strong> para exercer a fun\u00e7\u00e3o de Relator Nacional de Meio Ambiente junto a Plataforma DhESC BRASIL. <\/strong><\/p>\n<div>\n<p style=\"text-align: justify;\"><strong>O senhor Jo\u00e3o Cl\u00edmaco Soares de Mendon\u00e7a Filho<\/strong><strong> de conduta ilibada acumulou em sua trajet\u00f3ria profissional e de milit\u00e2ncia social a confian\u00e7a da sociedade civil organizada fruto do seu compromisso com cidad\u00e3os ,ONGs e movimentos sociais de todo pa\u00eds na perspectiva de potencializar suas habilidades e compet\u00eancias para a participa\u00e7\u00e3o na constru\u00e7\u00e3o e implementa\u00e7\u00e3o das pol\u00edtica p\u00fablicas atrav\u00e9s do controle social e do monitoramento das a\u00e7\u00f5es do Estado.<\/strong> Soma-se a esta confian\u00e7a A OP\u00c7\u00c3O de tempo do soci\u00f3logo Jo\u00e3o Cl\u00edmaco,sua capacidade de trabalho em especial em processos de participa\u00e7\u00e3o popular, como possibilidade de cria\u00e7\u00e3o, transforma\u00e7\u00e3o e controle social, tendo em perspectiva a constru\u00e7\u00e3o de espa\u00e7os p\u00fablicos nos quais os interesses diferenciados entram em disputa.<\/p>\n<p style=\"text-align: justify;\">Reiteramos nossos cumprimentos e nos colocamos a vossa disposi\u00e7\u00e3o para quaisquer esclarecimentos.<\/p>\n<p style=\"text-align: justify;\">Atenciosamente.<\/p>\n<p style=\"text-align: justify;\">\n<\/div>\n<table border=\"1\" cellspacing=\"0\" cellpadding=\"0\">\n<tbody>\n<tr>\n<td valign=\"top\" width=\"253\">Nome \u2013 CPF<\/td>\n<td valign=\"top\" width=\"142\">ENTIDADE<\/td>\n<td valign=\"top\" width=\"142\">EMAIL<\/td>\n<td valign=\"top\" width=\"125\">ASSINATURA<\/td>\n<\/tr>\n<tr>\n<td valign=\"top\" width=\"253\"><\/td>\n<td valign=\"top\" width=\"142\"><\/td>\n<td valign=\"top\" width=\"142\"><\/td>\n<td valign=\"top\" width=\"125\"><\/td>\n<\/tr>\n<tr>\n<td valign=\"top\" width=\"253\"><\/td>\n<td valign=\"top\" width=\"142\"><\/td>\n<td valign=\"top\" width=\"142\"><\/td>\n<td valign=\"top\" width=\"125\"><\/td>\n<\/tr>\n<tr>\n<td valign=\"top\" width=\"253\"><\/td>\n<td valign=\"top\" width=\"142\"><\/td>\n<td valign=\"top\" width=\"142\"><\/td>\n<td valign=\"top\" width=\"125\"><\/td>\n<\/tr>\n<tr>\n<td valign=\"top\" width=\"253\"><\/td>\n<td valign=\"top\" width=\"142\"><\/td>\n<td valign=\"top\" width=\"142\"><\/td>\n<td valign=\"top\" width=\"125\"><\/td>\n<\/tr>\n<\/tbody>\n<\/table>\n","protected":false},"excerpt":{"rendered":"<p>COMUNICADO 005-\u00a02012 A COORDENACAO\u00a0 DO FONASC CUMPRIMENTA OS COMPANHEIROS EEITOS PARA A MISSAO DA PLATAFORMA DHESCA 2012 E AGRADECE AS&#8230;<\/p>\n","protected":false},"author":3,"featured_media":0,"parent":35,"menu_order":0,"comment_status":"open","ping_status":"open","template":"","meta":{"footnotes":""},"_links":{"self":[{"href":"https:\/\/fonasc-cbh.org.br\/index.php?rest_route=\/wp\/v2\/pages\/3456"}],"collection":[{"href":"https:\/\/fonasc-cbh.org.br\/index.php?rest_route=\/wp\/v2\/pages"}],"about":[{"href":"https:\/\/fonasc-cbh.org.br\/index.php?rest_route=\/wp\/v2\/types\/page"}],"author":[{"embeddable":true,"href":"https:\/\/fonasc-cbh.org.br\/index.php?rest_route=\/wp\/v2\/users\/3"}],"replies":[{"embeddable":true,"href":"https:\/\/fonasc-cbh.org.br\/index.php?rest_route=%2Fwp%2Fv2%2Fcomments&post=3456"}],"version-history":[{"count":29,"href":"https:\/\/fonasc-cbh.org.br\/index.php?rest_route=\/wp\/v2\/pages\/3456\/revisions"}],"predecessor-version":[{"id":7077,"href":"https:\/\/fonasc-cbh.org.br\/index.php?rest_route=\/wp\/v2\/pages\/3456\/revisions\/7077"}],"up":[{"embeddable":true,"href":"https:\/\/fonasc-cbh.org.br\/index.php?rest_route=\/wp\/v2\/pages\/35"}],"wp:attachment":[{"href":"https:\/\/fonasc-cbh.org.br\/index.php?rest_route=%2Fwp%2Fv2%2Fmedia&parent=3456"}],"curies":[{"name":"wp","href":"https:\/\/api.w.org\/{rel}","templated":true}]}}