{"id":3279,"date":"2012-03-19T15:28:59","date_gmt":"2012-03-19T15:28:59","guid":{"rendered":"http:\/\/fonasc-cbh.org.br\/?page_id=3279"},"modified":"2013-03-30T17:58:35","modified_gmt":"2013-03-30T17:58:35","slug":"disputa-pelas-aguas","status":"publish","type":"page","link":"https:\/\/fonasc-cbh.org.br\/?page_id=3279","title":{"rendered":"DISPUTA  PELAS \u00c1GUAS"},"content":{"rendered":"<p style=\"text-align: justify;\"><strong>O FONASC ATRAV\u00c9S DE SEUS APOIADORES LOCAIS E COORDENA\u00c7\u00c3O NACIONAL MONITORA E ACOMPANHA <\/strong><strong>O CUMPRIMENTO OU DESCUMPRIMENTO DA LEGISLA\u00c7\u00c3O NAS DISPUTAS PELO USO DAS \u00c1GUAS P\u00daBLICAS DO BRASIL.<\/strong><\/p>\n<p style=\"text-align: justify;\"><strong>acesse : <a href=\"https:\/\/fonasc-cbh.org.br\/?p=1\">https:\/\/fonasc-cbh.org.br\/?p=1<\/a><\/strong><\/p>\n<p style=\"text-align: justify;\">\n","protected":false},"excerpt":{"rendered":"<p>O FONASC ATRAV\u00c9S DE SEUS APOIADORES LOCAIS E COORDENA\u00c7\u00c3O NACIONAL MONITORA E ACOMPANHA O CUMPRIMENTO OU DESCUMPRIMENTO DA LEGISLA\u00c7\u00c3O NAS&#8230;<\/p>\n","protected":false},"author":3,"featured_media":0,"parent":3003,"menu_order":0,"comment_status":"closed","ping_status":"open","template":"","meta":{"footnotes":""},"_links":{"self":[{"href":"https:\/\/fonasc-cbh.org.br\/index.php?rest_route=\/wp\/v2\/pages\/3279"}],"collection":[{"href":"https:\/\/fonasc-cbh.org.br\/index.php?rest_route=\/wp\/v2\/pages"}],"about":[{"href":"https:\/\/fonasc-cbh.org.br\/index.php?rest_route=\/wp\/v2\/types\/page"}],"author":[{"embeddable":true,"href":"https:\/\/fonasc-cbh.org.br\/index.php?rest_route=\/wp\/v2\/users\/3"}],"replies":[{"embeddable":true,"href":"https:\/\/fonasc-cbh.org.br\/index.php?rest_route=%2Fwp%2Fv2%2Fcomments&post=3279"}],"version-history":[{"count":16,"href":"https:\/\/fonasc-cbh.org.br\/index.php?rest_route=\/wp\/v2\/pages\/3279\/revisions"}],"predecessor-version":[{"id":3281,"href":"https:\/\/fonasc-cbh.org.br\/index.php?rest_route=\/wp\/v2\/pages\/3279\/revisions\/3281"}],"up":[{"embeddable":true,"href":"https:\/\/fonasc-cbh.org.br\/index.php?rest_route=\/wp\/v2\/pages\/3003"}],"wp:attachment":[{"href":"https:\/\/fonasc-cbh.org.br\/index.php?rest_route=%2Fwp%2Fv2%2Fmedia&parent=3279"}],"curies":[{"name":"wp","href":"https:\/\/api.w.org\/{rel}","templated":true}]}}