{"id":3204,"date":"2012-03-17T20:26:12","date_gmt":"2012-03-17T20:26:12","guid":{"rendered":"http:\/\/fonasc-cbh.org.br\/?page_id=3204"},"modified":"2015-10-23T03:47:55","modified_gmt":"2015-10-23T03:47:55","slug":"aguas-costeiras-e-estuarinas","status":"publish","type":"page","link":"https:\/\/fonasc-cbh.org.br\/?page_id=3204","title":{"rendered":"\u00c1GUAS COSTEIRAS E ESTUARINAS"},"content":{"rendered":"<p><strong>AGUAS COSTEIRAS E ESTUARINAS<\/strong><\/p>\n<p><strong>OBJETIVO\u00a0 DA CT-FONASC NO TEMA\u00a0 \u00c1guas Estuarinas \u00a0Costeiras\u2013C\u00e2mara T\u00e9cnica\u00a0 FONASC.COST:<\/strong><\/p>\n<p>&#8211; analisar e propor mecanismos de integra\u00e7\u00e3o das pol\u00edticas de gest\u00e3o de recursos h\u00eddricos e de gerenciamento costeiro, considerando tamb\u00e9m as demais pol\u00edticas p\u00fablicas incidentes;<br \/>\n&#8211; propor mecanismos de integra\u00e7\u00e3o dos instrumentos das pol\u00edticas e indicadores comuns para o gerenciamento de recursos h\u00eddricos na zona costeira e sistemas estuarinos;<br \/>\n&#8211; analisar e propor a\u00e7\u00f5es visando a minimiza\u00e7\u00e3o ou solu\u00e7\u00e3o de conflitos de uso de recursos h\u00eddricos na zona costeira e sistemas estuarinos; propor mecanismos de interc\u00e2mbio t\u00e9cnico e institucional entre as inst\u00e2ncias respons\u00e1veis pelas respectivas pol\u00edticas;<br \/>\n&#8211; analisar, estudar e emitir pareceres sobre assuntos afins;<br \/>\n&#8211; Availiar e apoiar o exerc\u00edcio das\u00a0\u00a0compet\u00eancias do CNRH neste tema que lhe forem especialmente delegadas pelo Plen\u00e1rio.<\/p>\n<p><strong><a title=\"aguas estuarinas e costeiras \" href=\"https:\/\/fonasc-cbh.org.br\/?p=2030\" target=\"_blank\">A\u00c7\u00d5ES EM CURSO: <\/a><\/strong><\/p>\n<p><strong><a title=\"CTCOST\" href=\"http:\/\/www.cnrh.gov.br\/sitio\/index.php?option=com_docman&amp;task=cat_view&amp;gid=71&amp;Itemid=9\" target=\"_blank\">ESTADO DA ARTE DAS DISCUSS\u00d5ES NO CNRH E CBHs no pa\u00eds<\/a><\/strong><\/p>\n<p>&nbsp;<\/p>\n<p>&nbsp;<\/p>\n<p><strong>REUNI\u00d5ES DE C\u00c3MARAS T\u00c9CNICAS\u00a0: <\/strong><\/p>\n<p><strong>DOCTOS FONASC EM 2011: N\u00e3o houveram reuni\u00e3o em 2011<\/strong><\/p>\n<p><strong>para 2012 &#8211; os numeros das pr\u00f3ximas\u00a0 reuni\u00f5es: <a title=\"ctcost\" href=\"https:\/\/fonasc-cbh.org.br\/?wpfb_dl=181\" target=\"_blank\">29 &#8211;<\/a> 30 &#8211;<\/strong><a href=\"https:\/\/fonasc-cbh.org.br\/?wpfb_dl=181\" target=\"_blank\"><strong>1<\/strong><\/a><strong><a href=\"https:\/\/fonasc-cbh.org.br\/?wpfb_dl=181\" target=\"_blank\">3<\/a> \/<a title=\"ctcost\" href=\"https:\/\/fonasc-cbh.org.br\/?wpfb_dl=189\" target=\"_blank\">31<\/a> reuni\u00f5es <\/strong><\/p>\n<p><strong>Caro Interessado, participante indicado representante pelo FONASC &#8211; Encaminhe seus relatorios e sugest\u00f5es abaixo<\/strong> :<\/p>\n<p>[contact-form-7 id=&#8221;4&#8243; title=&#8221;Contact form 1&#8243;]<\/p>\n","protected":false},"excerpt":{"rendered":"<p>AGUAS COSTEIRAS E ESTUARINAS OBJETIVO\u00a0 DA CT-FONASC NO TEMA\u00a0 \u00c1guas Estuarinas \u00a0Costeiras\u2013C\u00e2mara T\u00e9cnica\u00a0 FONASC.COST: &#8211; analisar e propor mecanismos de&#8230;<\/p>\n","protected":false},"author":3,"featured_media":0,"parent":2817,"menu_order":0,"comment_status":"closed","ping_status":"open","template":"","meta":{"footnotes":""},"_links":{"self":[{"href":"https:\/\/fonasc-cbh.org.br\/index.php?rest_route=\/wp\/v2\/pages\/3204"}],"collection":[{"href":"https:\/\/fonasc-cbh.org.br\/index.php?rest_route=\/wp\/v2\/pages"}],"about":[{"href":"https:\/\/fonasc-cbh.org.br\/index.php?rest_route=\/wp\/v2\/types\/page"}],"author":[{"embeddable":true,"href":"https:\/\/fonasc-cbh.org.br\/index.php?rest_route=\/wp\/v2\/users\/3"}],"replies":[{"embeddable":true,"href":"https:\/\/fonasc-cbh.org.br\/index.php?rest_route=%2Fwp%2Fv2%2Fcomments&post=3204"}],"version-history":[{"count":15,"href":"https:\/\/fonasc-cbh.org.br\/index.php?rest_route=\/wp\/v2\/pages\/3204\/revisions"}],"predecessor-version":[{"id":3273,"href":"https:\/\/fonasc-cbh.org.br\/index.php?rest_route=\/wp\/v2\/pages\/3204\/revisions\/3273"}],"up":[{"embeddable":true,"href":"https:\/\/fonasc-cbh.org.br\/index.php?rest_route=\/wp\/v2\/pages\/2817"}],"wp:attachment":[{"href":"https:\/\/fonasc-cbh.org.br\/index.php?rest_route=%2Fwp%2Fv2%2Fmedia&parent=3204"}],"curies":[{"name":"wp","href":"https:\/\/api.w.org\/{rel}","templated":true}]}}