{"id":3196,"date":"2012-03-17T20:35:10","date_gmt":"2012-03-17T20:35:10","guid":{"rendered":"http:\/\/fonasc-cbh.org.br\/?page_id=3196"},"modified":"2013-03-26T04:59:53","modified_gmt":"2013-03-26T04:59:53","slug":"planos-de-bacias","status":"publish","type":"page","link":"https:\/\/fonasc-cbh.org.br\/?page_id=3196","title":{"rendered":"PLANOS DE RECURSOS HIDRICIOS"},"content":{"rendered":"<p>&nbsp;<\/p>\n<p><strong>PLANOS DE BACIAS<\/strong><\/p>\n<p style=\"text-align: justify;\"><strong><a title=\"PLANO DE BACIAS \" href=\"http:\/\/www.cnrh.gov.br\/sitio\/index.php?option=com_docman&amp;task=cat_view&amp;gid=65&amp;Itemid=9\" target=\"_blank\">SITUA\u00c7\u00c3O ESTADO DA ARTE DAS DISCUSS\u00d5ES E ENCAMINHAMENTOS SOBRE ESSE TEMA NO CNRH E CBHS<\/a><\/strong><\/p>\n<p><strong>DOCTOS FONASC: Veja a atua\u00e7\u00e3o dos represetantes do FONASC\u00a0<\/strong><\/p>\n<p><strong><a title=\"PLANO\" href=\"https:\/\/docs.google.com\/a\/fonasc-cbh.org.br\/document\/d\/1gpkWGzWvFGdb7KR4lOgw6Sn_RrC2sklRBEivuXny6R0\/edit\" target=\"_blank\">73 &#8211; Maio 2012<\/a><\/strong><\/p>\n<p><strong>\u00a0<a title=\"N\" href=\"https:\/\/docs.google.com\/a\/fonasc-cbh.org.br\/file\/d\/0B66TtT_YnoXvZFJjd09IV2dzalk\/edit\" target=\"_blank\">74 -MARC 2013<\/a><\/strong><\/p>\n<p><strong><\/strong><\/p>\n<p><strong>\u00a075<\/strong><\/p>\n<p><strong>\u00a076\u00a0 reuni\u00e3o <\/strong><\/p>\n<p><strong>Caro Interessado ou\u00a0 participante indicado representante pelo FONASC, encaminhe suas quest\u00f5es ou \u00a0seus relatorios e sugest\u00f5es no formul\u00e1rio abaixo\u00a0<\/strong>:<\/p>\n<p><strong><\/strong>[contact-form-7 id=&#8221;4&#8243; title=&#8221;Contact form 1&#8243;]<\/p>\n<p>&nbsp;<\/p>\n","protected":false},"excerpt":{"rendered":"<p>&nbsp; PLANOS DE BACIAS SITUA\u00c7\u00c3O ESTADO DA ARTE DAS DISCUSS\u00d5ES E ENCAMINHAMENTOS SOBRE ESSE TEMA NO CNRH E CBHS DOCTOS&#8230;<\/p>\n","protected":false},"author":3,"featured_media":0,"parent":2817,"menu_order":0,"comment_status":"closed","ping_status":"open","template":"","meta":{"footnotes":""},"_links":{"self":[{"href":"https:\/\/fonasc-cbh.org.br\/index.php?rest_route=\/wp\/v2\/pages\/3196"}],"collection":[{"href":"https:\/\/fonasc-cbh.org.br\/index.php?rest_route=\/wp\/v2\/pages"}],"about":[{"href":"https:\/\/fonasc-cbh.org.br\/index.php?rest_route=\/wp\/v2\/types\/page"}],"author":[{"embeddable":true,"href":"https:\/\/fonasc-cbh.org.br\/index.php?rest_route=\/wp\/v2\/users\/3"}],"replies":[{"embeddable":true,"href":"https:\/\/fonasc-cbh.org.br\/index.php?rest_route=%2Fwp%2Fv2%2Fcomments&post=3196"}],"version-history":[{"count":10,"href":"https:\/\/fonasc-cbh.org.br\/index.php?rest_route=\/wp\/v2\/pages\/3196\/revisions"}],"predecessor-version":[{"id":7609,"href":"https:\/\/fonasc-cbh.org.br\/index.php?rest_route=\/wp\/v2\/pages\/3196\/revisions\/7609"}],"up":[{"embeddable":true,"href":"https:\/\/fonasc-cbh.org.br\/index.php?rest_route=\/wp\/v2\/pages\/2817"}],"wp:attachment":[{"href":"https:\/\/fonasc-cbh.org.br\/index.php?rest_route=%2Fwp%2Fv2%2Fmedia&parent=3196"}],"curies":[{"name":"wp","href":"https:\/\/api.w.org\/{rel}","templated":true}]}}