{"id":3176,"date":"2012-03-17T19:33:32","date_gmt":"2012-03-17T19:33:32","guid":{"rendered":"http:\/\/fonasc-cbh.org.br\/?page_id=3176"},"modified":"2012-12-18T23:29:52","modified_gmt":"2012-12-18T23:29:52","slug":"cobranca-pelo-uso-economico-das-aguas","status":"publish","type":"page","link":"https:\/\/fonasc-cbh.org.br\/?page_id=3176","title":{"rendered":"COBRAN\u00c7A PELO USO  DAS \u00c1GUAS"},"content":{"rendered":"<p>&nbsp;<\/p>\n<p>&nbsp;<\/p>\n<p><strong>COBRAN\u00c7A PELO USO\u00a0 DAS \u00c1GUAS <\/strong><\/p>\n<p>&nbsp;<\/p>\n<p><strong><a title=\"COBRAN\u00c7A \" href=\"http:\/\/www.cnrh.gov.br\/sitio\/index.php?option=com_docman&amp;task=cat_view&amp;gid=53&amp;Itemid=9\" target=\"_blank\">ESTADO DA ARTE DAS DISCUSS\u00d5ES NO CNRH E CBHs no pa\u00eds <\/a><\/strong><\/p>\n<p><strong><strong>DOCTOS FONASC:VEJA O RELAT\u00d3RIO A PARTIR DOS REPRESETANTES INDICADOS PELO FONASC \u00a0\u00a0<\/strong><\/strong><\/p>\n<p><strong>73 <a title=\"relato 74 \" href=\"https:\/\/docs.google.com\/document\/d\/1AyA9gcKNBbPpHu8rA_QTdlZLHFcqhS_glAWAkBCleho\/edit\" target=\"_blank\">74<\/a> <a title=\"ll\" href=\"https:\/\/fonasc-cbh.org.br\/?wpfb_dl=255\" target=\"_blank\">75<\/a><\/strong><\/p>\n<p><strong>76 <\/strong><strong>reuni\u00e3o<\/strong><\/p>\n<p><strong>GRUPO DE DISCUSS\u00c3O ( em constru\u00e7\u00e3o ) \u00a0<\/strong><\/p>\n<p><strong>Caro Interessado, participante indicado representante pelo FONASC &#8211; Encaminhe seus relatorios e sugest\u00f5es abaixo<\/strong> :<\/p>\n<p>[contact-form-7 id=&#8221;4&#8243; title=&#8221;Contact form 1&#8243;]<\/p>\n","protected":false},"excerpt":{"rendered":"<p>&nbsp; &nbsp; COBRAN\u00c7A PELO USO\u00a0 DAS \u00c1GUAS &nbsp; ESTADO DA ARTE DAS DISCUSS\u00d5ES NO CNRH E CBHs no pa\u00eds DOCTOS&#8230;<\/p>\n","protected":false},"author":3,"featured_media":0,"parent":2817,"menu_order":0,"comment_status":"closed","ping_status":"open","template":"","meta":{"footnotes":""},"_links":{"self":[{"href":"https:\/\/fonasc-cbh.org.br\/index.php?rest_route=\/wp\/v2\/pages\/3176"}],"collection":[{"href":"https:\/\/fonasc-cbh.org.br\/index.php?rest_route=\/wp\/v2\/pages"}],"about":[{"href":"https:\/\/fonasc-cbh.org.br\/index.php?rest_route=\/wp\/v2\/types\/page"}],"author":[{"embeddable":true,"href":"https:\/\/fonasc-cbh.org.br\/index.php?rest_route=\/wp\/v2\/users\/3"}],"replies":[{"embeddable":true,"href":"https:\/\/fonasc-cbh.org.br\/index.php?rest_route=%2Fwp%2Fv2%2Fcomments&post=3176"}],"version-history":[{"count":20,"href":"https:\/\/fonasc-cbh.org.br\/index.php?rest_route=\/wp\/v2\/pages\/3176\/revisions"}],"predecessor-version":[{"id":3991,"href":"https:\/\/fonasc-cbh.org.br\/index.php?rest_route=\/wp\/v2\/pages\/3176\/revisions\/3991"}],"up":[{"embeddable":true,"href":"https:\/\/fonasc-cbh.org.br\/index.php?rest_route=\/wp\/v2\/pages\/2817"}],"wp:attachment":[{"href":"https:\/\/fonasc-cbh.org.br\/index.php?rest_route=%2Fwp%2Fv2%2Fmedia&parent=3176"}],"curies":[{"name":"wp","href":"https:\/\/api.w.org\/{rel}","templated":true}]}}