{"id":3143,"date":"2012-03-17T17:36:57","date_gmt":"2012-03-17T17:36:57","guid":{"rendered":"http:\/\/fonasc-cbh.org.br\/?page_id=3143"},"modified":"2014-04-04T20:45:57","modified_gmt":"2014-04-04T20:45:57","slug":"gt-de-legislacao-sobra-aguas","status":"publish","type":"page","link":"https:\/\/fonasc-cbh.org.br\/?page_id=3143","title":{"rendered":"CTIL &#8211; LEGISLA\u00c7\u00c3O  DAS  \u00c1GUAS"},"content":{"rendered":"<p style=\"text-align: justify;\"><strong>ATUA\u00c7\u00c3O DO FONASC NAS \u00c1REA DE ACOMPANHAMENTO DA LEGISLA\u00c7\u00c3O\u00a0SOBRE\u00a0A GEST\u00c3O DAS \u00c1GUAS ATRAV\u00c9S DE SEUS REPRESENTANTES\u00a0 INDICADOS\u00a0 NOS COLEGIADOS:\u00a0 CNRH CERH\u00a0 E CBHs. ( Cidad\u00e3os E ORGANIZA\u00c7\u00d5ES ativistas oriundos de organiza\u00e7\u00f5rs civis de diversas partes e Rios do Brasil )\u00a0\u00a0\u00a0 <\/strong><\/p>\n<p style=\"text-align: justify;\"><strong><\/strong>* Enquanto as Cts-Fonasc n\u00e3o estiverem constitu\u00eddas as informa\u00e7\u00f5es dispon\u00edveis ser\u00e3o os relat\u00f3rios da atua\u00e7\u00e3o dos membros do FONASC ATUANTES NAS C\u00c2MARAS T\u00c9CNICAS do mesmo tema do <a title=\"cnrh \" href=\"http:\/\/www.cnrh.gov.br\/sitio\/index.php\" target=\"_blank\">CNRH. <\/a>( AGUARDEM)<\/p>\n<p style=\"text-align: justify;\">CT do FONASC de Assuntos Legais e Institucionais \u2013 CT FONASC.CIL<\/p>\n<p style=\"text-align: justify;\">-Informar a popula\u00e7\u00e3o sobre as maldades h\u00eddricas geradas nos colegiados de gest\u00e3o de \u00e1guas de todo o pa\u00eds.<\/p>\n<p style=\"text-align: justify;\">&#8211; acompanhar, analisar e emitir parecer sobre a Legisla\u00e7\u00e3o Nacional de<br \/>\nRecursos H\u00eddricos e as atividades da CTIL do CNRH;<\/p>\n<p style=\"text-align: justify;\">&#8211; exercer as compet\u00eancias constantes do Regimento Interno e outras que vierem a ser delegadas pelo Plen\u00e1rio do CNRH;<\/p>\n<p style=\"text-align: justify;\">&#8211; Acompanhar e subsidiar o Fonasc nos processos e decis\u00f5es a serem judicializadas pelo Fonasc.<\/p>\n<p style=\"text-align: justify;\">Emitir contra pareceres para atua\u00e7\u00e3o da representa\u00e7\u00e3o da soc civil na CTIL do CNRH.<\/p>\n<p style=\"text-align: justify;\"><strong><a title=\"legiala\u00e7\u00e3o \" href=\"https:\/\/fonasc-cbh.org.br\/?page_id=936\" target=\"_blank\">CTIL- <\/a>LEGISLACAO PARA GEST\u00c3O DOS RIOS BRASILEIROS\u00a0\u00a0 <\/strong><\/p>\n<p style=\"text-align: justify;\"><strong><a title=\"CTIL I\" href=\"http:\/\/www.cnrh.gov.br\/sitio\/index.php?option=com_content&amp;view=section&amp;id=7&amp;Itemid=18\" target=\"_blank\">ESTADO DA ARTE DAS DISCUSS\u00d5ES NO CNRH E CBHs no pa\u00eds <\/a><\/strong><\/p>\n<p style=\"text-align: justify;\"><strong>DOCTOS FONASC: <\/strong><\/p>\n<p style=\"text-align: justify;\"><strong>125 &#8211; 126 &#8211;<\/strong><\/p>\n<p style=\"text-align: justify;\"><strong>Relato da\u00a0<a title=\"127 ctil\" href=\"https:\/\/docs.google.com\/a\/fonasc-cbh.org.br\/document\/d\/1Zd_DDvs2vIOwo5VDgivzGah8lzT3vzf6Jvw9eIZNUCU\/edit\" target=\"_blank\">127 <\/a>\u00a0 \u00a0Reuni\u00e3o &#8211; Cons Jos\u00e9 Alberto\u00a0<\/strong><\/p>\n<p style=\"text-align: justify;\"><strong><em>*Sr. participante representante do FONASC \u2013 ATUALIZE AS INFORMA\u00c7\u00d5ES DE SUA ATUA\u00c7\u00c3O NESSA \u00c1REA TEM\u00c1TICA\u00a0\u00a0\u00a0 E\u00a0 e<\/em><\/strong><strong>ncaminhe seus relatorios e sugest\u00f5es abaixo<\/strong> :<\/p>\n<p style=\"text-align: justify;\">[contact-form-7 id=&#8221;4&#8243; title=&#8221;Contact form 1&#8243;]<\/p>\n<p style=\"text-align: justify;\"><strong>OUTROS ARTIGOS<\/strong><\/p>\n<p style=\"text-align: justify;\">[contact-form-7 id=&#8221;4&#8243; title=&#8221;Contact form 1&#8243;]<\/p>\n<p>\u00a0Se voc\u00ea gostou deste artigo, considere<strong> compartilhar isso!<\/strong> <a title=\"Tweet isso'!\" href=\"http:\/\/twitter.com\/home\/?status=ELEI\u00c7\u00c3O PARA REPRESENTA\u00c7\u00c3O DAS ORG CIVIS NO CNRH tri\u00eanio 2012-2014 : https:\/\/fonasc-cbh.org.br\/?p=1332\"><img decoding=\"async\" src=\"https:\/\/fonasc-cbh.org.br\/wp-content\/themes\/webfolio\/images\/twitter.png\" alt=\"Tweet this!\" \/> <\/a><a title=\"StumbleUpon.\" href=\"http:\/\/www.stumbleupon.com\/submit?url=https:\/\/fonasc-cbh.org.br\/?p=1332&amp;amp;title=ELEI\u00c7\u00c3O PARA REPRESENTA\u00c7\u00c3O DAS ORG CIVIS NO CNRH tri\u00eanio 2012-2014\"><img decoding=\"async\" src=\"https:\/\/fonasc-cbh.org.br\/wp-content\/themes\/webfolio\/images\/stumbleupon.png\" alt=\"StumbleUpon\" \/> <\/a><a title=\"Vote em Reddit.\" href=\"http:\/\/www.reddit.com\/submit?url=https:\/\/fonasc-cbh.org.br\/?p=1332&amp;amp;title=ELEI\u00c7\u00c3O PARA REPRESENTA\u00c7\u00c3O DAS ORG CIVIS NO CNRH tri\u00eanio 2012-2014\"><img decoding=\"async\" src=\"https:\/\/fonasc-cbh.org.br\/wp-content\/themes\/webfolio\/images\/reddit.png\" alt=\"Reddit\" \/> <\/a><a title=\"Digg this!\" href=\"http:\/\/digg.com\/submit?phase=2&amp;amp;url=https:\/\/fonasc-cbh.org.br\/?p=1332&amp;amp;title=ELEI\u00c7\u00c3O PARA REPRESENTA\u00c7\u00c3O DAS ORG CIVIS NO CNRH tri\u00eanio 2012-2014\"><img decoding=\"async\" src=\"https:\/\/fonasc-cbh.org.br\/wp-content\/themes\/webfolio\/images\/digg.png\" alt=\"Digg This!\" \/> <\/a><a title=\"Bookmark Delicious.\" href=\"http:\/\/del.icio.us\/post?url=https:\/\/fonasc-cbh.org.br\/?p=1332&amp;amp;title=ELEI\u00c7\u00c3O PARA REPRESENTA\u00c7\u00c3O DAS ORG CIVIS NO CNRH tri\u00eanio 2012-2014\"><img decoding=\"async\" src=\"https:\/\/fonasc-cbh.org.br\/wp-content\/themes\/webfolio\/images\/delicious.png\" alt=\"Bookmark Delicious\" \/> <\/a><a title=\"Compartilhar no Facebook.\" href=\"http:\/\/www.facebook.com\/sharer.php?u=https:\/\/fonasc-cbh.org.br\/?p=1332&amp;amp;t=ELEI\u00c7\u00c3O PARA REPRESENTA\u00c7\u00c3O DAS ORG CIVIS NO CNRH tri\u00eanio 2012-2014\"><img decoding=\"async\" id=\"sharethis-last\" src=\"https:\/\/fonasc-cbh.org.br\/wp-content\/themes\/webfolio\/images\/facebook.png\" alt=\"Compartilhar no Facebook\" \/><\/a><\/p>\n<p>&nbsp;<\/p>\n","protected":false},"excerpt":{"rendered":"<p>ATUA\u00c7\u00c3O DO FONASC NAS \u00c1REA DE ACOMPANHAMENTO DA LEGISLA\u00c7\u00c3O\u00a0SOBRE\u00a0A GEST\u00c3O DAS \u00c1GUAS ATRAV\u00c9S DE SEUS REPRESENTANTES\u00a0 INDICADOS\u00a0 NOS COLEGIADOS:\u00a0 CNRH&#8230;<\/p>\n","protected":false},"author":3,"featured_media":0,"parent":2817,"menu_order":0,"comment_status":"closed","ping_status":"open","template":"","meta":{"footnotes":""},"_links":{"self":[{"href":"https:\/\/fonasc-cbh.org.br\/index.php?rest_route=\/wp\/v2\/pages\/3143"}],"collection":[{"href":"https:\/\/fonasc-cbh.org.br\/index.php?rest_route=\/wp\/v2\/pages"}],"about":[{"href":"https:\/\/fonasc-cbh.org.br\/index.php?rest_route=\/wp\/v2\/types\/page"}],"author":[{"embeddable":true,"href":"https:\/\/fonasc-cbh.org.br\/index.php?rest_route=\/wp\/v2\/users\/3"}],"replies":[{"embeddable":true,"href":"https:\/\/fonasc-cbh.org.br\/index.php?rest_route=%2Fwp%2Fv2%2Fcomments&post=3143"}],"version-history":[{"count":24,"href":"https:\/\/fonasc-cbh.org.br\/index.php?rest_route=\/wp\/v2\/pages\/3143\/revisions"}],"predecessor-version":[{"id":3145,"href":"https:\/\/fonasc-cbh.org.br\/index.php?rest_route=\/wp\/v2\/pages\/3143\/revisions\/3145"}],"up":[{"embeddable":true,"href":"https:\/\/fonasc-cbh.org.br\/index.php?rest_route=\/wp\/v2\/pages\/2817"}],"wp:attachment":[{"href":"https:\/\/fonasc-cbh.org.br\/index.php?rest_route=%2Fwp%2Fv2%2Fmedia&parent=3143"}],"curies":[{"name":"wp","href":"https:\/\/api.w.org\/{rel}","templated":true}]}}