{"id":3059,"date":"2012-03-13T16:49:18","date_gmt":"2012-03-13T16:49:18","guid":{"rendered":"http:\/\/fonasc-cbh.org.br\/?page_id=3059"},"modified":"2018-12-11T01:24:30","modified_gmt":"2018-12-11T01:24:30","slug":"atuacao-em-cbhs-federais","status":"publish","type":"page","link":"https:\/\/fonasc-cbh.org.br\/?page_id=3059","title":{"rendered":"ATUA\u00c7\u00c3O EM CBHS FEDERAIS"},"content":{"rendered":"<p><strong>RIO PARNAIBA &#8211; MOBILIZA\u00c7\u00c3O SOCIAL POR CBH <\/strong><\/p>\n<p><strong>ARQUIVOS:<a title=\"arquivos parnaiba \" href=\"https:\/\/fonasc-cbh.org.br\/?wpfb_dl=96\" target=\"_blank\"> 1<\/a>\u00a0\/ <a title=\"rios paraiba 2 \" href=\"http:\/\/territorioslivresdobaixoparnaiba.blogspot.com.br\/2012\/01\/pastoral-da-terra-denuncia-empresa-que.html\" target=\"_blank\">2<\/a> \/ <a title=\"atua\u00e7\u00e3o fonasc \" href=\"https:\/\/fonasc-cbh.org.br\/?wpfb_dl=96\" target=\"_blank\">3\u00a0<\/a>;<a title=\"rio parnaiba\" href=\"https:\/\/fonasc-cbh.org.br\/wp-content\/uploads\/REUNI\u00c3O-CP-NORDETE-TERESINA-22.10.2012.ppt\" target=\"_blank\">4<\/a><\/strong><\/p>\n<p>&nbsp;<\/p>\n<p>[contact-form-7 id=&#8221;4&#8243; title=&#8221;Contact form 1&#8243;]<\/p>\n<p><strong>__________________________________________________________________________________<\/strong><\/p>\n<p><strong>COMITE DE BACIA DO RIO PARANAIBA <\/strong><\/p>\n<p>[contact-form-7 id=&#8221;4&#8243; title=&#8221;Contact form 1&#8243;]<\/p>\n<p>___________________________________________________________________________________<\/p>\n<p><strong>FONASC ARATO &#8211; GT ARAGUAIA TOCANTINS<\/strong><\/p>\n<p><strong><\/strong><strong><a title=\"CTIL I\" href=\"http:\/\/www.cnrh.gov.br\/sitio\/index.php?option=com_content&amp;view=section&amp;id=7&amp;Itemid=18\" target=\"_blank\">ESTADO DA ARTE DAS DISCUSS\u00d5ES NO CNRH E CBHs no pa\u00eds <\/a><\/strong><\/p>\n<p><strong>Caro Interessado, participante indicado representante pelo FONASC &#8211; Encaminhe seus relatorios e sugest\u00f5es abaixo<\/strong> :<\/p>\n<p>[contact-form-7 id=&#8221;4&#8243; title=&#8221;Contact form 1&#8243;]<\/p>\n<p><strong>_________________________________________________________________________________<\/strong><\/p>\n<p><strong>fONASC AM &#8211; GT PLANO DE BACIAS MARGEM DIREITA RIO AMAZONAS<\/strong><\/p>\n<p><strong><\/strong><strong><a title=\"CTIL I\" href=\"http:\/\/www.cnrh.gov.br\/sitio\/index.php?option=com_content&amp;view=section&amp;id=7&amp;Itemid=18\" target=\"_blank\">ESTADO DA ARTE DAS DISCUSS\u00d5ES NO CNRH E CBHs no pa\u00eds <\/a><\/strong><\/p>\n<p><strong>Caro Interessado, participante indicado representante pelo FONASC &#8211; Encaminhe seus relatorios e sugest\u00f5es abaixo<\/strong> :<\/p>\n<p>[contact-form-7 id=&#8221;4&#8243; title=&#8221;Contact form 1&#8243;]<\/p>\n<p><strong>ANO 2011 <\/strong><\/p>\n","protected":false},"excerpt":{"rendered":"<p>RIO PARNAIBA &#8211; MOBILIZA\u00c7\u00c3O SOCIAL POR CBH ARQUIVOS: 1\u00a0\/ 2 \/ 3\u00a0;4 &nbsp; [contact-form-7 id=&#8221;4&#8243; title=&#8221;Contact form 1&#8243;] __________________________________________________________________________________ COMITE&#8230;<\/p>\n","protected":false},"author":3,"featured_media":0,"parent":2366,"menu_order":0,"comment_status":"closed","ping_status":"open","template":"","meta":{"footnotes":""},"_links":{"self":[{"href":"https:\/\/fonasc-cbh.org.br\/index.php?rest_route=\/wp\/v2\/pages\/3059"}],"collection":[{"href":"https:\/\/fonasc-cbh.org.br\/index.php?rest_route=\/wp\/v2\/pages"}],"about":[{"href":"https:\/\/fonasc-cbh.org.br\/index.php?rest_route=\/wp\/v2\/types\/page"}],"author":[{"embeddable":true,"href":"https:\/\/fonasc-cbh.org.br\/index.php?rest_route=\/wp\/v2\/users\/3"}],"replies":[{"embeddable":true,"href":"https:\/\/fonasc-cbh.org.br\/index.php?rest_route=%2Fwp%2Fv2%2Fcomments&post=3059"}],"version-history":[{"count":10,"href":"https:\/\/fonasc-cbh.org.br\/index.php?rest_route=\/wp\/v2\/pages\/3059\/revisions"}],"predecessor-version":[{"id":3061,"href":"https:\/\/fonasc-cbh.org.br\/index.php?rest_route=\/wp\/v2\/pages\/3059\/revisions\/3061"}],"up":[{"embeddable":true,"href":"https:\/\/fonasc-cbh.org.br\/index.php?rest_route=\/wp\/v2\/pages\/2366"}],"wp:attachment":[{"href":"https:\/\/fonasc-cbh.org.br\/index.php?rest_route=%2Fwp%2Fv2%2Fmedia&parent=3059"}],"curies":[{"name":"wp","href":"https:\/\/api.w.org\/{rel}","templated":true}]}}