{"id":3003,"date":"2012-03-13T15:12:54","date_gmt":"2012-03-13T15:12:54","guid":{"rendered":"http:\/\/fonasc-cbh.org.br\/?page_id=3003"},"modified":"2017-02-04T16:48:07","modified_gmt":"2017-02-04T16:48:07","slug":"onde-atuamos","status":"publish","type":"page","link":"https:\/\/fonasc-cbh.org.br\/?page_id=3003","title":{"rendered":"ONDE FAZ"},"content":{"rendered":"<p><a title=\"RIOS BRASILEIROS  \" href=\"https:\/\/fonasc-cbh.org.br\/?page_id=2366\" target=\"_blank\">RIOS BRASILEIROS E SEUS POVOS<\/a><\/p>\n<p>ON<a title=\"ONDE FAZEMOS\" href=\"https:\/\/fonasc-cbh.org.br\/?page_id=3003\">DE FAZEMOS<strong>\u00bb<\/strong><\/a><\/p>\n<p><a title=\"Colegiados -CNRH-CBHs-CTs-CERH\" href=\"https:\/\/fonasc-cbh.org.br\/?page_id=39\">Colegiados -CNRH-CBHs-CTs-CERH<strong>\u00bb<\/strong><\/a><\/p>\n<p><a title=\"cbhs\" href=\"http:\/\/www.cbh.gov.br\/\" target=\"_blank\">COMITES DE BACIAS HIDROGR\u00c1FICAS &#8211; O QUE ,ONDE ?<\/a><\/p>\n<ul>\n<li>\n<ul>\n<li><a title=\"CNRH -\" href=\"https:\/\/fonasc-cbh.org.br\/?page_id=3048\">CNRH &#8211;<strong>\u00bb<\/strong><\/a><\/li>\n<li>\n<ul>\n<li><a title=\"ATUA\u00c7\u00c3O EM CBHS FEDERAIS\" href=\"https:\/\/fonasc-cbh.org.br\/?page_id=3059\">ATUA\u00c7\u00c3O EM CBHS FEDERAIS<strong>\u00bb<\/strong><\/a>\n<ul>\n<li><a title=\"CBH GRANDE\" href=\"https:\/\/fonasc-cbh.org.br\/?page_id=4427\">CBH GRANDE<\/a><\/li>\n<li><a title=\"FONASC NO CBH PARANAIBA\" href=\"https:\/\/fonasc-cbh.org.br\/?page_id=4421\">FONASC NO CBH PARANAIBA<\/a><\/li>\n<li><a title=\"FONASC NO CBH S\u00c3O FRANCISCO\" href=\"https:\/\/fonasc-cbh.org.br\/?page_id=4424\">FONASC NO CBH S\u00c3O FRANCISCO<\/a><\/li>\n<\/ul>\n<\/li>\n<li><a title=\"ATUA\u00c7\u00c3O em CTs do CNRH\" href=\"https:\/\/fonasc-cbh.org.br\/?page_id=2817\">ATUA\u00c7\u00c3O em CTs do CNRH<strong>\u00bb(<\/strong><\/a>\u00c1REAS TEM\u00c1TICAS)\n<ul>\n<li><a title=\"\u00c1GUAS COSTEIRAS E ESTUARINAS\" href=\"https:\/\/fonasc-cbh.org.br\/?page_id=3204\">\u00c1GUAS COSTEIRAS E ESTUARINAS<\/a><\/li>\n<li><a title=\"AGUAS SUBTERR\u00c2NEAS\" href=\"https:\/\/fonasc-cbh.org.br\/?page_id=3193\">AGUAS SUBTERR\u00c2NEAS<\/a><\/li>\n<li><a title=\"AGUAS TRANSFRONTEIRI\u00c7AS\" href=\"https:\/\/fonasc-cbh.org.br\/?page_id=3140\">AGUAS TRANSFRONTEIRI\u00c7AS<strong>\u00bb<\/strong><\/a>\n<ul>\n<li><a title=\"Relato da 58\u00aa Reuni\u00e3o da CTGRHT\" href=\"https:\/\/fonasc-cbh.org.br\/?page_id=4693\">Relato da 58\u00aa Reuni\u00e3o da CTGRHT<strong>\u00bb<\/strong><\/a>\n<ul>\n<li><a title=\"58\u00aa Reuni\u00e3o da C\u00e2mara T\u00e9cnica de Gest\u00e3o dos Recursos H\u00eddricos Transfronteiri\u00e7os\" href=\"https:\/\/fonasc-cbh.org.br\/?page_id=4695\">58\u00aa Reuni\u00e3o da C\u00e2mara T\u00e9cnica de Gest\u00e3o dos Recursos H\u00eddricos Transfronteiri\u00e7os<\/a><\/li>\n<\/ul>\n<\/li>\n<\/ul>\n<\/li>\n<li><a title=\"AN\u00c1LISE DE PROJETOS\" href=\"https:\/\/fonasc-cbh.org.br\/?page_id=3164\">AN\u00c1LISE DE PROJETOS<\/a><\/li>\n<li><a title=\"CI\u00caNCIA TECNOLOGIA\" href=\"https:\/\/fonasc-cbh.org.br\/?page_id=3209\">CI\u00caNCIA TECNOLOGIA<\/a><\/li>\n<li><a title=\"COBRAN\u00c7A PELO USO  DAS \u00c1GUAS\" href=\"https:\/\/fonasc-cbh.org.br\/?page_id=3176\">COBRAN\u00c7A PELO USO DAS \u00c1GUAS<\/a><\/li>\n<li><a title=\"CT- EDUCA\u00c7\u00c3O E MOBILIZA\u00c7\u00c3O .\" href=\"https:\/\/fonasc-cbh.org.br\/?page_id=3188\">CT- EDUCA\u00c7\u00c3O E MOBILIZA\u00c7\u00c3O .<strong>\u00bb<\/strong><\/a>\n<ul>\n<li><a title=\"50 REUNI\u00c3O CTEM RELATO DAS ONGs\" href=\"https:\/\/fonasc-cbh.org.br\/?page_id=4827\">50 REUNI\u00c3O CTEM RELATO DAS ONGs<\/a><\/li>\n<li><a title=\"CAPACITA\u00c7\u00c3O  E MOBILIZA\u00c7\u00c3O E GESTAO DOS RIOS\" href=\"https:\/\/fonasc-cbh.org.br\/?page_id=1084\">CAPACITA\u00c7\u00c3O E MOBILIZA\u00c7\u00c3O E GESTAO DOS RIOS<\/a><\/li>\n<\/ul>\n<\/li>\n<li><a title=\"LEGISLA\u00c7\u00c3O  DAS  \u00c1GUAS\" href=\"https:\/\/fonasc-cbh.org.br\/?page_id=3143\">LEGISLA\u00c7\u00c3O DAS \u00c1GUAS<\/a><\/li>\n<li><a title=\"OUTORGAS PELO USO DAS \u00c1GUAS\" href=\"https:\/\/fonasc-cbh.org.br\/?page_id=3182\">OUTORGAS PELO USO DAS \u00c1GUAS<\/a><\/li>\n<li><a title=\"PLANOS DE RECURSOS HIDRICIOS\" href=\"https:\/\/fonasc-cbh.org.br\/?page_id=3196\">PLANOS DE RECURSOS HIDRICIOS<\/a><\/li>\n<\/ul>\n<p>CONSELHOS ESTADUAIS DE RECURSOS H\u00cdDRICOS<\/li>\n<\/ul>\n<\/li>\n<\/ul>\n<\/li>\n<li><a title=\"DISPUTA  PELAS \u00c1GUAS\" href=\"https:\/\/fonasc-cbh.org.br\/?page_id=3279\">DISPUTA PELAS \u00c1GUAS<\/a><\/li>\n<li><a title=\"ENDERE\u00c7OS\" href=\"https:\/\/fonasc-cbh.org.br\/?page_id=2912\">ENDERE\u00c7OS<\/a><\/li>\n<li><a title=\"FONASC NOS ESTADOS\" href=\"https:\/\/fonasc-cbh.org.br\/?page_id=1399\">FONASC NOS ESTADOS<strong>\u00bb<\/strong><\/a>\n<ul>\n<li><a title=\"BAHIA\" href=\"https:\/\/fonasc-cbh.org.br\/?page_id=5162\">BAHIA<strong>\u00bb<\/strong><\/a>\n<ul>\n<li><a title=\"FONASC RIO SALITRE BA\" href=\"https:\/\/fonasc-cbh.org.br\/?page_id=4626\">FONASC RIO SALITRE BA<\/a><\/li>\n<\/ul>\n<\/li>\n<li><a title=\"MARANHAO\" href=\"https:\/\/fonasc-cbh.org.br\/?page_id=5158\">MARANHAO<strong>\u00bb<\/strong><\/a>\n<ul>\n<li><a title=\"FONASC NO CERH MA\" href=\"https:\/\/fonasc-cbh.org.br\/?page_id=4624\">FONASC NO CERH MA<\/a><\/li>\n<\/ul>\n<\/li>\n<li><a title=\"MATO GROSSO\" href=\"https:\/\/fonasc-cbh.org.br\/?page_id=5170\">MATO GROSSO<\/a><\/li>\n<li><a title=\"MINAS GERAIS\" href=\"https:\/\/fonasc-cbh.org.br\/?page_id=4488\">MINAS GERAIS<strong>\u00bb<\/strong><\/a>\n<ul>\n<li><a title=\"CBH ALTO S\u00c3O  FRANCISCO SF1 MG\" href=\"https:\/\/fonasc-cbh.org.br\/?page_id=4482\">CBH ALTO S\u00c3O FRANCISCO SF1 MG<\/a><\/li>\n<li><a title=\"CBH SANTO ANTONIO MG\" href=\"https:\/\/fonasc-cbh.org.br\/?page_id=4485\">CBH SANTO ANTONIO MG<\/a><\/li>\n<li><a title=\"FONASC NO CBH ARAGUARI\" href=\"https:\/\/fonasc-cbh.org.br\/?page_id=4476\">FONASC NO CBH ARAGUARI<\/a><\/li>\n<li><a title=\"FONASC NO CERH MG\" href=\"https:\/\/fonasc-cbh.org.br\/?page_id=3962\">FONASC NO CERH MG<\/a><\/li>\n<li><a title=\"RIO STO ANTONIO PN1\" href=\"https:\/\/fonasc-cbh.org.br\/?page_id=5183\">RIO STO ANTONIO PN1<\/a><\/li>\n<\/ul>\n<\/li>\n<li><a title=\"PARANA\" href=\"https:\/\/fonasc-cbh.org.br\/?page_id=5167\">PARANA<\/a><\/li>\n<li><a title=\"PERNAMBUCO\" href=\"https:\/\/fonasc-cbh.org.br\/?page_id=5160\">PERNAMBUCO<strong>\u00bb<\/strong><\/a>\n<ul>\n<li><a title=\"CBH RIO IPOJUCA PE\" href=\"https:\/\/fonasc-cbh.org.br\/?page_id=4621\">CBH RIO IPOJUCA PE<\/a><\/li>\n<\/ul>\n<\/li>\n<li><a title=\"PIAUI\" href=\"https:\/\/fonasc-cbh.org.br\/?page_id=5165\">PIAUI<\/a><\/li>\n<li><a title=\"Rio de Janeiro\" href=\"https:\/\/fonasc-cbh.org.br\/?page_id=1015\">Rio de Janeiro<\/a><\/li>\n<li><a title=\"RIO GRANDE DO SUL\" href=\"https:\/\/fonasc-cbh.org.br\/?page_id=4628\">RIO GRANDE DO SUL<\/a><\/li>\n<\/ul>\n<\/li>\n<li><a title=\"RIOS BRASILEIROS E SEUS POVOS\" href=\"https:\/\/fonasc-cbh.org.br\/?page_id=2366\">RIOS BRASILEIROS E SEUS POVOS<\/a><\/li>\n<\/ul>\n<p><a title=\"acont\" href=\"https:\/\/fonasc-cbh.org.br\/?cat=8\" target=\"_blank\">ACONTECENDO<\/a><\/p>\n<p><a title=\"dest\" href=\"https:\/\/fonasc-cbh.org.br\/?cat=1\" target=\"_blank\">DESTAQUES<\/a><\/p>\n<p><a title=\"EVENT\" href=\"https:\/\/fonasc-cbh.org.br\/?page_id=3036\" target=\"_blank\">EVENTOS <\/a><\/p>\n<p><a title=\"XC\" href=\"https:\/\/fonasc-cbh.org.br\/?page_id=35\" target=\"_blank\">PROJETOS <\/a><\/p>\n<p>&nbsp;<\/p>\n","protected":false},"excerpt":{"rendered":"<p>RIOS BRASILEIROS E SEUS POVOS ONDE FAZEMOS\u00bb Colegiados -CNRH-CBHs-CTs-CERH\u00bb COMITES DE BACIAS HIDROGR\u00c1FICAS &#8211; O QUE ,ONDE ? CNRH &#8211;\u00bb&#8230;<\/p>\n","protected":false},"author":3,"featured_media":0,"parent":0,"menu_order":0,"comment_status":"closed","ping_status":"open","template":"","meta":{"footnotes":""},"_links":{"self":[{"href":"https:\/\/fonasc-cbh.org.br\/index.php?rest_route=\/wp\/v2\/pages\/3003"}],"collection":[{"href":"https:\/\/fonasc-cbh.org.br\/index.php?rest_route=\/wp\/v2\/pages"}],"about":[{"href":"https:\/\/fonasc-cbh.org.br\/index.php?rest_route=\/wp\/v2\/types\/page"}],"author":[{"embeddable":true,"href":"https:\/\/fonasc-cbh.org.br\/index.php?rest_route=\/wp\/v2\/users\/3"}],"replies":[{"embeddable":true,"href":"https:\/\/fonasc-cbh.org.br\/index.php?rest_route=%2Fwp%2Fv2%2Fcomments&post=3003"}],"version-history":[{"count":17,"href":"https:\/\/fonasc-cbh.org.br\/index.php?rest_route=\/wp\/v2\/pages\/3003\/revisions"}],"predecessor-version":[{"id":17043,"href":"https:\/\/fonasc-cbh.org.br\/index.php?rest_route=\/wp\/v2\/pages\/3003\/revisions\/17043"}],"wp:attachment":[{"href":"https:\/\/fonasc-cbh.org.br\/index.php?rest_route=%2Fwp%2Fv2%2Fmedia&parent=3003"}],"curies":[{"name":"wp","href":"https:\/\/api.w.org\/{rel}","templated":true}]}}