{"id":2977,"date":"2012-04-26T02:45:46","date_gmt":"2012-04-26T02:45:46","guid":{"rendered":"http:\/\/fonasc-cbh.org.br\/?page_id=2977"},"modified":"2022-07-29T16:35:02","modified_gmt":"2022-07-29T16:35:02","slug":"seguranca-de-barragens","status":"publish","type":"page","link":"https:\/\/fonasc-cbh.org.br\/?page_id=2977","title":{"rendered":"seguran\u00e7a de barragens"},"content":{"rendered":"<p>Refere-se a contribui\u00e7\u00f5es e alertas bem como legisla\u00e7\u00e3o pertinente a seguran\u00e7a de barrages e assemelhados<\/p>\n<p><a title=\"lei de barragens \" href=\"http:\/\/www.planalto.gov.br\/ccivil_03\/_Ato2007-2010\/2010\/Lei\/L12334.htm\" target=\"_blank\" rel=\"noopener\">\u00a0lei de barragens <\/a><\/p>\n<p><a title=\"ana\" href=\"http:\/\/audienciapublica.ana.gov.br\/te_audiencia.php?id_audiencia=33\" target=\"_blank\" rel=\"noopener\">NOTA TECNICA DA ANA<\/a><\/p>\n<p><a title=\"belo \" href=\"\/\/fonasc-cbh.org.br\/?page_id=1985\" target=\"_blank\" rel=\"noopener\">Barragem em Belo Jardim PE <\/a><\/p>\n<p><a title=\"rioipojuca \" href=\"https:\/\/fonasc-cbh.org.br\/?p=3596\" target=\"_blank\" rel=\"noopener\">visita t\u00e9cnica \u00a0as barragens no Rio Ipojuca -PE<\/a><\/p>\n<p><a href=\"http:\/\/veja mais da atuacao do FONASC no que tange a SEGURAN\u00c7A DE BARRAGENS https:\/\/fonasc-cbh.org.br\/?s=BARRAGENS\" data-wplink-url-error=\"true\">RELATORIO DE SEGURAN\u00c7A DE BARRAGEM 2021<\/a><\/p>\n","protected":false},"excerpt":{"rendered":"<p>Refere-se a contribui\u00e7\u00f5es e alertas bem como legisla\u00e7\u00e3o pertinente a seguran\u00e7a de barrages e assemelhados \u00a0lei de barragens NOTA TECNICA&#8230;<\/p>\n","protected":false},"author":3,"featured_media":0,"parent":4742,"menu_order":0,"comment_status":"open","ping_status":"open","template":"","meta":{"footnotes":""},"_links":{"self":[{"href":"https:\/\/fonasc-cbh.org.br\/index.php?rest_route=\/wp\/v2\/pages\/2977"}],"collection":[{"href":"https:\/\/fonasc-cbh.org.br\/index.php?rest_route=\/wp\/v2\/pages"}],"about":[{"href":"https:\/\/fonasc-cbh.org.br\/index.php?rest_route=\/wp\/v2\/types\/page"}],"author":[{"embeddable":true,"href":"https:\/\/fonasc-cbh.org.br\/index.php?rest_route=\/wp\/v2\/users\/3"}],"replies":[{"embeddable":true,"href":"https:\/\/fonasc-cbh.org.br\/index.php?rest_route=%2Fwp%2Fv2%2Fcomments&post=2977"}],"version-history":[{"count":7,"href":"https:\/\/fonasc-cbh.org.br\/index.php?rest_route=\/wp\/v2\/pages\/2977\/revisions"}],"predecessor-version":[{"id":25590,"href":"https:\/\/fonasc-cbh.org.br\/index.php?rest_route=\/wp\/v2\/pages\/2977\/revisions\/25590"}],"up":[{"embeddable":true,"href":"https:\/\/fonasc-cbh.org.br\/index.php?rest_route=\/wp\/v2\/pages\/4742"}],"wp:attachment":[{"href":"https:\/\/fonasc-cbh.org.br\/index.php?rest_route=%2Fwp%2Fv2%2Fmedia&parent=2977"}],"curies":[{"name":"wp","href":"https:\/\/api.w.org\/{rel}","templated":true}]}}