{"id":2869,"date":"2012-03-07T22:36:09","date_gmt":"2012-03-07T22:36:09","guid":{"rendered":"http:\/\/fonasc-cbh.org.br\/?page_id=2869"},"modified":"2023-06-06T20:45:24","modified_gmt":"2023-06-06T20:45:24","slug":"acao-politica-do-fonasc","status":"publish","type":"page","link":"https:\/\/fonasc-cbh.org.br\/?page_id=2869","title":{"rendered":"A\u00c7\u00c3O POLITICA"},"content":{"rendered":"<p style=\"text-align: right;\"><img loading=\"lazy\" decoding=\"async\" class=\"alignright\" src=\"https:\/\/fonasc-cbh.org.br\/wp-content\/uploads\/Bandeira-en_lang1.png\" alt=\"\" width=\"50\" height=\"40\" \/><a href=\"https:\/\/fonasc-cbh.org.br\/?wpfb_dl=234\" target=\"_blank\" rel=\"noopener\">English<\/a><\/p>\n<p><img loading=\"lazy\" decoding=\"async\" class=\"alignright\" src=\"https:\/\/fonasc-cbh.org.br\/wp-content\/uploads\/esp.gif\" alt=\"\" width=\"50\" height=\"49\" \/><\/p>\n<p style=\"text-align: right;\"><a href=\"https:\/\/fonasc-cbh.org.br\/?wpfb_dl=239\" target=\"_blank\" rel=\"noopener\">\u00a0Espa\u00f1ol<\/a><\/p>\n<div>\n<p>.<img loading=\"lazy\" decoding=\"async\" title=\"Inscricao Fonasc\" src=\"https:\/\/fonasc-cbh.org.br\/wp-content\/uploads\/Inscricao600x337.png\" alt=\"\" width=\"616\" height=\"253\" \/><\/p>\n<div>\n<h2><\/h2>\n<p><strong><b>Dentro da sua miss\u00e3o, a a\u00e7\u00e3o pol\u00edtica do FONASC.CBH tem como objetivo:<\/b><\/strong><\/p>\n<ul>\n<li style=\"text-align: justify;\"><strong>Fortalecer a cidadania atrav\u00e9s da capacita\u00e7\u00e3o mobiliza\u00e7\u00e3o e articula\u00e7\u00e3o dos movimentos para atua\u00e7\u00e3o qualificada de cidad\u00e3os e suas organiza\u00e7\u00f5es na gest\u00e3o dos rios e \u00e1guas p\u00fablicas;<\/strong><\/li>\n<li style=\"text-align: justify;\">\n<div><strong>Defesa dos mananciais e nascentes;<\/strong><\/div>\n<\/li>\n<li style=\"text-align: justify;\">\n<div><strong>Defesa dos rios;<\/strong><\/div>\n<\/li>\n<li style=\"text-align: justify;\">\n<div><strong>Luta contra projetos pol\u00edticos que beneficie apenas algumas pessoas;<\/strong><\/div>\n<\/li>\n<li style=\"text-align: justify;\">\n<div><strong>Ajuda a criar normas e leis que protegem as \u00e1guas. <\/strong><strong>Combate desvios na execu\u00e7\u00e3o das legisla\u00e7\u00e3o das \u00e1guas;<\/strong><\/div>\n<\/li>\n<li style=\"text-align: justify;\">\n<div><strong>Den\u00fancia contra procedimentos e mal gerenciamento das \u00e1guas;<\/strong><\/div>\n<\/li>\n<li style=\"text-align: justify;\">\n<div><strong>Apoia e transfere tecnologias para atua\u00e7\u00e3o das pessoas e organiza\u00e7\u00f5es no pa\u00eds que lutam pelas \u00e1guas;<\/strong><\/div>\n<\/li>\n<li>\n<div style=\"text-align: justify;\"><strong>Valoriza, divulga e estimula condutas pol\u00edticas, \u00e9ticas e agregadoras pelo valor social da \u00e1gua e dos rios.<\/strong><\/div>\n<\/li>\n<\/ul>\n<p>-Veja algumas das frentes de atua\u00e7\u00e3o ou temque ou temas que FONASC-CBH est\u00e1 atualmente trabalhando.<\/p>\n<ul>\n<li><a title=\"ATUA\u00c7\u00c3O PELO CUMPRIMENTO DA LEGISLA\u00c7\u00c3O\" href=\"https:\/\/fonasc-cbh.org.br\/?page_id=3143\" target=\"_blank\" rel=\"noopener\">Legisla\u00e7\u00e3o<\/a><\/li>\n<li>Aguas Subteraneas <a title=\"ag sub\" href=\"https:\/\/fonasc-cbh.org.br\/?page_id=3193\" target=\"_blank\" rel=\"noopener\">-Atua\u00e7\u00e3o <\/a><\/li>\n<li><a title=\"COBRANCA\" href=\"https:\/\/fonasc-cbh.org.br\/?page_id=1048\" target=\"_blank\" rel=\"noopener\">Cobran\u00e7a para uso da \u00e1gua<\/a>\u00a0&#8211; <a title=\"cobran\u00e7a\" href=\"https:\/\/fonasc-cbh.org.br\/?page_id=3176\" target=\"_blank\" rel=\"noopener\">Atua\u00e7\u00e3o<\/a><\/li>\n<li><a title=\"OUTORGAS \" href=\"https:\/\/fonasc-cbh.org.br\/?page_id=2241\" target=\"_blank\" rel=\"noopener\">Outorga para uso da \u00e1gua<\/a>\u00a0&#8211;<a title=\"OUTORGA\" href=\"https:\/\/fonasc-cbh.org.br\/?page_id=3182\" target=\"_blank\" rel=\"noopener\">ATUA\u00c7\u00c3O<\/a><\/li>\n<li>Ci\u00eancia e tecnologia para uso social das \u00e1guas &#8211; <a title=\"ctct\" href=\"https:\/\/fonasc-cbh.org.br\/?page_id=3209\" target=\"_blank\" rel=\"noopener\">Atua\u00e7\u00e3o <\/a><\/li>\n<li><a title=\"PLANOS DE BACIAS \" href=\"https:\/\/fonasc-cbh.org.br\/?page_id=2407\" target=\"_blank\" rel=\"noopener\">Planos de Bacias Hidrogr\u00e1ficas e Sociedade Civil<\/a>\u00a0&#8211; <a title=\"FONASC apoia e participa de comiss\u00e3o de Ambientalistas junto ao Poder Legislativo de Minas sobre a situa\u00e7\u00e3o da Pol\u00edtica de Recursos H\u00eddricos de Minas Gerais\" href=\"https:\/\/fonasc-cbh.org.br\/?p=5369\" target=\"_blank\" rel=\"noopener\">ATUA\u00c7\u00c3O <\/a><\/li>\n<li><a title=\"ATUA\u00c7\u00c3O DO FONASC \" href=\"https:\/\/fonasc-cbh.org.br\/?page_id=1084&amp;preview=true\" target=\"_blank\" rel=\"noopener\">Educa\u00e7\u00e3o e Mobiliza\u00e7\u00e3o Social para gest\u00e3o das \u00e1guas<\/a>\u00a0&#8211; <a title=\"ctem\" href=\"https:\/\/fonasc-cbh.org.br\/?page_id=3188\" target=\"_blank\" rel=\"noopener\">ATUA\u00c7\u00c3O<\/a><\/li>\n<li><a title=\"RIOS DAS FRONTEIRAS \" href=\"https:\/\/fonasc-cbh.org.br\/?p=1817\" target=\"_blank\" rel=\"noopener\">\u00c1guas trans-fronteiri\u00e7as<\/a>\u00a0&#8211; <a title=\"aguyas tranfronteiri\u00e7as \" href=\"https:\/\/fonasc-cbh.org.br\/?page_id=3140\" target=\"_blank\" rel=\"noopener\">Atua\u00e7\u00e3o<\/a><\/li>\n<li><a title=\"AGUAS COSTEIRAS \" href=\"https:\/\/fonasc-cbh.org.br\/?p=2030\" target=\"_blank\" rel=\"noopener\">\u00c1guas estuarinas e costeiras<\/a>\u00a0&#8211; <a title=\"atua\u00e7\u00e3o\" href=\"https:\/\/fonasc-cbh.org.br\/?page_id=3204\" target=\"_blank\" rel=\"noopener\">ATUA\u00c7\u00c3O <\/a><\/li>\n<li><a title=\"PROJETOS DE IMPACTOS NAS AGUAS  \" href=\"http:\/\/www.ana.gov.br\/AcoesAdministrativas\/CDOC\/CatalogoPublicacoes_2011.asp\" target=\"_blank\" rel=\"noopener\">Grandes projetos e imp\u00e1ctos nas \u00e1guas<\/a>\u00a0&#8211;<a title=\"ctap\" href=\"https:\/\/fonasc-cbh.org.br\/?page_id=3164\" target=\"_blank\" rel=\"noopener\"> Atua\u00e7\u00e3o <\/a><\/li>\n<li><a title=\"OBSERVAT\u00d3RIO DAS AGUAS PELO FONASC\" href=\"https:\/\/fonasc-cbh.org.br\/?page_id=14159\" target=\"_blank\" rel=\"noopener\">observatorio das \u00a0\u00c3guas do FONASC\u00a0<\/a><\/li>\n<\/ul>\n<p><a title=\"plartaforma \" href=\"https:\/\/docs.google.com\/a\/fonasc-cbh.org.br\/open?id=0B66TtT_YnoXvX3VlS1FUNjRjeXc\" target=\"_blank\" rel=\"noopener\">\u00a0Proposta de a\u00e7ao plataforma 2012- 2015\u00a0 <\/a><\/p>\n<p><a title=\"camares tecnicas do fonasc \" href=\"https:\/\/fonasc-cbh.org.br\/?page_id=174\" target=\"_blank\" rel=\"noopener\">Diretrizes de a\u00e7\u00e3o nas C\u00e2maras T\u00e9cnicas do Fonasc e do CNRH nos temas acima<\/a> &#8211;<\/p>\n<p><a title=\"relatorio de participa\u00e7\u00e3o nas Cts  \" href=\"https:\/\/fonasc-cbh.org.br\/?page_id=2817\" target=\"_blank\" rel=\"noopener\">Relat\u00f3rios dos participantes do Fonasc nos Temas acima <\/a><\/p>\n<p>-Veja tamb\u00e9m:<\/p>\n<p>&#8211; <a title=\"instrumentops de gest\u00e3o \" href=\"https:\/\/fonasc-cbh.org.br\/?page_id=2219\" target=\"_blank\" rel=\"noopener\">instrumentos de gest\u00e3o dos rios e o fonasc <\/a><\/p>\n<p><a title=\"relat\u00f3rios \" href=\"https:\/\/fonasc-cbh.org.br\/?wpfb_dl=66\" target=\"_blank\" rel=\"noopener\">-Leia avalia\u00e7\u00e3o das atividades do FONASC frente as Cts em 2010<\/a><\/p>\n<p>&#8211;<a href=\"https:\/\/fonasc-cbh.org.br\/?wpfb_dl=14\" target=\"_blank\" rel=\"noopener\">Leia o nosso \u00faltimo Boletim Fonasc de 12\/2010<\/a><\/p>\n<p><a title=\"NOTICIAS\" href=\"https:\/\/fonasc-cbh.org.br\/?cat=8\" target=\"_blank\" rel=\"noopener\"><em>-NOTICIAS<\/em> <\/a><\/p>\n<p>___________________________________________________________________________________________________________________________________________________________________________________________________<\/p>\n<p>-AGENCIAS DE BACIAS ( <a title=\"-parecer sobre entidade delegat\u00e1rio Rio Doce  \" href=\"https:\/\/fonasc-cbh.org.br\/?wpfb_dl=27\" target=\"_blank\" rel=\"noopener\">Veja a atua\u00e7\u00e3o junto a CBHs da Bacia do Rio Doce sobre Agencia delegat\u00e1ria<\/a> e Paranaiba.<\/p>\n<p>_________________________________________________________________________________________________________________________________________________________________________________________________________________________________________________________________________________________________________________________________________________________________________________________________________________________________________________________________________________________________________<\/p>\n<p style=\"text-align: justify;\">&#8211;<a title=\"RIOS BRASILEIROS \" href=\"https:\/\/fonasc-cbh.org.br\/?page_id=2366\" target=\"_blank\" rel=\"noopener\">ALGUNS CORPOS D\u00c1GUA (RIOS) COM ATUA\u00c7\u00c3O DE REPRESENTA\u00c7\u00c3O , DE NOSSOS PARCEIROS OU ATUA\u00c7\u00c3O DIRETA DE CIDAD\u00c3OS OU COORDENADORES VINCULADOS AO FONASC.OU APOIO A INICIATIVAS QUE FORTALECEM A PARTICIPA\u00c7\u00c3O SOCIAL ( devido a din\u00e2mica sobrecarreagada DOS COLABORADORES e das entidades e parceiros locais- este \u00edtem est\u00e1 sendo atualizado paulatinamente)<\/a><\/p>\n<p>\u00a0_________________________________________________________________________________________________________________________________________________________________________________________________________________________________________________________________________________________________________________________________________________________________________________________________________________________________________________________________________________________________________<\/p>\n<p>&#8211;TEMAS ESPEC\u00cdFICOS ACOMPANHADOS PELO FONASC .<\/p>\n<ul>\n<li><a title=\"seg\" href=\"https:\/\/fonasc-cbh.org.br\/?page_id=2977\" target=\"_blank\" rel=\"noopener\">Seguran\u00e7a de Barragens<\/a>\n<div><em><a title=\"rios do semi \u00e1rido\" href=\"https:\/\/fonasc-cbh.org.br\/?page_id=1625\" target=\"_blank\" rel=\"noopener\">Outorgas em rios intermitentes e semi\u00e1rido<\/a><\/em><\/div>\n<\/li>\n<li>\u00c1gua e Minera\u00e7\u00e3o.<\/li>\n<\/ul>\n<p>_________________________________________________________________________________________________________________________________________________________________________________________________________________________________________________________________________________________________________________________________________________________________________________________________________________________________________________________________________________________________________<\/p>\n<p>-DESAFIOS REGIONAIS:<\/p>\n<ul>\n<li style=\"text-align: justify;\">R<a title=\"FONASC PROTESTA CONTRA PRESS\u00d5ES PARA ACABAR COM O PROGRAMA ASA BRASIL \" href=\"https:\/\/fonasc-cbh.org.br\/?p=1265\" target=\"_blank\" rel=\"noopener\">EGI\u00c3O NORDESTE SEMI\u00c1RIDO<\/a> (Programa de cisternas &#8211; Posi\u00e7\u00e3o do Fonasc )<\/li>\n<li style=\"text-align: justify;\">\u00a0REGI\u00c3O PANTANAL ( EM APOIO AS COMUNIDADES QUE ENFRENTAM OS EFEITOS DA EXPANS\u00c3O DAS pchs. que assoreiam os rio da regi\u00e3o do Pantanal ) (VEJA ATUA\u00c7\u00c3O DO FONASC na C\u00e2mara T\u00e9cnica de An\u00e1lise de Projetos do CNRH)<\/li>\n<li style=\"text-align: justify;\">\u00a0<a title=\"a\\ragui\\z\" href=\"https:\/\/fonasc-cbh.org.br\/?wpfb_dl=17\" target=\"_blank\" rel=\"noopener\">REGI\u00d5ES ARAGUAIA TOCANTINS<\/a> E <a title=\"PLANO AMAZONIA \" href=\"https:\/\/fonasc-cbh.org.br\/?wpfb_dl=75\" target=\"_blank\" rel=\"noopener\">REGI\u00c3O AMAZ\u00d5NICA<\/a>. 1- posicionamento contra planos de bacias sem fundamenta\u00e7\u00e3o legal aprovados pelo CNRH para essas regi\u00f5es. 2- apoio aos movimentos sociais que questionam as grandes barragens na Amaz\u00f4nia e suas consequencias e ilegalidades patrocinadas pelo Estado Brasileiro.<\/li>\n<\/ul>\n<p style=\"text-align: justify;\">\u00a0_________________________________________________________________________________________________________________________________________________________________________________________________________________________________________________________________________________________________________________________________________________________________________________________________________________________________________________________________________________________________________<\/p>\n<p>-OUTRAS ATIVIDADES APOIADAS OU IMPLEMENTADAS POR REDES OU ENTIDDES PARCEIRAS NAS DEMAIS REGI\u00d5ES DO PA\u00cdS.<\/p>\n<p>_________________________________________________________________________________________________________________________________________________________________________________________________________________________________________________________________________________________________________________________________________________________________________________________________________________________________________________________________________________________________________<\/p>\n<p>-PROGRAMAS E PROJETOS ( METODOLOGIAS E TECNOLOLGIAS SOCIAIS DESENVOLVIDAS PELOS PARCEIROS E COLABORADORES DO FONASC PARA MOBILIZA\u00c7\u00c3O SOCIAL E CAPACITA\u00c7\u00c3O PARA GEST\u00c3O:<\/p>\n<ul>\n<li><strong>Programa de Certifica\u00e7\u00e3o Comunit\u00e1ria para o Valor Social da \u00c1gua <\/strong><\/li>\n<li><strong><a title=\"PROJETO ASA\" href=\"https:\/\/fonasc-cbh.org.br\/?page_id=35\" target=\"_blank\" rel=\"noopener\">Programa de Forma\u00e7\u00e3o de Agente Ambientais de Bacias Hidrogr\u00e1ficas<\/a><\/strong><\/li>\n<li><strong>mobiliza\u00e7\u00e3o local para preserva\u00e7\u00e3o e manuten\u00e7\u00e3o de nascentes .<\/strong><\/li>\n<\/ul>\n<p>_________________________________________________________________________________________________________________________________________________________________________________________________________________________________________________________________________________________________________________________________________________________________________________________________________________________________________________________________________________________________________<\/p>\n<p><em><a title=\"FONASC NOS ESTADOS \" href=\"https:\/\/fonasc-cbh.org.br\/?page_id=1399 \">-(<strong>FONASC NOS ESTADOS E NOS CONSELHOS EST<\/strong><strong>ADUAIS DE RECURSOS HIDRICOS) ( P\u00c1GINAS AINDA EM CONSTRU\u00c7\u00c3O )<\/strong> .<\/a><\/em><\/p>\n<p>_________________________________________________________________________________________________________________________________________________________________________________________________________________________________________________________________________________________________________________________________________________________________________________________________________________________________________________________________________________________________________<\/p>\n<p>&#8211;<strong>M<em><a title=\"MULHERES E AGUA \" href=\"https:\/\/fonasc-cbh.org.br\/?p=1127\" target=\"_blank\" rel=\"noopener\">ULHERES G\u00caNERO E \u00c1GUA<\/a> .<\/em><\/strong><\/p>\n<p>_________________________________________________________________________________________________________________________________________________________________________________________________________________________________________________________________________________________________________________________________________________________________________________________________________________________________________________________________________________________________________<\/p>\n<p><strong>FONASC E O MPF- O FONASC ATUA NOS ESTADOS APOIANDO AS INICIATIVAS DO MINIST\u00c9RIO P\u00daBLICO FEDERAL<\/strong><\/p>\n<p><em><a href=\"https:\/\/fonasc-cbh.org.br\/?wpfb_dl=40\" target=\"_blank\" rel=\"noopener\">Leia na \u00edntegra o documento encaminhado pelo FONASC-CBH ao MPF em Novembro de 2011<\/a><\/em><\/p>\n<p style=\"text-align: justify;\"><em>v<a title=\"paracer MPF\" href=\"https:\/\/docs.google.com\/document\/d\/1aomgQmk4DBuI44M3PN6cE-Yc5uVsnwydqPMEFMcV7bA\/edit?pli=1#\" target=\"_blank\" rel=\"noopener\">eja Parecer do MPF que manifesta a prosced\u00eancia das reivindica\u00e7\u00f5es e LUTA do FONASC CONTRA A DISCRIMINA\u00c7\u00c3O DE ENTIDADES COMUNIT\u00c1RIAS QUE PARTICIPAM DA GEST\u00c3O DAS \u00c1GUAS <\/a><\/em><\/p>\n<p><em><a title=\"MPF NOS 10 ANOS DO FONASC \" href=\"https:\/\/fonasc-cbh.org.br\/?p=446\" target=\"_blank\" rel=\"noopener\">MPF NOS 10 ANOS DO FONASC <\/a>.<\/em><\/p>\n<p><em><a title=\"MPF\" href=\"https:\/\/fonasc-cbh.org.br\/?p=446\" target=\"_blank\" rel=\"noopener\">IDEM <\/a><\/em><\/p>\n<p>_________________________________________________________________________________________________________________________________________________________________________________________________________________________________________________________________________________________________________________________________________________________________________________________________________________________________________________________________________________________________________<\/p>\n<p><strong><em>-FUNDO DE RECURSOS H\u00cdDRICOS NOS ESTADOS &#8211; FONASC ACOMPANHA A APLICA\u00c7\u00c3O DOS RECURSOS <\/em><\/strong><\/p>\n<p style=\"text-align: justify;\"><em>*OS RECURSOS DA COBRAN\u00c7A e Os fundos estaduais de recursos h\u00eddricos \u00e9 formando por recursos oriundos das compensa\u00e7\u00f5es pelo uso das \u00e1guas transferidas pelo Setor El\u00e9tricdo e oriundos tamb\u00e9m da Cobran\u00e7a pelos usos dos recursos h\u00eddricos por outros setores econ\u00f4micos nas Bacias de afluentes nos estados.<\/em><\/p>\n<p><a title=\"FUNDOS ESTADUAIS DE RECURSOS HIDRICOS [\" href=\"http:\/\/www.aguasdoparaopeba.org.br\/conteudo.php?id=263\" target=\"_blank\" rel=\"noopener\"><em>Veja Situa\u00e7\u00e3o em MG <\/em><\/a><\/p>\n<p>__________________________________________________________________________________________________________________________________________________________________________<\/p>\n<p><strong><a title=\"coo\" href=\"https:\/\/fonasc-cbh.org.br\/?page_id=1484\" target=\"_blank\" rel=\"noopener\">-CONTRA A CORRUP\u00c7\u00c3O NAS \u00c1GUA ( EM CONSTRU\u00c7\u00c3O) veja em Links <\/a><\/strong><\/p>\n<address>__________________________________________________________________________________________________________________________________________________________________________<\/p>\n<p style=\"text-align: justify;\">\u00a0<em><strong><a title=\"ELEI\u00c7\u00c3O PARA REPRESETNA\u00c7\u00c3O DAS ONGS NO CNRH  \" href=\"https:\/\/fonasc-cbh.org.br\/?p=1332\" target=\"_blank\" rel=\"noopener\">FONASC ATUANDO CONTRA OS RETROCESSOS LEGAIS E POL\u00cdTICOS QUE TENTAM IMPEDIR O CONTROLE SOCIAL E IMPEDIR A PARTICIPA\u00c7\u00c3O DEMOCR\u00c1TICA DAS ORGANIZA\u00c7\u00d5ES CIVIS NA GEST\u00c3O DAS \u00c1GUAS <\/a><\/strong><\/em><\/p>\n<p>__________________________________________________________________________________________________________________________________________________________________________<\/p>\n<p><em><strong>FONASC E MUDAN\u00c7AS CLIM\u00c1TICAS\u00a0<\/strong><\/em><\/p>\n<p><strong>____________________________________________________________<\/strong><\/p>\n<p><em><strong>\u00a0RIO MAIS 20 <a title=\"RIO + 20 \" href=\"https:\/\/fonasc-cbh.org.br\/?p=3635\" target=\"_blank\" rel=\"noopener\">-VEJA<\/a>\u00a0 &#8211; EM<a title=\"cupula dos povos \" href=\"http:\/\/groups.google.com\/group\/juventudesurbanas\/browse_thread\/thread\/eaf13f22d20d5ddd\/ba6288c61aa827d2?hl=pt-BR&amp;q=cupula+dos+povos+-+rio%2B20+minas+gerais\" target=\"_blank\" rel=\"noopener\"> MINAS GERAIS<\/a> <\/strong><\/em><\/p>\n<p><strong><a title=\"ULTIMAS \" href=\"https:\/\/fonasc-cbh.org.br\/?p=3682\" target=\"_blank\" rel=\"noopener\">ultimas noticias \u00a0<\/a><\/strong><\/p>\n<p>__________________________________________________________________________________________________________________________________________________________________________<\/p>\n<p style=\"text-align: justify;\">\u00a0<em><strong><a title=\"alertas fonasc \" href=\"https:\/\/fonasc-cbh.org.br\/?p=1865\" target=\"_blank\" rel=\"noopener\">ALERTAS FONASC <\/a>&#8211; <\/strong><\/em><em><strong>DE<\/strong><\/em> <strong>ACIDENTES OU DESASTRES HIDROL\u00d3GICOS CR\u00cdTICOS QUE S\u00c3O DECORRENTES DAS INTERVEN\u00c7\u00d5ES HUMANAS NOS RIOS E LAGOAS, CAUSA NATURAIS OU A INTEGRA\u00c7\u00c3O DESSES FATORES- O FONASC-CBH DIVULGAR\u00c1 AS SOLICITA\u00c7\u00d5ES DE SEUS REPRESENTANTES LOCAIS JUNTO A GOVERNANCA LOCAL E REGIONAL DE GEST\u00c3O DOS RIOS E DEMAIS CORPOS D\u00c1GUA E QUE NECESSITAM SER ESCLARECIDAS OBJETIVANDO CONTRIBUIR COM A PREVEN\u00c7\u00c3O NAS DIVERSAS BACIAS HIDROGR\u00c1FICAS E REGI\u00d5ES DE NOSSA ATUA\u00c7AO. (em constru\u00e7\u00e3o ) <\/strong><\/p>\n<\/address>\n<p style=\"text-align: justify;\">\u00a0__________________________________________________________________________________________________________________________________________________________________________<\/p>\n<p>\u00a0&#8211;<a href=\"https:\/\/fonasc-cbh.org.br\/?cat=8\"><strong><em>OUTRAS NOTICIAS <\/em><\/strong><\/a><\/p>\n<p>__________________________________________________________________________________________________________________________________________________________________________<\/p>\n<p><em><strong>CARO VISITANTE <\/strong><\/em><\/p>\n<p style=\"text-align: justify;\"><em><strong>INFORME SOBRE OS DESAFIOS AS INICIATIVAS AS <\/strong><\/em><em><strong>REIVINDICA\u00c7\u00d5ES E RESULTADOS DOS ESFOR\u00c7OS DA COMUNIDADE DE SUA BACIA PELO RIO DE SUA VIDA OU COMUNIDADE &#8211; PARTICIPE JUNTO COM O FONASC (ENVIE SEU COMENT\u00c1RIO E SUGEST\u00c3O ABAIXO : )<\/strong><\/em><\/p>\n<p>p\/coordena\u00e7\u00e3o do FONASC<\/p>\n<p>________________________________________________________________________________________________________________________________________________________________________________________________________________________________________________________________________________________________________________________________________________________________________________________________________________________________________________________________________________________________<\/p>\n<p><em><strong><em>FA\u00c7A SUAS SUGEST\u00d5ES <\/em><\/strong><\/em><\/p>\n<p>[contact-form-7 id=&#8221;4&#8243; title=&#8221;Contact form 1&#8243;]<\/p>\n<p>_____________________________________________________________________________________________________________________________________________________________________________________________________________________________________________________________________________________________________________________________________________________________________________________________________________________________________________________________________________________________________<br \/>\n_<\/p>\n<\/div>\n<\/div>\n","protected":false},"excerpt":{"rendered":"<p>English \u00a0Espa\u00f1ol . Dentro da sua miss\u00e3o, a a\u00e7\u00e3o pol\u00edtica do FONASC.CBH tem como objetivo: Fortalecer a cidadania atrav\u00e9s da&#8230;<\/p>\n","protected":false},"author":3,"featured_media":0,"parent":3001,"menu_order":0,"comment_status":"open","ping_status":"open","template":"","meta":{"footnotes":""},"_links":{"self":[{"href":"https:\/\/fonasc-cbh.org.br\/index.php?rest_route=\/wp\/v2\/pages\/2869"}],"collection":[{"href":"https:\/\/fonasc-cbh.org.br\/index.php?rest_route=\/wp\/v2\/pages"}],"about":[{"href":"https:\/\/fonasc-cbh.org.br\/index.php?rest_route=\/wp\/v2\/types\/page"}],"author":[{"embeddable":true,"href":"https:\/\/fonasc-cbh.org.br\/index.php?rest_route=\/wp\/v2\/users\/3"}],"replies":[{"embeddable":true,"href":"https:\/\/fonasc-cbh.org.br\/index.php?rest_route=%2Fwp%2Fv2%2Fcomments&post=2869"}],"version-history":[{"count":52,"href":"https:\/\/fonasc-cbh.org.br\/index.php?rest_route=\/wp\/v2\/pages\/2869\/revisions"}],"predecessor-version":[{"id":26439,"href":"https:\/\/fonasc-cbh.org.br\/index.php?rest_route=\/wp\/v2\/pages\/2869\/revisions\/26439"}],"up":[{"embeddable":true,"href":"https:\/\/fonasc-cbh.org.br\/index.php?rest_route=\/wp\/v2\/pages\/3001"}],"wp:attachment":[{"href":"https:\/\/fonasc-cbh.org.br\/index.php?rest_route=%2Fwp%2Fv2%2Fmedia&parent=2869"}],"curies":[{"name":"wp","href":"https:\/\/api.w.org\/{rel}","templated":true}]}}