{"id":2853,"date":"2012-03-07T21:35:42","date_gmt":"2012-03-07T21:35:42","guid":{"rendered":"http:\/\/fonasc-cbh.org.br\/?page_id=2853"},"modified":"2015-03-30T03:58:23","modified_gmt":"2015-03-30T03:58:23","slug":"eleicao-cnrh-informes","status":"publish","type":"page","link":"https:\/\/fonasc-cbh.org.br\/?page_id=2853","title":{"rendered":"ELEI\u00c7\u00c3O CNRH INFORMES"},"content":{"rendered":"<p>&nbsp;<\/p>\n<p><a title=\"CONATS\" href=\"https:\/\/fonasc-cbh.org.br\/?page_id=47\" target=\"_blank\">CONTATE-NOS<\/a><\/p>\n<p>&nbsp;<\/p>\n<p>29052013 &#8211; <a href=\"https:\/\/fonasc-cbh.org.br\/?p=8597\">JUSTICA FEDERAL ANULA EFEITOS DE\u00a0 RESOLUCAO 100 DO CNRH \u2013<\/a><\/p>\n<h2>\u00a019.05 &#8211; <a title=\"vitoria \" href=\"https:\/\/fonasc-cbh.org.br\/?p=3853 \" target=\"_blank\">FONASC E DEMAIS ENTIDADS PARCEIRAS S\u00c3O REELEITAS PARA MAIS UM MANDATO NA REPRESENTA\u00c7\u00c3O DAS ONGS NO CNRH\u00a0&#8211; <\/a><\/h2>\n<p><a title=\"ata provisoria \" href=\"https:\/\/fonasc-cbh.org.br\/?wpfb_dl=143\" target=\"_blank\">VEJA A MINUTA DA ATA DE ELEI\u00c7\u00c3O <\/a>( provisoria at\u00e9 publica\u00e7\u00e3o no DOU)<\/p>\n<p>&nbsp;<\/p>\n<p>23-04 &#8211; <a title=\"procura\u00e7\u00e3o \" href=\"https:\/\/docs.google.com\/open?id=0B66TtT_YnoXvRklzWHRsM2ZBdjQ\" target=\"_blank\">Veja modelo de procura\u00e7\u00e3o para entidades parceiras do FONASC que embora habilitadas n\u00e3opoder\u00e3o participar da assembl\u00e9ia.\u00a0\u00a0<\/a>\u00a0&#8211; fa\u00e7a dowauloud do arquivo ( caso n\u00e3o consiga acesse o link documentos elei\u00e7\u00f5es e puxe modelo de procura\u00e7\u00e3o)<\/p>\n<p><a title=\"proposta d etrabalho \" href=\"https:\/\/docs.google.com\/a\/fonasc-cbh.org.br\/open?id=0B66TtT_YnoXvX3VlS1FUNjRjeXc\" target=\"_blank\">23.04 &#8211; Avalie e encaminhe\u00a0sugest\u00f5es sobre a proposta de trabalho do FONASC na representa\u00e7\u00e3o da soc civil no CNRH\u00a0no tri\u00eanio 2012-2015 <\/a>\u00a0&#8211; <a title=\"temas\" href=\"https:\/\/fonasc-cbh.org.br\/?p=1679\" target=\"_blank\">Veja os temas de atua\u00e7\u00e3o do fonasc nos colegiados ( CBHs\u00a0e CERHs CNRH ) \u00a0\u00a0<\/a><\/p>\n<p>13.04 &#8211; Prezados Amigos parceiros filiados e colaboradores do FONASC .<\/p>\n<div>ESTAMOS DANDO conhecimento do resultado das entidades habilitadasque voce pode conhecer tamb\u00e9m acessando: (<a href=\"https:\/\/fonasc-cbh.org.br\/?wpfb_dl=109\" rel=\"nofollow\" target=\"_blank\">https:\/\/fonasc-cbh.org.br\/?wpfb_dl=109<\/a>) para o processo de elei\u00e7\u00e3o para representa\u00e7\u00e3o das org civis no CNRH que tamb\u00e9m pode ser acessado na p\u00e1gina do MMA( <a href=\"http:\/\/www.cnrh.gov.br\/\" rel=\"nofollow\" target=\"_blank\">www.cnrh.gov.br<\/a>). A Assembl\u00e9ia com as entidades habilitadas acontecer\u00e1 no dia 15 de maio de 2012..Foram as seguintes as entidades habilitadas<\/div>\n<div><strong><strong><\/strong><\/strong><\/p>\n<p align=\"left\">RELA\u00c7\u00c3O\u00a0NOME<\/p>\n<p>&nbsp;<\/p>\n<p align=\"left\">COOPERMIRA<\/p>\n<p align=\"left\">Ambiente e Educa\u00e7\u00e3o Interativa &#8211; AMEDI<\/p>\n<p align=\"left\">Associa\u00e7\u00e3o Agroecol\u00f3gica Tijup\u00e1<\/p>\n<p align=\"left\">Associa\u00e7\u00e3o Amigos do Rio Jaguari<\/p>\n<p align=\"left\">Associa\u00e7\u00e3o Campon\u00eas &#8211; ACA<\/p>\n<p align=\"left\">Associa\u00e7\u00e3o Cultural de Preserva\u00e7\u00e3o do Patrim\u00f4nio Bantu<\/p>\n<p align=\"left\">Associa\u00e7\u00e3o de Defesa do Meio Ambiente e Desenvolvimento do vale do Paraopeba &#8211; ASMAP<\/p>\n<p align=\"left\">Associa\u00e7\u00e3o de defesa e desenvolvimento ambiental de ferros<\/p>\n<p align=\"left\">Associa\u00e7\u00e3o do Bairro S\u00e3o Benedito<\/p>\n<p align=\"left\">Associa\u00e7\u00e3o dos atingidos pela barragem de Estreito<\/p>\n<p align=\"left\">Associa\u00e7\u00e3o dos Filhos e Amigos de Bezerro<\/p>\n<p align=\"left\">Associa\u00e7\u00e3o Eco Vital<\/p>\n<p align=\"left\">Associa\u00e7\u00e3o Educa\u00e7\u00e3o e Meio Ambiente &#8211; Assessoria, Consultoria e Projetos<\/p>\n<p align=\"left\">Associa\u00e7\u00e3o Executiva de Apoio \u00e0 Gest\u00e3o de Bacias Hidrogr\u00e1ficas Peixe Vivo &#8211; AGB Peixe Vivo<\/p>\n<p align=\"left\">Associa\u00e7\u00e3o Global de Desenvolvimento Sustent\u00e1vel<\/p>\n<p align=\"left\">Caminhos da Serra, Ambiente, Educa\u00e7\u00e3o e Cidadania<\/p>\n<p align=\"left\">Centro de Cultura Negra do Maranh\u00e3o<\/p>\n<p align=\"left\">Centro de Estudos, Defesa e Educa\u00e7\u00e3o Ambiental<\/p>\n<p align=\"left\">Centro S\u00f3cio Educacional e Cultural Coroadinho<\/p>\n<p align=\"left\">Cooperativa Terra e Vida<\/p>\n<p align=\"left\">Educa Brasil<\/p>\n<p align=\"left\">Escola Comunit\u00e1ria Educando e Jardim de Inf\u00e2ncia Pequeno Aprendiz<\/p>\n<p align=\"left\">FONASC<\/p>\n<p align=\"left\">Grupo de Trabalho novas fronteiras para coopera\u00e7\u00e3o do Estado do Maranh\u00e3o<\/p>\n<p align=\"left\">Instituto Brasileiro de Prote\u00e7\u00e3o Ambiental<\/p>\n<p align=\"left\">Instituto Conviv\u00eancia com o Semi \u00c1rido Brasileiro<\/p>\n<p align=\"left\">Instituto de Estudos Pr\u00f3 Cidadania<\/p>\n<p align=\"left\">Instituto Educacional e Assistencial Nossa Senhora Aparecida<\/p>\n<p align=\"left\">Instituto Ipanema<\/p>\n<p align=\"left\">Movimento Art\u00edstico, Cultural e Ambiental de Caet\u00e9<\/p>\n<p align=\"left\">Movimento Verde de Paracatu<\/p>\n<p align=\"left\">ONG Conviver<\/p>\n<p align=\"left\">Organiza\u00e7\u00e3o para prote\u00e7\u00e3o Ambiental &#8211; OPA<\/p>\n<p align=\"left\">Ponto Terra<\/p>\n<p align=\"left\">Pr\u00f3 melhoramento do Bairro S\u00e3o Geraldo<\/p>\n<p>Associa\u00e7\u00e3o Comunit\u00e1ria dos Moradores da Salina do Sacavem<\/p>\n<p align=\"left\">Associa\u00e7\u00e3o Comunit\u00e1ria Itaqui Bacanga<\/p>\n<p align=\"left\">Associa\u00e7\u00e3o dos Condutores de Visitantes e Brigada volunt\u00e1ria contra inc\u00eandios florestais do Morro do Chap\u00e9u<\/p>\n<p align=\"left\">Centro de Educa\u00e7\u00e3o e Cultura do Trabalhador Rural &#8211; Centru<\/p>\n<p align=\"left\">For\u00fam comunit\u00e1rio itinerante de debates<\/p>\n<p align=\"left\">Funda\u00e7\u00e3o Maronna<\/p>\n<p align=\"left\">Instituto Guaicuy &#8211; SOS Rio das Velhas<\/p>\n<p align=\"left\">Instituto Matogrossense de Direito e Educa\u00e7\u00e3o Ambiental<\/p>\n<p align=\"left\">Motir\u00f5 -DF<\/p>\n<p>Rotary Club de S\u00e3o Luiz Gonzaga &#8211; RS<\/p>\n<p>&nbsp;<\/p>\n<p>Entendemos que o MMA ainda desconsidera principios legais sobre o direito das org civis participar da gest\u00e3o das \u00e1guas no CNRH pois n\u00e3o EST\u00c3O \u00a0levando em conta o direito de algumas em fun\u00e7\u00e3o de artigos da res 100 do cnrh impeditivos ao pleito\u00a0 dessas entidades participarem da pol\u00edtica nacional de recursos h\u00eddricos por serem de atua\u00e7\u00e3o local.Mesmo assim ficaram desabilitadas mais de 16 entidades ligadas ao FONASC<\/p>\n<\/div>\n<div style=\"text-align: justify;\">O MMA E A SECRETARIA DE RECURSOS H\u00cdDRICOS TEM SIDO INFORMADO CoNSTANTEMENTE QUANTO A ILEGALIDADE DE ARTIGOS DA \u00a0RES 100 DO CNRH QUE &#8220;DES&#8221; ORGANIZA O PROCESSO DE ELEI\u00c7\u00c3O DESSAS REPRESENTA\u00c7\u00d5ES EM BENEF\u00cdCIO DE POUCOS .Por eles , s\u00f3 poderia participar da gest\u00e3o das \u00e1guas em n\u00edvel federal entidades regionais ou nacionais sem definir o que \u00e9 nacional ou regional ou local.COMO SE UM RIACHO DE \u00c1GUAS\u00a0 PEQUENAS N\u00c3O SE TORNASSEM GRANDES RIOS<\/div>\n<div style=\"text-align: justify;\">O MPF ENCAMINHOU CARTA A MINISTRA E A CTIL- V\u00c3MARA T\u00c9CNICA DE ASSUNTOS LEGAIS DO CNRH \u00a0RECOMENDANDO ATENTAR QUANTO A PERMAN\u00eaNCIA DESSES DISPOSITIVOS CONSIDERADOS ILEGAIS IMPEDITIVOS AOS CUMPRIMENTOS DA LEGISLA\u00c7\u00c3O DE GEST\u00c3O DAS \u00c1GUAS VIDE ( <a href=\"https:\/\/fonasc-cbh.org.br\/?wpfb_dl=78\" rel=\"nofollow\" target=\"_blank\">https:\/\/fonasc-cbh.org.br\/?wpfb_dl=78<\/a>)<\/div>\n<div style=\"text-align: justify;\">O FONASC OBTEVE LIMINAR HOJE\u00a0 em 13.04.2012\u00a0 NA JUSTICA FEDERAL PARA RESGUARDAR O DIREITO DA PARTICIPA\u00c7\u00c3O DE ALGUMAS ENTIDADES REJEITADAS NESSE PLEITO\u00a0 DE ATUAR NO CNRH NOS TERMOS DA LEGISLA\u00c7\u00c3O E PEDIMOS AO MMA \u00a0\u00a0QUE AT\u00c9 DECIS\u00c3O CONTR\u00c1RIA SE HOUVER, SEJA CUMPRIDA DECIS\u00c3O JUDICIAL (<a href=\"https:\/\/fonasc-cbh.org.br\/?wpfb_dl=111\" rel=\"nofollow\" target=\"_blank\">https:\/\/fonasc-cbh.org.br\/?wpfb_dl=111<\/a>)<\/div>\n<div style=\"text-align: justify;\">iSTO POSTO, PARA GARANTIR O DIREITO E O PRINCIPIO DE EQUANIMIDDE PARANTE A LEI FERIDO POR INTRESSES INCOMODADOS COM A ATUA\u00c7\u00c3O DO FONASC DESDE QUE ASSUMIMOS UMA POSI\u00c7\u00c3O ATIVISTA EM DEFESA DAS \u00c1GUAS NO cnrh, REIVINDICAMOS PROVIDENCIAS DOS SETORES COMPETENTES DESSE MMA.<\/div>\n<div style=\"text-align: justify;\">AO TODO ESSE TEMPO, A INSIST\u00caNCIA DO MMA DE QUERER DEFENESTRAR A PARTICIPA\u00c7\u00c3O SOCIAL NA TOMADA DE DECIS\u00c3O PELAS \u00c1GUAS CRIANDO DIFICULDADES DE TODA ORDEM AS ONGS E MOVIMENTOS QUE ASSUME POSI\u00c7\u00d5ES POL\u00cdTICAS DE DEFESA DO CONTROLE SOCIAL EM POL\u00cdTICAS P\u00daBLICAS, REVELA O QUANTO DEVEMOS ESTAR ATENTOS PARA O PAPEL DE COLEGIADOS QUE FALSEIA A REALIDADE PARA LEGITIMAR O USO INSUSTENT\u00c1VEL DOS RIOS AGREDINDIO A CIDADANIA E A NATUREZA,.<\/div>\n<div style=\"text-align: justify;\">PARABENS e agradecmentos AOS NOSSOS COLABORADORES ADVOGADOS MILITANTES E COMPROMETIDOS COM O ESTADO DE DIREITO &#8211; Dr. Rafael Filipin,(pr) lIENE PEREIRA ( FONASC -MA ) JOSEFINA SANTOS (FONASC df) DR.dR. LUIZ SALES ( TO) pelo apoio t\u00e9cnico e diligente. O FONASC CONTINUAR\u00c1 desnudando toda essa trama em prejuizo ao estado de direito e a cidadania<\/div>\n<div>Joao climaco<\/div>\n<div>rep das org civis no CNRH<\/div>\n<div>__________________________________________________________<\/div>\n<div>veja mais:<\/div>\n<div><a title=\"CONVOCA\u00c7\u00c3O PARA ASSEMBLEIA \" href=\"https:\/\/fonasc-cbh.org.br\/?wpfb_dl=110\" target=\"_blank\">DOCUMENTO 13O04\u00a0<\/a><\/div>\n<div><a title=\"LIMINAR 1304 \" href=\"https:\/\/fonasc-cbh.org.br\/?wpfb_dl=111\" target=\"_blank\">LIMINAR OBTIDA PELO FONASC ANULANDO DISPOSITIVOS DA RESOLU\u00c7\u00e3o 100\u00a0QUE CRIAVA DIFICULDADE E IMPEDIA PARTICIPA\u00c7\u00c3O DE ENTIDADES DESCRIMINANDO-A PELO TAMANHO DE ATUA\u00c7\u00c3O <\/a><\/div>\n<div><a title=\"elei\u00e7\u00e3o habilitadas 13 06 \" href=\"https:\/\/fonasc-cbh.org.br\/?wpfb_dl=109\" target=\"_blank\">RELA\u00c7\u00c3O DE ENTIDADES HABILITADAS em 13.04 PARA PARTICIPAR DOPROCESSO DE ELEI\u00c7\u00c3O DE REPRESENTA\u00c7\u00c3O DAS ORG CIVIS NO CNRH<\/a>.<\/div>\n<p>_________________________________________________________________________<\/p>\n<p><a title=\"documentos \" href=\"https:\/\/fonasc-cbh.org.br\/?page_id=2857\" target=\"_blank\">DOCUMENTOS<\/a><\/p>\n<p>24-03 &#8211; <a title=\"entidades habilitadas \" href=\"https:\/\/docs.google.com\/a\/fonasc-cbh.org.br\/file\/d\/0B66TtT_YnoXvSXVIdS1ZYnRTZmF2VUR4UlJ2S3F5UQ\/edit\" target=\"_blank\">Entidades habilitadas <\/a><\/p>\n<p><a title=\"Entidades inabilitadas \" href=\"https:\/\/docs.google.com\/open?id=0B66TtT_YnoXvMm1yQ0Jid2tTY2U5WVVJUjhZMmI0Zw\" target=\"_blank\">\u00a0\u00a0\u00a0\u00a0 Entidades inabilitadas \u00a0<\/a><\/p>\n<p>&nbsp;<\/p>\n<p>&nbsp;<\/p>\n<p>&nbsp;<\/p>\n<p>&nbsp;<\/p>\n<p><a title=\"mm\" href=\"https:\/\/fonasc-cbh.org.br\/?page_id=3836\" target=\"_blank\">https:\/\/fonasc-cbh.org.br\/?page_id=3836\u00a0 \u00a0<\/a><\/p>\n<p>&nbsp;<\/p>\n<p><a title=\"comuncado do MMA \" href=\"https:\/\/docs.google.com\/open?id=0B66TtT_YnoXvOWFmN1d5X3VRRmkzRjZHZlFlSEl1UQ\" target=\"_blank\">COMUNICADO DO MMA <\/a><\/p>\n<p>Prezados Amigos Parceiros amigos e filiados ao FONASC<\/p>\n<p style=\"text-align: justify;\">Veja acima se sua entidade foi habilitada ou inabilitada para participar da assembl\u00e9ia de elei\u00e7\u00e3o\u00a0 para representa\u00e7\u00e3o das Org civis no CNRH\u00a0. No mesmo formul\u00e1rio est\u00e3o os usu\u00e1rios e outros segmentos. Caso voce n\u00e3o acesse poder\u00e1 tamb\u00e9m\u00a0 acessar atraves do link do <a title=\"cnrh \" href=\"http:\/\/www.cnrh.gov.br\" target=\"_blank\">CNRH <\/a>. <a href=\"http:\/\/www.cnrh.gov.br\">www.cnrh.gov.br<\/a><\/p>\n<p style=\"text-align: justify;\">O FONASC estar\u00e1 adotando e apoiando as entidades filiadas e nossas\u00a0 apoiadoras para confec\u00e7\u00e3o dos recursos conforme\u00a0o edital . Entre em contato conosco para providenciarmos o envio da documenta\u00e7\u00e3o e justificativa para providenciarmos a habilita\u00e7\u00e3o final das que ficaram pendentes.<\/p>\n<p style=\"text-align: justify;\">Lembrem-se que o FONASC \u00c3O ACATOU E JUDICIALIZOU A RES 100 que foi uma manobra de falsas ONGs de conduta duvidosa que faziam de seu mandato uma incestuosa rela\u00e7\u00e3o com outros segmentos e que foram por n\u00f3s exiladas da representa\u00e7\u00e3o no CNRH . Em cima de v\u00e1rias manifesta\u00e7\u00f5es do MPF plenamente a nosso favor todas nossas parceiras que foram inabilitadas poder\u00e7\u00e3o impetrar mandato de seguran\u00e7a contra essa discrimina\u00e7\u00e3o contra o livre direito das organiza\u00e7\u00f5es participaram da gest\u00e3o das \u00e1guas em, n\u00edvel nacional. vEJA OS DOCUMENTOS DO mpf NESSA P\u00c1GINA DO fONASC NO LINK DOCUMENTOS .<\/p>\n<p style=\"text-align: justify;\">Como voces est\u00e3o vendo nessa rela\u00e7\u00e3o n\u00e3o \u00e9 sem prop\u00f3sito o enganjamento macisso\u00a0 do setor usu\u00e1rio tanto da industria e setor el\u00e9trico. Isso \u00e9 porque eles sabem que \u00e9 nesse espa\u00e7o que se aloca os usos priorit\u00e1rios das \u00e1guas dos rios para os fins econ\u00f4micos. Enquanto isso estamos vivendo uma profunda letargia dos movimentos sociais em participar de colegiados e como prova vivenciamos a aus\u00eancia de um ativismo de pessoas de bem que se retraem\u00a0 na participa\u00e7\u00e3o cidad\u00e3 pelas \u00e1guas\u00a0\u00a0.<\/p>\n<p style=\"text-align: justify;\">O FONASC NOVAMENTE CONTINUAR\u00c1 SEUS ESFOR\u00c7OS PARA GARANTIR UMA DEFESA HONESTA E S\u00c9RIA\u00a0DOS PRINCIPIOS DE PARTICIPA\u00c7\u00c3O SOCIAL E SERIEDADE NA GEST\u00c3O DAS \u00c1GUAS, CADA VEZ MAIS AUSENTE .<\/p>\n<p style=\"text-align: justify;\">jOAO CLIMACO<\/p>\n<p style=\"text-align: justify;\">______________________________________________________________<\/p>\n<p style=\"text-align: justify;\"><strong>11-03 &#8211; Informe sobre habilita\u00e7\u00e3o<\/strong><\/p>\n<p style=\"text-align: justify;\">Prezados Amigos e Parceiros e afiliados ao FONASC<\/p>\n<p style=\"text-align: justify;\">No \u00faltimo dia 2 de mar\u00e7o encerrou-se o prazo para habilita\u00e7\u00e3o de entidades para participa\u00e7\u00e3o no processo de elei\u00e7\u00e3o para representa\u00e7\u00e3o das org. civis no CNRH. Segundo a res. 100 que rege esse processo O MMA atrav\u00e9s da Sec. Executiva do CNRH divulgar\u00e1 a rela\u00e7\u00e3o de habilitados no dia 23\/03\/2012, na p\u00e1gina eletr\u00f4nica <a href=\"http:\/\/cnrh.gov.br\/\" target=\"_blank\">HTTP:\/\/cnrh.gov.br<\/a>.<\/p>\n<p style=\"text-align: justify;\">Ap\u00f3s a divulga\u00e7\u00e3o desse resultado, caber\u00e1 recurso junto \u00e0 Secretaria Executiva do CNRH at\u00e9 \u00e0s 18h do dia 30\/03\/2012, sendo a rela\u00e7\u00e3o final dos habilitados afixada na Secretaria Executiva e divulgada na p\u00e1gina eletr\u00f4nica do CNRH, no dia 13\/04\/2012.<\/p>\n<p style=\"text-align: justify;\">Queremos agradecer a manifesta\u00e7\u00e3o de dezenas de entidades parceiras que participam conjuntamente conosco dessa rede de cidadania pelas \u00e1guas e que se inscreveram e fizeram esfor\u00e7o para continuidade de nosso trabalho nesse colegiado e estamos otimistas que poderemos continuar juntos nessa caminhada.<\/p>\n<p style=\"text-align: justify;\">Essa elei\u00e7\u00e3o por\u00e9m, acontece numa conjuntura marcada por intenso refluxo e rea\u00e7\u00e3o conservadora contra o controle e participa\u00e7\u00e3o social na gest\u00e3o das \u00e1guas que desmotivou maior n\u00famero de entidades . Inclusive em face da res. 100 desestimular a participa\u00e7\u00e3o de entidades locais .As informa\u00e7\u00f5es preliminares da Sec. executiva do CNRH indica a participa\u00e7\u00e3o de mais ou menos 100 entidades.<\/p>\n<p style=\"text-align: justify;\">Teremos que entrar com liminares para garantir a participa\u00e7\u00e3o de entidades locais pelo fato de n\u00e3o serem nacionais segundo interpreta\u00e7\u00e3o n\u00e3o sabemos de quem e que ser\u00e1 colocado como exig\u00eancia conf. res. 100 .Veja a pagina do fonasc no link documentos a\u00e7\u00e3o judicial. <a href=\"https:\/\/fonasc-cbh.org.br\/?page_id=289\" target=\"_blank\">https:\/\/fonasc-cbh.org.br\/?page_id=289<\/a> .<a title=\"carta da ministra \" href=\"https:\/\/fonasc-cbh.org.br\/?wpfb_dl=79\" target=\"_blank\">O MPF manifestou-se contr\u00e1rio a essa exig\u00eancia diretamente a Exma Sra. Ministra de Meio Ambiente<\/a><\/p>\n<p style=\"text-align: justify;\">O FONASC-CBH atrav\u00e9s de seu escrit\u00f3rio Bras\u00edlia-DF apoiar\u00e1 as entidades que se sentirem prejudicadas nos encaminhamentos necess\u00e1rios para sua participa\u00e7\u00e3o e almejamos continuarmos juntos .Pedimos portanto, as entidades inscritas que se preparem para providencias para mais documentos que forem necess\u00e1rios para complementa\u00e7\u00e3o habilita\u00e7\u00e3o final. O per\u00edodo para entrar com recursos para o cumprimento dessas exig\u00eancias est\u00e1 acima e muitas entidades n\u00e3o cumpriram as exig\u00eancias do edital.<\/p>\n<p style=\"text-align: justify;\">O fonasc continuar\u00e1 seus esfor\u00e7os para aperfei\u00e7oamento desse processo ( Nossa proposta foi recha\u00e7ada para facilitar a elei\u00e7\u00e3o de entidades ligadas ao MMA)Manteremos mais informa\u00e7\u00f5es nessa p\u00e1gina <a href=\"https:\/\/fonasc-cbh.org.br\/?p=1332\" target=\"_blank\">https:\/\/fonasc-cbh.org.br\/?p=1332<\/a>.<\/p>\n<p style=\"text-align: justify;\">Continuaremos juntos informando nessa lista e na nossa p\u00e1gina<\/p>\n<p style=\"text-align: justify;\">sauda\u00e7\u00f5es fraternais a todos<\/p>\n<p style=\"text-align: justify;\">FONASC-CBH<br \/>\nEscrit\u00f3rio Bras\u00edlia<br \/>\n(61) 3202-7448 e 9999-6191<\/p>\n<p style=\"text-align: justify;\">\u00a0_____________________________________________________________<\/p>\n<p><strong>09-03 &#8211;<\/strong>Prezado Parceiro, colaborador e afiliado do FONASC QUE atua ou atuou em colegiados ( C\u00e2maras T\u00e9cnicas e CBhs ) representando o FONASC CBH desde 2009 at\u00e9 agora<\/p>\n<p align=\"justify\">Estamos encerrando mais um mandato na representa\u00e7\u00e3o de cidad\u00e3os, movimentos e organiza\u00e7\u00f5es civis no CONSELHO NACIONAL DE RECURSOS HIDRICOS do tri\u00eanio 2009 &#8211; 2012 e estamos agradecendo sua participa\u00e7\u00e3o atuando como porta voz dessa grande corrente chamada fonasc no CNRH . Temos certeza de que dentro de nossas limita\u00e7\u00f5es como volunt\u00e1rios fizemos o que pudemos e todos cada um a seu modo contribuiu para o crescimento do FONASC NO CUMPRIMENTO DE SUA MISS\u00c3O numa conjuntura bastante adversa politicamente.<\/p>\n<p align=\"justify\">Nesse per\u00edodo o FONASC, apesar dos desafios crescentes, continua crescendo como uma das rede e organiza\u00e7\u00e3o capilarizada em todo o pa\u00eds que desenvolve um ativismo consequente pela importancia da cidadania na gest\u00e3o das \u00e1guas nos v\u00e1rios colegiados ( Comites de Bacias no pa\u00eds) e estamos pedindo sua colabora\u00e7\u00e3o para refor\u00e7ar os principios de transparencia de nossa atua\u00e7\u00e3o como membros participantes da governanca de uma POLITICA P\u00daBLICA que \u00e9 a politica de recursos h\u00eddricos enviando as informa\u00e7\u00f5es sobre suas a\u00e7\u00f5es desenvolvidas.<\/p>\n<p align=\"justify\">Anteriormente j\u00e1 enviamos um question\u00e1rio para compor nosso relat\u00f3rio de atividades 2012 que ser\u00e1 publicado na p\u00e1gina <a href=\"http:\/\/www.fonasc-cbh.org.br\/\">www.fonasc-cbh.org.br<\/a> e queremos disponibilizar doravante de maneira organizada, a divulga\u00e7\u00e3o de vossa atua\u00e7\u00e3o no FONASC facilitando a remessa de seus relat\u00f3rios sobre as a\u00e7\u00f5es desenvolvidas nos diversos colegiados ;c\u00e2maras t\u00e9cnicas e comites e conselhos)<\/p>\n<p align=\"justify\">Por isso pedimos vosso empenho e manifesta\u00e7\u00e3o para responder os question\u00e1rios anteriormente enviados sobre sua atividade desenvolvida e disponibilizamos agora o link : <a href=\"https:\/\/fonasc-cbh.org.br\/?page_id=2817\">https:\/\/fonasc-cbh.org.br\/?page_id=2817<\/a> para voce enviar de maneira maIS AMIG\u00c1VEIS o relat\u00f3 de suas a\u00e7\u00f5es nas c\u00e2maras e colegiados diretamente ao p\u00fablico que acessa as p\u00e1ginas do fonasc . vOCE PODE copiar os relatos que voce j\u00e1 enviou para o MMA<\/p>\n<p align=\"justify\">Estamos novamente , atrav\u00c9s de dezenas de entidades de todo o pa\u00eds concorrendo para continuar juntos desenvolvendo essa miss\u00e3o importante de poder contriBuir para gest\u00e3o das \u00e1guas atrav\u00e9s da a\u00e7\u00e3o politica diligente e cidad\u00e3 que voce atrav\u00e9s do FONASC EST\u00c1 AJUDANDO a construir . Esperamos continaur juntos no pr\u00f3ximo tri\u00eanio de forma mais traNSPARENTE e exitosa com a continudiade de seu empenho mais organizado enviando as informa\u00e7\u00f5es atraves do link acima .<\/p>\n<p align=\"justify\">Reiteramos nosso pedido para esse esfor\u00e7o contando novamente com seu apoio para continuiidade de nossa miss\u00e3o no tri\u00eanio 2012-2015 com nossas ciordiais e fraternais sauda\u00e7\u00f5es.]<\/p>\n<p align=\"justify\">contamos com seu apoio<\/p>\n<p align=\"justify\">joao climaco<\/p>\n<p align=\"justify\">p\/corodena\u00e7\u00e3o FONASC<\/p>\n<p align=\"justify\">_____________________________________________________________<\/p>\n<p>08-03 -Encerrou-se nesse dia 02 de mar\u00e7o o prazo de inscri\u00e7\u00e3o para habilita\u00e7\u00e3o de inscri\u00e7\u00f5es da soc civil para assembl\u00e9ria de elei\u00e7\u00f5es para a pr\u00f3xima rep no tri\u00eanio 2012 &#8211; 2015<\/p>\n<p>&nbsp;<\/p>\n<p>outros documentos<\/p>\n<h1><\/h1>\n<p><a title=\"ATA \" href=\"https:\/\/docs.google.com\/a\/fonasc-cbh.org.br\/?tab=mo#folders\/0B66TtT_YnoXvU1otX1lCazU5OGs\" target=\"_blank\">\u00a0ATA DA ELEI\u00c7\u00c3O \u00a0<\/a><\/p>\n<p><a title=\"ficha \" href=\"https:\/\/fonasc-cbh.org.br\/?page_id=2348\" target=\"_blank\">FICHAS DE INSCRI\u00c7\u00c3O\u00a0<\/a><\/p>\n<p>&nbsp;<\/p>\n<p><a title=\" PASSPA PASSO \" href=\"https:\/\/fonasc-cbh.org.br\/?page_id=2411\" target=\"_blank\">PASSO A PASSO PARA SE INSCREVER\u00a0<\/a><\/p>\n<p>&nbsp;<\/p>\n<p><strong><a title=\"a\u00e7oes judiciais sobre res 100 \" href=\"https:\/\/fonasc-cbh.org.br\/?page_id=289\" target=\"_blank\">A\u00c7\u00d5ES JUDICIAIS SOBRE RES 100<\/a><\/strong><\/p>\n<p>&nbsp;<\/p>\n<ul>\n<li>123.7 KiB)<\/li>\n<li id=\"wpfb-file-59\"><img decoding=\"async\" src=\"https:\/\/fonasc-cbh.org.br\/wp-includes\/images\/crystal\/document.png\" alt=\"\" \/>\u00a0<a title=\"Download INFORME 04-01 - ELEI\u00c7\u00d5ES CNRH PASSO A PASSO\" href=\"https:\/\/fonasc-cbh.org.br\/?wpfb_dl=59\">INFORME 04-01 \u2013 ELEI\u00c7\u00d5ES CNRH PASSO A PASSO<\/a>\u00a0(420.9 KiB)<\/li>\n<li id=\"wpfb-file-79\"><img decoding=\"async\" src=\"https:\/\/fonasc-cbh.org.br\/wp-includes\/images\/crystal\/document.png\" alt=\"\" \/>\u00a0<a title=\"Download manifestacao a Ministra sovre res 100 do MPF \" href=\"https:\/\/fonasc-cbh.org.br\/?wpfb_dl=79\">manifestacao a Ministra sovre res 100 do MPF\u00a0<\/a>(71.6 KiB)<\/li>\n<li id=\"wpfb-file-57\"><img decoding=\"async\" src=\"https:\/\/fonasc-cbh.org.br\/wp-includes\/images\/crystal\/document.png\" alt=\"\" \/>\u00a0<a title=\"Download RES 100 DO MMA \" href=\"https:\/\/fonasc-cbh.org.br\/?wpfb_dl=57\">RES 100 DO MMA\u00a0<\/a>(171.4 KiB)<\/li>\n<li id=\"wpfb-file-55\"><img decoding=\"async\" src=\"https:\/\/fonasc-cbh.org.br\/wp-includes\/images\/crystal\/document.png\" alt=\"\" \/>\u00a0<a title=\"Download Resolucao Cnrh 106--\" href=\"https:\/\/fonasc-cbh.org.br\/?wpfb_dl=55\">Resolucao Cnrh 106\u2013<\/a>\u00a0(104.7 KiB)<\/li>\n<li id=\"wpfb-file-77\"><img decoding=\"async\" src=\"https:\/\/fonasc-cbh.org.br\/wp-includes\/images\/crystal\/archive.png\" alt=\"\" \/>\u00a0<a title=\"Download Ultima MANIFESTA\u00c7AO DO MPF SOBHRE RES 100  \" href=\"https:\/\/fonasc-cbh.org.br\/?wpfb_dl=77\">Ultima MANIFESTA\u00c7AO DO MPF SOBHRE RES 100\u00a0<\/a>(336.5<\/li>\n<\/ul>\n<p>&nbsp;<\/p>\n<p><strong><a title=\"a\u00e7oes judiciais sobre res 100 \" href=\"https:\/\/fonasc-cbh.org.br\/?page_id=289\" target=\"_blank\">A\u00c7\u00d5ES JUDICIAIS SOBRE RES 100<\/a><\/strong><\/p>\n<p>&nbsp;<\/p>\n<p>&nbsp;<\/p>\n<p>https:\/\/fonasc-cbh.org.br\/?p=1332<\/p>\n","protected":false},"excerpt":{"rendered":"<p>&nbsp; CONTATE-NOS &nbsp; 29052013 &#8211; JUSTICA FEDERAL ANULA EFEITOS DE\u00a0 RESOLUCAO 100 DO CNRH \u2013 \u00a019.05 &#8211; FONASC E DEMAIS&#8230;<\/p>\n","protected":false},"author":3,"featured_media":0,"parent":11556,"menu_order":0,"comment_status":"open","ping_status":"open","template":"","meta":{"footnotes":""},"_links":{"self":[{"href":"https:\/\/fonasc-cbh.org.br\/index.php?rest_route=\/wp\/v2\/pages\/2853"}],"collection":[{"href":"https:\/\/fonasc-cbh.org.br\/index.php?rest_route=\/wp\/v2\/pages"}],"about":[{"href":"https:\/\/fonasc-cbh.org.br\/index.php?rest_route=\/wp\/v2\/types\/page"}],"author":[{"embeddable":true,"href":"https:\/\/fonasc-cbh.org.br\/index.php?rest_route=\/wp\/v2\/users\/3"}],"replies":[{"embeddable":true,"href":"https:\/\/fonasc-cbh.org.br\/index.php?rest_route=%2Fwp%2Fv2%2Fcomments&post=2853"}],"version-history":[{"count":56,"href":"https:\/\/fonasc-cbh.org.br\/index.php?rest_route=\/wp\/v2\/pages\/2853\/revisions"}],"predecessor-version":[{"id":2855,"href":"https:\/\/fonasc-cbh.org.br\/index.php?rest_route=\/wp\/v2\/pages\/2853\/revisions\/2855"}],"up":[{"embeddable":true,"href":"https:\/\/fonasc-cbh.org.br\/index.php?rest_route=\/wp\/v2\/pages\/11556"}],"wp:attachment":[{"href":"https:\/\/fonasc-cbh.org.br\/index.php?rest_route=%2Fwp%2Fv2%2Fmedia&parent=2853"}],"curies":[{"name":"wp","href":"https:\/\/api.w.org\/{rel}","templated":true}]}}