{"id":2817,"date":"2012-02-25T15:12:44","date_gmt":"2012-02-25T15:12:44","guid":{"rendered":"http:\/\/fonasc-cbh.org.br\/?page_id=2817"},"modified":"2012-09-30T15:31:38","modified_gmt":"2012-09-30T15:31:38","slug":"relatorios-de-atuacao-em-cts-camaras-tecnicas","status":"publish","type":"page","link":"https:\/\/fonasc-cbh.org.br\/?page_id=2817","title":{"rendered":"ATUA\u00c7\u00c3O em CTs do CNRH"},"content":{"rendered":"<p style=\"text-align: justify;\"><strong>ATUA\u00c7\u00c3O DO FONASC NAS \u00c1REAS TEM\u00c1TICAS ABAIXO RELACIONADAS\u00a0 A GEST\u00c3O DAS \u00c1GUAS ATRAV\u00c9S DE SEUS REPRESENTANTES\u00a0 INDICADOS PELO NOS COLEGIADOS:\u00a0 CNRH CERH\u00a0 E CBHs. ( Cidad\u00e3os ativistas oriundos de organiza\u00e7\u00f5rs civis de diversas partes e Rios do Brasil )\u00a0\u00a0\u00a0\u00a0<\/strong><\/p>\n<p style=\"text-align: justify;\"><strong>\u00a0<\/strong>* Enquanto as Cts-Fonasc n\u00e3o estiverem constitu\u00eddas as informa\u00e7\u00f5es dispon\u00edveis ser\u00e3o os relat\u00f3rios da atua\u00e7\u00e3o dos membros do FONASC ATUANTES NAS C\u00c2MARAS T\u00c9CNICAS do mesmo tema do <a title=\"cnrh \" href=\"http:\/\/www.cnrh.gov.br\/sitio\/index.php\" target=\"_blank\">CNRH. <\/a>( AGUARDEM)<\/p>\n<p>\u00a0<em>*Sr. participante representante do FONASC &#8211; ATUALIZE AS INFORMA\u00c7\u00d5ES DE SUA ATUA\u00c7\u00c3O PREENCHENDO O QUADRO REF A SUA ESPECIALIDADE\u00a0\u00a0 <\/em><\/p>\n<p><strong>\u00a0SEGUINTES \u00c1REAS TEM\u00c1TICAS: <\/strong><\/p>\n<p><strong>_________________________________________________________________________________<\/strong><\/p>\n<p><strong>2012<\/strong><\/p>\n<p><strong>_________________________________________________________________________<\/strong><\/p>\n<p><span style=\"color: #ff0000;\"><strong><a title=\"aguas transfronteiricas \" href=\"https:\/\/fonasc-cbh.org.br\/?page_id=3140\" target=\"_blank\">\u00a0AGUAS TRANSFRONTEIRICAS<\/a><\/strong><\/span><\/p>\n<p><strong>_________________________________________________________________________________<\/strong><\/p>\n<p><span style=\"color: #ff0000;\"><strong><a title=\"ANALISE DE PROJETOS \" href=\"https:\/\/fonasc-cbh.org.br\/?page_id=3164\" target=\"_blank\">\u00a0AN\u00c1LISE DE PROJETOS<\/a><\/strong><\/span><\/p>\n<p><strong>__________________________________________________________________________________<\/strong><\/p>\n<p><span style=\"color: #ff0000;\"><strong><a title=\"LEGISLA\u00c7\u00c3O \" href=\"https:\/\/fonasc-cbh.org.br\/?page_id=3143\" target=\"_blank\">legisla\u00e7\u00e3o e gest\u00e3o das \u00e1guas <\/a><\/strong><\/span><\/p>\n<p><strong>__________________________________________________________________________________<\/strong><\/p>\n<p><strong>\u00a0<span style=\"color: #ff0000;\"><a title=\"COBRAN\u00c7A PELO USO\" href=\"https:\/\/fonasc-cbh.org.br\/?page_id=3176\" target=\"_blank\">COBRAN\u00c7A PELO\u00a0 USO DAS AGUAS<\/a><\/span><\/strong><\/p>\n<p><strong>__________________________________________________________________________________<\/strong><\/p>\n<p><strong>\u00a0<span style=\"color: #ff0000;\"><a title=\"OUTORGAS \" href=\"https:\/\/fonasc-cbh.org.br\/?page_id=3182\" target=\"_blank\">OUTORGAS DE AGUAS<\/a><\/span><\/strong><\/p>\n<p><strong>__________________________________________________________________________________<\/strong><\/p>\n<p><strong>\u00a0<span style=\"color: #ff0000;\"><a title=\"EDUCA\u00c7\u00c3O PARA GEST\u00c3O DAS \u00c1GUAS \" href=\"https:\/\/fonasc-cbh.org.br\/?page_id=3188\" target=\"_blank\">EDUCACAO E MOBILIZACAO PARA GESTAO DAS AGUAS<\/a><\/span><\/strong><\/p>\n<p><strong><span style=\"color: #ff0000;\">_________________________________________________________________________________________<\/span><\/strong><\/p>\n<p><span style=\"color: #ff0000;\"><strong><a title=\"AGUAS SUBTERRANEAS \" href=\"https:\/\/fonasc-cbh.org.br\/?page_id=3193\" target=\"_blank\">AGUAS SUBTERRANEAS<\/a><\/strong><\/span><\/p>\n<p><span style=\"color: #ff0000;\"><strong>__________________________________________________________________________________________<\/strong><\/span><\/p>\n<p><span style=\"color: #ff0000;\"><strong><a title=\"PLANOS DE BACIAS \" href=\"https:\/\/fonasc-cbh.org.br\/?page_id=3196\" target=\"_blank\">PLANO DE BACIAS<\/a><\/strong><\/span><\/p>\n<p><a title=\"ctcosd\" href=\" https:\/\/fonasc-cbh.org.br\/?page_id=3204\" target=\"_blank\"><strong>__________________________________________________________________________________<\/strong><\/a><\/p>\n<p><a title=\"ctcosd\" href=\" https:\/\/fonasc-cbh.org.br\/?page_id=3204\" target=\"_blank\"><span style=\"color: #ff0000;\"><strong>AGUAS COSTEIRAS E ESTUARINAS<\/strong><\/span><\/a><\/p>\n<p>_____________________________________________________________<\/p>\n<p><strong><span style=\"color: #ff0000;\"><a href=\"https:\/\/fonasc-cbh.org.br\/?page_id=3209\" target=\"_blank\">CIENCIA E TECNOLOGIA E AGUAS<\/a><\/span><\/strong><\/p>\n<p><strong><span style=\"color: #ff0000;\">___________________________________________________________________________________<\/span><\/strong><\/p>\n<p><strong>\u00a02011<\/strong><\/p>\n","protected":false},"excerpt":{"rendered":"<p>ATUA\u00c7\u00c3O DO FONASC NAS \u00c1REAS TEM\u00c1TICAS ABAIXO RELACIONADAS\u00a0 A GEST\u00c3O DAS \u00c1GUAS ATRAV\u00c9S DE SEUS REPRESENTANTES\u00a0 INDICADOS PELO NOS COLEGIADOS:\u00a0&#8230;<\/p>\n","protected":false},"author":3,"featured_media":0,"parent":3048,"menu_order":0,"comment_status":"open","ping_status":"open","template":"","meta":{"footnotes":""},"_links":{"self":[{"href":"https:\/\/fonasc-cbh.org.br\/index.php?rest_route=\/wp\/v2\/pages\/2817"}],"collection":[{"href":"https:\/\/fonasc-cbh.org.br\/index.php?rest_route=\/wp\/v2\/pages"}],"about":[{"href":"https:\/\/fonasc-cbh.org.br\/index.php?rest_route=\/wp\/v2\/types\/page"}],"author":[{"embeddable":true,"href":"https:\/\/fonasc-cbh.org.br\/index.php?rest_route=\/wp\/v2\/users\/3"}],"replies":[{"embeddable":true,"href":"https:\/\/fonasc-cbh.org.br\/index.php?rest_route=%2Fwp%2Fv2%2Fcomments&post=2817"}],"version-history":[{"count":83,"href":"https:\/\/fonasc-cbh.org.br\/index.php?rest_route=\/wp\/v2\/pages\/2817\/revisions"}],"predecessor-version":[{"id":5064,"href":"https:\/\/fonasc-cbh.org.br\/index.php?rest_route=\/wp\/v2\/pages\/2817\/revisions\/5064"}],"up":[{"embeddable":true,"href":"https:\/\/fonasc-cbh.org.br\/index.php?rest_route=\/wp\/v2\/pages\/3048"}],"wp:attachment":[{"href":"https:\/\/fonasc-cbh.org.br\/index.php?rest_route=%2Fwp%2Fv2%2Fmedia&parent=2817"}],"curies":[{"name":"wp","href":"https:\/\/api.w.org\/{rel}","templated":true}]}}