{"id":2643,"date":"2012-02-06T22:34:34","date_gmt":"2012-02-06T22:34:34","guid":{"rendered":"http:\/\/fonasc-cbh.org.br\/?page_id=2643"},"modified":"2016-10-07T16:43:30","modified_gmt":"2016-10-07T16:43:30","slug":"legislacoes-correlatas","status":"publish","type":"page","link":"https:\/\/fonasc-cbh.org.br\/?page_id=2643","title":{"rendered":"LEGISLA\u00c7\u00d5ES CORRELATAS"},"content":{"rendered":"<p><a title=\"legisla\u00e7\u00e3o \" href=\"https:\/\/fonasc-cbh.org.br\/?page_id=936\" target=\"_blank\">Link:<\/a><\/p>\n<p><a href=\"http:\/\/www.cnrh.gov.br\/\" target=\"_blank\">Clique aqui e veja no site do Governo Federal a Lei das \u00c1guas<\/a>.<\/p>\n<p>Lei de barragens<\/p>\n<p>Lei de Saneamento<\/p>\n<p>Estatuto das Cidades<\/p>\n<p><a title=\"eclusas\" href=\"URL http:\/\/arquivos.ana.gov.br\/resolucoes\/2012\/463-2012.pdf!\" target=\"_blank\">Outorga para eclusas <\/a><\/p>\n<p><strong><em><a title=\"dw\" href=\"http:\/\/www.acessoainformacao.gov.br\/acessoainformacaogov\/\" target=\"_blank\">lei de acesso a informa\u00e7\u00e3o <\/a><\/em><\/strong><br \/>\n<a title=\"ASD\" href=\"https:\/\/fonasc-cbh.org.br\/?wpfb_dl=376\" target=\"_blank\"><br \/>\nNOVO REGIMENTO DO CNRH<\/a><\/p>\n<p><a title=\",\" href=\"https:\/\/drive.google.com\/file\/d\/0B_-yyLekWKMmc3Y4cUttS3VRM2pVNzlzcEZpbEJlQWtPMWcw\/edit?usp=sharingn\" target=\"_blank\">NOVO REGIMENTO\u00a0<\/a><\/p>\n<p><a title=\"POLITICA NACIONAL DE PARTICIPACAO SOCIAL\" href=\"http:\/\/www.planalto.gov.br\/ccivil_03\/_Ato2011-2014\/2014\/Decreto\/D8243.htm\" target=\"_blank\">DECRETO 8.243<\/a>&#8211; <span style=\"font-size: x-small;\">Institui a Pol\u00edtica Nacional de Participa\u00e7\u00e3o Social &#8211; PNPS e o Sistema Nacional de Participa\u00e7\u00e3o Social &#8211; SNPS, e d\u00e1 outras provid\u00eancias.<\/span><\/p>\n<p>&nbsp;<\/p>\n","protected":false},"excerpt":{"rendered":"<p>Link: Clique aqui e veja no site do Governo Federal a Lei das \u00c1guas. Lei de barragens Lei de Saneamento&#8230;<\/p>\n","protected":false},"author":3,"featured_media":0,"parent":3001,"menu_order":0,"comment_status":"closed","ping_status":"open","template":"","meta":{"footnotes":""},"_links":{"self":[{"href":"https:\/\/fonasc-cbh.org.br\/index.php?rest_route=\/wp\/v2\/pages\/2643"}],"collection":[{"href":"https:\/\/fonasc-cbh.org.br\/index.php?rest_route=\/wp\/v2\/pages"}],"about":[{"href":"https:\/\/fonasc-cbh.org.br\/index.php?rest_route=\/wp\/v2\/types\/page"}],"author":[{"embeddable":true,"href":"https:\/\/fonasc-cbh.org.br\/index.php?rest_route=\/wp\/v2\/users\/3"}],"replies":[{"embeddable":true,"href":"https:\/\/fonasc-cbh.org.br\/index.php?rest_route=%2Fwp%2Fv2%2Fcomments&post=2643"}],"version-history":[{"count":12,"href":"https:\/\/fonasc-cbh.org.br\/index.php?rest_route=\/wp\/v2\/pages\/2643\/revisions"}],"predecessor-version":[{"id":2645,"href":"https:\/\/fonasc-cbh.org.br\/index.php?rest_route=\/wp\/v2\/pages\/2643\/revisions\/2645"}],"up":[{"embeddable":true,"href":"https:\/\/fonasc-cbh.org.br\/index.php?rest_route=\/wp\/v2\/pages\/3001"}],"wp:attachment":[{"href":"https:\/\/fonasc-cbh.org.br\/index.php?rest_route=%2Fwp%2Fv2%2Fmedia&parent=2643"}],"curies":[{"name":"wp","href":"https:\/\/api.w.org\/{rel}","templated":true}]}}