{"id":2569,"date":"2012-02-02T01:11:32","date_gmt":"2012-02-02T01:11:32","guid":{"rendered":"http:\/\/fonasc-cbh.org.br\/?page_id=2569"},"modified":"2024-03-12T18:14:32","modified_gmt":"2024-03-12T18:14:32","slug":"missao-do-fonasc","status":"publish","type":"page","link":"https:\/\/fonasc-cbh.org.br\/?page_id=2569","title":{"rendered":"MISS\u00c3O E VIS\u00c3O"},"content":{"rendered":"<p style=\"text-align: right;\">\u00a0\u00a0<a href=\"https:\/\/fonasc-cbh.org.br\/?wpfb_dl=237\" target=\"_blank\" rel=\"noopener\">Espa\u00f1ol<\/a><img loading=\"lazy\" decoding=\"async\" class=\"alignright\" src=\"https:\/\/fonasc-cbh.org.br\/wp-content\/uploads\/esp.gif\" alt=\"\" width=\"50\" height=\"49\" \/><a href=\"https:\/\/fonasc-cbh.org.br\/?wpfb_dl=237\" target=\"_blank\" rel=\"noopener\"><br \/>\n<\/a><\/p>\n<p style=\"text-align: right; padding-left: 60px;\">\n<p style=\"text-align: right;\"><img loading=\"lazy\" decoding=\"async\" class=\"alignright\" src=\"https:\/\/fonasc-cbh.org.br\/wp-content\/uploads\/Bandeira-en_lang1.png\" alt=\"\" width=\"50\" height=\"40\" \/><\/p>\n<p style=\"text-align: right;\"><a href=\"https:\/\/fonasc-cbh.org.br\/?wpfb_dl=230\" target=\"_blank\" rel=\"noopener\">English<\/a><\/p>\n<p style=\"text-align: center;\"><strong>MISS\u00c3O<\/strong><\/p>\n<p style=\"text-align: justify;\"><span style=\"font-weight: 400;\">Defender o acesso \u00e0 \u00e1gua como direito fundamental e fator de desenvolvimento da democracia participativa brasileira. Tudo isso por meio da articula\u00e7\u00e3o, mobiliza\u00e7\u00e3o social, capacita\u00e7\u00e3o pol\u00edtica e qualifica\u00e7\u00e3o de cidad\u00e3os e suas organiza\u00e7\u00f5es para uma maior e mais qualificada atua\u00e7\u00e3o pol\u00edtica e cidad\u00e3 nos colegiados de tomadas de decis\u00e3o sobre os usos dos rios e demais corpos de \u00e1guas p\u00fablicas no Brasil<\/span><\/p>\n<p style=\"text-align: justify;\"><img loading=\"lazy\" decoding=\"async\" class=\"alignright\" src=\"https:\/\/fonasc-cbh.org.br\/wp-content\/uploads\/esp.gif\" alt=\"\" width=\"50\" height=\"49\" \/><\/p>\n<p style=\"text-align: right;\"><a href=\"https:\/\/fonasc-cbh.org.br\/?wpfb_dl=238\" target=\"_blank\" rel=\"noopener\">Espa\u00f1ol<\/a><\/p>\n<p style=\"text-align: right;\"><img loading=\"lazy\" decoding=\"async\" class=\"alignright\" src=\"https:\/\/fonasc-cbh.org.br\/wp-content\/uploads\/Bandeira-en_lang1.png\" alt=\"\" width=\"50\" height=\"40\" \/><\/p>\n<p style=\"text-align: right;\"><a href=\"https:\/\/fonasc-cbh.org.br\/?wpfb_dl=231\" target=\"_blank\" rel=\"noopener\">Eng<\/a><a href=\"https:\/\/fonasc-cbh.org.br\/?wpfb_dl=231\" target=\"_blank\" rel=\"noopener\">li<\/a><a href=\"https:\/\/fonasc-cbh.org.br\/?wpfb_dl=231\" target=\"_blank\" rel=\"noopener\">sh<\/a><strong><br \/>\n<\/strong><\/p>\n<p style=\"text-align: center;\"><strong>VIS\u00c3O\u00a0<\/strong><\/p>\n<div>\n<p style=\"text-align: justify;\"><strong><span style=\"font-weight: 400;\">Ser reconhecido como uma organiza\u00e7\u00e3o de refer\u00eancia para os movimentos sociais e organiza\u00e7\u00f5es civis que lutam pelo valor social e usos m\u00faltiplos das \u00e1guas como bem p\u00fablico, com vistas ao fortalecimento da cidadania e a gest\u00e3o democr\u00e1tica dos rios e corpos d\u2019\u00e1gua do Pa\u00eds.\u00a0<\/span> \u00a0<\/strong><\/p>\n<\/div>\n","protected":false},"excerpt":{"rendered":"<p>\u00a0\u00a0Espa\u00f1ol English MISS\u00c3O Defender o acesso \u00e0 \u00e1gua como direito fundamental e fator de desenvolvimento da democracia participativa brasileira. Tudo&#8230;<\/p>\n","protected":false},"author":3,"featured_media":0,"parent":2,"menu_order":0,"comment_status":"closed","ping_status":"closed","template":"","meta":{"footnotes":""},"_links":{"self":[{"href":"https:\/\/fonasc-cbh.org.br\/index.php?rest_route=\/wp\/v2\/pages\/2569"}],"collection":[{"href":"https:\/\/fonasc-cbh.org.br\/index.php?rest_route=\/wp\/v2\/pages"}],"about":[{"href":"https:\/\/fonasc-cbh.org.br\/index.php?rest_route=\/wp\/v2\/types\/page"}],"author":[{"embeddable":true,"href":"https:\/\/fonasc-cbh.org.br\/index.php?rest_route=\/wp\/v2\/users\/3"}],"replies":[{"embeddable":true,"href":"https:\/\/fonasc-cbh.org.br\/index.php?rest_route=%2Fwp%2Fv2%2Fcomments&post=2569"}],"version-history":[{"count":30,"href":"https:\/\/fonasc-cbh.org.br\/index.php?rest_route=\/wp\/v2\/pages\/2569\/revisions"}],"predecessor-version":[{"id":26856,"href":"https:\/\/fonasc-cbh.org.br\/index.php?rest_route=\/wp\/v2\/pages\/2569\/revisions\/26856"}],"up":[{"embeddable":true,"href":"https:\/\/fonasc-cbh.org.br\/index.php?rest_route=\/wp\/v2\/pages\/2"}],"wp:attachment":[{"href":"https:\/\/fonasc-cbh.org.br\/index.php?rest_route=%2Fwp%2Fv2%2Fmedia&parent=2569"}],"curies":[{"name":"wp","href":"https:\/\/api.w.org\/{rel}","templated":true}]}}