{"id":24539,"date":"2021-10-17T21:30:58","date_gmt":"2021-10-17T21:30:58","guid":{"rendered":"https:\/\/fonasc-cbh.org.br\/?page_id=24539"},"modified":"2024-03-08T20:06:40","modified_gmt":"2024-03-08T20:06:40","slug":"home","status":"publish","type":"page","link":"https:\/\/fonasc-cbh.org.br\/","title":{"rendered":"Home"},"content":{"rendered":"<p>[vc_row full_width=&#8221;stretch_row&#8221; css=&#8221;.vc_custom_1635288622060{padding-top: 15px !important;padding-bottom: 40px !important;background-color: #f0f0f0 !important;}&#8221; el_id=&#8221;rs-services&#8221; el_class=&#8221;services-three&#8221;][vc_column][vc_row_inner][vc_column_inner width=&#8221;1\/3&#8243;]<div class=\"rs-services\"><div class=\"service-inner services-style-3 center  \">\n\t\t<div class=\"services-wrap\"> \n         <div class=\"services-item\">\n            <div class=\"services-icon\">\n                <a href=\"https:\/\/fonasc-cbh.org.br\/?page_id=1399\" title=\"FONASC ESTADUAIS\"><img decoding=\"async\" src=\"https:\/\/fonasc-cbh.org.br\/wp-content\/uploads\/estaque-home-estados.jpg\" alt=\"FONASC.CBH NOS ESTADOS\" \/><\/a>\n             <\/div>\n        \n\t\t<div class=\"services-desc\">\n\t\t\t<h3 class=\"services-title services-title2\"><a href=\"https:\/\/fonasc-cbh.org.br\/?page_id=1399\" title=\"FONASC ESTADUAIS\">FONASC.CBH NOS ESTADOS<\/a><\/h3>\n\t\t\t<p>Conhe\u00e7a o trabalho do FONASC.CBH nos estados. \u00c9 poss\u00edvel encontrar informa\u00e7\u00f5es sobre os org\u00e3os colegiados do seu estado.<\/p>\n<p><a href=\"https:\/\/fonasc-cbh.org.br\/?page_id=1399\"><strong> SABIA MAIS<\/strong><\/a><\/p>\n\t\t\t\n\t\t<\/div>\t\t\n\t\t<\/div>\t\n\t<\/div>\n\t<\/div><\/div>[\/vc_column_inner][vc_column_inner width=&#8221;1\/3&#8243;]<div class=\"rs-services\"><div class=\"service-inner services-style-3 center  \">\n\t\t<div class=\"services-wrap\"> \n         <div class=\"services-item\">\n            <div class=\"services-icon\">\n                <a href=\"https:\/\/fonasc-cbh.org.br\/?page_id=3026\" title=\"Agenda\"><img decoding=\"async\" src=\"https:\/\/fonasc-cbh.org.br\/wp-content\/uploads\/agenda-home.jpg\" alt=\"AGENDAS\" \/><\/a>\n             <\/div>\n        \n\t\t<div class=\"services-desc\">\n\t\t\t<h3 class=\"services-title services-title2\"><a href=\"https:\/\/fonasc-cbh.org.br\/?page_id=3026\" title=\"Agenda\">AGENDAS<\/a><\/h3>\n\t\t\t<p>Agenda do FONASC.CBH nos org\u00e3os colegiados em que \u00e9 eleito e agendas interesse p\u00fablico.<\/p>\n<p><strong><a href=\"https:\/\/calendar.google.com\/calendar\/u\/0\/embed?src=fonasc-cbh.org.br_apu1mtea2fgs90uqi8kmn61ta0@group.calendar.google.com&amp;ctz=America\/Sao_Paulo\">SAIBA MAIS<\/a><\/strong><\/p>\n\t\t\t\n\t\t<\/div>\t\t\n\t\t<\/div>\t\n\t<\/div>\n\t<\/div><\/div>[\/vc_column_inner][vc_column_inner width=&#8221;1\/3&#8243; el_id=&#8221;https:\/\/fonasc-cbh.org.br\/wp-admin\/post.php?vc_action=vc_inline&amp;post_id=14670&amp;post_type=page&#8221;]<div class=\"rs-services\"><div class=\"service-inner services-style-3 center  \">\n\t\t<div class=\"services-wrap\"> \n         <div class=\"services-item\">\n            <div class=\"services-icon\">\n                <a href=\"https:\/\/fonasc-cbh.org.br\/?s=noticias\" title=\"Congonhas\"><img decoding=\"async\" src=\"https:\/\/fonasc-cbh.org.br\/wp-content\/uploads\/NOVA-1.png\" alt=\"NOT\u00cdCIAS\" \/><\/a>\n             <\/div>\n        \n\t\t<div class=\"services-desc\">\n\t\t\t<h3 class=\"services-title services-title2\"><a href=\"https:\/\/fonasc-cbh.org.br\/?s=noticias\" title=\"Congonhas\">NOT\u00cdCIAS<\/a><\/h3>\n\t\t\t<p>Acesse as nossas noticias e informa\u00e7\u00f5es. Fique por dentro das novidades e a\u00e7\u00f5es do FONASC-CBH Nacional e Estaduais.<\/p>\n<p><strong><br \/>\n<a href=\"https:\/\/fonasc-cbh.org.br\/?cat=8\">LEIA MAIS<\/a><\/strong><\/p>\n\t\t\t\n\t\t<\/div>\t\t\n\t\t<\/div>\t\n\t<\/div>\n\t<\/div><\/div><div class=\"rs-services\"><div class=\"service-inner services-style-3 center  \">\n\t\t<div class=\"services-wrap\"> \n         <div class=\"services-item\">\n            <div class=\"services-icon\">\n                <a href=\"https:\/\/fonasc-cbh.org.br\/?p=25846\" title=\"Congonhas\"><img decoding=\"async\" src=\"https:\/\/fonasc-cbh.org.br\/wp-content\/uploads\/3-1-1024x1024.png\" alt=\"Dia de Doar\" \/><\/a>\n             <\/div>\n        \n\t\t<div class=\"services-desc\">\n\t\t\t<h3 class=\"services-title services-title2\"><a href=\"https:\/\/fonasc-cbh.org.br\/?p=25846\" title=\"Congonhas\">Dia de Doar<\/a><\/h3>\n\t\t\t<p>No \u00faltimo dia 29 de novembro, o Fonasc.CBH ingressou oficialmente na Campanha Dia de Doar, uma iniciativa nacional, que acontece em v\u00e1rios Estados do Brasil, que possui como objetivo levar pessoas atrav\u00e9s da generosidade a doar para institui\u00e7\u00f5es sem fins lucrativos<\/p>\n<p><strong><a href=\"https:\/\/fonasc-cbh.org.br\/?p=25846\">LEIA MAIS<\/a><\/strong><\/p>\n\t\t\t\n\t\t<\/div>\t\t\n\t\t<\/div>\t\n\t<\/div>\n\t<\/div><\/div>[\/vc_column_inner][\/vc_row_inner][\/vc_column][\/vc_row][vc_row full_width=&#8221;stretch_row&#8221; css=&#8221;.vc_custom_1529492547476{padding-top: 0px !important;padding-bottom: 5px !important;}&#8221; el_id=&#8221;rs-we-work&#8221; el_class=&#8221;rs-we-work-clean&#8221;][vc_column][vc_column_text]-[\/vc_column_text][\/vc_column][\/vc_row][vc_row][vc_column][\/vc_column][\/vc_row][vc_row][vc_column][vc_wp_posts title=&#8221;\u00daltimas Not\u00edcias&#8221; number=&#8221;5&#8243;][\/vc_column][\/vc_row][vc_row full_width=&#8221;stretch_row&#8221; gap=&#8221;3&#8243; css=&#8221;.vc_custom_1614179378587{padding-top: 0px !important;padding-bottom: 0px !important;background-color: #fbc02d !important;}&#8221; el_id=&#8221;cleaning-sec-contact&#8221;][vc_column css=&#8221;.vc_custom_1526105721477{padding-top: 0px !important;padding-bottom: 0px !important;}&#8221;][vc_wp_search title=&#8221;Pesquisa&#8221;][\/vc_column][\/vc_row][vc_row][vc_column][\/vc_column][\/vc_row][vc_row][vc_column][\/vc_column][\/vc_row]<\/p>\n","protected":false},"excerpt":{"rendered":"<p>[vc_row full_width=&#8221;stretch_row&#8221; css=&#8221;.vc_custom_1635288622060{padding-top: 15px !important;padding-bottom: 40px !important;background-color: #f0f0f0 !important;}&#8221; el_id=&#8221;rs-services&#8221; el_class=&#8221;services-three&#8221;][vc_column][vc_row_inner][vc_column_inner width=&#8221;1\/3&#8243;][\/vc_column_inner][vc_column_inner width=&#8221;1\/3&#8243;][\/vc_column_inner][vc_column_inner width=&#8221;1\/3&#8243; el_id=&#8221;https:\/\/fonasc-cbh.org.br\/wp-admin\/post.php?vc_action=vc_inline&amp;post_id=14670&amp;post_type=page&#8221;][\/vc_column_inner][\/vc_row_inner][\/vc_column][\/vc_row][vc_row full_width=&#8221;stretch_row&#8221; css=&#8221;.vc_custom_1529492547476{padding-top: 0px !important;padding-bottom: 5px&#8230;<\/p>\n","protected":false},"author":1,"featured_media":0,"parent":0,"menu_order":0,"comment_status":"closed","ping_status":"closed","template":"","meta":{"footnotes":""},"_links":{"self":[{"href":"https:\/\/fonasc-cbh.org.br\/index.php?rest_route=\/wp\/v2\/pages\/24539"}],"collection":[{"href":"https:\/\/fonasc-cbh.org.br\/index.php?rest_route=\/wp\/v2\/pages"}],"about":[{"href":"https:\/\/fonasc-cbh.org.br\/index.php?rest_route=\/wp\/v2\/types\/page"}],"author":[{"embeddable":true,"href":"https:\/\/fonasc-cbh.org.br\/index.php?rest_route=\/wp\/v2\/users\/1"}],"replies":[{"embeddable":true,"href":"https:\/\/fonasc-cbh.org.br\/index.php?rest_route=%2Fwp%2Fv2%2Fcomments&post=24539"}],"version-history":[{"count":50,"href":"https:\/\/fonasc-cbh.org.br\/index.php?rest_route=\/wp\/v2\/pages\/24539\/revisions"}],"predecessor-version":[{"id":26850,"href":"https:\/\/fonasc-cbh.org.br\/index.php?rest_route=\/wp\/v2\/pages\/24539\/revisions\/26850"}],"wp:attachment":[{"href":"https:\/\/fonasc-cbh.org.br\/index.php?rest_route=%2Fwp%2Fv2%2Fmedia&parent=24539"}],"curies":[{"name":"wp","href":"https:\/\/api.w.org\/{rel}","templated":true}]}}