{"id":2428,"date":"2012-01-26T23:31:35","date_gmt":"2012-01-26T23:31:35","guid":{"rendered":"http:\/\/fonasc-cbh.org.br\/?page_id=2428"},"modified":"2012-03-17T20:46:06","modified_gmt":"2012-03-17T20:46:06","slug":"2428-2","status":"publish","type":"page","link":"https:\/\/fonasc-cbh.org.br\/?page_id=2428","title":{"rendered":"Enquadramento em classes"},"content":{"rendered":"<h1 style=\"text-align: justify;\"><strong><\/strong><\/h1>\n<h1 style=\"text-align: justify;\"><strong>Enquadramento em classes, segundo os usos preponderantes da \u00e1gua &#8211;\u00a0<\/strong><\/h1>\n<h1 style=\"text-align: justify;\"><\/h1>\n<h2 style=\"text-align: justify;\"><span style=\"color: #000000;\">\u00c9<span style=\"font-size: small;\"> o estabelecimento da meta ou objetivo de qualidade da \u00e1gua (classe) a ser alcan\u00e7ado e\/ou mantido em um segmento de corpo de \u00e1gua ao longo do tempo para garantir aos usu\u00e1rios a qualidade necess\u00e1ria ao atendimento de seus usos. <\/span><\/span><\/h2>\n<h2 style=\"text-align: justify;\"><span style=\"color: #000000;\"><span style=\"font-size: small;\">\u00a0<\/span><span style=\"font-size: small;\">O enquadramento dos corpos de \u00e1gua visa a: <\/span><\/span><\/h2>\n<h2 style=\"text-align: justify;\"><span style=\"color: #000000;\"><span style=\"font-size: small;\">\u00a0<\/span><span style=\"font-size: small;\">I &#8211; assegurar \u00e0s \u00e1guas qualidade compat\u00edvel com os usos mais exigentes a que forem destinadas;<\/span><\/span><\/h2>\n<h2 style=\"text-align: justify;\"><span style=\"color: #000000; font-size: small;\">II &#8211; diminuir os custos de combate \u00e0 polui\u00e7\u00e3o das \u00e1guas, mediante a\u00e7\u00f5es preventivas permanentes. <\/span><\/h2>\n<h2 style=\"text-align: justify;\"><span style=\"color: #000000; font-size: small;\">Como previsto na Pol\u00edtica Nacional (Lei 9.433\/97) e Estadual de Recursos H\u00eddricos (Lei 9.748\/94), o enquadramento dos corpos de \u00e1gua \u00e9 muito mais que uma simples classifica\u00e7\u00e3o, \u00e9 um instrumento fundamental para o gerenciamento dos recursos h\u00eddricos e no planejamento ambiental. As metas de qualidade de \u00e1gua definidas no Plano de Bacia, dever\u00e3o buscar a melhoria do n\u00edvel de qualidade do corpo de \u00e1gua, superficial ou subterr\u00e2neo, num prazo definido pelo Comit\u00ea.<\/span><\/h2>\n<h2 style=\"text-align: justify;\"><span style=\"color: #000000; font-size: small;\">A classe do enquadramento a ser alcan\u00e7ada no futuro, para um determinado corpo de \u00e1gua dever\u00e1 ser estabelecida atrav\u00e9s de um processo de discuss\u00e3o pela sociedade, para firmar um pacto nesse sentido, levando em conta os usos priorit\u00e1rios definidos para as suas \u00e1guas. A discuss\u00e3o e o estabelecimento desse pacto ocorrer\u00e3o dentro do f\u00f3rum estabelecido pela Lei das \u00c1guas: o Comit\u00ea da Bacia Hidrogr\u00e1fica. A aprova\u00e7\u00e3o final do enquadramento acontecer\u00e1 no \u00e2mbito dos Conselhos Estaduais ou do Conselho Nacional de Recursos H\u00eddricos, conforme o dom\u00ednio do corpo de \u00e1gua.<\/span><\/h2>\n<h2 style=\"text-align: justify;\"><span style=\"color: #000000;\"><span style=\"font-size: small;\">Para implementar este instrumento, foram estabelecidos procedimentos com base nas normas definidas na legisla\u00e7\u00e3o ambiental espec\u00edfica, em especial, na Resolu\u00e7\u00e3o no. 357\/2005 do Conselho Nacional do Meio Ambiente &#8211; CONAMA, de 17 de mar\u00e7o de 2005, que classifica as \u00e1guas doces, salobras e salinas do territ\u00f3rio nacional, segundo seus usos preponderantes. Tamb\u00e9m o Conselho Nacional de Recursos H\u00eddricos &#8211; CNRH aprovou a Resolu\u00e7\u00e3o n\u00ba 12<\/span><span style=\"font-size: small;\">\/2000, de 19 de julho de 2000, que estabeleceu procedimentos para o enquadramento de corpos de \u00e1gua, seguindo os preceitos da Lei das \u00c1guas.<\/span>\u00a0<\/span><\/h2>\n<h2 style=\"text-align: justify;\"><\/h2>\n<h2 style=\"text-align: justify;\"><span style=\"color: #000000;\">Com base no que foi definido pela <a href=\"http:\/\/www.infoescola.com\/meio-ambiente\/politica-nacional-de-recursos-hidricos\/\"><span style=\"color: #000000;\">Pol\u00edtica Nacional de Recursos H\u00eddricos<\/span><\/a>(PNRH \u2013 Lei N. 9.433\/97), a classifica\u00e7\u00e3o dos corpos d\u2019\u00e1gua, tida como uma das ferramentas da referida pol\u00edtica, \u00e9 dada pela Resolu\u00e7\u00e3o CONAMA N.\u00ba 20 de 18 de junho de 1986.<\/span><\/h2>\n<h2 id=\"HOTWordsTxt\" style=\"text-align: justify;\"><span style=\"color: #000000;\">\u00a0O objetivo desta classifica\u00e7\u00e3o \u00e9 possibilitar a determina\u00e7\u00e3o dos usos preponderantes, adequa\u00e7\u00e3o dos controles de polui\u00e7\u00e3o e criar instrumentos para avaliar a evolu\u00e7\u00e3o da qualidade dos corpos d\u2019\u00e1gua. De acordo com a Resolu\u00e7\u00e3o a classifica\u00e7\u00e3o do corpo d\u2019\u00e1gua \u00e9 dada n\u00e3o necessariamente com o estado atual do corpo h\u00eddrico, mas tamb\u00e9m de acordo com o n\u00edvel de qualidade que se pretende para o corpo h\u00eddrico a fim de atender as necessidades da popula\u00e7\u00e3o local.Assim, classifica-se os corpos h\u00eddricos nacionais em nove classes sendo as cinco primeiras classes de \u00e1gua doce (com salinidade igual ou inferior a 0,50%), as duas seguintes de \u00e1guas salinas (com salinidade igual ou superior a 30%) e as duas \u00faltimas de \u00e1guas salobras (com salinidade entre 0,5% e 30%), conforme a seguir:<\/span><\/h2>\n<h2 style=\"text-align: justify;\"><span style=\"color: #000000;\">\u00a0<\/span><span style=\"color: #000000;\">\u00a0<\/span><\/h2>\n<h2 style=\"text-align: justify;\"><span style=\"color: #000000;\">* Classe Especial: aquelas destinadas ao abastecimento dom\u00e9stico pr\u00e9via ou com simples desinfec\u00e7\u00e3o; e \u00e0 preserva\u00e7\u00e3o do equil\u00edbrio natural das comunidades aqu\u00e1ticas.<\/span><\/h2>\n<h2 style=\"text-align: justify;\"><span style=\"color: #000000;\">\u00a0<\/span><\/h2>\n<h2 style=\"text-align: justify;\"><span style=\"color: #000000;\">\u00a0<\/span><span style=\"color: #000000;\">*Classe 1: destinadas ao abastecimento dom\u00e9stico ap\u00f3s tratamento simples; \u00e0 prote\u00e7\u00e3o das comunidades aqu\u00e1ticas; \u00e0 recrea\u00e7\u00e3o de contato prim\u00e1rio (nata\u00e7\u00e3o, esqui e mergulho); \u00e0 irriga\u00e7\u00e3o de hortali\u00e7as consumidas cruas e de frutas que cres\u00e7am rentes ao solo e ingeridas sem remo\u00e7\u00e3o de pel\u00edcula; \u00e0 cria\u00e7\u00e3o natural e\/ou intensiva (aq\u00fcicultura) de esp\u00e9cies destinadas \u00e0 alimenta\u00e7\u00e3o humana.* <\/span><\/h2>\n<h2 style=\"text-align: justify;\"><span style=\"color: #000000;\">\u00a0<\/span><\/h2>\n<h2 style=\"text-align: justify;\"><span style=\"color: #000000;\">Classe 2: \u00e1guas destinadas ao abastecimento dom\u00e9stico ap\u00f3s tratamento convencional; \u00e0 prote\u00e7\u00e3o das comunidades aqu\u00e1ticas; \u00e0 recrea\u00e7\u00e3o de contato prim\u00e1rio; irriga\u00e7\u00e3o de hortali\u00e7as e frut\u00edferas; \u00e0 cria\u00e7\u00e3o natural e\/ou intensiva de esp\u00e9cies destinadas \u00e0 alimenta\u00e7\u00e3o humana.<\/span><\/h2>\n<h2 style=\"text-align: justify;\"><span style=\"color: #000000;\">\u00a0<\/span><\/h2>\n<h2 style=\"text-align: justify;\"><span style=\"color: #000000;\">*Classe 3: \u00e1guas destinadas ao consumo humano ap\u00f3s tratamento convencional; \u00e0 irriga\u00e7\u00e3o de culturas arb\u00f3reas, cereal\u00edferas e forrageiras; dessedenta\u00e7\u00e3o de animais;<\/span><\/h2>\n<h2 style=\"text-align: justify;\"><span style=\"color: #000000;\">\u00a0<\/span><\/h2>\n<h2 style=\"text-align: justify;\"><span style=\"color: #000000;\">* Classe 4: \u00e1guas destinadas \u00e0 navega\u00e7\u00e3o; harmonia paisag\u00edstica; e aos usos menos exigentes.<\/span><\/h2>\n<h2 style=\"text-align: justify;\"><span style=\"color: #000000;\">\u00a0<\/span><\/h2>\n<h2 style=\"text-align: justify;\"><span style=\"color: #000000;\">*Classe 5: \u00e1guas salinas destinadas \u00e0 recrea\u00e7\u00e3o de contato prim\u00e1rio; prote\u00e7\u00e3o das comunidades aqu\u00e1ticas; cria\u00e7\u00e3o natural e\/ou intensiva de esp\u00e9cies destinadas a alimenta\u00e7\u00e3o humana.<\/span><\/h2>\n<h2 style=\"text-align: justify;\"><span style=\"color: #000000;\">\u00a0<\/span><\/h2>\n<h2 style=\"text-align: justify;\"><span style=\"color: #000000;\">*Classe 6: \u00e1guas salinas destinadas \u00e1 navega\u00e7\u00e3o comercial; harmonia paisag\u00edstica; recrea\u00e7\u00e3o de contato secund\u00e1rio.<\/span><\/h2>\n<h2 style=\"text-align: justify;\"><span style=\"color: #000000;\">\u00a0<\/span><\/h2>\n<h2 style=\"text-align: justify;\"><span style=\"color: #000000;\">*Classe 7: \u00e1guas salobras destinadas \u00e0 recrea\u00e7\u00e3o de contato prim\u00e1rio; prote\u00e7\u00e3o das comunidades aqu\u00e1ticas; \u00e1 cria\u00e7\u00e3o natural e\/ou intensiva de esp\u00e9cies destinadas a alimenta\u00e7\u00e3o humana.<\/span><\/h2>\n<h2 style=\"text-align: justify;\"><span style=\"color: #000000;\">\u00a0<\/span><\/h2>\n<h2 style=\"text-align: justify;\"><span style=\"color: #000000;\">\u00a0<\/span><span style=\"color: #000000;\">*Classe 8: \u00e1guas salobras destinadas \u00e0 navega\u00e7\u00e3o comercial; harmonia paisag\u00edstica; recrea\u00e7\u00e3o de contato secund\u00e1rio.Em seguida a Resolu\u00e7\u00e3o define quais os limites para presen\u00e7a de <a href=\"http:\/\/www.infoescola.com\/reino-monera\/coliformes\/\"><span style=\"color: #000000;\">coliformes<\/span><\/a>, subst\u00e2ncias que causam turbidez, material s\u00f3lido e outros par\u00e2metros que medem a qualidade da \u00e1gua, para cada classe citada acima e algumas restri\u00e7\u00f5es de uso e lan\u00e7amento de efluentes, sendo que a classe que mais possui restri\u00e7\u00f5es de uso \u00e9 a Classe Especial.<\/span><\/h2>\n<h2 style=\"text-align: justify;\"><span style=\"color: #000000;\">\u00a0<\/span><\/h2>\n<h2>*O FONASC TEM EMPREENDIDO ESFOR\u00c7OS PARA QUE ESSE<strong> INSTRUMENTO SEJA IMPLEMENTADO NAS BACIAS MAS SE EVIDENCIA UMA GRANDE RESIST\u00caNCIA A IMPLANTA\u00c7\u00c3O DE INSTRUMENTOS QUE PLANIFIQUEM OS\u00a0 USOS M\u00daLTIPLOS\u00a0GARANTINDO CONDI\u00c7\u00d5ES ECOL\u00d3GICAS A M\u00c9DIO PRAZO.Veja atua\u00e7\u00e3o do Fonasc sobre esse instrumento , nos posicionamentos em rela\u00e7\u00e3o a gest\u00e3o do Rio Santo Antonio &#8211; Afluente do Rio Doce (MG)\u00a0\u00a0<\/strong><\/h2>\n<p>&nbsp;<\/p>\n<p style=\"text-align: justify;\">informe sobre o rio de sua vida<\/p>\n<p>Preencha o formul\u00e1rio abaixo com as sUas observa\u00e7\u00f5es:<br \/>\n[contact-form-7 id=&#8221;4&#8243; title=&#8221;Contact form 1&#8243;]<\/p>\n","protected":false},"excerpt":{"rendered":"<p>Enquadramento em classes, segundo os usos preponderantes da \u00e1gua &#8211;\u00a0 \u00c9 o estabelecimento da meta ou objetivo de qualidade da&#8230;<\/p>\n","protected":false},"author":3,"featured_media":0,"parent":2219,"menu_order":0,"comment_status":"closed","ping_status":"open","template":"","meta":{"footnotes":""},"_links":{"self":[{"href":"https:\/\/fonasc-cbh.org.br\/index.php?rest_route=\/wp\/v2\/pages\/2428"}],"collection":[{"href":"https:\/\/fonasc-cbh.org.br\/index.php?rest_route=\/wp\/v2\/pages"}],"about":[{"href":"https:\/\/fonasc-cbh.org.br\/index.php?rest_route=\/wp\/v2\/types\/page"}],"author":[{"embeddable":true,"href":"https:\/\/fonasc-cbh.org.br\/index.php?rest_route=\/wp\/v2\/users\/3"}],"replies":[{"embeddable":true,"href":"https:\/\/fonasc-cbh.org.br\/index.php?rest_route=%2Fwp%2Fv2%2Fcomments&post=2428"}],"version-history":[{"count":11,"href":"https:\/\/fonasc-cbh.org.br\/index.php?rest_route=\/wp\/v2\/pages\/2428\/revisions"}],"predecessor-version":[{"id":2430,"href":"https:\/\/fonasc-cbh.org.br\/index.php?rest_route=\/wp\/v2\/pages\/2428\/revisions\/2430"}],"up":[{"embeddable":true,"href":"https:\/\/fonasc-cbh.org.br\/index.php?rest_route=\/wp\/v2\/pages\/2219"}],"wp:attachment":[{"href":"https:\/\/fonasc-cbh.org.br\/index.php?rest_route=%2Fwp%2Fv2%2Fmedia&parent=2428"}],"curies":[{"name":"wp","href":"https:\/\/api.w.org\/{rel}","templated":true}]}}