{"id":2407,"date":"2012-01-26T21:37:02","date_gmt":"2012-01-26T21:37:02","guid":{"rendered":"http:\/\/fonasc-cbh.org.br\/?page_id=2407"},"modified":"2012-05-04T11:42:41","modified_gmt":"2012-05-04T11:42:41","slug":"planos-de-bacias","status":"publish","type":"page","link":"https:\/\/fonasc-cbh.org.br\/?page_id=2407","title":{"rendered":"PLANOS DE RECURSOS H\u00cdDRICOS"},"content":{"rendered":"<h2 style=\"text-align: justify;\">\u00a0<\/h2>\n<h2>\u00a0<\/h2>\n<h2 style=\"text-align: justify;\">O FONASC tem apoiado os esfor\u00e7os para implementa\u00e7\u00e3o de planos de bacias em todos os estados da federa\u00e7\u00e3o. Contudo esse instrumento tem sido constantemente ferido nos seus aspectos de participa\u00e7\u00e3o social e controle social por parte dos governos estaduais e o federal. No caso , O FONASC \u00a0tem atuado no sentido de pressionar as autoridades a respeitar os princ\u00edpios de controle social no\u00a0 planejamento e execu\u00e7\u00e3o do\u00a0 mesmo &#8211; Veja em documentos &#8211; <a title=\"pareceres\" href=\"https:\/\/fonasc-cbh.org.br\/?page_id=289\">pareceres.<\/a><\/h2>\n<h1 style=\"text-align: justify;\">\u00a0<\/h1>\n<p style=\"text-align: justify;\"><strong>O Plano Nacional de Recursos H\u00eddricos e os Planos Estaduais s\u00e3o instrumentos estrat\u00e9gicos que estabelecem diretrizes gerais sobre os recursos h\u00eddricos no pa\u00eds e nos estados e por esse motivo t\u00eam que ser elaborados de forma participativa, para que possam refletir os anseios, necessidades e metas das popula\u00e7\u00f5es das regi\u00f5es e bacias hidrogr\u00e1ficas.<\/strong><strong><\/strong><\/p>\n<p style=\"text-align: justify;\"><strong>Plano Nacional de Recursos H\u00eddricos &#8211; PNRH<\/strong><strong><\/strong><\/p>\n<p style=\"text-align: justify;\"><strong>O primeiro Plano Nacional de Recursos H\u00eddricos est\u00e1 em fase de elabora\u00e7\u00e3o atrav\u00e9s de um processo t\u00e9cnico, social e pol\u00edtico de discuss\u00e3o e negocia\u00e7\u00f5es que envolvem as diferentes institui\u00e7\u00f5es, os segmentos e atores sociais brasileiros. Sua elabora\u00e7\u00e3o est\u00e1 a cargo da Secretaria Nacional de Recursos H\u00eddricos do Minist\u00e9rio do Meio Ambiente, com participa\u00e7\u00e3o do CNRH &#8211; <a href=\"http:\/\/www.cnrh-srh.gov.br\/\">Conselho Nacional de Recursos H\u00eddricos<\/a>, com apoio da ANA &#8211; Ag\u00eancia Nacional de \u00c1guas. <\/strong><strong><\/strong><\/p>\n<p style=\"text-align: justify;\"><strong>Objetivos:<\/strong><strong><\/strong><\/p>\n<p style=\"text-align: justify;\"><strong>. Orientar as decis\u00f5es de governo e das institui\u00e7\u00f5es que comp\u00f5em o Sistema Nacional de Gerenciamento dos Recursos H\u00eddricos; <\/strong><strong><\/strong><\/p>\n<p style=\"text-align: justify;\"><strong>. Propor a implementa\u00e7\u00e3o de programas nacionais e regionais;<\/strong><strong><\/strong><\/p>\n<p style=\"text-align: justify;\"><strong>. Promover a harmoniza\u00e7\u00e3o e adequa\u00e7\u00e3o de pol\u00edticas p\u00fablicas para buscar o equil\u00edbrio entre a oferta e a demanda de \u00e1gua, de forma a assegurar as disponibilidades h\u00eddricas em quantidade e qualidade para o uso racional e sustent\u00e1vel.\u00a0\u00a0\u00a0 <\/strong><strong><\/strong><\/p>\n<p style=\"text-align: justify;\"><strong>Para maiores informa\u00e7\u00f5es e participa\u00e7\u00e3o na elabora\u00e7\u00e3o do PNRH consulte nas p\u00e1ginas do <a href=\"http:\/\/www.cnrh-srh.gov.br\/\">Conselho Nacional de Recursos H\u00eddricos<\/a>, a C\u00e2mara T\u00e9cnica do Plano Nacional e os documentos base de refer\u00eancia.<\/strong><strong><\/strong><\/p>\n<p style=\"text-align: justify;\"><strong>Os Planos Estaduais de Recursos H\u00eddricos <\/strong><strong><\/strong><\/p>\n<p style=\"text-align: justify;\"><strong>Os Planos Estaduais de Recursos H\u00eddricos s\u00e3o instrumentos dos Sistemas implementados nos diversos estados do pa\u00eds, a partir de\u00a0 leis estaduais espec\u00edficas que institu\u00edram os sistemas de gerenciamento de recursos h\u00eddricos e os comit\u00eas de bacias hidrogr\u00e1ficas. <\/strong><\/p>\n<p style=\"text-align: justify;\"><strong>Esses Planos\u00a0 s\u00e3o fundamentados nos planos de bacias hidrogr\u00e1ficas elaborados atrav\u00e9s dos comit\u00eas de bacias e apresentam diretrizes para as a\u00e7\u00f5es, programas e pol\u00edticas p\u00fablicas dos Estados no campo dos recursos h\u00eddricos. <\/strong><strong>Os planos de BACIAS s\u00e3o elaborados e aprovados pelos Comites de bacias e \u00e9 um dos principais instrumentos norteadores da a\u00e7\u00e3o dos mesmos tanto para os\u00a0 rios ditos federais como nos seus afluentes estaduais \u00a0<\/strong><\/p>\n<p style=\"text-align: justify;\"><strong>\u00a0Veja a situa\u00e7\u00e3o dos planos federais pela <a title=\"ana\" href=\"http:\/\/www2.ana.gov.br\/Paginas\/servicos\/planejamento\/planoderecursos\/PlanosdeRecursos.aspx\" target=\"_blank\">ANA <\/a><\/strong><\/p>\n<p style=\"text-align: justify;\">\u00a0<\/p>\n","protected":false},"excerpt":{"rendered":"<p>\u00a0 \u00a0 O FONASC tem apoiado os esfor\u00e7os para implementa\u00e7\u00e3o de planos de bacias em todos os estados da federa\u00e7\u00e3o&#8230;.<\/p>\n","protected":false},"author":3,"featured_media":0,"parent":2219,"menu_order":0,"comment_status":"closed","ping_status":"open","template":"","meta":{"footnotes":""},"_links":{"self":[{"href":"https:\/\/fonasc-cbh.org.br\/index.php?rest_route=\/wp\/v2\/pages\/2407"}],"collection":[{"href":"https:\/\/fonasc-cbh.org.br\/index.php?rest_route=\/wp\/v2\/pages"}],"about":[{"href":"https:\/\/fonasc-cbh.org.br\/index.php?rest_route=\/wp\/v2\/types\/page"}],"author":[{"embeddable":true,"href":"https:\/\/fonasc-cbh.org.br\/index.php?rest_route=\/wp\/v2\/users\/3"}],"replies":[{"embeddable":true,"href":"https:\/\/fonasc-cbh.org.br\/index.php?rest_route=%2Fwp%2Fv2%2Fcomments&post=2407"}],"version-history":[{"count":19,"href":"https:\/\/fonasc-cbh.org.br\/index.php?rest_route=\/wp\/v2\/pages\/2407\/revisions"}],"predecessor-version":[{"id":2413,"href":"https:\/\/fonasc-cbh.org.br\/index.php?rest_route=\/wp\/v2\/pages\/2407\/revisions\/2413"}],"up":[{"embeddable":true,"href":"https:\/\/fonasc-cbh.org.br\/index.php?rest_route=\/wp\/v2\/pages\/2219"}],"wp:attachment":[{"href":"https:\/\/fonasc-cbh.org.br\/index.php?rest_route=%2Fwp%2Fv2%2Fmedia&parent=2407"}],"curies":[{"name":"wp","href":"https:\/\/api.w.org\/{rel}","templated":true}]}}